{"id":1124,"date":"2024-03-18T18:06:10","date_gmt":"2024-03-18T17:06:10","guid":{"rendered":"https:\/\/site.educa.madrid.org\/cp.hermanospinzon.madrid\/?page_id=1124"},"modified":"2026-02-16T12:29:29","modified_gmt":"2026-02-16T11:29:29","slug":"servicios-complementarios-actividades-complementarias-y-extraescolares","status":"publish","type":"page","link":"https:\/\/site.educa.madrid.org\/cp.hermanospinzon.madrid\/index.php\/informacion-a-familias\/servicios-complementarios-actividades-complementarias-y-extraescolares\/","title":{"rendered":"Servicios complementarios, Actividades complementarias y\u00a0extraescolares"},"content":{"rendered":"\n<p><a href=\"https:\/\/site.educa.madrid.org\/cp.hermanospinzon.madrid\/index.php\/proyecto-educativo\/actividades-extraescolares\/\">Actividades Extraescolares 2025\/2026 [M\u00e1s informaci\u00f3n]<\/a><\/p>\n\n\n\n<p><a href=\"https:\/\/site.educa.madrid.org\/cp.hermanospinzon.madrid\/index.php\/proyecto-educativo\/servicios-complementarios\/\">Servicios complementarios [M\u00e1s informaci\u00f3n]<\/a><\/p>\n\n\n\n<div class=\"wp-block-file\"><a id=\"wp-block-file--media-0a4f04e5-8691-4b54-ba4c-ca4396358491\" href=\"https:\/\/site.educa.madrid.org\/cp.hermanospinzon.madrid\/\/wp-content\/uploads\/cp.hermanospinzon.madrid\/2025\/03\/SALIDAS-Y-ACTIVIDADES-COMPLEMENTARIAS_25MARZO2025.pdf\" target=\"_blank\" rel=\"noreferrer noopener\">SALIDAS Y ACTIVIDADES COMPLEMENTARIAS 2024\/2025<\/a><a href=\"https:\/\/site.educa.madrid.org\/cp.hermanospinzon.madrid\/\/wp-content\/uploads\/cp.hermanospinzon.madrid\/2025\/03\/SALIDAS-Y-ACTIVIDADES-COMPLEMENTARIAS_25MARZO2025.pdf\" class=\"wp-block-file__button wp-element-button\" download aria-describedby=\"wp-block-file--media-0a4f04e5-8691-4b54-ba4c-ca4396358491\">Descarga<\/a><\/div>\n\n\n\n<div data-wp-interactive=\"core\/file\" class=\"wp-block-file\"><object data-wp-bind--hidden=\"!state.hasPdfPreview\" hidden class=\"wp-block-file__embed\" data=\"https:\/\/site.educa.madrid.org\/cp.hermanospinzon.madrid\/\/wp-content\/uploads\/cp.hermanospinzon.madrid\/2026\/02\/SALIDAS-COMPLEMENTARIAS-MEGAFONIA-Y-REUNIONES-FAMILIAS-25_26-SALIDAS-COMPLEMENTARIAS-1.pdf\" type=\"application\/pdf\" style=\"width:100%;height:600px\" aria-label=\"Incrustado de SALIDAS Y ACTIVIDADES COMPLEMENTARIAS 2025\/2026.\"><\/object><a id=\"wp-block-file--media-6d08d95d-1242-4ac2-b66f-7c6a572d042b\" href=\"https:\/\/site.educa.madrid.org\/cp.hermanospinzon.madrid\/\/wp-content\/uploads\/cp.hermanospinzon.madrid\/2026\/02\/SALIDAS-COMPLEMENTARIAS-MEGAFONIA-Y-REUNIONES-FAMILIAS-25_26-SALIDAS-COMPLEMENTARIAS-1.pdf\" target=\"_blank\" rel=\"noreferrer noopener\">SALIDAS Y ACTIVIDADES COMPLEMENTARIAS 2025\/2026<\/a><a href=\"https:\/\/site.educa.madrid.org\/cp.hermanospinzon.madrid\/\/wp-content\/uploads\/cp.hermanospinzon.madrid\/2026\/02\/SALIDAS-COMPLEMENTARIAS-MEGAFONIA-Y-REUNIONES-FAMILIAS-25_26-SALIDAS-COMPLEMENTARIAS-1.pdf\" class=\"wp-block-file__button wp-element-button\" download aria-describedby=\"wp-block-file--media-6d08d95d-1242-4ac2-b66f-7c6a572d042b\">Descarga<\/a><\/div>\n","protected":false},"excerpt":{"rendered":"<p>Actividades Extraescolares 2025\/2026 [M\u00e1s informaci\u00f3n] Servicios complementarios [M\u00e1s informaci\u00f3n]<\/p>\n","protected":false},"author":2,"featured_media":0,"parent":1072,"menu_order":0,"comment_status":"closed","ping_status":"closed","template":"","meta":{"footnotes":""},"folder":[],"class_list":["post-1124","page","type-page","status-publish","hentry"],"rttpg_featured_image_url":null,"rttpg_author":{"display_name":"tic.cp.hermanospinzon.madrid","author_link":"https:\/\/site.educa.madrid.org\/cp.hermanospinzon.madrid\/index.php\/author\/cuenta_tic-cp-hermanospinzon-madrid\/"},"rttpg_comment":0,"rttpg_category":false,"rttpg_excerpt":"Actividades Extraescolares 2025\/2026 [M\u00e1s informaci\u00f3n] Servicios complementarios [M\u00e1s informaci\u00f3n]","post_mailing_queue_ids":[],"_links":{"self":[{"href":"https:\/\/site.educa.madrid.org\/cp.hermanospinzon.madrid\/index.php\/wp-json\/wp\/v2\/pages\/1124","targetHints":{"allow":["GET"]}}],"collection":[{"href":"https:\/\/site.educa.madrid.org\/cp.hermanospinzon.madrid\/index.php\/wp-json\/wp\/v2\/pages"}],"about":[{"href":"https:\/\/site.educa.madrid.org\/cp.hermanospinzon.madrid\/index.php\/wp-json\/wp\/v2\/types\/page"}],"author":[{"embeddable":true,"href":"https:\/\/site.educa.madrid.org\/cp.hermanospinzon.madrid\/index.php\/wp-json\/wp\/v2\/users\/2"}],"replies":[{"embeddable":true,"href":"https:\/\/site.educa.madrid.org\/cp.hermanospinzon.madrid\/index.php\/wp-json\/wp\/v2\/comments?post=1124"}],"version-history":[{"count":11,"href":"https:\/\/site.educa.madrid.org\/cp.hermanospinzon.madrid\/index.php\/wp-json\/wp\/v2\/pages\/1124\/revisions"}],"predecessor-version":[{"id":1637,"href":"https:\/\/site.educa.madrid.org\/cp.hermanospinzon.madrid\/index.php\/wp-json\/wp\/v2\/pages\/1124\/revisions\/1637"}],"up":[{"embeddable":true,"href":"https:\/\/site.educa.madrid.org\/cp.hermanospinzon.madrid\/index.php\/wp-json\/wp\/v2\/pages\/1072"}],"wp:attachment":[{"href":"https:\/\/site.educa.madrid.org\/cp.hermanospinzon.madrid\/index.php\/wp-json\/wp\/v2\/media?parent=1124"}],"wp:term":[{"taxonomy":"folder","embeddable":true,"href":"https:\/\/site.educa.madrid.org\/cp.hermanospinzon.madrid\/index.php\/wp-json\/wp\/v2\/folder?post=1124"}],"curies":[{"name":"wp","href":"https:\/\/api.w.org\/{rel}","templated":true}]}}