{"id":1134,"date":"2024-03-18T18:11:08","date_gmt":"2024-03-18T17:11:08","guid":{"rendered":"https:\/\/site.educa.madrid.org\/cp.hermanospinzon.madrid\/?page_id=1134"},"modified":"2024-03-18T18:12:53","modified_gmt":"2024-03-18T17:12:53","slug":"recursos-personales-y-materiales","status":"publish","type":"page","link":"https:\/\/site.educa.madrid.org\/cp.hermanospinzon.madrid\/index.php\/informacion-a-familias\/recursos-personales-y-materiales\/","title":{"rendered":"Recursos personales y materiales"},"content":{"rendered":"\n<p>Pueden consultar el claustro de maestros y personal no docente que trabaja en el centro en el apartado \u00ab<a href=\"https:\/\/site.educa.madrid.org\/cp.hermanospinzon.madrid\/index.php\/nuestro-centro\/\">Nuestro centro<\/a>\u00ab<\/p>\n\n\n\n<p>El colegio consta de dos edificios:<\/p>\n\n\n\n<p>El edificio de C\/. Calam\u00f3n 3 en donde encontramos las clases de Educaci\u00f3n Infantil, 1\u00ba de Educaci\u00f3n Primaria y el comedor. Tambi\u00e9n encontramos la casita (donde se realizan las clases de m\u00fasica y en ocasiones Psico) y el huerto escolar de dicho edificio.<\/p>\n\n\n\n<p>El edificio de C\/. Azor 4 donde encontramos las clases desde 2\u00ba a 6\u00ba de Educaci\u00f3n Primaria, el gimnasio y los despachos del Equipo Directivo. Adem\u00e1s tambi\u00e9n tenemos el huerto escolar de dicho edificio.<\/p>\n","protected":false},"excerpt":{"rendered":"<p>Pueden consultar el claustro de maestros y personal no docente que trabaja en el centro en el apartado \u00abNuestro [&hellip;]<\/p>\n","protected":false},"author":2,"featured_media":0,"parent":1072,"menu_order":0,"comment_status":"closed","ping_status":"closed","template":"","meta":{"footnotes":""},"folder":[],"class_list":["post-1134","page","type-page","status-publish","hentry"],"rttpg_featured_image_url":null,"rttpg_author":{"display_name":"tic.cp.hermanospinzon.madrid","author_link":"https:\/\/site.educa.madrid.org\/cp.hermanospinzon.madrid\/index.php\/author\/cuenta_tic-cp-hermanospinzon-madrid\/"},"rttpg_comment":0,"rttpg_category":false,"rttpg_excerpt":"Pueden consultar el claustro de maestros y personal no docente que trabaja en el centro en el apartado \u00abNuestro [&hellip;]","post_mailing_queue_ids":[],"_links":{"self":[{"href":"https:\/\/site.educa.madrid.org\/cp.hermanospinzon.madrid\/index.php\/wp-json\/wp\/v2\/pages\/1134","targetHints":{"allow":["GET"]}}],"collection":[{"href":"https:\/\/site.educa.madrid.org\/cp.hermanospinzon.madrid\/index.php\/wp-json\/wp\/v2\/pages"}],"about":[{"href":"https:\/\/site.educa.madrid.org\/cp.hermanospinzon.madrid\/index.php\/wp-json\/wp\/v2\/types\/page"}],"author":[{"embeddable":true,"href":"https:\/\/site.educa.madrid.org\/cp.hermanospinzon.madrid\/index.php\/wp-json\/wp\/v2\/users\/2"}],"replies":[{"embeddable":true,"href":"https:\/\/site.educa.madrid.org\/cp.hermanospinzon.madrid\/index.php\/wp-json\/wp\/v2\/comments?post=1134"}],"version-history":[{"count":3,"href":"https:\/\/site.educa.madrid.org\/cp.hermanospinzon.madrid\/index.php\/wp-json\/wp\/v2\/pages\/1134\/revisions"}],"predecessor-version":[{"id":1138,"href":"https:\/\/site.educa.madrid.org\/cp.hermanospinzon.madrid\/index.php\/wp-json\/wp\/v2\/pages\/1134\/revisions\/1138"}],"up":[{"embeddable":true,"href":"https:\/\/site.educa.madrid.org\/cp.hermanospinzon.madrid\/index.php\/wp-json\/wp\/v2\/pages\/1072"}],"wp:attachment":[{"href":"https:\/\/site.educa.madrid.org\/cp.hermanospinzon.madrid\/index.php\/wp-json\/wp\/v2\/media?parent=1134"}],"wp:term":[{"taxonomy":"folder","embeddable":true,"href":"https:\/\/site.educa.madrid.org\/cp.hermanospinzon.madrid\/index.php\/wp-json\/wp\/v2\/folder?post=1134"}],"curies":[{"name":"wp","href":"https:\/\/api.w.org\/{rel}","templated":true}]}}