{"id":1293,"date":"2024-12-09T13:51:06","date_gmt":"2024-12-09T12:51:06","guid":{"rendered":"https:\/\/site.educa.madrid.org\/cp.hermanospinzon.madrid\/?page_id=1293"},"modified":"2024-12-09T13:56:31","modified_gmt":"2024-12-09T12:56:31","slug":"revision-y-reclamacion-de-calificaciones","status":"publish","type":"page","link":"https:\/\/site.educa.madrid.org\/cp.hermanospinzon.madrid\/index.php\/informacion-a-familias\/revision-y-reclamacion-de-calificaciones\/","title":{"rendered":"Revisi\u00f3n y reclamaci\u00f3n de calificaciones"},"content":{"rendered":"\n<h3 class=\"wp-block-heading\"><strong><u>Procedimiento para la revisi\u00f3n y reclamaci\u00f3n de calificaciones. Criterios de calificaci\u00f3n y solicitud de ex\u00e1menes<\/u><\/strong><\/h3>\n\n\n\n<h4 class=\"wp-block-heading\">NORMATIVA REGULADORA<\/h4>\n\n\n\n<p>Seg\u00fan el art\u00edculo 20.11 de la Orden 130\/2023, de 23 de enero, de la Vicepresidencia, Consejer\u00eda de Educaci\u00f3n y Universidades, por la que se regulan aspectos de organizaci\u00f3n y funcionamiento, evaluaci\u00f3n y autonom\u00eda pedag\u00f3gica en la etapa de Educaci\u00f3n Primaria en la Comunidad de Madrid &nbsp;a lo largo del procedimiento de revisi\u00f3n de calificaciones, los padres o tutores legales podr\u00e1n obtener, previa solicitud al director del centro, copia individualizada y concreta de los documentos que condicionaron una calificaci\u00f3n.<\/p>\n\n\n\n<h4 class=\"wp-block-heading\">CRITERIOS DE CALIFICACI\u00d3N<\/h4>\n\n\n\n<div class=\"wp-block-file\"><a id=\"wp-block-file--media-6cc6165e-bdea-4acf-8823-988ee3699b94\" href=\"https:\/\/site.educa.madrid.org\/cp.hermanospinzon.madrid\/\/wp-content\/uploads\/cp.hermanospinzon.madrid\/2024\/12\/CRITERIOS-DE-CALIFICACION-CEIP-HERMANOS-PINZON-24-25.pdf\" target=\"_blank\" rel=\"noreferrer noopener\">Pincha <strong><u>aqu\u00ed <\/u><\/strong>para descargar los criterios de cada \u00e1rea.<\/a><a href=\"https:\/\/site.educa.madrid.org\/cp.hermanospinzon.madrid\/\/wp-content\/uploads\/cp.hermanospinzon.madrid\/2024\/12\/CRITERIOS-DE-CALIFICACION-CEIP-HERMANOS-PINZON-24-25.pdf\" class=\"wp-block-file__button wp-element-button\" download aria-describedby=\"wp-block-file--media-6cc6165e-bdea-4acf-8823-988ee3699b94\">Descarga<\/a><\/div>\n\n\n\n<div style=\"height:20px\" aria-hidden=\"true\" class=\"wp-block-spacer\"><\/div>\n\n\n\n<h4 class=\"wp-block-heading\">PROCEDIMIENTO PARA LA REVISI\u00d3N Y RECLAMACI\u00d3N DE LAS CALIFICACIONES<\/h4>\n\n\n\n<div class=\"wp-block-file\"><a id=\"wp-block-file--media-9f37555d-ed8e-4c60-aa90-abf571f08a80\" href=\"https:\/\/site.educa.madrid.org\/cp.hermanospinzon.madrid\/\/wp-content\/uploads\/cp.hermanospinzon.madrid\/2024\/12\/Proceso-de-reclamacion-de-notas.pdf\" target=\"_blank\" rel=\"noreferrer noopener\">Pincha <strong><u>aqu\u00ed<\/u><\/strong> para descargar el procedimiento.<\/a><a href=\"https:\/\/site.educa.madrid.org\/cp.hermanospinzon.madrid\/\/wp-content\/uploads\/cp.hermanospinzon.madrid\/2024\/12\/Proceso-de-reclamacion-de-notas.pdf\" class=\"wp-block-file__button wp-element-button\" download aria-describedby=\"wp-block-file--media-9f37555d-ed8e-4c60-aa90-abf571f08a80\">Descarga<\/a><\/div>\n\n\n\n<div style=\"height:20px\" aria-hidden=\"true\" class=\"wp-block-spacer\"><\/div>\n\n\n\n<h4 class=\"wp-block-heading\">PROCEDIMIENTO PARA LA SOLICITUD DE COPIA DE EX\u00c1MENES<\/h4>\n\n\n\n<p>Antes de formular cualquier revisi\u00f3n o reclamaci\u00f3n, es conveniente que los padres o tutores legales se hayan reunido previamente con el maestro encargado de la asignatura en cuesti\u00f3n.<\/p>\n\n\n\n<div class=\"wp-block-file\"><a id=\"wp-block-file--media-fe3226c2-889f-4ec5-9275-9fd992159172\" href=\"https:\/\/site.educa.madrid.org\/cp.hermanospinzon.madrid\/\/wp-content\/uploads\/cp.hermanospinzon.madrid\/2024\/12\/Solicitud-Copia-de-examen.pdf\" target=\"_blank\" rel=\"noreferrer noopener\">Pincha <strong><u>aqu\u00ed<\/u><\/strong> para descargar la solicitud de copia.<\/a><a href=\"https:\/\/site.educa.madrid.org\/cp.hermanospinzon.madrid\/\/wp-content\/uploads\/cp.hermanospinzon.madrid\/2024\/12\/Solicitud-Copia-de-examen.pdf\" class=\"wp-block-file__button wp-element-button\" download aria-describedby=\"wp-block-file--media-fe3226c2-889f-4ec5-9275-9fd992159172\">Descarga<\/a><\/div>\n","protected":false},"excerpt":{"rendered":"<p>Procedimiento para la revisi\u00f3n y reclamaci\u00f3n de calificaciones. Criterios de calificaci\u00f3n y solicitud de ex\u00e1menes NORMATIVA REGULADORA Seg\u00fan el [&hellip;]<\/p>\n","protected":false},"author":2,"featured_media":0,"parent":1072,"menu_order":0,"comment_status":"closed","ping_status":"closed","template":"","meta":{"footnotes":""},"folder":[],"class_list":["post-1293","page","type-page","status-publish","hentry"],"rttpg_featured_image_url":null,"rttpg_author":{"display_name":"tic.cp.hermanospinzon.madrid","author_link":"https:\/\/site.educa.madrid.org\/cp.hermanospinzon.madrid\/index.php\/author\/cuenta_tic-cp-hermanospinzon-madrid\/"},"rttpg_comment":0,"rttpg_category":false,"rttpg_excerpt":"Procedimiento para la revisi\u00f3n y reclamaci\u00f3n de calificaciones. Criterios de calificaci\u00f3n y solicitud de ex\u00e1menes NORMATIVA REGULADORA Seg\u00fan el [&hellip;]","post_mailing_queue_ids":[],"_links":{"self":[{"href":"https:\/\/site.educa.madrid.org\/cp.hermanospinzon.madrid\/index.php\/wp-json\/wp\/v2\/pages\/1293","targetHints":{"allow":["GET"]}}],"collection":[{"href":"https:\/\/site.educa.madrid.org\/cp.hermanospinzon.madrid\/index.php\/wp-json\/wp\/v2\/pages"}],"about":[{"href":"https:\/\/site.educa.madrid.org\/cp.hermanospinzon.madrid\/index.php\/wp-json\/wp\/v2\/types\/page"}],"author":[{"embeddable":true,"href":"https:\/\/site.educa.madrid.org\/cp.hermanospinzon.madrid\/index.php\/wp-json\/wp\/v2\/users\/2"}],"replies":[{"embeddable":true,"href":"https:\/\/site.educa.madrid.org\/cp.hermanospinzon.madrid\/index.php\/wp-json\/wp\/v2\/comments?post=1293"}],"version-history":[{"count":5,"href":"https:\/\/site.educa.madrid.org\/cp.hermanospinzon.madrid\/index.php\/wp-json\/wp\/v2\/pages\/1293\/revisions"}],"predecessor-version":[{"id":1301,"href":"https:\/\/site.educa.madrid.org\/cp.hermanospinzon.madrid\/index.php\/wp-json\/wp\/v2\/pages\/1293\/revisions\/1301"}],"up":[{"embeddable":true,"href":"https:\/\/site.educa.madrid.org\/cp.hermanospinzon.madrid\/index.php\/wp-json\/wp\/v2\/pages\/1072"}],"wp:attachment":[{"href":"https:\/\/site.educa.madrid.org\/cp.hermanospinzon.madrid\/index.php\/wp-json\/wp\/v2\/media?parent=1293"}],"wp:term":[{"taxonomy":"folder","embeddable":true,"href":"https:\/\/site.educa.madrid.org\/cp.hermanospinzon.madrid\/index.php\/wp-json\/wp\/v2\/folder?post=1293"}],"curies":[{"name":"wp","href":"https:\/\/api.w.org\/{rel}","templated":true}]}}