{"id":1366,"date":"2025-02-17T11:00:34","date_gmt":"2025-02-17T10:00:34","guid":{"rendered":"https:\/\/site.educa.madrid.org\/cp.hermanospinzon.madrid\/?page_id=1366"},"modified":"2025-02-17T11:01:47","modified_gmt":"2025-02-17T10:01:47","slug":"programa-paae","status":"publish","type":"page","link":"https:\/\/site.educa.madrid.org\/cp.hermanospinzon.madrid\/index.php\/proyecto-educativo\/programa-paae\/","title":{"rendered":"Programa PAAE"},"content":{"rendered":"\n<p><strong>PAAE<\/strong>. Programa de Acompa\u00f1amiento escolar. Est\u00e1 organizada por la Consejer\u00eda de Educaci\u00f3n de la Comunidad de Madrid.<\/p>\n\n\n\n<p>En nuestro CEIP PIO XII, consiste en la posibilidad de que el alumnado de 4\u00ba, 5\u00ba y 6\u00ba curso, tenga la posibilidad de reforzar las asignaturas de Lengua y Matem\u00e1ticas en horario extraescolar.<\/p>\n\n\n\n<p>Este curso 2024\/25 funcionan dos grupos de lunes a viernes en horario de 16:00 a 17:00.<\/p>\n\n\n\n<p>El programa pretende:<\/p>\n\n\n\n<ul class=\"wp-block-list\">\n<li>Mejorar los aprendizajes en las \u00c1reas de Lengua Castellana y Literatura y de Matem\u00e1ticas en Educaci\u00f3n Primaria, especialmente en lo relativo al dominio de la lectura y la escritura, desarrollo del pensamiento l\u00f3gico-matem\u00e1tico, el c\u00e1lculo mental y la resoluci\u00f3n de problemas.<\/li>\n\n\n\n<li>Posibilitar que los alumnos que participen logren alcanzar los objetivos educativos de la Educaci\u00f3n Primaria.<\/li>\n\n\n\n<li>Desarrollar en los alumnos h\u00e1bitos de trabajo y estudio y gusto por aprender.<\/li>\n<\/ul>\n\n\n\n<p>El programa&nbsp;tiene las siguientes caracter\u00edsticas organizativas:<\/p>\n\n\n\n<ul class=\"wp-block-list\">\n<li>Grupos: cada centro seleccionado para desarrollar el Programa contar\u00e1 con los grupos de alumnos autorizados en cada caso.<\/li>\n<\/ul>\n","protected":false},"excerpt":{"rendered":"<p>Programa de Acompa\u00f1amiento escolar. Est\u00e1 organizada por la Consejer\u00eda de Educaci\u00f3n de la Comunidad de Madrid.<\/p>\n","protected":false},"author":2,"featured_media":0,"parent":134,"menu_order":0,"comment_status":"closed","ping_status":"closed","template":"","meta":{"footnotes":""},"folder":[],"class_list":["post-1366","page","type-page","status-publish","hentry"],"rttpg_featured_image_url":null,"rttpg_author":{"display_name":"tic.cp.hermanospinzon.madrid","author_link":"https:\/\/site.educa.madrid.org\/cp.hermanospinzon.madrid\/index.php\/author\/cuenta_tic-cp-hermanospinzon-madrid\/"},"rttpg_comment":0,"rttpg_category":false,"rttpg_excerpt":"Programa de Acompa\u00f1amiento escolar. Est\u00e1 organizada por la Consejer\u00eda de Educaci\u00f3n de la Comunidad de Madrid.","post_mailing_queue_ids":[],"_links":{"self":[{"href":"https:\/\/site.educa.madrid.org\/cp.hermanospinzon.madrid\/index.php\/wp-json\/wp\/v2\/pages\/1366","targetHints":{"allow":["GET"]}}],"collection":[{"href":"https:\/\/site.educa.madrid.org\/cp.hermanospinzon.madrid\/index.php\/wp-json\/wp\/v2\/pages"}],"about":[{"href":"https:\/\/site.educa.madrid.org\/cp.hermanospinzon.madrid\/index.php\/wp-json\/wp\/v2\/types\/page"}],"author":[{"embeddable":true,"href":"https:\/\/site.educa.madrid.org\/cp.hermanospinzon.madrid\/index.php\/wp-json\/wp\/v2\/users\/2"}],"replies":[{"embeddable":true,"href":"https:\/\/site.educa.madrid.org\/cp.hermanospinzon.madrid\/index.php\/wp-json\/wp\/v2\/comments?post=1366"}],"version-history":[{"count":3,"href":"https:\/\/site.educa.madrid.org\/cp.hermanospinzon.madrid\/index.php\/wp-json\/wp\/v2\/pages\/1366\/revisions"}],"predecessor-version":[{"id":1369,"href":"https:\/\/site.educa.madrid.org\/cp.hermanospinzon.madrid\/index.php\/wp-json\/wp\/v2\/pages\/1366\/revisions\/1369"}],"up":[{"embeddable":true,"href":"https:\/\/site.educa.madrid.org\/cp.hermanospinzon.madrid\/index.php\/wp-json\/wp\/v2\/pages\/134"}],"wp:attachment":[{"href":"https:\/\/site.educa.madrid.org\/cp.hermanospinzon.madrid\/index.php\/wp-json\/wp\/v2\/media?parent=1366"}],"wp:term":[{"taxonomy":"folder","embeddable":true,"href":"https:\/\/site.educa.madrid.org\/cp.hermanospinzon.madrid\/index.php\/wp-json\/wp\/v2\/folder?post=1366"}],"curies":[{"name":"wp","href":"https:\/\/api.w.org\/{rel}","templated":true}]}}