{"id":1371,"date":"2025-02-17T11:05:39","date_gmt":"2025-02-17T10:05:39","guid":{"rendered":"https:\/\/site.educa.madrid.org\/cp.hermanospinzon.madrid\/?page_id=1371"},"modified":"2025-02-17T11:06:46","modified_gmt":"2025-02-17T10:06:46","slug":"tertulias-dialogicas","status":"publish","type":"page","link":"https:\/\/site.educa.madrid.org\/cp.hermanospinzon.madrid\/index.php\/proyecto-educativo\/actuaciones-educativas-de-exito\/tertulias-dialogicas\/","title":{"rendered":"Tertulias dial\u00f3gicas"},"content":{"rendered":"\n<p><strong>\u00bfQu\u00e9 es una tertulia literaria dial\u00f3gica?<\/strong><\/p>\n\n\n\n<p>Una tertulia literaria dial\u00f3gica es una actuaci\u00f3n de \u00e9xito a trav\u00e9s de la lectura e interpretaci\u00f3n colectiva de una&nbsp;Obra de la Literatura Cl\u00e1sica Universal. Estas tertulias consisten en compartir las experiencias, las emociones, los sentimientos que se generan a partir de la lectura y manifestar sinceramente, con respeto, lo que te sugiere una frase, un p\u00e1rrafo y compartirlo con los dem\u00e1s.<\/p>\n\n\n\n<p id=\"v1h.y0gah2dyfr1h\"><strong>\u00bfQu\u00e9 se consigue mediante una Tertulia Dial\u00f3gica?<\/strong><\/p>\n\n\n\n<p>Que los participantes:<\/p>\n\n\n\n<ul class=\"wp-block-list\">\n<li>Incrementen el Vocabulario.<\/li>\n\n\n\n<li>Mejoren la expresi\u00f3n Oral y escrita<\/li>\n\n\n\n<li>Amplien:\n<ul class=\"wp-block-list\">\n<li>La comprensi\u00f3n lectora<\/li>\n\n\n\n<li>El pensamiento cr\u00edtico<\/li>\n\n\n\n<li>La capacidad de argumentaci\u00f3n<\/li>\n<\/ul>\n<\/li>\n\n\n\n<li>Desarrollan la solidaridad, el respeto, la confianza, el apoyo, la tolerancia\u2026<\/li>\n<\/ul>\n\n\n\n<p id=\"v1h.mowx74q0iomd\"><strong>\u00bfQui\u00e9n puede participar?<\/strong><\/p>\n\n\n\n<p>En este tipo de actividad&nbsp;<strong>pueden participar todos los miembros de la comunidad<\/strong>: familiares, profesores, voluntarios y estudiantes de cualquier edad y nivel educativo.<\/p>\n\n\n\n<p>Puedes participar en cualquier momento. Para ello, contacta el centro.<\/p>\n\n\n\n<p><strong>\u00bfC\u00f3mo se organiza en el CEIP Hermanos Pinz\u00f3n? \u00a0<\/strong><\/p>\n\n\n\n<p>Los alumnos tienen tertulias dial\u00f3gicas cada semana. Durante la clase, leen uno o dos cap\u00edtulos de una obra universal y toman notas. En la hora de tertulias dial\u00f3gicas ponen en com\u00fan todas sus ideas y reflexiones sobre el texto le\u00eddo.<\/p>\n","protected":false},"excerpt":{"rendered":"<p>\u00bfQu\u00e9 es una tertulia literaria dial\u00f3gica? Una tertulia literaria dial\u00f3gica es una actuaci\u00f3n de \u00e9xito a trav\u00e9s de la [&hellip;]<\/p>\n","protected":false},"author":2,"featured_media":0,"parent":276,"menu_order":0,"comment_status":"closed","ping_status":"closed","template":"","meta":{"footnotes":""},"folder":[],"class_list":["post-1371","page","type-page","status-publish","hentry"],"rttpg_featured_image_url":null,"rttpg_author":{"display_name":"tic.cp.hermanospinzon.madrid","author_link":"https:\/\/site.educa.madrid.org\/cp.hermanospinzon.madrid\/index.php\/author\/cuenta_tic-cp-hermanospinzon-madrid\/"},"rttpg_comment":0,"rttpg_category":false,"rttpg_excerpt":"\u00bfQu\u00e9 es una tertulia literaria dial\u00f3gica? Una tertulia literaria dial\u00f3gica es una actuaci\u00f3n de \u00e9xito a trav\u00e9s de la [&hellip;]","post_mailing_queue_ids":[],"_links":{"self":[{"href":"https:\/\/site.educa.madrid.org\/cp.hermanospinzon.madrid\/index.php\/wp-json\/wp\/v2\/pages\/1371","targetHints":{"allow":["GET"]}}],"collection":[{"href":"https:\/\/site.educa.madrid.org\/cp.hermanospinzon.madrid\/index.php\/wp-json\/wp\/v2\/pages"}],"about":[{"href":"https:\/\/site.educa.madrid.org\/cp.hermanospinzon.madrid\/index.php\/wp-json\/wp\/v2\/types\/page"}],"author":[{"embeddable":true,"href":"https:\/\/site.educa.madrid.org\/cp.hermanospinzon.madrid\/index.php\/wp-json\/wp\/v2\/users\/2"}],"replies":[{"embeddable":true,"href":"https:\/\/site.educa.madrid.org\/cp.hermanospinzon.madrid\/index.php\/wp-json\/wp\/v2\/comments?post=1371"}],"version-history":[{"count":3,"href":"https:\/\/site.educa.madrid.org\/cp.hermanospinzon.madrid\/index.php\/wp-json\/wp\/v2\/pages\/1371\/revisions"}],"predecessor-version":[{"id":1374,"href":"https:\/\/site.educa.madrid.org\/cp.hermanospinzon.madrid\/index.php\/wp-json\/wp\/v2\/pages\/1371\/revisions\/1374"}],"up":[{"embeddable":true,"href":"https:\/\/site.educa.madrid.org\/cp.hermanospinzon.madrid\/index.php\/wp-json\/wp\/v2\/pages\/276"}],"wp:attachment":[{"href":"https:\/\/site.educa.madrid.org\/cp.hermanospinzon.madrid\/index.php\/wp-json\/wp\/v2\/media?parent=1371"}],"wp:term":[{"taxonomy":"folder","embeddable":true,"href":"https:\/\/site.educa.madrid.org\/cp.hermanospinzon.madrid\/index.php\/wp-json\/wp\/v2\/folder?post=1371"}],"curies":[{"name":"wp","href":"https:\/\/api.w.org\/{rel}","templated":true}]}}