{"id":164,"date":"2021-11-02T11:44:40","date_gmt":"2021-11-02T10:44:40","guid":{"rendered":"https:\/\/site.educa.madrid.org\/cp.hermanospinzon.madrid\/?page_id=164"},"modified":"2024-09-18T14:18:11","modified_gmt":"2024-09-18T12:18:11","slug":"proyecto-bilingue","status":"publish","type":"page","link":"https:\/\/site.educa.madrid.org\/cp.hermanospinzon.madrid\/index.php\/proyecto-educativo\/proyecto-bilingue\/","title":{"rendered":"Proyecto Biling\u00fce"},"content":{"rendered":"\n<div class=\"wp-block-columns is-layout-flex wp-container-core-columns-is-layout-9d6595d7 wp-block-columns-is-layout-flex\">\n<div class=\"wp-block-column is-layout-flow wp-block-column-is-layout-flow\" style=\"flex-basis:50%\">\n<p>Nuestro centro pertenece al programa de colegios biling\u00fces de la Comunidad de Madrid desde el curso 2012 \u2013 2013. Nuestro objetivo es que los alumnos adquieran un buen nivel de ingl\u00e9s y poder ofrecerles una preparaci\u00f3n m\u00e1s completa que les asegure mejores oportunidades ante un mundo laboral y profesional cada vez m\u00e1s globalizado.<\/p>\n\n\n\n<p>El curso 2017\/2018 se implant\u00f3 el proyecto biling\u00fce tambi\u00e9n en la etapa de Educaci\u00f3n Infantil.<\/p>\n\n\n\n<p>Convivimos, con la mayor naturalidad, con las dos lenguas creando ambientes de aprendizaje que as\u00ed lo faciliten. A trav\u00e9s de nuevas metodolog\u00edas y aprendizaje activo conseguimos que los alumnos se comuniquen de forma fluida en el idioma extranjero.<\/p>\n\n\n\n<p>En Infantil, los alumnos reciben, al menos, una sesi\u00f3n de ingl\u00e9s al d\u00eda. En Primaria, los alumnos tienen una sesi\u00f3n de ingl\u00e9s todos los d\u00edas, as\u00ed como las asignaturas de Natural Science, Physical Education y Arts&amp;Crafts impartidas en la lengua extranjera.<\/p>\n<\/div>\n\n\n\n<div class=\"wp-block-column is-layout-flow wp-block-column-is-layout-flow\" style=\"flex-basis:50%\"><div class=\"wp-block-image\">\n<figure class=\"aligncenter size-full is-resized\"><img loading=\"lazy\" decoding=\"async\" width=\"550\" height=\"550\" src=\"https:\/\/site.educa.madrid.org\/cp.hermanospinzon.madrid\/\/wp-content\/uploads\/cp.hermanospinzon.madrid\/2021\/11\/BILINGUE.png\" alt=\"\" class=\"wp-image-166\" style=\"width:550px;height:550px\" srcset=\"https:\/\/site.educa.madrid.org\/cp.hermanospinzon.madrid\/\/wp-content\/uploads\/cp.hermanospinzon.madrid\/2021\/11\/BILINGUE.png 550w, https:\/\/site.educa.madrid.org\/cp.hermanospinzon.madrid\/\/wp-content\/uploads\/cp.hermanospinzon.madrid\/2021\/11\/BILINGUE-300x300.png 300w, https:\/\/site.educa.madrid.org\/cp.hermanospinzon.madrid\/\/wp-content\/uploads\/cp.hermanospinzon.madrid\/2021\/11\/BILINGUE-150x150.png 150w\" sizes=\"auto, (max-width: 550px) 100vw, 550px\" \/><\/figure>\n<\/div><\/div>\n<\/div>\n\n\n\n<p><\/p>\n\n\n\n<h3 class=\"wp-block-heading\">Resultados Cambridge curso 2022\/2023<\/h3>\n\n\n\n<p><strong>Resultados Pruebas externas Cambridge<br>6\u00ba Ed. Primaria curso 22\/23<\/strong><\/p>\n\n\n\n<p>12 alumnos obtienen el <u>nivel A2<\/u><\/p>\n<p>12 alumnos obtienen el <u>nivel B1<\/u><\/p>\n","protected":false},"excerpt":{"rendered":"<p>Pertenecemos al programa de Colegios Biling\u00fces de la Comunidad de Madrid desde el curso 2012 &#8211; 2013<\/p>\n","protected":false},"author":2,"featured_media":0,"parent":134,"menu_order":0,"comment_status":"closed","ping_status":"closed","template":"","meta":{"footnotes":""},"folder":[],"class_list":["post-164","page","type-page","status-publish","hentry"],"rttpg_featured_image_url":null,"rttpg_author":{"display_name":"tic.cp.hermanospinzon.madrid","author_link":"https:\/\/site.educa.madrid.org\/cp.hermanospinzon.madrid\/index.php\/author\/cuenta_tic-cp-hermanospinzon-madrid\/"},"rttpg_comment":0,"rttpg_category":false,"rttpg_excerpt":"Pertenecemos al programa de Colegios Biling\u00fces de la Comunidad de Madrid desde el curso 2012 - 2013","post_mailing_queue_ids":[],"_links":{"self":[{"href":"https:\/\/site.educa.madrid.org\/cp.hermanospinzon.madrid\/index.php\/wp-json\/wp\/v2\/pages\/164","targetHints":{"allow":["GET"]}}],"collection":[{"href":"https:\/\/site.educa.madrid.org\/cp.hermanospinzon.madrid\/index.php\/wp-json\/wp\/v2\/pages"}],"about":[{"href":"https:\/\/site.educa.madrid.org\/cp.hermanospinzon.madrid\/index.php\/wp-json\/wp\/v2\/types\/page"}],"author":[{"embeddable":true,"href":"https:\/\/site.educa.madrid.org\/cp.hermanospinzon.madrid\/index.php\/wp-json\/wp\/v2\/users\/2"}],"replies":[{"embeddable":true,"href":"https:\/\/site.educa.madrid.org\/cp.hermanospinzon.madrid\/index.php\/wp-json\/wp\/v2\/comments?post=164"}],"version-history":[{"count":10,"href":"https:\/\/site.educa.madrid.org\/cp.hermanospinzon.madrid\/index.php\/wp-json\/wp\/v2\/pages\/164\/revisions"}],"predecessor-version":[{"id":1205,"href":"https:\/\/site.educa.madrid.org\/cp.hermanospinzon.madrid\/index.php\/wp-json\/wp\/v2\/pages\/164\/revisions\/1205"}],"up":[{"embeddable":true,"href":"https:\/\/site.educa.madrid.org\/cp.hermanospinzon.madrid\/index.php\/wp-json\/wp\/v2\/pages\/134"}],"wp:attachment":[{"href":"https:\/\/site.educa.madrid.org\/cp.hermanospinzon.madrid\/index.php\/wp-json\/wp\/v2\/media?parent=164"}],"wp:term":[{"taxonomy":"folder","embeddable":true,"href":"https:\/\/site.educa.madrid.org\/cp.hermanospinzon.madrid\/index.php\/wp-json\/wp\/v2\/folder?post=164"}],"curies":[{"name":"wp","href":"https:\/\/api.w.org\/{rel}","templated":true}]}}