{"id":1686,"date":"2026-03-03T10:51:42","date_gmt":"2026-03-03T09:51:42","guid":{"rendered":"https:\/\/site.educa.madrid.org\/cp.hermanospinzon.madrid\/?page_id=1686"},"modified":"2026-03-03T10:52:29","modified_gmt":"2026-03-03T09:52:29","slug":"plan-director-para-la-mejora-de-la-convivencia-y-mejora-de-la-seguridad-en-los-centros-educativos-y-sus-entornos","status":"publish","type":"page","link":"https:\/\/site.educa.madrid.org\/cp.hermanospinzon.madrid\/index.php\/proyecto-educativo\/plan-director-para-la-mejora-de-la-convivencia-y-mejora-de-la-seguridad-en-los-centros-educativos-y-sus-entornos\/","title":{"rendered":"Plan Director para la mejora de la convivencia y mejora de la seguridad en los Centros Educativos y sus entornos"},"content":{"rendered":"\n<p>El Ministerio de Educaci\u00f3n, Cultura y Deporte, el Ministerio del Interior y el Ministerio de Sanidad y Pol\u00edtica Social, ponen a disposici\u00f3n de los centros educativos el <em>Plan Director<\/em> para la Convivencia y Mejora de la Seguridad en los Centros Educativos y sus Entornos.<\/p>\n\n\n\n<p>El <em>Plan Director<\/em> en nuestro centro est\u00e1 coordinado por la Polic\u00eda Nacional, y consiste en realizar charlas dirigidas al alumnado de 3er ciclo y a las familias, y que hacen referencia a:<\/p>\n\n\n\n<ul class=\"wp-block-list\">\n<li>Consecuencias del acoso escolar en quienes lo padecen, as\u00ed como de la responsabilidad de todos de denunciarlo y combatirlo.<\/li>\n\n\n\n<li>Prevenci\u00f3n de los riesgos de seguridad asociados a las nuevas tecnolog\u00edas y al uso de redes sociales.<\/li>\n<\/ul>\n\n\n\n<p>Los principales objetivos del <em>Plan Director<\/em> son:<\/p>\n\n\n\n<ul class=\"wp-block-list\">\n<li>Sensibilizar y orientar al alumnado sobre aquellos comportamientos que pueden derivar en acciones delictivas o violentas, fomentando los valores de responsabilidad, igualdad, respeto y convivencia.<\/li>\n\n\n\n<li>Facilitarles herramientas para la prevenci\u00f3n de conflictos y para evitar el riesgo de convertirse en v\u00edctimas de determinados delitos (abusos o agresiones sexuales, acoso escolar, acceso a determinados contenidos de Internet, etc.)<\/li>\n\n\n\n<li>Inculcar la necesidad de comunicar o solicitar ayuda a los padres y al profesorado respecto de los hechos que se produzcan en el interior o fuera del centro escolar, cuando la gravedad de la situaci\u00f3n lo aconseje.<\/li>\n\n\n\n<li>Mejorar su conocimiento de las Fuerzas y Cuerpos de Seguridad, el servicio p\u00fablico que prestan a la comunidad y los distintos canales de comunicaci\u00f3n con las mismas, as\u00ed como la confianza en su funcionamiento.<\/li>\n<\/ul>\n\n\n\n<p>La Delegaci\u00f3n del Gobierno en Madrid, coordina este <em>Plan Director<\/em>, a trav\u00e9s del \u00c1rea de Alta Inspecci\u00f3n de Educaci\u00f3n.<\/p>\n\n\n\n<p>Las charlas las imparten los <strong>Cuerpos y Fuerzas de Seguridad del Estado<\/strong>:&nbsp;Polic\u00eda Nacional&nbsp;(Participaci\u00f3n Ciudadana de cada comisar\u00eda) y&nbsp;Guardia Civil&nbsp;en sus respectivas demarcaciones. Colabora con el <em>Plan Director<\/em> la&nbsp;Polic\u00eda Municipal&nbsp;de Madrid&nbsp;en las charlas de&nbsp;prevenci\u00f3n del acoso escolar y del consumo de drogas y alcohol&nbsp;en el \u00e1mbito de Madrid cuidad.<\/p>\n\n\n<div class=\"wp-block-image\">\n<figure class=\"aligncenter size-full\"><img loading=\"lazy\" decoding=\"async\" width=\"365\" height=\"273\" src=\"https:\/\/site.educa.madrid.org\/cp.hermanospinzon.madrid\/\/wp-content\/uploads\/cp.hermanospinzon.madrid\/2026\/03\/plan-director.jpg\" alt=\"\" class=\"wp-image-1688\" srcset=\"https:\/\/site.educa.madrid.org\/cp.hermanospinzon.madrid\/\/wp-content\/uploads\/cp.hermanospinzon.madrid\/2026\/03\/plan-director.jpg 365w, https:\/\/site.educa.madrid.org\/cp.hermanospinzon.madrid\/\/wp-content\/uploads\/cp.hermanospinzon.madrid\/2026\/03\/plan-director-300x224.jpg 300w\" sizes=\"auto, (max-width: 365px) 100vw, 365px\" \/><\/figure>\n<\/div>","protected":false},"excerpt":{"rendered":"<p>El Plan Director en nuestro centro est\u00e1 coordinado por la Polic\u00eda Nacional, y consiste en realizar charlas dirigidas al alumnado de 3er ciclo y a las familias<\/p>\n","protected":false},"author":2,"featured_media":0,"parent":134,"menu_order":0,"comment_status":"closed","ping_status":"closed","template":"","meta":{"footnotes":""},"folder":[],"class_list":["post-1686","page","type-page","status-publish","hentry"],"rttpg_featured_image_url":null,"rttpg_author":{"display_name":"tic.cp.hermanospinzon.madrid","author_link":"https:\/\/site.educa.madrid.org\/cp.hermanospinzon.madrid\/index.php\/author\/cuenta_tic-cp-hermanospinzon-madrid\/"},"rttpg_comment":0,"rttpg_category":false,"rttpg_excerpt":"El Plan Director en nuestro centro est\u00e1 coordinado por la Polic\u00eda Nacional, y consiste en realizar charlas dirigidas al alumnado de 3er ciclo y a las familias","post_mailing_queue_ids":[],"_links":{"self":[{"href":"https:\/\/site.educa.madrid.org\/cp.hermanospinzon.madrid\/index.php\/wp-json\/wp\/v2\/pages\/1686","targetHints":{"allow":["GET"]}}],"collection":[{"href":"https:\/\/site.educa.madrid.org\/cp.hermanospinzon.madrid\/index.php\/wp-json\/wp\/v2\/pages"}],"about":[{"href":"https:\/\/site.educa.madrid.org\/cp.hermanospinzon.madrid\/index.php\/wp-json\/wp\/v2\/types\/page"}],"author":[{"embeddable":true,"href":"https:\/\/site.educa.madrid.org\/cp.hermanospinzon.madrid\/index.php\/wp-json\/wp\/v2\/users\/2"}],"replies":[{"embeddable":true,"href":"https:\/\/site.educa.madrid.org\/cp.hermanospinzon.madrid\/index.php\/wp-json\/wp\/v2\/comments?post=1686"}],"version-history":[{"count":2,"href":"https:\/\/site.educa.madrid.org\/cp.hermanospinzon.madrid\/index.php\/wp-json\/wp\/v2\/pages\/1686\/revisions"}],"predecessor-version":[{"id":1689,"href":"https:\/\/site.educa.madrid.org\/cp.hermanospinzon.madrid\/index.php\/wp-json\/wp\/v2\/pages\/1686\/revisions\/1689"}],"up":[{"embeddable":true,"href":"https:\/\/site.educa.madrid.org\/cp.hermanospinzon.madrid\/index.php\/wp-json\/wp\/v2\/pages\/134"}],"wp:attachment":[{"href":"https:\/\/site.educa.madrid.org\/cp.hermanospinzon.madrid\/index.php\/wp-json\/wp\/v2\/media?parent=1686"}],"wp:term":[{"taxonomy":"folder","embeddable":true,"href":"https:\/\/site.educa.madrid.org\/cp.hermanospinzon.madrid\/index.php\/wp-json\/wp\/v2\/folder?post=1686"}],"curies":[{"name":"wp","href":"https:\/\/api.w.org\/{rel}","templated":true}]}}