{"id":244,"date":"2021-11-11T12:04:29","date_gmt":"2021-11-11T11:04:29","guid":{"rendered":"https:\/\/site.educa.madrid.org\/cp.hermanospinzon.madrid\/?page_id=244"},"modified":"2023-06-12T11:42:16","modified_gmt":"2023-06-12T09:42:16","slug":"quienes-somos","status":"publish","type":"page","link":"https:\/\/site.educa.madrid.org\/cp.hermanospinzon.madrid\/index.php\/nuestro-centro\/quienes-somos\/","title":{"rendered":"Qui\u00e9nes somos"},"content":{"rendered":"\n<p class=\"has-text-align-center\"><strong><em>El colegio HERMANOS PINZ\u00d3N se encuentra situado en Distrito Latina de Madrid, Colegio Biling\u00fce.<\/em><\/strong><\/p>\n\n\n\n<figure class=\"wp-block-image size-full\"><img loading=\"lazy\" decoding=\"async\" width=\"1000\" height=\"450\" src=\"https:\/\/site.educa.madrid.org\/cp.hermanospinzon.madrid\/\/wp-content\/uploads\/cp.hermanospinzon.madrid\/2022\/06\/CEIP-HERMANOS-PINZON.jpg\" alt=\"\" class=\"wp-image-673\" srcset=\"https:\/\/site.educa.madrid.org\/cp.hermanospinzon.madrid\/\/wp-content\/uploads\/cp.hermanospinzon.madrid\/2022\/06\/CEIP-HERMANOS-PINZON.jpg 1000w, https:\/\/site.educa.madrid.org\/cp.hermanospinzon.madrid\/\/wp-content\/uploads\/cp.hermanospinzon.madrid\/2022\/06\/CEIP-HERMANOS-PINZON-300x135.jpg 300w, https:\/\/site.educa.madrid.org\/cp.hermanospinzon.madrid\/\/wp-content\/uploads\/cp.hermanospinzon.madrid\/2022\/06\/CEIP-HERMANOS-PINZON-768x346.jpg 768w\" sizes=\"auto, (max-width: 1000px) 100vw, 1000px\" \/><\/figure>\n\n\n\n<p>Somos un colegio p\u00fablico de la Comunidad de Madrid situado en el distrito de Latina. <\/p>\n\n\n\n<p>El colegio consta de dos edificios:<\/p>\n\n\n\n<div class=\"wp-block-columns is-layout-flex wp-container-core-columns-is-layout-9d6595d7 wp-block-columns-is-layout-flex\">\n<div class=\"wp-block-column is-layout-flow wp-block-column-is-layout-flow\">\n<p>El edificio de C\/. Calam\u00f3n 3 en donde encontramos las clases de Educaci\u00f3n Infantil, 1\u00ba de Educaci\u00f3n Primaria y el comedor.<\/p>\n\n\n\n<p>Tel\u00e9fono: 91 711 72 28<\/p>\n<\/div>\n\n\n\n<div class=\"wp-block-column is-layout-flow wp-block-column-is-layout-flow\">\n<p>El edificio de C\/. Azor 4 donde encontramos las clases desde 2\u00ba a 6\u00ba de Educaci\u00f3n Primaria, el gimnasio y los despachos del Equipo Directivo.<br><br>Tel\u00e9fono: 91 518 60 40<\/p>\n<\/div>\n<\/div>\n\n\n\n<h2 class=\"wp-block-heading\">\u00bfD\u00f3nde estamos?<\/h2>\n\n\n\n<p>Nuestro colegio se encuentra frente a la Casa de Campo, junto a la Carretera de Boadilla. Las paradas de metro m\u00e1s cercanas son las de Colonia Jard\u00edn (l\u00ednea 10) y Campamento (l\u00ednea 5). As\u00ed como las l\u00edneas de autobuses 65, 36 y 39.<\/p>\n\n\n\n<h2 class=\"wp-block-heading\">Horario<\/h2>\n\n\n\n<p>A partir del curso 2023-24, el horario ser\u00e1 continuado: de 9:00h a 14:00h. (servicio de comedor de 14:00h a 16:00h).<\/p>\n\n\n\n<p>En los meses de junio y septiembre, el horario es reducido: de 9:00h a 13:00h (servicio de comedor de 13:00h a 15:00h).<\/p>\n","protected":false},"excerpt":{"rendered":"<p>Colegio P\u00fablico Biling\u00fce de la Comunidad de Madrid situado en el distrito Latina.<br \/>\n Impartimos Segundo Ciclo de Educaci\u00f3n Infantil y Educaci\u00f3n Primaria.<\/p>\n","protected":false},"author":2,"featured_media":0,"parent":115,"menu_order":1,"comment_status":"closed","ping_status":"closed","template":"","meta":{"footnotes":""},"folder":[],"class_list":["post-244","page","type-page","status-publish","hentry"],"rttpg_featured_image_url":null,"rttpg_author":{"display_name":"tic.cp.hermanospinzon.madrid","author_link":"https:\/\/site.educa.madrid.org\/cp.hermanospinzon.madrid\/index.php\/author\/cuenta_tic-cp-hermanospinzon-madrid\/"},"rttpg_comment":0,"rttpg_category":false,"rttpg_excerpt":"Colegio P\u00fablico Biling\u00fce de la Comunidad de Madrid situado en el distrito Latina. Impartimos Segundo Ciclo de Educaci\u00f3n Infantil y Educaci\u00f3n Primaria.","post_mailing_queue_ids":[],"_links":{"self":[{"href":"https:\/\/site.educa.madrid.org\/cp.hermanospinzon.madrid\/index.php\/wp-json\/wp\/v2\/pages\/244","targetHints":{"allow":["GET"]}}],"collection":[{"href":"https:\/\/site.educa.madrid.org\/cp.hermanospinzon.madrid\/index.php\/wp-json\/wp\/v2\/pages"}],"about":[{"href":"https:\/\/site.educa.madrid.org\/cp.hermanospinzon.madrid\/index.php\/wp-json\/wp\/v2\/types\/page"}],"author":[{"embeddable":true,"href":"https:\/\/site.educa.madrid.org\/cp.hermanospinzon.madrid\/index.php\/wp-json\/wp\/v2\/users\/2"}],"replies":[{"embeddable":true,"href":"https:\/\/site.educa.madrid.org\/cp.hermanospinzon.madrid\/index.php\/wp-json\/wp\/v2\/comments?post=244"}],"version-history":[{"count":13,"href":"https:\/\/site.educa.madrid.org\/cp.hermanospinzon.madrid\/index.php\/wp-json\/wp\/v2\/pages\/244\/revisions"}],"predecessor-version":[{"id":954,"href":"https:\/\/site.educa.madrid.org\/cp.hermanospinzon.madrid\/index.php\/wp-json\/wp\/v2\/pages\/244\/revisions\/954"}],"up":[{"embeddable":true,"href":"https:\/\/site.educa.madrid.org\/cp.hermanospinzon.madrid\/index.php\/wp-json\/wp\/v2\/pages\/115"}],"wp:attachment":[{"href":"https:\/\/site.educa.madrid.org\/cp.hermanospinzon.madrid\/index.php\/wp-json\/wp\/v2\/media?parent=244"}],"wp:term":[{"taxonomy":"folder","embeddable":true,"href":"https:\/\/site.educa.madrid.org\/cp.hermanospinzon.madrid\/index.php\/wp-json\/wp\/v2\/folder?post=244"}],"curies":[{"name":"wp","href":"https:\/\/api.w.org\/{rel}","templated":true}]}}