{"id":276,"date":"2021-11-11T16:18:33","date_gmt":"2021-11-11T15:18:33","guid":{"rendered":"https:\/\/site.educa.madrid.org\/cp.hermanospinzon.madrid\/?page_id=276"},"modified":"2025-02-17T11:07:28","modified_gmt":"2025-02-17T10:07:28","slug":"actuaciones-educativas-de-exito","status":"publish","type":"page","link":"https:\/\/site.educa.madrid.org\/cp.hermanospinzon.madrid\/index.php\/proyecto-educativo\/actuaciones-educativas-de-exito\/","title":{"rendered":"Actuaciones educativas de \u00c9xito"},"content":{"rendered":"\n<p>Con el objetivo de asegurar una educaci\u00f3n de calidad para todos nuestros alumnos, nos embarcamos en la implantaci\u00f3n de las actuaciones de \u00e9xito (proyecto europeo de investigaci\u00f3n Includ-ed).<\/p>\n\n\n\n<p>Se realizan las siguientes actuaciones de \u00e9xito en el centro:<\/p>\n\n\n\n<ul class=\"wp-block-list\">\n<li><a href=\"https:\/\/site.educa.madrid.org\/cp.hermanospinzon.madrid\/index.php\/proyecto-educativo\/actuaciones-educativas-de-exito\/grupos-interactivos\/\"><strong>Grupos interactivos<\/strong><\/a><strong>:<\/strong>\u00a0Basado en la interacci\u00f3n de peque\u00f1os grupos heterog\u00e9neos de alumnos realizando una tarea asignada por el profesor con la supervisi\u00f3n de un adulto de la comunidad educativa. Se invita a miembros de la Comunidad Educativa (familias, personal no docente del centro, personal externo\u2026).\u00a0<a href=\"https:\/\/site.educa.madrid.org\/cp.hermanospinzon.madrid\/index.php\/proyecto-educativo\/actuaciones-educativas-de-exito\/grupos-interactivos\/\" data-type=\"URL\" data-id=\"https:\/\/site.educa.madrid.org\/cp.hermanospinzon.madrid\/index.php\/proyecto-educativo\/actuaciones-educativas-de-exito\/grupos-interactivos\/\"><strong>[ m\u00e1s informaci\u00f3n]<\/strong><\/a><\/li>\n\n\n\n<li><strong><a href=\"https:\/\/site.educa.madrid.org\/cp.hermanospinzon.madrid\/index.php\/proyecto-educativo\/actuaciones-educativas-de-exito\/tertulias-dialogicas\/\">Tertulias dial\u00f3gicas<\/a>:<\/strong>\u00a0Sesiones de di\u00e1logo sobre los libros de lectura asignados. Tras una lectura individual de t\u00edtulos cl\u00e1sicos, se realizan un coloquio sobre sus reflexiones. <a href=\"https:\/\/site.educa.madrid.org\/cp.hermanospinzon.madrid\/index.php\/proyecto-educativo\/actuaciones-educativas-de-exito\/tertulias-dialogicas\/\">[ m\u00e1s informaci\u00f3n ]<\/a><\/li>\n\n\n\n<li><a href=\"https:\/\/site.educa.madrid.org\/cp.hermanospinzon.madrid\/index.php\/proyecto-educativo\/actuaciones-educativas-de-exito\/biblioteca-tutorizadas\/\" data-type=\"URL\" data-id=\"https:\/\/site.educa.madrid.org\/cp.hermanospinzon.madrid\/index.php\/proyecto-educativo\/actuaciones-educativas-de-exito\/biblioteca-tutorizadas\/\"><strong>Biblioteca tutorizada<\/strong><\/a><strong>:<\/strong>\u00a0Acceso a la bibliotecas del centro como lugar de aprendizaje fuera del horario lectivo.\u00a0<a href=\"https:\/\/site.educa.madrid.org\/cp.hermanospinzon.madrid\/index.php\/proyecto-educativo\/actuaciones-educativas-de-exito\/biblioteca-tutorizadas\/\" data-type=\"URL\" data-id=\"https:\/\/site.educa.madrid.org\/cp.hermanospinzon.madrid\/index.php\/proyecto-educativo\/actuaciones-educativas-de-exito\/biblioteca-tutorizadas\/\"><strong>[ m\u00e1s informaci\u00f3n ]<\/strong><\/a><\/li>\n\n\n\n<li><strong>Formaci\u00f3n de familiares:<\/strong> El centro ofrece programas de formaci\u00f3n a las familias que son las que deciden qu\u00e9, c\u00f3mo y cu\u00e1ndo quieren aprender. Se abre el centro con las \u201cma\u00f1anas del caf\u00e9\u201d para fomentar la creaci\u00f3n de redes entre familiar de alumnos\/as.<\/li>\n\n\n\n<li><strong>Participaci\u00f3n activa de la comunidad:<\/strong> Se promueve que las familias se impliquen directamente en los procesos y espacios de aprendizaje de la escuela.<\/li>\n\n\n\n<li><strong>Modelo dial\u00f3gico de prevenci\u00f3n y resoluci\u00f3n de conflictos:<\/strong> Construcci\u00f3n, de manera conjunta y consensuada, las normas de la escuela que todo el mundo debe respetar.<\/li>\n\n\n\n<li><strong>Formaci\u00f3n pedag\u00f3gica dial\u00f3gica:<\/strong> La formaci\u00f3n del profesorado est\u00e1 basada en bases cient\u00edficas, te\u00f3ricas y evidencias avaladas en la comunidad cient\u00edfica, no en experiencias subjetivas.<\/li>\n<\/ul>\n\n\n<div class=\"wp-block-image\">\n<figure class=\"aligncenter size-large is-resized\"><img loading=\"lazy\" decoding=\"async\" width=\"810\" height=\"327\" src=\"https:\/\/site.educa.madrid.org\/cp.hermanospinzon.madrid\/\/wp-content\/uploads\/cp.hermanospinzon.madrid\/2021\/11\/2-2-Actuaciones-educativas-de-exito.jpg\" alt=\"Actuaciones educativas de \u00e9xito\" class=\"wp-image-403\" style=\"width:810px;height:327px\" srcset=\"https:\/\/site.educa.madrid.org\/cp.hermanospinzon.madrid\/\/wp-content\/uploads\/cp.hermanospinzon.madrid\/2021\/11\/2-2-Actuaciones-educativas-de-exito.jpg 810w, https:\/\/site.educa.madrid.org\/cp.hermanospinzon.madrid\/\/wp-content\/uploads\/cp.hermanospinzon.madrid\/2021\/11\/2-2-Actuaciones-educativas-de-exito-300x121.jpg 300w, https:\/\/site.educa.madrid.org\/cp.hermanospinzon.madrid\/\/wp-content\/uploads\/cp.hermanospinzon.madrid\/2021\/11\/2-2-Actuaciones-educativas-de-exito-768x310.jpg 768w\" sizes=\"auto, (max-width: 810px) 100vw, 810px\" \/><\/figure>\n<\/div>\n\n\n<div style=\"height:30px\" aria-hidden=\"true\" class=\"wp-block-spacer\"><\/div>\n\n\n\n<div style=\"height:50px\" aria-hidden=\"true\" class=\"wp-block-spacer\"><\/div>\n","protected":false},"excerpt":{"rendered":"<p>Proyecto europeo de investigaci\u00f3n Includ-ed<\/p>\n","protected":false},"author":2,"featured_media":0,"parent":134,"menu_order":0,"comment_status":"closed","ping_status":"closed","template":"","meta":{"footnotes":""},"folder":[],"class_list":["post-276","page","type-page","status-publish","hentry"],"rttpg_featured_image_url":null,"rttpg_author":{"display_name":"tic.cp.hermanospinzon.madrid","author_link":"https:\/\/site.educa.madrid.org\/cp.hermanospinzon.madrid\/index.php\/author\/cuenta_tic-cp-hermanospinzon-madrid\/"},"rttpg_comment":0,"rttpg_category":false,"rttpg_excerpt":"Proyecto europeo de investigaci\u00f3n Includ-ed","post_mailing_queue_ids":[],"_links":{"self":[{"href":"https:\/\/site.educa.madrid.org\/cp.hermanospinzon.madrid\/index.php\/wp-json\/wp\/v2\/pages\/276","targetHints":{"allow":["GET"]}}],"collection":[{"href":"https:\/\/site.educa.madrid.org\/cp.hermanospinzon.madrid\/index.php\/wp-json\/wp\/v2\/pages"}],"about":[{"href":"https:\/\/site.educa.madrid.org\/cp.hermanospinzon.madrid\/index.php\/wp-json\/wp\/v2\/types\/page"}],"author":[{"embeddable":true,"href":"https:\/\/site.educa.madrid.org\/cp.hermanospinzon.madrid\/index.php\/wp-json\/wp\/v2\/users\/2"}],"replies":[{"embeddable":true,"href":"https:\/\/site.educa.madrid.org\/cp.hermanospinzon.madrid\/index.php\/wp-json\/wp\/v2\/comments?post=276"}],"version-history":[{"count":17,"href":"https:\/\/site.educa.madrid.org\/cp.hermanospinzon.madrid\/index.php\/wp-json\/wp\/v2\/pages\/276\/revisions"}],"predecessor-version":[{"id":1376,"href":"https:\/\/site.educa.madrid.org\/cp.hermanospinzon.madrid\/index.php\/wp-json\/wp\/v2\/pages\/276\/revisions\/1376"}],"up":[{"embeddable":true,"href":"https:\/\/site.educa.madrid.org\/cp.hermanospinzon.madrid\/index.php\/wp-json\/wp\/v2\/pages\/134"}],"wp:attachment":[{"href":"https:\/\/site.educa.madrid.org\/cp.hermanospinzon.madrid\/index.php\/wp-json\/wp\/v2\/media?parent=276"}],"wp:term":[{"taxonomy":"folder","embeddable":true,"href":"https:\/\/site.educa.madrid.org\/cp.hermanospinzon.madrid\/index.php\/wp-json\/wp\/v2\/folder?post=276"}],"curies":[{"name":"wp","href":"https:\/\/api.w.org\/{rel}","templated":true}]}}