{"id":279,"date":"2021-11-11T16:21:25","date_gmt":"2021-11-11T15:21:25","guid":{"rendered":"https:\/\/site.educa.madrid.org\/cp.hermanospinzon.madrid\/?page_id=279"},"modified":"2022-03-09T11:10:41","modified_gmt":"2022-03-09T10:10:41","slug":"ecoescuelas-y-educar-hoy-por-un-madrid-mas-sostenible","status":"publish","type":"page","link":"https:\/\/site.educa.madrid.org\/cp.hermanospinzon.madrid\/index.php\/proyecto-educativo\/ecoescuelas-y-educar-hoy-por-un-madrid-mas-sostenible\/","title":{"rendered":"Ecoescuelas y \u201cEducar hoy por un Madrid m\u00e1s sostenible\u201d"},"content":{"rendered":"\n<div class=\"wp-block-image\"><figure class=\"aligncenter size-large is-resized\"><img loading=\"lazy\" decoding=\"async\" src=\"https:\/\/site.educa.madrid.org\/cp.hermanospinzon.madrid\/\/wp-content\/uploads\/cp.hermanospinzon.madrid\/2021\/12\/Ecoescuelas.jpg\" alt=\"\" class=\"wp-image-492\" width=\"286\" height=\"207\" srcset=\"https:\/\/site.educa.madrid.org\/cp.hermanospinzon.madrid\/\/wp-content\/uploads\/cp.hermanospinzon.madrid\/2021\/12\/Ecoescuelas.jpg 572w, https:\/\/site.educa.madrid.org\/cp.hermanospinzon.madrid\/\/wp-content\/uploads\/cp.hermanospinzon.madrid\/2021\/12\/Ecoescuelas-300x217.jpg 300w\" sizes=\"auto, (max-width: 286px) 100vw, 286px\" \/><\/figure><\/div>\n\n\n\n<p>El colegio pertenece a la red de centros de Ecoescuelas y participa en el programa \u201cEducar hoy por un Madrid m\u00e1s sostenible\u201d. Ambos enmarcados en la concienciaci\u00f3n de la importancia del cuidado del medio ambiente.<\/p>\n\n\n\n<p>Desde el centro promovemos el uso responsable de los recursos que nos ofrece la naturaleza a trav\u00e9s del reciclaje de pl\u00e1sticos y papel, el uso de papel reciclado en todo el centro, la promoci\u00f3n de los residuos cero, etc.<\/p>\n\n\n\n<p>Dentro de esta propuesta, se realizan distintas actividades:<\/p>\n\n\n\n<div class=\"wp-block-columns is-layout-flex wp-container-core-columns-is-layout-9d6595d7 wp-block-columns-is-layout-flex\">\n<div class=\"wp-block-column is-layout-flow wp-block-column-is-layout-flow\" style=\"flex-basis:66.66%\">\n<ul class=\"wp-block-list\"><li><strong>Huerto escolar: <\/strong>Con la colaboraci\u00f3n de las familias, se ha realizado un huerto escolar en el edificio de la Calla Calam\u00f3n. Familias voluntarias, junto con la colaboraci\u00f3n de los alumnos de Educaci\u00f3n Infantil, se encargan del mantenimiento del huerto.<br>Tenemos tomates cherry, pimientos, grosellas, etc. \u00a1Nos encanta nuestro huerto!<br><\/li><li><strong>Carrera de Residuos Cero: <\/strong>En el edificio de Calle Azor, realizamos una carrera de Residuos Cero. Todos los d\u00edas contamos cuantos alumnos de cada clase han tra\u00eddo el desayuno utilizando tuppers, bolsas de tela o botellas reutilizables. Al final de cada mes, la clase que menos residuos ha creado recibe un premio \u201ceco\u201d por haber sido la ganadora.<br><\/li><li><strong>Comit\u00e9 de Medio Ambiente<\/strong>En el centro existe un comit\u00e9 formado por algunos alumnos y familias que se re\u00fanen de manera peri\u00f3dica para concretar actuaciones para promover el cuidado del medio ambiente.<\/li><\/ul>\n<\/div>\n\n\n\n<div class=\"wp-block-column is-layout-flow wp-block-column-is-layout-flow\" style=\"flex-basis:33.33%\">\n<div class=\"wp-block-image\"><figure class=\"aligncenter size-large\"><img loading=\"lazy\" decoding=\"async\" width=\"768\" height=\"1024\" src=\"https:\/\/site.educa.madrid.org\/cp.hermanospinzon.madrid\/\/wp-content\/uploads\/cp.hermanospinzon.madrid\/2021\/12\/Ecoescuelas-2-768x1024.jpg\" alt=\"\" class=\"wp-image-494\" srcset=\"https:\/\/site.educa.madrid.org\/cp.hermanospinzon.madrid\/\/wp-content\/uploads\/cp.hermanospinzon.madrid\/2021\/12\/Ecoescuelas-2-768x1024.jpg 768w, https:\/\/site.educa.madrid.org\/cp.hermanospinzon.madrid\/\/wp-content\/uploads\/cp.hermanospinzon.madrid\/2021\/12\/Ecoescuelas-2-225x300.jpg 225w, https:\/\/site.educa.madrid.org\/cp.hermanospinzon.madrid\/\/wp-content\/uploads\/cp.hermanospinzon.madrid\/2021\/12\/Ecoescuelas-2-300x400.jpg 300w, https:\/\/site.educa.madrid.org\/cp.hermanospinzon.madrid\/\/wp-content\/uploads\/cp.hermanospinzon.madrid\/2021\/12\/Ecoescuelas-2.jpg 900w\" sizes=\"auto, (max-width: 768px) 100vw, 768px\" \/><\/figure><\/div>\n<\/div>\n<\/div>\n","protected":false},"excerpt":{"rendered":"<p>Programa de concienciaci\u00f3n de la importancia del cuidado del medio ambiente y uso responsable de los recursos.<\/p>\n","protected":false},"author":2,"featured_media":0,"parent":134,"menu_order":0,"comment_status":"closed","ping_status":"closed","template":"","meta":{"footnotes":""},"folder":[],"class_list":["post-279","page","type-page","status-publish","hentry"],"rttpg_featured_image_url":null,"rttpg_author":{"display_name":"tic.cp.hermanospinzon.madrid","author_link":"https:\/\/site.educa.madrid.org\/cp.hermanospinzon.madrid\/index.php\/author\/cuenta_tic-cp-hermanospinzon-madrid\/"},"rttpg_comment":0,"rttpg_category":false,"rttpg_excerpt":"Programa de concienciaci\u00f3n de la importancia del cuidado del medio ambiente y uso responsable de los recursos.","post_mailing_queue_ids":[],"_links":{"self":[{"href":"https:\/\/site.educa.madrid.org\/cp.hermanospinzon.madrid\/index.php\/wp-json\/wp\/v2\/pages\/279","targetHints":{"allow":["GET"]}}],"collection":[{"href":"https:\/\/site.educa.madrid.org\/cp.hermanospinzon.madrid\/index.php\/wp-json\/wp\/v2\/pages"}],"about":[{"href":"https:\/\/site.educa.madrid.org\/cp.hermanospinzon.madrid\/index.php\/wp-json\/wp\/v2\/types\/page"}],"author":[{"embeddable":true,"href":"https:\/\/site.educa.madrid.org\/cp.hermanospinzon.madrid\/index.php\/wp-json\/wp\/v2\/users\/2"}],"replies":[{"embeddable":true,"href":"https:\/\/site.educa.madrid.org\/cp.hermanospinzon.madrid\/index.php\/wp-json\/wp\/v2\/comments?post=279"}],"version-history":[{"count":9,"href":"https:\/\/site.educa.madrid.org\/cp.hermanospinzon.madrid\/index.php\/wp-json\/wp\/v2\/pages\/279\/revisions"}],"predecessor-version":[{"id":594,"href":"https:\/\/site.educa.madrid.org\/cp.hermanospinzon.madrid\/index.php\/wp-json\/wp\/v2\/pages\/279\/revisions\/594"}],"up":[{"embeddable":true,"href":"https:\/\/site.educa.madrid.org\/cp.hermanospinzon.madrid\/index.php\/wp-json\/wp\/v2\/pages\/134"}],"wp:attachment":[{"href":"https:\/\/site.educa.madrid.org\/cp.hermanospinzon.madrid\/index.php\/wp-json\/wp\/v2\/media?parent=279"}],"wp:term":[{"taxonomy":"folder","embeddable":true,"href":"https:\/\/site.educa.madrid.org\/cp.hermanospinzon.madrid\/index.php\/wp-json\/wp\/v2\/folder?post=279"}],"curies":[{"name":"wp","href":"https:\/\/api.w.org\/{rel}","templated":true}]}}