{"id":281,"date":"2021-11-11T16:22:21","date_gmt":"2021-11-11T15:22:21","guid":{"rendered":"https:\/\/site.educa.madrid.org\/cp.hermanospinzon.madrid\/?page_id=281"},"modified":"2021-12-09T16:30:46","modified_gmt":"2021-12-09T15:30:46","slug":"proyecto-lova","status":"publish","type":"page","link":"https:\/\/site.educa.madrid.org\/cp.hermanospinzon.madrid\/index.php\/proyecto-educativo\/proyecto-lova\/","title":{"rendered":"Proyecto L\u00f3va"},"content":{"rendered":"\n<p><strong>La \u00d3pera, un Veh\u00edculo de Aprendizaje (L\u00d3VA) <\/strong>es un proyecto que consiste en formar una compa\u00f1\u00eda de \u00f3pera, cuyo producto final es una \u00f3pera o teatro musical. Los alumnos y alumnas organizados en equipos de profesionales, escriben el libreto, dise\u00f1an la escenograf\u00eda, componen la m\u00fasica, confeccionan el vestuario, realizan la campa\u00f1a de prensa, recaudan fondos, fabrican la utiler\u00eda, crean la iluminaci\u00f3n, etc. La pieza final y su estreno tienen tanta importancia como el proceso de su creaci\u00f3n. El proyecto tiene la duraci\u00f3n de un curso escolar.<\/p>\n\n\n\n<div class=\"wp-block-image\"><figure class=\"aligncenter size-large is-resized\"><img loading=\"lazy\" decoding=\"async\" src=\"https:\/\/site.educa.madrid.org\/cp.hermanospinzon.madrid\/\/wp-content\/uploads\/cp.hermanospinzon.madrid\/2021\/12\/lova.jpg\" alt=\"\" class=\"wp-image-496\" width=\"900\" height=\"632\" srcset=\"https:\/\/site.educa.madrid.org\/cp.hermanospinzon.madrid\/\/wp-content\/uploads\/cp.hermanospinzon.madrid\/2021\/12\/lova.jpg 900w, https:\/\/site.educa.madrid.org\/cp.hermanospinzon.madrid\/\/wp-content\/uploads\/cp.hermanospinzon.madrid\/2021\/12\/lova-300x211.jpg 300w, https:\/\/site.educa.madrid.org\/cp.hermanospinzon.madrid\/\/wp-content\/uploads\/cp.hermanospinzon.madrid\/2021\/12\/lova-768x539.jpg 768w\" sizes=\"auto, (max-width: 900px) 100vw, 900px\" \/><\/figure><\/div>\n","protected":false},"excerpt":{"rendered":"<p>La \u00d3pera, un Veh\u00edculo de Aprendizaje (L\u00d3VA).<\/p>\n","protected":false},"author":2,"featured_media":0,"parent":134,"menu_order":0,"comment_status":"closed","ping_status":"closed","template":"","meta":{"footnotes":""},"folder":[],"class_list":["post-281","page","type-page","status-publish","hentry"],"rttpg_featured_image_url":null,"rttpg_author":{"display_name":"tic.cp.hermanospinzon.madrid","author_link":"https:\/\/site.educa.madrid.org\/cp.hermanospinzon.madrid\/index.php\/author\/cuenta_tic-cp-hermanospinzon-madrid\/"},"rttpg_comment":0,"rttpg_category":false,"rttpg_excerpt":"La \u00d3pera, un Veh\u00edculo de Aprendizaje (L\u00d3VA).","post_mailing_queue_ids":[],"_links":{"self":[{"href":"https:\/\/site.educa.madrid.org\/cp.hermanospinzon.madrid\/index.php\/wp-json\/wp\/v2\/pages\/281","targetHints":{"allow":["GET"]}}],"collection":[{"href":"https:\/\/site.educa.madrid.org\/cp.hermanospinzon.madrid\/index.php\/wp-json\/wp\/v2\/pages"}],"about":[{"href":"https:\/\/site.educa.madrid.org\/cp.hermanospinzon.madrid\/index.php\/wp-json\/wp\/v2\/types\/page"}],"author":[{"embeddable":true,"href":"https:\/\/site.educa.madrid.org\/cp.hermanospinzon.madrid\/index.php\/wp-json\/wp\/v2\/users\/2"}],"replies":[{"embeddable":true,"href":"https:\/\/site.educa.madrid.org\/cp.hermanospinzon.madrid\/index.php\/wp-json\/wp\/v2\/comments?post=281"}],"version-history":[{"count":3,"href":"https:\/\/site.educa.madrid.org\/cp.hermanospinzon.madrid\/index.php\/wp-json\/wp\/v2\/pages\/281\/revisions"}],"predecessor-version":[{"id":497,"href":"https:\/\/site.educa.madrid.org\/cp.hermanospinzon.madrid\/index.php\/wp-json\/wp\/v2\/pages\/281\/revisions\/497"}],"up":[{"embeddable":true,"href":"https:\/\/site.educa.madrid.org\/cp.hermanospinzon.madrid\/index.php\/wp-json\/wp\/v2\/pages\/134"}],"wp:attachment":[{"href":"https:\/\/site.educa.madrid.org\/cp.hermanospinzon.madrid\/index.php\/wp-json\/wp\/v2\/media?parent=281"}],"wp:term":[{"taxonomy":"folder","embeddable":true,"href":"https:\/\/site.educa.madrid.org\/cp.hermanospinzon.madrid\/index.php\/wp-json\/wp\/v2\/folder?post=281"}],"curies":[{"name":"wp","href":"https:\/\/api.w.org\/{rel}","templated":true}]}}