{"id":3,"date":"2018-07-12T07:27:21","date_gmt":"2018-07-12T07:27:21","guid":{"rendered":"http:\/\/172.16.4.151\/WordpressCopia\/?page_id=3"},"modified":"2021-12-09T15:15:56","modified_gmt":"2021-12-09T14:15:56","slug":"politica-privacidad","status":"publish","type":"page","link":"https:\/\/site.educa.madrid.org\/cp.hermanospinzon.madrid\/index.php\/politica-privacidad\/","title":{"rendered":"Pol\u00edtica de privacidad"},"content":{"rendered":"\n<ul type=\"disc\">\n  <li>Empresa titular de dominio web es&nbsp;<strong>CEIP Hermanos Pinz\u00f3n<\/strong>&nbsp;(en adelante &ldquo;el       centro&rdquo;)<\/li>\n  <li>Domicilio a estos efectos en<strong>&nbsp;C\/. Azor 4, 28024 Madrid<\/strong><\/li>\n  <li>N\u00famero de C.I.F.:&nbsp;<strong>Q2868352B<\/strong><\/li>\n  <li>Correo electr\u00f3nico de contacto:&nbsp;<strong>cp.hermanospinzon.madrid@educa.madrid.org<\/strong><\/li>\n<\/ul>\n<h3>POL\u00cdTICA DE PRIVACIDAD<\/h3>\n<p>La Pol\u00edtica de Privacidad forma parte del Aviso Legal que rige la P\u00e1gina  Web: <a href=\"https:\/\/site.educa.madrid.org\/cp.hermanospinzon.madrid\">https:\/\/site.educa.madrid.org\/cp.hermanospinzon.madrid<\/a> junto con la  Normativa de Uso de Cookies.<br \/>\n  La p\u00e1gina Web <a href=\"https:\/\/site.educa.madrid.org\/cp.hermanospinzon.madrid\/\">https:\/\/site.educa.madrid.org\/cp.hermanospinzon.madrid\/<\/a>\u00a0 es titularidad de Colegio Hermanos Pinz\u00f3n y  cumple con los requisitos derivados de la Ley 34\/2002, de 11 de julio, de  Servicios de la Sociedad de la Informaci\u00f3n y de Comercio Electr\u00f3nico, y  normativa vigente relativa a la protecci\u00f3n de datos de car\u00e1cter personal y, en  particular, el Reglamento (UE) 2016\/679 del Parlamento Europeo y del Consejo,  de 27 de abril de 2016, relativo a la protecci\u00f3n de las personas f\u00edsicas en lo  que respecta al tratamiento de datos personales y a la libre circulaci\u00f3n de  estos datos<br \/>\n  CEIP Hermanos Pinz\u00f3n se reserva el derecho a modificar o adaptar la  presente Pol\u00edtica de Privacidad en todo momento. Por lo tanto, le recomendamos  que revise la misma cada vez que acceda a la P\u00e1gina Web. <\/p>\n<h3>RESPONSABLE  DEL TRATAMIENTO<\/h3>\n<p>Los datos que se recojan o nos facilites voluntariamente por  medio de la P\u00e1gina Web, ya sea por la navegaci\u00f3n en la misma, as\u00ed como todos  aquellos que nos puedas facilitar en los formularios de contacto, v\u00eda email o  por tel\u00e9fono, ser\u00e1n recabados y tratados por el Responsable del Fichero, cuyos  datos se indican a continuaci\u00f3n:<\/p>\n<ul>\n  <li><strong>Identidad:<\/strong>&nbsp;CEIP  Hermanos Pinz\u00f3n<\/li>\n  <li><strong>CIF:<\/strong>&nbsp;Q2868352B<\/li>\n  <li><strong>Direcci\u00f3n Postal:<\/strong>&nbsp;Calle  Azor 4, 28024 Madrid<\/li>\n  <li><strong>Tel\u00e9fono:<\/strong>&nbsp;915186040<\/li>\n  <li><strong>Correo contacto:<\/strong>&nbsp;cp.hermanospinzon.madrid@educa.madrid.org<\/li>\n<\/ul>\n<p>Si, por  cualquier motivo, quieres ponerte en contacto con nosotros en cualquier cuesti\u00f3n  relacionada con el tratamiento de sus datos personales o privacidad (con  nuestro Delegado de Protecci\u00f3n de Datos), puedes hacerlo a trav\u00e9s de cualquiera  de los medios indicados anteriormente.<\/p>\n<h3>\u00bfCu\u00e1les  son tus DERECHOS en relaci\u00f3n con el tratamiento de tus datos?<\/h3>\n<p>Cualquier persona tiene derecho a obtener informaci\u00f3n sobre la  existencia del tratamiento de sus datos personales, acceder a la informaci\u00f3n y  datos personales que Colegio Hermanos Pinz\u00f3n, tiene, solicitar la rectificaci\u00f3n  de los datos inexactos o, en su caso, solicitar la supresi\u00f3n, cuando, entre  otros motivos, los datos ya no sean necesarios para los fines para los que  fueron recogidos o el interesado retire el consentimiento que haya otorgado.<br \/>\n  En determinados supuestos, el interesado podr\u00e1 solicitar la  limitaci\u00f3n del tratamiento de sus datos, en cuyo caso, solo los conservaremos  de acuerdo con la normativa vigente.<br \/>\n  En algunos casos, puede ejercitar su derecho a la portabilidad  de los datos, que ser\u00e1n entregados en un formato adecuado, de uso com\u00fan o  lectura mec\u00e1nica a usted o el nuevo responsable del tratamiento que designe.<br \/>\n  Tiene derecho a revocar en cualquier momento el consentimiento  para cualquiera de los tratamientos para los que lo has otorgado.<br \/>\n  CEIP  Hermanos Pinz\u00f3n dispone de formularios para el ejercicio de cualquiera de los  citados derechos, para lo que deber\u00e1 ponerse en contacto con nosotros en la  siguiente direcci\u00f3n de correo  electr\u00f3nica&nbsp;secretaria.cp.hermanospinzon.madrid@educa.madrid.org&nbsp;,  solicitando el modelo que necesite. Del mismo modo, puedes utilizar los que la  Agencia Espa\u00f1ola de Protecci\u00f3n de Datos o terceros ponen a disposici\u00f3n de los  interesados.<br \/>\n  Estos formularios deber\u00e1n ir firmados electr\u00f3nicamente o ir  acompa\u00f1ados de fotocopia del DNI. Si se act\u00faa por medio de representante,  adem\u00e1s, deber\u00e1 ir acompa\u00f1ado de su copia de DNI o firma electr\u00f3nica.<br \/>\n  Los formularios deber\u00e1n ser presentados presencialmente en el  domicilio de CEIP Hermanos Pinz\u00f3n indicado anteriormente o, en su caso, enviado  por correo electr\u00f3nico.<br \/>\n  Tiene derecho a presentar una reclamaci\u00f3n ante la Agencia  Espa\u00f1ola de Protecci\u00f3n de Datos, en el supuesto de que consideres que no se ha  atendido convenientemente la solicitud de tus derechos.<br \/>\n  El plazo  m\u00e1ximo para resolver por CEIP Hermanos Pinz\u00f3n es de un mes, a contar desde la  efectiva recepci\u00f3n de tu solicitud por nuestra parte.<\/p>\n<h3>\u00bfQU\u00c9  DATOS RECOPILAMOS A TRAV\u00c9S DE LA P\u00c1GINA WEB?<<\/h3>\n<p><strong>Navegaci\u00f3n  y uso de la web<\/strong> <br \/>\n  Por el simple hecho de navegar en la P\u00e1gina Web, de CEIP  Hermanos Pinz\u00f3n, recopilar\u00e1 informaci\u00f3n referente a:<\/p>\n<ul>\n  <li>Direcci\u00f3n IP<\/li>\n  <li>Versi\u00f3n del navegador<\/li>\n  <li>Sistema operativo<\/li>\n  <li>Duraci\u00f3n de la visita o navegaci\u00f3n por la P\u00e1gina web<\/li>\n<\/ul>\n<p>Tal  informaci\u00f3n puede almacenarse mediante Google Analytics, por lo que nos  remitimos a la Pol\u00edtica de Privacidad de Google, ya que \u00e9ste recaba y trata tal  informaci\u00f3n.&nbsp;<a href=\"http:\/\/www.google.com\/intl\/en\/policies\/privacy\/\">http:\/\/www.google.com\/intl\/en\/policies\/privacy\/<\/a> <br \/>\n  Del mismo  modo, en la P\u00e1gina Web se puede facilitar la utilidad de Google Maps, la cual  podr\u00eda tener acceso a tu ubicaci\u00f3n, en el supuesto de que se lo permitas, con  el fin de facilitarte una mayor especificidad sobre la distancia y\/o caminos  nuestras sedes. A este respecto, nos remitimos a la Pol\u00edtica de Privacidad  utilizada por Google Maps, con el fin de conocer el uso y tratamiento de tales  datos&nbsp;<a href=\"http:\/\/www.google.com\/intl\/en\/policies\/privacy\/#_blank\">http:\/\/www.google.com\/intl\/en\/policies\/privacy\/<\/a> <br \/>\n  La informaci\u00f3n que nosotros manejamos no estar\u00e1 relacionada con  un usuario concreto y se almacenar\u00e1 en nuestras bases de datos, con la  finalidad de realizar an\u00e1lisis estad\u00edsticos, mejoras en la P\u00e1gina Web, sobre  nuestros productos y\/o servicios y nos ayudar\u00e1 a mejorar nuestra estrategia  comercial. Los datos no ser\u00e1n comunicados a terceros.  <\/p>\n<p><strong>Formulario  de contacto<\/strong> <br \/>\n  Pueden  ponerse en contacto directamente con nosotros a trav\u00e9s de correo-e,&nbsp;  &ldquo;Contacta con  Nosotros&rdquo;&nbsp;cp.hermanospinzon.madrid@educa.madrid.org&nbsp;&nbsp;, etc.  facilitados en la P\u00e1gina Web. Para ello, es necesario que el Usuario se  identifique e indique sus datos personales, con el fin de que Colegio Nuestra  Se\u00f1ora de la Consolaci\u00f3n Castell\u00f3n, pueda contactar con el usuario, en caso de  que sea necesario para atender su solicitud de informaci\u00f3n. Los datos  necesarios y obligatorios a facilitar por el usuario para llevar a cabo tal  registro, se encuentran marcados con el s\u00edmbolo *. En el caso de no facilitar  tales campos, no se permitir\u00e1 el env\u00edo de su petici\u00f3n.<br \/>\n  Tales datos personales ser\u00e1n incorporados a las bases de datos  de CEIP Hermanos Pinz\u00f3n, qui\u00e9n conservar\u00e1 los mismos para contestar a su  solicitud y\/o petici\u00f3n de informaci\u00f3n y, tras ello, ser\u00e1n eliminados en el  plazo de 2 a\u00f1os<br \/>\n  La base legal para el tratamiento de tales datos es el  consentimiento del usuario que solicita informaci\u00f3n, o tiene la necesidad de mantener  contacto con CEIP Hermanos Pinz\u00f3n.<br \/>\n  Las finalidades del tratamiento ser\u00e1n las siguientes:<\/p>\n<ul>\n  <li>a)  Gestionar las consultas o solicitudes de informaci\u00f3n que nos env\u00edes a trav\u00e9s de  la P\u00e1gina Web, correo electr\u00f3nico o tel\u00e9fono.<\/li>\n  <li>b) Env\u00edo  de comunicaciones, promociones especiales, noticias o acciones que resulten de  tu inter\u00e9s o nos solicites incluso por medios electr\u00f3nicos. Al tratarse de una  finalidad accesoria a la principal, deber\u00e1s marcar la casilla habilitada a tal  efecto.<\/li>\n<\/ul>\n<p>Los datos personales que nos facilites por este medio no ser\u00e1n  comunicados a terceros, siendo CEIP Hermanos Pinz\u00f3n quien d\u00e9, directamente  respuesta a este tipo de consultas.<\/p>\n<h3>LEGITIMACI\u00d3N PARA EL TRATAMIENTO DE SUS DATOS<\/h3>\n<p><em>Clientes<\/em>:<br \/>\n  La base legal para el tratamiento de sus datos es (i) la ejecuci\u00f3n de un  contrato y mantenimiento de la relaci\u00f3n contractual y (ii) su consentimiento  que se le solicita para la remisi\u00f3n de ofertas de productos y servicios a  trav\u00e9s de medios electr\u00f3nicos, sin que en ning\u00fan caso la retirada de este  consentimiento condicione la ejecuci\u00f3n del contrato.  <\/p>\n<p><em>Contactos de la web o del correo  electr\u00f3nico:<\/em> <br \/>\n  La base legal para el tratamiento de sus datos es (i) el consentimiento del  interesado.<br \/>\n  En aquellos casos donde para realizar una solicitud sea necesario  cumplimentar un formulario y hacer un &ldquo;click&rdquo; en el bot\u00f3n de enviar, la  realizaci\u00f3n del mismo implicar\u00e1 necesariamente que ha sido informado y ha  otorgado expresamente su consentimiento al contenido de la cl\u00e1usula anexada a  dicho formulario o aceptaci\u00f3n de la pol\u00edtica de privacidad.<br \/>\n  Todos nuestros formularios cuentan con una casilla de verificaci\u00f3n que es  necesario marcar para acceder a los servicios que se ofrecen.<br \/>\n  Las finalidades del tratamiento ser\u00e1n las siguientes:<\/p>\n<ul>\n  <li>a) Gestionar las consultas o solicitudes de informaci\u00f3n que nos env\u00edes a  trav\u00e9s de la P\u00e1gina Web, correo electr\u00f3nico o tel\u00e9fono.<\/li>\n  <li>b) Env\u00edo de comunicaciones, promociones especiales, noticias o acciones que  resulten de tu inter\u00e9s o nos solicites incluso por medios electr\u00f3nicos. Al  tratarse de una finalidad accesoria a la principal, deber\u00e1s marcar la casilla  habilitada a tal efecto.<\/li>\n<\/ul>\n<p>Los datos personales que nos facilites por este medio no ser\u00e1n comunicados  a terceros, siendo CEIP Hermanos Pinz\u00f3n quien d\u00e9, directamente respuesta a este  tipo de consultas.<\/p>\n<p><em>Contactos redes sociales:<\/em> <br \/>\n  La base legal para el tratamiento de sus datos es la aceptaci\u00f3n de la  relaci\u00f3n contractual con el proveedor de la red social correspondiente  manifestada al darse de alta en su aplicaci\u00f3n y conforme a sus pol\u00edticas de  privacidad, que es externa a nosotros.  <\/p>\n<p><strong>Usuarios de la web:<\/strong> <br \/>\n  La base legal para el tratamiento de los  datos es nuestro (i) inter\u00e9s leg\u00edtimo en conocer los modos de navegaci\u00f3n de  nuestros usuarios para adaptarnos a sus intereses y mejorar nuestra relaci\u00f3n  con ellos; as\u00ed como (ii) su consentimiento al navegar por nuestra web y aceptar  los t\u00e9rminos de uso de las cookies.&nbsp;<\/p>\n<h3>\u00bfA QU\u00c9 DESTINATARIOS SE COMUNICAR\u00c1N SUS  DATOS?<\/h3>\n<p>Sus datos no se ceder\u00e1n a terceros ajenos al servicio que prestamos, salvo  obligaci\u00f3n legal. En concreto se comunicar\u00e1n a la Agencia Estatal de la  Administraci\u00f3n Tributaria y a bancos y entidades financieras para el cobro del  servicio prestado o producto adquirido.<br \/>\nTambi\u00e9n podr\u00e1n ser comunicados sus datos  a nuestros proveedores de servicios cuando sea necesario para la ejecuci\u00f3n del  contrato. En estos casos, el encargado de tratamiento se ha comprometido por  contrato a emplear los datos s\u00f3lo para el fin que justifica el tratamiento y  mantener medidas de seguridad adecuadas.<\/p>\n<h3>\u00bfQU\u00c9 MEDIDAS DE SEGURIDAD APLICAMOS?<\/h3>\n<p>Puede estar tranquilo, hemos adoptado  medidas t\u00e9cnicas y organizativas adecuadas para garantizar la confidencialidad,  integridad y disponibilidad&nbsp; en el tratamiento de sus datos personales que  realizamos, en concreto aquellas que evitan la p\u00e9rdida, mal uso, alteraci\u00f3n,  acceso no autorizado y robo de los datos personales.<\/p>\n<h3>\u00bfCU\u00c1LES SON SUS DERECHOS CUANDO NOS FACILITA SUS DATOS?<\/h3>\n<p>Puede ejercer sus derechos de acceso, rectificaci\u00f3n, supresi\u00f3n,  portabilidad, limitaci\u00f3n u oposici\u00f3n al tratamiento de sus datos, incluido el  derecho a retirar su consentimiento prestado, conforme se detalla a  continuaci\u00f3n:<br \/>\n  <strong><u>Derecho  de acceso<\/u><\/strong><strong>:&nbsp;<\/strong>Puedes preguntarnos si estamos tratando sus datos y de qu\u00e9  manera.<br \/>\n  <strong><u>Derecho  de rectificaci\u00f3n<\/u><\/strong><strong>:&nbsp;<\/strong>Puedes pedirnos que actualicemos tus datos personales si son  incorrectos, y suprimirlos si as\u00ed lo deseas.<br \/>\n  <strong><u>Derecho  de limitaci\u00f3n del tratamient<\/u><\/strong><strong>o:&nbsp;<\/strong>En este caso \u00fanicamente  ser\u00e1n conservados por nosotros para el ejercicio o la defensa de reclamaciones.<br \/>\n  <strong><u>Derecho  de oposici\u00f3n<\/u><\/strong><strong>:&nbsp;<\/strong>Tras tu solicitud de oposici\u00f3n al tratamiento, dejaremos de  tratar los datos en la forma que indiques, salvo que por motivos leg\u00edtimos  imperiosos o el ejercicio o la defensa de posibles reclamaciones se tengan que  seguir tratando.<br \/>\n  <strong><u>Derecho  a la portabilidad de los datos<\/u><\/strong><strong>:&nbsp;<\/strong>En caso de que quieras que  tus datos sean tratados por otra empresa, te facilitaremos la portabilidad de  tus datos al nuevo responsable.<br \/>\n  <strong><u>Derecho  de supresi\u00f3n<\/u><\/strong><strong>:&nbsp;<\/strong>Puedes solicitar que eliminemos tus datos cuando ya no sean  necesarios para el tratamiento, retires tu consentimiento, sea un tratamiento  il\u00edcito o haya una obligaci\u00f3n legal de hacerlo. Analizaremos el supuesto y  aplicaremos la ley.<br \/>\n  Si  necesitas m\u00e1s informaci\u00f3n sobre qu\u00e9 derechos tienes reconocidos en la Ley y  c\u00f3mo ejercerlos, te recomendamos dirigirte a la&nbsp;<a href=\"https:\/\/www.aepd.es\/\">Agencia Espa\u00f1ola de Protecci\u00f3n de Datos<\/a>, que es la autoridad de  control en materia de protecci\u00f3n de datos.<br \/>\n  Puede dirigirse al Delegado de Protecci\u00f3n de Datos con car\u00e1cter  previo a la presentaci\u00f3n de una reclamaci\u00f3n contra el responsable del  tratamiento ante la AEPD.<br \/>\n  En el caso de que no te hayamos atendido el ejercicio de sus  derechos puedes presentar una reclamaci\u00f3n ante la Agencia Espa\u00f1ola de  Protecci\u00f3n de Datos.<br \/>\n  Disponemos de formularios para el ejercicio de derechos que  pueden ser solicitados al correo electr\u00f3nico citado m\u00e1s arriba; tambi\u00e9n puede  utilizar los elaborados por la Agencia Espa\u00f1ola de Protecci\u00f3n de Datos o los de  terceros. Estos formularios deber\u00e1n ir firmados electr\u00f3nicamente o ser acompa\u00f1ados  de fotocopia del DNI. Si se act\u00faa por medio de representante de la misma manera  deber\u00e1 ir acompa\u00f1ado de copia de su DNI o con firma electr\u00f3nica.<br \/>\n  Los formularios deber\u00e1n ser presentados presencialmente o  remitidos por correo postal o electr\u00f3nico en las direcciones que aparecen en el  apartado &ldquo;Responsable&rdquo;.<\/p>\n<h3> \u00bfPOR CU\u00c1NTO TIEMPO CONSERVAMOS SUS  DATOS?<\/h3>\n<p>Los datos personales ser\u00e1n mantenidos mientras mantenga la vinculaci\u00f3n con  nosotros.<br \/>\n  Al finalizar el mismo, los datos personales tratados en cada una de las  finalidades indicadas se mantendr\u00e1n durante los plazos legalmente previstos. En  caso de no existir ese plazo legal hasta que el interesado solicite su  supresi\u00f3n o revoque el consentimiento otorgado, o durante el plazo que un juez  o tribunal los pueda requerir atendiendo al plazo de prescripci\u00f3n de acciones  judiciales.<\/p>\n","protected":false},"excerpt":{"rendered":"<p>Empresa titular de dominio web es&nbsp;CEIP Hermanos Pinz\u00f3n&nbsp;(en adelante &ldquo;el centro&rdquo;) Domicilio a estos efectos en&nbsp;C\/. Azor 4, 28024 [&hellip;]<\/p>\n","protected":false},"author":1,"featured_media":0,"parent":0,"menu_order":0,"comment_status":"closed","ping_status":"open","template":"","meta":{"footnotes":""},"folder":[],"class_list":["post-3","page","type-page","status-publish","hentry"],"rttpg_featured_image_url":null,"rttpg_author":{"display_name":"jirafa20","author_link":"https:\/\/site.educa.madrid.org\/cp.hermanospinzon.madrid\/index.php\/author\/educa\/"},"rttpg_comment":0,"rttpg_category":false,"rttpg_excerpt":"Empresa titular de dominio web es&nbsp;CEIP Hermanos Pinz\u00f3n&nbsp;(en adelante &ldquo;el centro&rdquo;) Domicilio a estos efectos en&nbsp;C\/. Azor 4, 28024 [&hellip;]","post_mailing_queue_ids":[],"_links":{"self":[{"href":"https:\/\/site.educa.madrid.org\/cp.hermanospinzon.madrid\/index.php\/wp-json\/wp\/v2\/pages\/3","targetHints":{"allow":["GET"]}}],"collection":[{"href":"https:\/\/site.educa.madrid.org\/cp.hermanospinzon.madrid\/index.php\/wp-json\/wp\/v2\/pages"}],"about":[{"href":"https:\/\/site.educa.madrid.org\/cp.hermanospinzon.madrid\/index.php\/wp-json\/wp\/v2\/types\/page"}],"author":[{"embeddable":true,"href":"https:\/\/site.educa.madrid.org\/cp.hermanospinzon.madrid\/index.php\/wp-json\/wp\/v2\/users\/1"}],"replies":[{"embeddable":true,"href":"https:\/\/site.educa.madrid.org\/cp.hermanospinzon.madrid\/index.php\/wp-json\/wp\/v2\/comments?post=3"}],"version-history":[{"count":1,"href":"https:\/\/site.educa.madrid.org\/cp.hermanospinzon.madrid\/index.php\/wp-json\/wp\/v2\/pages\/3\/revisions"}],"predecessor-version":[{"id":466,"href":"https:\/\/site.educa.madrid.org\/cp.hermanospinzon.madrid\/index.php\/wp-json\/wp\/v2\/pages\/3\/revisions\/466"}],"wp:attachment":[{"href":"https:\/\/site.educa.madrid.org\/cp.hermanospinzon.madrid\/index.php\/wp-json\/wp\/v2\/media?parent=3"}],"wp:term":[{"taxonomy":"folder","embeddable":true,"href":"https:\/\/site.educa.madrid.org\/cp.hermanospinzon.madrid\/index.php\/wp-json\/wp\/v2\/folder?post=3"}],"curies":[{"name":"wp","href":"https:\/\/api.w.org\/{rel}","templated":true}]}}