{"id":355,"date":"2021-11-15T11:44:30","date_gmt":"2021-11-15T10:44:30","guid":{"rendered":"https:\/\/site.educa.madrid.org\/cp.hermanospinzon.madrid\/?page_id=355"},"modified":"2026-04-30T15:09:22","modified_gmt":"2026-04-30T13:09:22","slug":"comedor","status":"publish","type":"page","link":"https:\/\/site.educa.madrid.org\/cp.hermanospinzon.madrid\/index.php\/secretaria\/comedor\/","title":{"rendered":"Comedor"},"content":{"rendered":"\n<h3 class=\"wp-block-heading\">Horario de septiembre y junio:<\/h3>\n\n\n\n<p>El horario de comedor de este mes de septiembre ser\u00e1 de 13:00 a 15:00. No obstante, pueden pasar a recogerlos a partir de las 14:30.<\/p>\n\n\n\n<h3 class=\"wp-block-heading\">Horario octubre \u2013 mayo:<\/h3>\n\n\n\n<p>El horario ser\u00e1 de 14:00 a 16:00. No obstante, pueden pasar a recogerlos a partir de las 15:30.<\/p>\n\n\n\n<h3 class=\"wp-block-heading\">Solicitud:<\/h3>\n\n\n\n<p>Para hacer uso del comedor es imprescindible haber entregado en secretar\u00eda la solicitud de comedor, o haberla enviado por email al correo <em><a href=\"mailto:secretaria.cp.hermanospinzon.madrid@educa.madrid.org\" target=\"_blank\" rel=\"noreferrer noopener\">secretaria.cp.hermanospinzon.madrid@educa.madrid.org<\/a><\/em><\/p>\n\n\n\n<p>Tambi\u00e9n tienen que tener todos los pagos de comedor del curso pasado al corriente.<\/p>\n\n\n\n<p>Aquellos alumnos que no se hayan apuntado antes del 5 de septiembre no podr\u00e1n hacer uso del comedor la primera semana de septiembre.<\/p>\n\n\n\n<p>En caso de apuntarse una vez iniciado el curso, tendr\u00e1n que avisar con al menos dos d\u00edas de antelaci\u00f3n.<\/p>\n\n\n\n<div class=\"wp-block-file\"><a id=\"wp-block-file--media-505cec13-80d6-4e56-b5b6-05545d610f6b\" href=\"https:\/\/site.educa.madrid.org\/cp.hermanospinzon.madrid\/\/wp-content\/uploads\/cp.hermanospinzon.madrid\/2026\/01\/INFORMACION-COMEDOR-ESCOLAR-CURSO-25-26.pdf\" target=\"_blank\" rel=\"noreferrer noopener\">INFORMACI\u00d3N COMEDOR ESCOLAR CURSO 25-26<\/a><a href=\"https:\/\/site.educa.madrid.org\/cp.hermanospinzon.madrid\/\/wp-content\/uploads\/cp.hermanospinzon.madrid\/2026\/01\/INFORMACION-COMEDOR-ESCOLAR-CURSO-25-26.pdf\" class=\"wp-block-file__button wp-element-button\" download aria-describedby=\"wp-block-file--media-505cec13-80d6-4e56-b5b6-05545d610f6b\">Descarga<\/a><\/div>\n\n\n\n<div class=\"wp-block-file\"><a id=\"wp-block-file--media-49eeea37-27b6-4eb0-855b-745591d827b5\" href=\"https:\/\/site.educa.madrid.org\/cp.hermanospinzon.madrid\/\/wp-content\/uploads\/cp.hermanospinzon.madrid\/2026\/01\/SOLICITUD-PLAZA-COMEDOR.pdf\" target=\"_blank\" rel=\"noreferrer noopener\">SOLICITUD PLAZA COMEDOR<\/a><a href=\"https:\/\/site.educa.madrid.org\/cp.hermanospinzon.madrid\/\/wp-content\/uploads\/cp.hermanospinzon.madrid\/2026\/01\/SOLICITUD-PLAZA-COMEDOR.pdf\" class=\"wp-block-file__button wp-element-button\" download aria-describedby=\"wp-block-file--media-49eeea37-27b6-4eb0-855b-745591d827b5\">Descarga<\/a><\/div>\n\n\n\n<div class=\"wp-block-buttons is-layout-flex wp-block-buttons-is-layout-flex\">\n<div class=\"wp-block-button\"><a class=\"wp-block-button__link has-black-color has-pale-cyan-blue-background-color has-text-color has-background wp-element-button\" href=\"https:\/\/site.educa.madrid.org\/cp.hermanospinzon.madrid\/index.php\/secretaria\/beca-comedor\/\" style=\"border-radius:0px\">Ir a informaci\u00f3n Becas Comedor<\/a><\/div>\n<\/div>\n\n\n\n<div style=\"height:20px\" aria-hidden=\"true\" class=\"wp-block-spacer\"><\/div>\n\n\n<div class=\"wp-block-image\">\n<figure data-wp-context=\"{&quot;imageId&quot;:&quot;6a035dd6dea50&quot;}\" data-wp-interactive=\"core\/image\" data-wp-key=\"6a035dd6dea50\" class=\"aligncenter size-large wp-lightbox-container\"><img loading=\"lazy\" decoding=\"async\" width=\"819\" height=\"1024\" data-wp-class--hide=\"state.isContentHidden\" data-wp-class--show=\"state.isContentVisible\" data-wp-init=\"callbacks.setButtonStyles\" data-wp-on--click=\"actions.showLightbox\" data-wp-on--load=\"callbacks.setButtonStyles\" data-wp-on-window--resize=\"callbacks.setButtonStyles\" src=\"https:\/\/site.educa.madrid.org\/cp.hermanospinzon.madrid\/\/wp-content\/uploads\/cp.hermanospinzon.madrid\/2026\/03\/Cambios-menu-819x1024.jpg\" alt=\"\" class=\"wp-image-1774\" srcset=\"https:\/\/site.educa.madrid.org\/cp.hermanospinzon.madrid\/\/wp-content\/uploads\/cp.hermanospinzon.madrid\/2026\/03\/Cambios-menu-819x1024.jpg 819w, https:\/\/site.educa.madrid.org\/cp.hermanospinzon.madrid\/\/wp-content\/uploads\/cp.hermanospinzon.madrid\/2026\/03\/Cambios-menu-240x300.jpg 240w, https:\/\/site.educa.madrid.org\/cp.hermanospinzon.madrid\/\/wp-content\/uploads\/cp.hermanospinzon.madrid\/2026\/03\/Cambios-menu-768x960.jpg 768w, https:\/\/site.educa.madrid.org\/cp.hermanospinzon.madrid\/\/wp-content\/uploads\/cp.hermanospinzon.madrid\/2026\/03\/Cambios-menu.jpg 1080w\" sizes=\"auto, (max-width: 819px) 100vw, 819px\" \/><button\n\t\t\tclass=\"lightbox-trigger\"\n\t\t\ttype=\"button\"\n\t\t\taria-haspopup=\"dialog\"\n\t\t\taria-label=\"Enlarge\"\n\t\t\tdata-wp-init=\"callbacks.initTriggerButton\"\n\t\t\tdata-wp-on--click=\"actions.showLightbox\"\n\t\t\tdata-wp-style--right=\"state.imageButtonRight\"\n\t\t\tdata-wp-style--top=\"state.imageButtonTop\"\n\t\t>\n\t\t\t<svg xmlns=\"http:\/\/www.w3.org\/2000\/svg\" width=\"12\" height=\"12\" fill=\"none\" viewBox=\"0 0 12 12\">\n\t\t\t\t<path fill=\"#fff\" d=\"M2 0a2 2 0 0 0-2 2v2h1.5V2a.5.5 0 0 1 .5-.5h2V0H2Zm2 10.5H2a.5.5 0 0 1-.5-.5V8H0v2a2 2 0 0 0 2 2h2v-1.5ZM8 12v-1.5h2a.5.5 0 0 0 .5-.5V8H12v2a2 2 0 0 1-2 2H8Zm2-12a2 2 0 0 1 2 2v2h-1.5V2a.5.5 0 0 0-.5-.5H8V0h2Z\" \/>\n\t\t\t<\/svg>\n\t\t<\/button><\/figure>\n<\/div>\n\n\n<div style=\"height:30px\" aria-hidden=\"true\" class=\"wp-block-spacer\"><\/div>\n\n\n\n<h3 class=\"wp-block-heading\" id=\"menus\">MEN\u00daS:<\/h3>\n\n\n\n<div class=\"wp-block-file\"><a id=\"wp-block-file--media-24e14064-a2df-46d5-a9f1-ba05907a35d8\" href=\"https:\/\/site.educa.madrid.org\/cp.hermanospinzon.madrid\/\/wp-content\/uploads\/cp.hermanospinzon.madrid\/2026\/04\/2026-5_HERMANOS_PINZON_BASAL.pdf\" target=\"_blank\" rel=\"noreferrer noopener\">MEN\u00da MAYO 2026 &#8211; BASAL<\/a><a href=\"https:\/\/site.educa.madrid.org\/cp.hermanospinzon.madrid\/\/wp-content\/uploads\/cp.hermanospinzon.madrid\/2026\/04\/2026-5_HERMANOS_PINZON_BASAL.pdf\" class=\"wp-block-file__button wp-element-button\" download aria-describedby=\"wp-block-file--media-24e14064-a2df-46d5-a9f1-ba05907a35d8\">Descarga<\/a><\/div>\n\n\n\n<div class=\"wp-block-file\"><a id=\"wp-block-file--media-c49db2a0-57b9-4c94-9145-19d0e4da4ce3\" href=\"https:\/\/site.educa.madrid.org\/cp.hermanospinzon.madrid\/\/wp-content\/uploads\/cp.hermanospinzon.madrid\/2026\/04\/2026-5_HERMANOS_PINZON_HIPOCALORICO.pdf\" target=\"_blank\" rel=\"noreferrer noopener\">MEN\u00da MAYO 2026 &#8211; HIPOCAL\u00d3RICO<\/a><a href=\"https:\/\/site.educa.madrid.org\/cp.hermanospinzon.madrid\/\/wp-content\/uploads\/cp.hermanospinzon.madrid\/2026\/04\/2026-5_HERMANOS_PINZON_HIPOCALORICO.pdf\" class=\"wp-block-file__button wp-element-button\" download aria-describedby=\"wp-block-file--media-c49db2a0-57b9-4c94-9145-19d0e4da4ce3\">Descarga<\/a><\/div>\n\n\n\n<div class=\"wp-block-file\"><a id=\"wp-block-file--media-bc12a522-21c8-4f93-a858-9861e82672f9\" href=\"https:\/\/site.educa.madrid.org\/cp.hermanospinzon.madrid\/\/wp-content\/uploads\/cp.hermanospinzon.madrid\/2026\/04\/2026-5_HERMANOS_PINZON_SIN_CARNE.pdf\" target=\"_blank\" rel=\"noreferrer noopener\">MEN\u00da MAYO 2026 &#8211; SIN CARNE<\/a><a href=\"https:\/\/site.educa.madrid.org\/cp.hermanospinzon.madrid\/\/wp-content\/uploads\/cp.hermanospinzon.madrid\/2026\/04\/2026-5_HERMANOS_PINZON_SIN_CARNE.pdf\" class=\"wp-block-file__button wp-element-button\" download aria-describedby=\"wp-block-file--media-bc12a522-21c8-4f93-a858-9861e82672f9\">Descarga<\/a><\/div>\n\n\n\n<div class=\"wp-block-file\"><a id=\"wp-block-file--media-011ba063-aba5-4a13-8aa8-c240c5a78703\" href=\"https:\/\/site.educa.madrid.org\/cp.hermanospinzon.madrid\/\/wp-content\/uploads\/cp.hermanospinzon.madrid\/2026\/04\/2026-5_HERMANOS_PINZON_SIN_FRUTOS_SECOS.pdf\" target=\"_blank\" rel=\"noreferrer noopener\">MEN\u00da MAYO 2026 &#8211; SIN FRUTOS SECOS<\/a><a href=\"https:\/\/site.educa.madrid.org\/cp.hermanospinzon.madrid\/\/wp-content\/uploads\/cp.hermanospinzon.madrid\/2026\/04\/2026-5_HERMANOS_PINZON_SIN_FRUTOS_SECOS.pdf\" class=\"wp-block-file__button wp-element-button\" download aria-describedby=\"wp-block-file--media-011ba063-aba5-4a13-8aa8-c240c5a78703\">Descarga<\/a><\/div>\n\n\n\n<div class=\"wp-block-file\"><a id=\"wp-block-file--media-78462888-4f91-42e7-b58a-78ff338ded1a\" href=\"https:\/\/site.educa.madrid.org\/cp.hermanospinzon.madrid\/\/wp-content\/uploads\/cp.hermanospinzon.madrid\/2026\/04\/2026-5_HERMANOS_PINZON_SIN_LACTOSA__SIN_PLV.pdf\" target=\"_blank\" rel=\"noreferrer noopener\">MEN\u00da MAYO 2026 &#8211; SIN LACTOSA, SIN PLV<\/a><a href=\"https:\/\/site.educa.madrid.org\/cp.hermanospinzon.madrid\/\/wp-content\/uploads\/cp.hermanospinzon.madrid\/2026\/04\/2026-5_HERMANOS_PINZON_SIN_LACTOSA__SIN_PLV.pdf\" class=\"wp-block-file__button wp-element-button\" download aria-describedby=\"wp-block-file--media-78462888-4f91-42e7-b58a-78ff338ded1a\">Descarga<\/a><\/div>\n\n\n\n<div class=\"wp-block-file\"><a id=\"wp-block-file--media-78234cf6-9a93-4dea-9ab6-4e479685bf5a\" href=\"https:\/\/site.educa.madrid.org\/cp.hermanospinzon.madrid\/\/wp-content\/uploads\/cp.hermanospinzon.madrid\/2026\/04\/2026-5_HERMANOS_PINZON_SIN_LEGUMBRES.pdf\" target=\"_blank\" rel=\"noreferrer noopener\">MEN\u00da MAYO 2026 &#8211; SIN LEGUMBRES<\/a><a href=\"https:\/\/site.educa.madrid.org\/cp.hermanospinzon.madrid\/\/wp-content\/uploads\/cp.hermanospinzon.madrid\/2026\/04\/2026-5_HERMANOS_PINZON_SIN_LEGUMBRES.pdf\" class=\"wp-block-file__button wp-element-button\" download aria-describedby=\"wp-block-file--media-78234cf6-9a93-4dea-9ab6-4e479685bf5a\">Descarga<\/a><\/div>\n\n\n\n<div class=\"wp-block-file\"><a id=\"wp-block-file--media-228dd5bc-0677-4871-9a97-3d26409b169c\" href=\"https:\/\/site.educa.madrid.org\/cp.hermanospinzon.madrid\/\/wp-content\/uploads\/cp.hermanospinzon.madrid\/2026\/04\/2026-5_HERMANOS_PINZON_SIN_PESCADO.pdf\" target=\"_blank\" rel=\"noreferrer noopener\">MEN\u00da MAYO 2026 &#8211; SIN PESCADO<\/a><a href=\"https:\/\/site.educa.madrid.org\/cp.hermanospinzon.madrid\/\/wp-content\/uploads\/cp.hermanospinzon.madrid\/2026\/04\/2026-5_HERMANOS_PINZON_SIN_PESCADO.pdf\" class=\"wp-block-file__button wp-element-button\" download aria-describedby=\"wp-block-file--media-228dd5bc-0677-4871-9a97-3d26409b169c\">Descarga<\/a><\/div>\n\n\n\n<div style=\"height:20px\" aria-hidden=\"true\" class=\"wp-block-spacer\"><\/div>\n\n\n\n<div style=\"height:30px\" aria-hidden=\"true\" class=\"wp-block-spacer\"><\/div>\n\n\n<div class=\"wp-block-image\">\n<figure class=\"aligncenter size-large is-resized\"><img loading=\"lazy\" decoding=\"async\" width=\"900\" height=\"675\" src=\"https:\/\/site.educa.madrid.org\/cp.hermanospinzon.madrid\/\/wp-content\/uploads\/cp.hermanospinzon.madrid\/2021\/12\/Comedor.jpg\" alt=\"\" class=\"wp-image-485\" style=\"width:900px;height:675px\" srcset=\"https:\/\/site.educa.madrid.org\/cp.hermanospinzon.madrid\/\/wp-content\/uploads\/cp.hermanospinzon.madrid\/2021\/12\/Comedor.jpg 900w, https:\/\/site.educa.madrid.org\/cp.hermanospinzon.madrid\/\/wp-content\/uploads\/cp.hermanospinzon.madrid\/2021\/12\/Comedor-300x225.jpg 300w, https:\/\/site.educa.madrid.org\/cp.hermanospinzon.madrid\/\/wp-content\/uploads\/cp.hermanospinzon.madrid\/2021\/12\/Comedor-768x576.jpg 768w\" sizes=\"auto, (max-width: 900px) 100vw, 900px\" \/><\/figure>\n<\/div>","protected":false},"excerpt":{"rendered":"<p>Informaci\u00f3n relativa al comedor escolar del centro.<\/p>\n","protected":false},"author":2,"featured_media":0,"parent":183,"menu_order":0,"comment_status":"closed","ping_status":"closed","template":"","meta":{"footnotes":""},"folder":[],"class_list":["post-355","page","type-page","status-publish","hentry"],"rttpg_featured_image_url":null,"rttpg_author":{"display_name":"tic.cp.hermanospinzon.madrid","author_link":"https:\/\/site.educa.madrid.org\/cp.hermanospinzon.madrid\/index.php\/author\/cuenta_tic-cp-hermanospinzon-madrid\/"},"rttpg_comment":0,"rttpg_category":false,"rttpg_excerpt":"Informaci\u00f3n relativa al comedor escolar del centro.","post_mailing_queue_ids":[],"_links":{"self":[{"href":"https:\/\/site.educa.madrid.org\/cp.hermanospinzon.madrid\/index.php\/wp-json\/wp\/v2\/pages\/355","targetHints":{"allow":["GET"]}}],"collection":[{"href":"https:\/\/site.educa.madrid.org\/cp.hermanospinzon.madrid\/index.php\/wp-json\/wp\/v2\/pages"}],"about":[{"href":"https:\/\/site.educa.madrid.org\/cp.hermanospinzon.madrid\/index.php\/wp-json\/wp\/v2\/types\/page"}],"author":[{"embeddable":true,"href":"https:\/\/site.educa.madrid.org\/cp.hermanospinzon.madrid\/index.php\/wp-json\/wp\/v2\/users\/2"}],"replies":[{"embeddable":true,"href":"https:\/\/site.educa.madrid.org\/cp.hermanospinzon.madrid\/index.php\/wp-json\/wp\/v2\/comments?post=355"}],"version-history":[{"count":50,"href":"https:\/\/site.educa.madrid.org\/cp.hermanospinzon.madrid\/index.php\/wp-json\/wp\/v2\/pages\/355\/revisions"}],"predecessor-version":[{"id":1804,"href":"https:\/\/site.educa.madrid.org\/cp.hermanospinzon.madrid\/index.php\/wp-json\/wp\/v2\/pages\/355\/revisions\/1804"}],"up":[{"embeddable":true,"href":"https:\/\/site.educa.madrid.org\/cp.hermanospinzon.madrid\/index.php\/wp-json\/wp\/v2\/pages\/183"}],"wp:attachment":[{"href":"https:\/\/site.educa.madrid.org\/cp.hermanospinzon.madrid\/index.php\/wp-json\/wp\/v2\/media?parent=355"}],"wp:term":[{"taxonomy":"folder","embeddable":true,"href":"https:\/\/site.educa.madrid.org\/cp.hermanospinzon.madrid\/index.php\/wp-json\/wp\/v2\/folder?post=355"}],"curies":[{"name":"wp","href":"https:\/\/api.w.org\/{rel}","templated":true}]}}