{"id":379,"date":"2021-11-18T09:29:40","date_gmt":"2021-11-18T08:29:40","guid":{"rendered":"https:\/\/site.educa.madrid.org\/cp.hermanospinzon.madrid\/?page_id=379"},"modified":"2025-09-16T10:39:14","modified_gmt":"2025-09-16T08:39:14","slug":"personal-no-docente","status":"publish","type":"page","link":"https:\/\/site.educa.madrid.org\/cp.hermanospinzon.madrid\/index.php\/nuestro-centro\/personal-no-docente\/","title":{"rendered":"Personal no docente"},"content":{"rendered":"\n<p>Nuestro centro est\u00e1 formado por nuestros alumnos, profesores y otras muchas personas que nos acompa\u00f1an y ayudan todos los d\u00edas:<\/p>\n\n\n\n<ul class=\"wp-block-list\">\n<li>Conserje Azor: Pilar.<\/li>\n\n\n\n<li>Conserje Calam\u00f3n: Mois\u00e9s.<\/li>\n\n\n\n<li>Encargado de Conserjes: Armando.<\/li>\n\n\n\n<li>Administrativa: Lola.<\/li>\n\n\n\n<li>Personal de limpieza: Filo, Jessi, Yoli y Javi.<\/li>\n<\/ul>\n","protected":false},"excerpt":{"rendered":"<p>Personas que nos acompa\u00f1an y ayudan todos los d\u00edas.<\/p>\n","protected":false},"author":2,"featured_media":0,"parent":115,"menu_order":4,"comment_status":"closed","ping_status":"closed","template":"","meta":{"footnotes":""},"folder":[],"class_list":["post-379","page","type-page","status-publish","hentry"],"rttpg_featured_image_url":null,"rttpg_author":{"display_name":"tic.cp.hermanospinzon.madrid","author_link":"https:\/\/site.educa.madrid.org\/cp.hermanospinzon.madrid\/index.php\/author\/cuenta_tic-cp-hermanospinzon-madrid\/"},"rttpg_comment":0,"rttpg_category":false,"rttpg_excerpt":"Personas que nos acompa\u00f1an y ayudan todos los d\u00edas.","post_mailing_queue_ids":[],"_links":{"self":[{"href":"https:\/\/site.educa.madrid.org\/cp.hermanospinzon.madrid\/index.php\/wp-json\/wp\/v2\/pages\/379","targetHints":{"allow":["GET"]}}],"collection":[{"href":"https:\/\/site.educa.madrid.org\/cp.hermanospinzon.madrid\/index.php\/wp-json\/wp\/v2\/pages"}],"about":[{"href":"https:\/\/site.educa.madrid.org\/cp.hermanospinzon.madrid\/index.php\/wp-json\/wp\/v2\/types\/page"}],"author":[{"embeddable":true,"href":"https:\/\/site.educa.madrid.org\/cp.hermanospinzon.madrid\/index.php\/wp-json\/wp\/v2\/users\/2"}],"replies":[{"embeddable":true,"href":"https:\/\/site.educa.madrid.org\/cp.hermanospinzon.madrid\/index.php\/wp-json\/wp\/v2\/comments?post=379"}],"version-history":[{"count":5,"href":"https:\/\/site.educa.madrid.org\/cp.hermanospinzon.madrid\/index.php\/wp-json\/wp\/v2\/pages\/379\/revisions"}],"predecessor-version":[{"id":1501,"href":"https:\/\/site.educa.madrid.org\/cp.hermanospinzon.madrid\/index.php\/wp-json\/wp\/v2\/pages\/379\/revisions\/1501"}],"up":[{"embeddable":true,"href":"https:\/\/site.educa.madrid.org\/cp.hermanospinzon.madrid\/index.php\/wp-json\/wp\/v2\/pages\/115"}],"wp:attachment":[{"href":"https:\/\/site.educa.madrid.org\/cp.hermanospinzon.madrid\/index.php\/wp-json\/wp\/v2\/media?parent=379"}],"wp:term":[{"taxonomy":"folder","embeddable":true,"href":"https:\/\/site.educa.madrid.org\/cp.hermanospinzon.madrid\/index.php\/wp-json\/wp\/v2\/folder?post=379"}],"curies":[{"name":"wp","href":"https:\/\/api.w.org\/{rel}","templated":true}]}}