{"id":385,"date":"2021-11-18T09:37:52","date_gmt":"2021-11-18T08:37:52","guid":{"rendered":"https:\/\/site.educa.madrid.org\/cp.hermanospinzon.madrid\/?page_id=385"},"modified":"2025-10-27T10:28:25","modified_gmt":"2025-10-27T09:28:25","slug":"servicios-complementarios","status":"publish","type":"page","link":"https:\/\/site.educa.madrid.org\/cp.hermanospinzon.madrid\/index.php\/proyecto-educativo\/servicios-complementarios\/","title":{"rendered":"Servicios complementarios"},"content":{"rendered":"\n<h2 class=\"wp-block-heading\">Comedor<\/h2>\n\n\n\n<p><a href=\"https:\/\/site.educa.madrid.org\/cp.hermanospinzon.madrid\/index.php\/secretaria\/comedor\/\">M\u00e1s informaci\u00f3n en Secretar\u00eda \/ Comedor.<\/a><\/p>\n\n\n\n<div style=\"height:20px\" aria-hidden=\"true\" class=\"wp-block-spacer\"><\/div>\n\n\n\n<h2 class=\"wp-block-heading\">Primeros del cole<\/h2>\n\n\n\n<p>El colegio ofrece plazas de permanencia desde las 7:30 de la ma\u00f1ana hasta las 9:00 para aquellas familias que tienen que ir a trabajar pronto (previa inscripci\u00f3n).<\/p>\n\n\n\n<p>PREVIA INSCRIPCI\u00d3N PRESENCIAL EN SECRETAR\u00cdA.<\/p>\n\n\n\n<div style=\"height:20px\" aria-hidden=\"true\" class=\"wp-block-spacer\"><\/div>\n\n\n\n<h2 class=\"wp-block-heading\">Tardes del cole<\/h2>\n\n\n\n<p>En septiembre y junio tenemos jornada reducida: el comedor es de 13h a 15h. En el colegio ofrecemos un servicio de permanencia gratuito (previa inscripci\u00f3n) de 15h a 16h.<\/p>\n\n\n\n<p>PREVIA INSCRIPCI\u00d3N PRESENCIAL EN SECRETAR\u00cdA.<\/p>\n","protected":false},"excerpt":{"rendered":"<p>M\u00e1s servicios que ofrecemos en el Centro: Comedor, Primeros del cole y Tardes del cole.<\/p>\n","protected":false},"author":2,"featured_media":0,"parent":134,"menu_order":10,"comment_status":"closed","ping_status":"closed","template":"","meta":{"footnotes":""},"folder":[],"class_list":["post-385","page","type-page","status-publish","hentry"],"rttpg_featured_image_url":null,"rttpg_author":{"display_name":"tic.cp.hermanospinzon.madrid","author_link":"https:\/\/site.educa.madrid.org\/cp.hermanospinzon.madrid\/index.php\/author\/cuenta_tic-cp-hermanospinzon-madrid\/"},"rttpg_comment":0,"rttpg_category":false,"rttpg_excerpt":"M\u00e1s servicios que ofrecemos en el Centro: Comedor, Primeros del cole y Tardes del cole.","post_mailing_queue_ids":[],"_links":{"self":[{"href":"https:\/\/site.educa.madrid.org\/cp.hermanospinzon.madrid\/index.php\/wp-json\/wp\/v2\/pages\/385","targetHints":{"allow":["GET"]}}],"collection":[{"href":"https:\/\/site.educa.madrid.org\/cp.hermanospinzon.madrid\/index.php\/wp-json\/wp\/v2\/pages"}],"about":[{"href":"https:\/\/site.educa.madrid.org\/cp.hermanospinzon.madrid\/index.php\/wp-json\/wp\/v2\/types\/page"}],"author":[{"embeddable":true,"href":"https:\/\/site.educa.madrid.org\/cp.hermanospinzon.madrid\/index.php\/wp-json\/wp\/v2\/users\/2"}],"replies":[{"embeddable":true,"href":"https:\/\/site.educa.madrid.org\/cp.hermanospinzon.madrid\/index.php\/wp-json\/wp\/v2\/comments?post=385"}],"version-history":[{"count":5,"href":"https:\/\/site.educa.madrid.org\/cp.hermanospinzon.madrid\/index.php\/wp-json\/wp\/v2\/pages\/385\/revisions"}],"predecessor-version":[{"id":1530,"href":"https:\/\/site.educa.madrid.org\/cp.hermanospinzon.madrid\/index.php\/wp-json\/wp\/v2\/pages\/385\/revisions\/1530"}],"up":[{"embeddable":true,"href":"https:\/\/site.educa.madrid.org\/cp.hermanospinzon.madrid\/index.php\/wp-json\/wp\/v2\/pages\/134"}],"wp:attachment":[{"href":"https:\/\/site.educa.madrid.org\/cp.hermanospinzon.madrid\/index.php\/wp-json\/wp\/v2\/media?parent=385"}],"wp:term":[{"taxonomy":"folder","embeddable":true,"href":"https:\/\/site.educa.madrid.org\/cp.hermanospinzon.madrid\/index.php\/wp-json\/wp\/v2\/folder?post=385"}],"curies":[{"name":"wp","href":"https:\/\/api.w.org\/{rel}","templated":true}]}}