{"id":393,"date":"2021-11-18T09:42:52","date_gmt":"2021-11-18T08:42:52","guid":{"rendered":"https:\/\/site.educa.madrid.org\/cp.hermanospinzon.madrid\/?page_id=393"},"modified":"2021-11-18T09:43:41","modified_gmt":"2021-11-18T08:43:41","slug":"escuela-de-familias","status":"publish","type":"page","link":"https:\/\/site.educa.madrid.org\/cp.hermanospinzon.madrid\/index.php\/comunidad-educativa\/escuela-de-familias\/","title":{"rendered":"Escuela de familias"},"content":{"rendered":"<p>En el curso 2020\/2021 naci\u00f3 la Escuela de Familias,  un espacio creado por un grupo de maestras del centro, cuyo objetivo es  aprender junto a las familias y debatir sobre aspectos relacionados con la  educaci\u00f3n de sus hijos e hijas, nuestro alumnado.<\/p>\n<p>En estas  sesiones hablamos de aspectos tan relevantes como: las redes  sociales, promover h\u00e1bitos saludables, entender y aprender a  gestionar las emociones, t\u00e9cnicas de estudio&#8230; y todos aquellos que puedan ir  surgiendo.<\/p>\n<p>Pod\u00e9is  poneros en contacto con nosotras en el siguiente correo: <a href=\"mailto:escueladefamiliashp@gmail.com\">escueladefamiliashp@gmail.com<\/a><br \/>\n\u00a1Nos encantar\u00e1 que  os un\u00e1is a esta peque\u00f1a gran familia! \u00a1Ten\u00e9is mucho que decir y aportar!<\/p>\n","protected":false},"excerpt":{"rendered":"<p>Aprender junto a las familias y debatir sobre aspectos relacionados con la  educaci\u00f3n de sus hijos e hijas, nuestro alumnado.<\/p>\n","protected":false},"author":2,"featured_media":0,"parent":391,"menu_order":1,"comment_status":"closed","ping_status":"closed","template":"","meta":{"footnotes":""},"folder":[],"class_list":["post-393","page","type-page","status-publish","hentry"],"rttpg_featured_image_url":null,"rttpg_author":{"display_name":"tic.cp.hermanospinzon.madrid","author_link":"https:\/\/site.educa.madrid.org\/cp.hermanospinzon.madrid\/index.php\/author\/cuenta_tic-cp-hermanospinzon-madrid\/"},"rttpg_comment":0,"rttpg_category":false,"rttpg_excerpt":"Aprender junto a las familias y debatir sobre aspectos relacionados con la educaci\u00f3n de sus hijos e hijas, nuestro alumnado.","post_mailing_queue_ids":[],"_links":{"self":[{"href":"https:\/\/site.educa.madrid.org\/cp.hermanospinzon.madrid\/index.php\/wp-json\/wp\/v2\/pages\/393","targetHints":{"allow":["GET"]}}],"collection":[{"href":"https:\/\/site.educa.madrid.org\/cp.hermanospinzon.madrid\/index.php\/wp-json\/wp\/v2\/pages"}],"about":[{"href":"https:\/\/site.educa.madrid.org\/cp.hermanospinzon.madrid\/index.php\/wp-json\/wp\/v2\/types\/page"}],"author":[{"embeddable":true,"href":"https:\/\/site.educa.madrid.org\/cp.hermanospinzon.madrid\/index.php\/wp-json\/wp\/v2\/users\/2"}],"replies":[{"embeddable":true,"href":"https:\/\/site.educa.madrid.org\/cp.hermanospinzon.madrid\/index.php\/wp-json\/wp\/v2\/comments?post=393"}],"version-history":[{"count":2,"href":"https:\/\/site.educa.madrid.org\/cp.hermanospinzon.madrid\/index.php\/wp-json\/wp\/v2\/pages\/393\/revisions"}],"predecessor-version":[{"id":395,"href":"https:\/\/site.educa.madrid.org\/cp.hermanospinzon.madrid\/index.php\/wp-json\/wp\/v2\/pages\/393\/revisions\/395"}],"up":[{"embeddable":true,"href":"https:\/\/site.educa.madrid.org\/cp.hermanospinzon.madrid\/index.php\/wp-json\/wp\/v2\/pages\/391"}],"wp:attachment":[{"href":"https:\/\/site.educa.madrid.org\/cp.hermanospinzon.madrid\/index.php\/wp-json\/wp\/v2\/media?parent=393"}],"wp:term":[{"taxonomy":"folder","embeddable":true,"href":"https:\/\/site.educa.madrid.org\/cp.hermanospinzon.madrid\/index.php\/wp-json\/wp\/v2\/folder?post=393"}],"curies":[{"name":"wp","href":"https:\/\/api.w.org\/{rel}","templated":true}]}}