{"id":579,"date":"2022-03-09T10:57:51","date_gmt":"2022-03-09T09:57:51","guid":{"rendered":"https:\/\/site.educa.madrid.org\/cp.hermanospinzon.madrid\/?page_id=579"},"modified":"2025-02-13T11:06:49","modified_gmt":"2025-02-13T10:06:49","slug":"proyecto-proa","status":"publish","type":"page","link":"https:\/\/site.educa.madrid.org\/cp.hermanospinzon.madrid\/index.php\/proyecto-educativo\/proyecto-proa\/","title":{"rendered":"Proyecto PROA+"},"content":{"rendered":"\n<h3 class=\"wp-block-heading\"><strong>\u00bfQu\u00e9 es Proa+?<\/strong><\/h3>\n\n\n\n<p>El Programa de Cooperaci\u00f3n Territorial para la Orientaci\u00f3n, Avance y Enriquecimiento Educativo en centros de especial complejidad educativa (PROA+ FSE+) es un programa cofinanciado por el Ministerio de Educaci\u00f3n, Formaci\u00f3n Profesional y Deportes y la Uni\u00f3n Europea (Fondo Social Europeo Plus).<\/p>\n\n\n\n<p>Su finalidad es apoyar el \u00e9xito educativo del alumnado mediante la aportaci\u00f3n de recursos y formaci\u00f3n a los centros con mayores dificultades.<\/p>\n\n\n\n<h3 class=\"wp-block-heading\"><strong>\u00bfC\u00f3mo ayuda este proyecto a nuestro centro?<\/strong><\/h3>\n\n\n\n<p>Nuestro centro tiene implantadas varias actividades palanca:<\/p>\n\n\n\n<p>AP230: Actividades de refuerzo para la mejora y \u00e9xito educativo para alumnado y familias.<\/p>\n\n\n\n<p>AP231: La biblioteca escolar como espacio de aprendizaje compartido<\/p>\n\n\n\n<p>AP307: Tod@s aprendemos con y desde la diversidad.<\/p>\n\n\n\n<p>Gracias a la implantaci\u00f3n de estas actividades palanca, este curso, tenemos:<\/p>\n\n\n\n<ul class=\"wp-block-list\">\n<li>Biblioteca abierta en horario de 16:00h a 18:00h<\/li>\n\n\n\n<li>Maestra de apoyo en horario lectivo<\/li>\n\n\n\n<li>Coordinadora de Grupos Interactivos<\/li>\n\n\n\n<li>Maestra dinamizadora de planes de centro: recreos alternativos, Comit\u00e9 medioambiental, huerto escolar, etc.<\/li>\n<\/ul>\n\n\n<div class=\"wp-block-image\">\n<figure class=\"aligncenter size-large\"><img loading=\"lazy\" decoding=\"async\" width=\"1024\" height=\"81\" src=\"https:\/\/site.educa.madrid.org\/cp.hermanospinzon.madrid\/\/wp-content\/uploads\/cp.hermanospinzon.madrid\/2025\/02\/logos-oficiales-1024x81.png\" alt=\"\" class=\"wp-image-1352\" srcset=\"https:\/\/site.educa.madrid.org\/cp.hermanospinzon.madrid\/\/wp-content\/uploads\/cp.hermanospinzon.madrid\/2025\/02\/logos-oficiales-1024x81.png 1024w, https:\/\/site.educa.madrid.org\/cp.hermanospinzon.madrid\/\/wp-content\/uploads\/cp.hermanospinzon.madrid\/2025\/02\/logos-oficiales-300x24.png 300w, https:\/\/site.educa.madrid.org\/cp.hermanospinzon.madrid\/\/wp-content\/uploads\/cp.hermanospinzon.madrid\/2025\/02\/logos-oficiales-768x61.png 768w, https:\/\/site.educa.madrid.org\/cp.hermanospinzon.madrid\/\/wp-content\/uploads\/cp.hermanospinzon.madrid\/2025\/02\/logos-oficiales.png 1347w\" sizes=\"auto, (max-width: 1024px) 100vw, 1024px\" \/><\/figure>\n<\/div>","protected":false},"excerpt":{"rendered":"<p>Programa de orientaci\u00f3n, avance y enriquecimiento educativo financiado por el Ministerio de Educaci\u00f3n y Formaci\u00f3n Profesional y la Uni\u00f3n Europea en el marco del mecanismo de Recuperaci\u00f3n, Transformaci\u00f3n y Resiliencia.<\/p>\n","protected":false},"author":2,"featured_media":0,"parent":134,"menu_order":0,"comment_status":"closed","ping_status":"closed","template":"","meta":{"footnotes":""},"folder":[],"class_list":["post-579","page","type-page","status-publish","hentry"],"rttpg_featured_image_url":null,"rttpg_author":{"display_name":"tic.cp.hermanospinzon.madrid","author_link":"https:\/\/site.educa.madrid.org\/cp.hermanospinzon.madrid\/index.php\/author\/cuenta_tic-cp-hermanospinzon-madrid\/"},"rttpg_comment":0,"rttpg_category":false,"rttpg_excerpt":"Programa de orientaci\u00f3n, avance y enriquecimiento educativo financiado por el Ministerio de Educaci\u00f3n y Formaci\u00f3n Profesional y la Uni\u00f3n Europea en el marco del mecanismo de Recuperaci\u00f3n, Transformaci\u00f3n y Resiliencia.","post_mailing_queue_ids":[],"_links":{"self":[{"href":"https:\/\/site.educa.madrid.org\/cp.hermanospinzon.madrid\/index.php\/wp-json\/wp\/v2\/pages\/579","targetHints":{"allow":["GET"]}}],"collection":[{"href":"https:\/\/site.educa.madrid.org\/cp.hermanospinzon.madrid\/index.php\/wp-json\/wp\/v2\/pages"}],"about":[{"href":"https:\/\/site.educa.madrid.org\/cp.hermanospinzon.madrid\/index.php\/wp-json\/wp\/v2\/types\/page"}],"author":[{"embeddable":true,"href":"https:\/\/site.educa.madrid.org\/cp.hermanospinzon.madrid\/index.php\/wp-json\/wp\/v2\/users\/2"}],"replies":[{"embeddable":true,"href":"https:\/\/site.educa.madrid.org\/cp.hermanospinzon.madrid\/index.php\/wp-json\/wp\/v2\/comments?post=579"}],"version-history":[{"count":6,"href":"https:\/\/site.educa.madrid.org\/cp.hermanospinzon.madrid\/index.php\/wp-json\/wp\/v2\/pages\/579\/revisions"}],"predecessor-version":[{"id":1353,"href":"https:\/\/site.educa.madrid.org\/cp.hermanospinzon.madrid\/index.php\/wp-json\/wp\/v2\/pages\/579\/revisions\/1353"}],"up":[{"embeddable":true,"href":"https:\/\/site.educa.madrid.org\/cp.hermanospinzon.madrid\/index.php\/wp-json\/wp\/v2\/pages\/134"}],"wp:attachment":[{"href":"https:\/\/site.educa.madrid.org\/cp.hermanospinzon.madrid\/index.php\/wp-json\/wp\/v2\/media?parent=579"}],"wp:term":[{"taxonomy":"folder","embeddable":true,"href":"https:\/\/site.educa.madrid.org\/cp.hermanospinzon.madrid\/index.php\/wp-json\/wp\/v2\/folder?post=579"}],"curies":[{"name":"wp","href":"https:\/\/api.w.org\/{rel}","templated":true}]}}