{"id":756,"date":"2022-11-17T15:37:51","date_gmt":"2022-11-17T14:37:51","guid":{"rendered":"https:\/\/site.educa.madrid.org\/cp.hermanospinzon.madrid\/?page_id=756"},"modified":"2026-03-05T17:32:23","modified_gmt":"2026-03-05T16:32:23","slug":"grupos-interactivos","status":"publish","type":"page","link":"https:\/\/site.educa.madrid.org\/cp.hermanospinzon.madrid\/index.php\/proyecto-educativo\/actuaciones-educativas-de-exito\/grupos-interactivos\/","title":{"rendered":"Grupos interactivos"},"content":{"rendered":"\n<figure class=\"wp-block-embed aligncenter is-type-wp-embed is-provider-canva wp-block-embed-canva\"><div class=\"wp-block-embed__wrapper\">\n<iframe loading=\"lazy\" class=\"wp-embedded-content\" sandbox=\"allow-scripts\" security=\"restricted\" title=\"GRUPOS INTERACTIVOS\" src=\"https:\/\/www.canva.com\/design\/DAFSBMAYwcI\/view?embed&#038;meta#?secret=Uk2r7GQqjT\" data-secret=\"Uk2r7GQqjT\" height=\"360\" width=\"640\"><\/iframe>\n<\/div><\/figure>\n\n\n\n<p>Estimadas familias:<\/p>\n\n\n\n<p>En los pr\u00f3ximos meses vamos a comenzar con \u201cgrupos interactivos\u201d: una actividad en el aula en la que familias y miembros de la Comunidad Educativa podr\u00e1n entrar en clase, participar en las actividades y colaborar activamente con el profesor y los alumnos.<\/p>\n\n\n\n<p><strong>Necesitamos voluntarios que pudieran acudir a participar en dichos grupos interactivos.<\/strong> Las actividades se realizar\u00e1n durante el tiempo de clase (de 9:00 a 14:00) y se podr\u00e1 adaptar el horario a la disponibilidad que tengan los voluntarios. Aunque solo tengan disponibilidad un d\u00eda a la semana, no duden en presentarse voluntarios.<\/p>\n\n\n\n<p>No se necesita tener ning\u00fan conocimiento previo (ni siquiera hace falta saber castellano), solo se necesitan ganas de participar. \u00a1Todos podemos aportar nuestro granito de arena en el colegio!<\/p>\n\n\n\n<p>Si est\u00e1is interesados en participar, escribid al correo <a href=\"mailto:cp.hermanospinzon.madrid@educa.madrid.org\" target=\"_blank\" rel=\"noreferrer noopener\">cp.hermanospinzon.madrid@educa.madrid.org<\/a> y os llamaremos para contaros la experiencia.<\/p>\n\n\n\n<p>Esperamos que esta oportunidad os ilusione tanto como a nosotros.<\/p>\n\n\n\n<p>Nos vemos en las clases.<br>LA DIRECCI\u00d3N<\/p>\n\n\n\n<p><strong>\u00bfQu\u00e9 son los grupos interactivos?<\/strong><\/p>\n\n\n\n<p>En esta actividad, las familias entran en clase y ayudan a los alumnos a participar, hablar entre ellos y trabajar juntos. El profesor es el encargado de explicar: la familia no tiene que explicar ni tener ning\u00fan conocimiento espec\u00edfico, solo ganas de participar con los ni\u00f1os\/as y estar en clase. Todos los miembros de la Comunidad Educativa son bienvenidos. En ning\u00fan momento os quedar\u00e9is solos en clase: siempre hay un profesor responsable dentro de la clase.<\/p>\n\n\n\n<p><strong>\u00bfCu\u00e1ndo y a qu\u00e9 hora?<\/strong><\/p>\n\n\n\n<p>Mensualmente publicaremos la programaci\u00f3n de grupos interactivos para poder participar en ellos.<\/p>\n\n\n\n<p>El horario aproximado es de 9:00h a 11:00h.<\/p>\n\n\n\n<p><strong>\u00bfC\u00f3mo me apunto?<\/strong><\/p>\n\n\n\n<p>Para acudir cualquier d\u00eda, escribe un correo electr\u00f3nico a <a rel=\"noreferrer noopener\" href=\"mailto:aee.cp.hermanospinzon.madrid@educa.madrid.org\" target=\"_blank\">aee.cp.hermanospinzon.madrid@educa.madrid.org<\/a> y confirmaremos tu cita.&nbsp;<\/p>\n\n\n\n<div class=\"wp-block-file\"><a id=\"wp-block-file--media-85090d50-e1c8-45b4-8246-59a15d624ad7\" href=\"https:\/\/site.educa.madrid.org\/cp.hermanospinzon.madrid\/\/wp-content\/uploads\/cp.hermanospinzon.madrid\/2022\/11\/CARTEL-GRUPOS-INTERACTIVOS.pdf\" target=\"_blank\" rel=\"noreferrer noopener\">CARTEL GRUPOS INTERACTIVOS<\/a><a href=\"https:\/\/site.educa.madrid.org\/cp.hermanospinzon.madrid\/\/wp-content\/uploads\/cp.hermanospinzon.madrid\/2022\/11\/CARTEL-GRUPOS-INTERACTIVOS.pdf\" class=\"wp-block-file__button wp-element-button\" download aria-describedby=\"wp-block-file--media-85090d50-e1c8-45b4-8246-59a15d624ad7\">Descarga<\/a><\/div>\n\n\n\n<div class=\"wp-block-file\"><a id=\"wp-block-file--media-f9cfeea9-5a79-4456-80e1-e1bd720128e0\" href=\"https:\/\/site.educa.madrid.org\/cp.hermanospinzon.madrid\/\/wp-content\/uploads\/cp.hermanospinzon.madrid\/2022\/11\/GRUPOS-INTERACTIVOS_compressed.pdf\" target=\"_blank\" rel=\"noreferrer noopener\">GRUPOS INTERACTIVOS Presentaci\u00f3n<\/a><a href=\"https:\/\/site.educa.madrid.org\/cp.hermanospinzon.madrid\/\/wp-content\/uploads\/cp.hermanospinzon.madrid\/2022\/11\/GRUPOS-INTERACTIVOS_compressed.pdf\" class=\"wp-block-file__button wp-element-button\" download aria-describedby=\"wp-block-file--media-f9cfeea9-5a79-4456-80e1-e1bd720128e0\">Descarga<\/a><\/div>\n\n\n\n<div style=\"height:30px\" aria-hidden=\"true\" class=\"wp-block-spacer\"><\/div>\n\n\n\n<div data-wp-interactive=\"core\/file\" class=\"wp-block-file\"><object data-wp-bind--hidden=\"!state.hasPdfPreview\" hidden class=\"wp-block-file__embed\" data=\"https:\/\/site.educa.madrid.org\/cp.hermanospinzon.madrid\/\/wp-content\/uploads\/cp.hermanospinzon.madrid\/2026\/03\/Grupos-Interactivos-marzo.pdf\" type=\"application\/pdf\" style=\"width:100%;height:600px\" aria-label=\"Incrustado de Grupos Interactivos marzo.\"><\/object><a id=\"wp-block-file--media-6d9d286c-4280-4886-ad80-eea2970a800e\" href=\"https:\/\/site.educa.madrid.org\/cp.hermanospinzon.madrid\/\/wp-content\/uploads\/cp.hermanospinzon.madrid\/2026\/03\/Grupos-Interactivos-marzo.pdf\" target=\"_blank\" rel=\"noreferrer noopener\">Grupos Interactivos marzo<\/a><a href=\"https:\/\/site.educa.madrid.org\/cp.hermanospinzon.madrid\/\/wp-content\/uploads\/cp.hermanospinzon.madrid\/2026\/03\/Grupos-Interactivos-marzo.pdf\" class=\"wp-block-file__button wp-element-button\" download aria-describedby=\"wp-block-file--media-6d9d286c-4280-4886-ad80-eea2970a800e\">Descarga<\/a><\/div>\n","protected":false},"excerpt":{"rendered":"<p>Estimadas familias: En los pr\u00f3ximos meses vamos a comenzar con \u201cgrupos interactivos\u201d: una actividad en el aula en la [&hellip;]<\/p>\n","protected":false},"author":2,"featured_media":0,"parent":276,"menu_order":0,"comment_status":"closed","ping_status":"closed","template":"","meta":{"footnotes":""},"folder":[],"class_list":["post-756","page","type-page","status-publish","hentry"],"rttpg_featured_image_url":null,"rttpg_author":{"display_name":"tic.cp.hermanospinzon.madrid","author_link":"https:\/\/site.educa.madrid.org\/cp.hermanospinzon.madrid\/index.php\/author\/cuenta_tic-cp-hermanospinzon-madrid\/"},"rttpg_comment":0,"rttpg_category":false,"rttpg_excerpt":"Estimadas familias: En los pr\u00f3ximos meses vamos a comenzar con \u201cgrupos interactivos\u201d: una actividad en el aula en la [&hellip;]","post_mailing_queue_ids":[],"_links":{"self":[{"href":"https:\/\/site.educa.madrid.org\/cp.hermanospinzon.madrid\/index.php\/wp-json\/wp\/v2\/pages\/756","targetHints":{"allow":["GET"]}}],"collection":[{"href":"https:\/\/site.educa.madrid.org\/cp.hermanospinzon.madrid\/index.php\/wp-json\/wp\/v2\/pages"}],"about":[{"href":"https:\/\/site.educa.madrid.org\/cp.hermanospinzon.madrid\/index.php\/wp-json\/wp\/v2\/types\/page"}],"author":[{"embeddable":true,"href":"https:\/\/site.educa.madrid.org\/cp.hermanospinzon.madrid\/index.php\/wp-json\/wp\/v2\/users\/2"}],"replies":[{"embeddable":true,"href":"https:\/\/site.educa.madrid.org\/cp.hermanospinzon.madrid\/index.php\/wp-json\/wp\/v2\/comments?post=756"}],"version-history":[{"count":13,"href":"https:\/\/site.educa.madrid.org\/cp.hermanospinzon.madrid\/index.php\/wp-json\/wp\/v2\/pages\/756\/revisions"}],"predecessor-version":[{"id":1705,"href":"https:\/\/site.educa.madrid.org\/cp.hermanospinzon.madrid\/index.php\/wp-json\/wp\/v2\/pages\/756\/revisions\/1705"}],"up":[{"embeddable":true,"href":"https:\/\/site.educa.madrid.org\/cp.hermanospinzon.madrid\/index.php\/wp-json\/wp\/v2\/pages\/276"}],"wp:attachment":[{"href":"https:\/\/site.educa.madrid.org\/cp.hermanospinzon.madrid\/index.php\/wp-json\/wp\/v2\/media?parent=756"}],"wp:term":[{"taxonomy":"folder","embeddable":true,"href":"https:\/\/site.educa.madrid.org\/cp.hermanospinzon.madrid\/index.php\/wp-json\/wp\/v2\/folder?post=756"}],"curies":[{"name":"wp","href":"https:\/\/api.w.org\/{rel}","templated":true}]}}