{"id":770,"date":"2022-11-17T16:02:31","date_gmt":"2022-11-17T15:02:31","guid":{"rendered":"https:\/\/site.educa.madrid.org\/cp.hermanospinzon.madrid\/?page_id=770"},"modified":"2022-11-17T16:03:05","modified_gmt":"2022-11-17T15:03:05","slug":"biblioteca-tutorizadas","status":"publish","type":"page","link":"https:\/\/site.educa.madrid.org\/cp.hermanospinzon.madrid\/index.php\/proyecto-educativo\/actuaciones-educativas-de-exito\/biblioteca-tutorizadas\/","title":{"rendered":"Biblioteca tutorizadas"},"content":{"rendered":"<p><strong>\u00bfQu\u00e9 significa \u201cbiblioteca tutorizada\u201d?<\/strong><\/p>\n<p>El centro va a ofrecer un espacio en el que los alumnos pueden   trabajar juntos, leer, hacer b\u00fasquedas en internet, crear un grupo de   estudio, etc. A su vez, para los m\u00e1s peque\u00f1os, se ofrece un servicio de   pr\u00e9stamo de libros y de actividades l\u00fadicas.<\/p>\n<p><strong>\u00bfD\u00f3nde est\u00e1 la biblioteca?<\/strong><\/p>\n<p>En el edificio de la Calle Calam\u00f3n. La biblioteca va a estar en el peque\u00f1o edificio adjunto, la que solemos llamar \u201cla casita\u201d.<\/p>\n<p><strong>\u00bfQu\u00e9 horario va a tener la biblioteca?<\/strong><\/p>\n<p>Estar\u00e1 abierta de 16h a 18h. Los ni\u00f1os\/as y familias entrar\u00e1n por la puerta del patio. La puerta se abrir\u00e1 a las 16h, 17h y 18h.<\/p>\n<p><strong>\u00bfPueden acudir ni\u00f1os de todas las edades?<\/strong><\/p>\n<p>S\u00ed. El espacio est\u00e1 abierto para todas las edades.<\/p>\n<p><strong>\u00bfHay que apuntarse para acudir?<\/strong><\/p>\n<p>No. Es un espacio abierto de trabajo, actividades y lectura. Los   ni\u00f1os que quieran disfrutar de la biblioteca pueden acudir a la misma   sin problema hasta completar aforo (24 personas). Se sigue la misma   organizaci\u00f3n que en una biblioteca p\u00fablica.<\/p>\n<p><strong>\u00bfHay alguien a cargo de los alumnos\/as?<\/strong><\/p>\n<p>No. Se ofrece el espacio, pero las familias son las responsables de   los alumnos\/as en todo momento. Aquellos alumnos que tienen autorizaci\u00f3n   para salir solos (en cursos superiores) podr\u00e1n acudir solos, pero la   responsabilidad no es del centro. Las familias son bienvenidas en la   biblioteca y pueden venir con los ni\u00f1os\/as a leer, estudiar y trabajar. <strong>Es un espacio para todos.<\/strong><\/p>\n<p><strong>\u00bfQu\u00e9 normas existen en la biblioteca?<\/strong><\/p>\n<p>Como en cualquier espacio p\u00fablico, las familias y alumnos\/as deben   cumplir las normas b\u00e1sicas de respeto. En caso de actitudes disruptivas,   se proceder\u00e1 a no permitir el acceso a la biblioteca.<\/p>\n<p><strong>\u00bfVa a haber alguna actividad l\u00fadica?<\/strong><\/p>\n<p>Todos los viernes habr\u00e1 una actividad l\u00fadica. Durante este trimestre las actividades son:<\/p>\n<ul>\n<li>Viernes, 18 de noviembre: Cuentacuentos infantil<\/li>\n<li>Viernes, 25 de noviembre: Juegos de mesa<\/li>\n<li>Viernes, 2 de diciembre: Taller de manualidad de Navidad- Primaria<\/li>\n<li>Viernes , 9 de diciembre: Cuentacuentos Navidad<\/li>\n<li>Viernes, 16 de diciembre: Taller de manualidad de Navidad- Infantil<\/li>\n<\/ul>\n<p>Esperamos que todos disfrut\u00e9is de nuestra nueva Biblioteca.<\/p>\n\n\n<div class=\"wp-block-file\"><a id=\"wp-block-file--media-7d2eee70-10ac-43ac-8768-bdab7990558a\" href=\"https:\/\/site.educa.madrid.org\/cp.hermanospinzon.madrid\/\/wp-content\/uploads\/cp.hermanospinzon.madrid\/2022\/11\/Nota-biblioteca-tutorizada.pdf\" target=\"_blank\" rel=\"noreferrer noopener\">Descargar \u00abNota biblioteca tutorizada\u00bb<\/a><a href=\"https:\/\/site.educa.madrid.org\/cp.hermanospinzon.madrid\/\/wp-content\/uploads\/cp.hermanospinzon.madrid\/2022\/11\/Nota-biblioteca-tutorizada.pdf\" class=\"wp-block-file__button\" download aria-describedby=\"wp-block-file--media-7d2eee70-10ac-43ac-8768-bdab7990558a\">Descarga<\/a><\/div>\n","protected":false},"excerpt":{"rendered":"<p>\u00bfQu\u00e9 significa \u201cbiblioteca tutorizada\u201d? El centro va a ofrecer un espacio en el que los alumnos pueden trabajar juntos, [&hellip;]<\/p>\n","protected":false},"author":2,"featured_media":0,"parent":276,"menu_order":0,"comment_status":"closed","ping_status":"closed","template":"","meta":{"footnotes":""},"folder":[],"class_list":["post-770","page","type-page","status-publish","hentry"],"rttpg_featured_image_url":null,"rttpg_author":{"display_name":"tic.cp.hermanospinzon.madrid","author_link":"https:\/\/site.educa.madrid.org\/cp.hermanospinzon.madrid\/index.php\/author\/cuenta_tic-cp-hermanospinzon-madrid\/"},"rttpg_comment":0,"rttpg_category":false,"rttpg_excerpt":"\u00bfQu\u00e9 significa \u201cbiblioteca tutorizada\u201d? El centro va a ofrecer un espacio en el que los alumnos pueden trabajar juntos, [&hellip;]","post_mailing_queue_ids":[],"_links":{"self":[{"href":"https:\/\/site.educa.madrid.org\/cp.hermanospinzon.madrid\/index.php\/wp-json\/wp\/v2\/pages\/770","targetHints":{"allow":["GET"]}}],"collection":[{"href":"https:\/\/site.educa.madrid.org\/cp.hermanospinzon.madrid\/index.php\/wp-json\/wp\/v2\/pages"}],"about":[{"href":"https:\/\/site.educa.madrid.org\/cp.hermanospinzon.madrid\/index.php\/wp-json\/wp\/v2\/types\/page"}],"author":[{"embeddable":true,"href":"https:\/\/site.educa.madrid.org\/cp.hermanospinzon.madrid\/index.php\/wp-json\/wp\/v2\/users\/2"}],"replies":[{"embeddable":true,"href":"https:\/\/site.educa.madrid.org\/cp.hermanospinzon.madrid\/index.php\/wp-json\/wp\/v2\/comments?post=770"}],"version-history":[{"count":3,"href":"https:\/\/site.educa.madrid.org\/cp.hermanospinzon.madrid\/index.php\/wp-json\/wp\/v2\/pages\/770\/revisions"}],"predecessor-version":[{"id":773,"href":"https:\/\/site.educa.madrid.org\/cp.hermanospinzon.madrid\/index.php\/wp-json\/wp\/v2\/pages\/770\/revisions\/773"}],"up":[{"embeddable":true,"href":"https:\/\/site.educa.madrid.org\/cp.hermanospinzon.madrid\/index.php\/wp-json\/wp\/v2\/pages\/276"}],"wp:attachment":[{"href":"https:\/\/site.educa.madrid.org\/cp.hermanospinzon.madrid\/index.php\/wp-json\/wp\/v2\/media?parent=770"}],"wp:term":[{"taxonomy":"folder","embeddable":true,"href":"https:\/\/site.educa.madrid.org\/cp.hermanospinzon.madrid\/index.php\/wp-json\/wp\/v2\/folder?post=770"}],"curies":[{"name":"wp","href":"https:\/\/api.w.org\/{rel}","templated":true}]}}