{"id":1107,"date":"2022-03-16T20:28:06","date_gmt":"2022-03-16T19:28:06","guid":{"rendered":"https:\/\/site.educa.madrid.org\/cp.hermanostora.humanes\/?page_id=1107"},"modified":"2026-05-06T09:52:42","modified_gmt":"2026-05-06T07:52:42","slug":"reduccion-coste-comedor","status":"publish","type":"page","link":"https:\/\/site.educa.madrid.org\/cp.hermanostora.humanes\/index.php\/secretaria\/ayudas\/reduccion-coste-comedor\/","title":{"rendered":"BECAS COMEDOR ESCOLAR"},"content":{"rendered":"\n<p>Estimadas familias<br>El plazo de solicitud de la beca de comedor para el curso 26-27 est\u00e1 disponible <strong>hasta el d\u00eda 28 de mayo.<\/strong><\/p>\n\n\n\n<p>Al igual que en cursos anteriores ya no se gestiona en los colegios, ten\u00e9is que rellenarla de forma digital y una vez rellena presentarla con el certificado digital, si hubiera alg\u00fan problema con la presentaci\u00f3n, una vez rellena, pod\u00e9is descargarla, imprimirla y traerla al colegio y podr\u00edamos presentarla en vuestro nombre <strong>hasta el 26 de mayo.<\/strong><br>El horario para presentarla en el colegio es de lunes a jueves entre las 9:05 y las 9:30.<br>Si fuera necesario otro momento poneos en contacto para cuadrar cita en ceiphermanostora@gmail.com.<br>Adjuntamos el enlace para m\u00e1s informaci\u00f3n y la tramitaci\u00f3n:<\/p>\n\n\n\n<p><a href=\"https:\/\/sede.comunidad.madrid\/ayudas-becas-subvenciones\/becas-comedor-escolar-2026-2027\/\" target=\"_blank\" rel=\"noreferrer noopener\">https:\/\/sede.comunidad.madrid\/ayudas-becas-subvenciones\/becas-comedor-escolar-2026-2027<\/a><\/p>\n\n\n\n<p>Para hacerlo de forma presencial:<\/p>\n\n\n\n<p><a href=\"https:\/\/gestiona.comunidad.madrid\/ipae_app_gforms\/secure\/impresoGForms.jsf?cdImpreso=1963F1_26\" target=\"_blank\" rel=\"noreferrer noopener\">ACCEDER AL FORMULARIO<\/a><\/p>\n\n\n\n<p>Documentos anexos a la solicitud<\/p>\n\n\n\n<ul class=\"wp-block-list\">\n<li><a href=\"https:\/\/gestiona7.madrid.org\/i012_impresos\/run\/j\/VerImpreso.icm?CDIMPRESO=1963FO1_26\" target=\"_blank\" rel=\"noreferrer noopener\">Autorizaci\u00f3n para consulta de datos\u00a0(45.81 KB)<\/a><\/li>\n\n\n\n<li><a href=\"https:\/\/gestiona7.madrid.org\/i012_impresos\/run\/j\/VerImpreso.icm?CDIMPRESO=1963FO2_26\" target=\"_blank\" rel=\"noreferrer noopener\">Declaraci\u00f3n responsable para acreditar un \u00fanico progenitor en la unidad familiar\u00a0(51.71 KB)<\/a><\/li>\n\n\n\n<li><a href=\"https:\/\/gestiona7.madrid.org\/i012_impresos\/run\/j\/VerImpreso.icm?CDIMPRESO=1963FO3_26\" target=\"_blank\" rel=\"noreferrer noopener\">Declaraci\u00f3n responsable para acreditar los miembros de la unidad familiar\u00a0(68.89 KB)<\/a><\/li>\n<\/ul>\n\n\n\n<p><\/p>\n","protected":false},"excerpt":{"rendered":"<p>Estimadas familiasEl plazo de solicitud de la beca de comedor para el curso 26-27 est\u00e1 disponible hasta el d\u00eda 28 de mayo. Al igual que en cursos anteriores ya no &#8230;<\/p>\n","protected":false},"author":3,"featured_media":0,"parent":326,"menu_order":2,"comment_status":"closed","ping_status":"closed","template":"","meta":{"footnotes":"[]"},"folder":[59],"class_list":["post-1107","page","type-page","status-publish","hentry"],"rttpg_featured_image_url":null,"rttpg_author":{"display_name":"cp.hermanostora.humanes","author_link":"https:\/\/site.educa.madrid.org\/cp.hermanostora.humanes\/index.php\/author\/cuenta_cp-hermanostora-humanes\/"},"rttpg_comment":0,"rttpg_category":" <a href=\"https:\/\/site.educa.madrid.org\/cp.hermanostora.humanes\/?taxonomy=folder&#038;term=secretaria-1718609283-3\" rel=\"tag\">SECRETARIA<\/a>","rttpg_excerpt":"Estimadas familiasEl plazo de solicitud de la beca de comedor para el curso 26-27 est\u00e1 disponible hasta el d\u00eda 28 de mayo. Al igual que en cursos anteriores ya no ...","post_mailing_queue_ids":[],"_links":{"self":[{"href":"https:\/\/site.educa.madrid.org\/cp.hermanostora.humanes\/index.php\/wp-json\/wp\/v2\/pages\/1107","targetHints":{"allow":["GET"]}}],"collection":[{"href":"https:\/\/site.educa.madrid.org\/cp.hermanostora.humanes\/index.php\/wp-json\/wp\/v2\/pages"}],"about":[{"href":"https:\/\/site.educa.madrid.org\/cp.hermanostora.humanes\/index.php\/wp-json\/wp\/v2\/types\/page"}],"author":[{"embeddable":true,"href":"https:\/\/site.educa.madrid.org\/cp.hermanostora.humanes\/index.php\/wp-json\/wp\/v2\/users\/3"}],"replies":[{"embeddable":true,"href":"https:\/\/site.educa.madrid.org\/cp.hermanostora.humanes\/index.php\/wp-json\/wp\/v2\/comments?post=1107"}],"version-history":[{"count":23,"href":"https:\/\/site.educa.madrid.org\/cp.hermanostora.humanes\/index.php\/wp-json\/wp\/v2\/pages\/1107\/revisions"}],"predecessor-version":[{"id":2761,"href":"https:\/\/site.educa.madrid.org\/cp.hermanostora.humanes\/index.php\/wp-json\/wp\/v2\/pages\/1107\/revisions\/2761"}],"up":[{"embeddable":true,"href":"https:\/\/site.educa.madrid.org\/cp.hermanostora.humanes\/index.php\/wp-json\/wp\/v2\/pages\/326"}],"wp:attachment":[{"href":"https:\/\/site.educa.madrid.org\/cp.hermanostora.humanes\/index.php\/wp-json\/wp\/v2\/media?parent=1107"}],"wp:term":[{"taxonomy":"folder","embeddable":true,"href":"https:\/\/site.educa.madrid.org\/cp.hermanostora.humanes\/index.php\/wp-json\/wp\/v2\/folder?post=1107"}],"curies":[{"name":"wp","href":"https:\/\/api.w.org\/{rel}","templated":true}]}}