{"id":1110,"date":"2022-03-16T20:29:34","date_gmt":"2022-03-16T19:29:34","guid":{"rendered":"https:\/\/site.educa.madrid.org\/cp.hermanostora.humanes\/?page_id=1110"},"modified":"2022-03-16T20:33:47","modified_gmt":"2022-03-16T19:33:47","slug":"mascarillas-rmi","status":"publish","type":"page","link":"https:\/\/site.educa.madrid.org\/cp.hermanostora.humanes\/index.php\/secretaria\/ayudas\/mascarillas-rmi\/","title":{"rendered":"MASCARILLAS RMI"},"content":{"rendered":"\n<p>Estimadas familias de alumnos de primaria,<\/p>\n\n\n\n<p>Desde la Consejer\u00eda de Educaci\u00f3n nos informan que se est\u00e1n gestionando ayudas para la dotaci\u00f3n de&nbsp;mascarillas higi\u00e9nicas no reutilizables a los alumnos de primaria de familias que reciben la Renta M\u00ednima de Inserci\u00f3n (RMI) o el Ingreso M\u00ednimo Vital (IMV).<\/p>\n\n\n\n<p>Para hacer la solicitud debe presentar los siguientes documentos (por correo electr\u00f3nico a cp.hermanostora.humanes@educa.madrid.org):<\/p>\n\n\n\n<ul class=\"wp-block-list\"><li>Documentaci\u00f3n que certifique esta situaci\u00f3n (certificado RMI o IMV).<\/li><li>Autorizaci\u00f3n para el uso de estos datos (<a href=\"https:\/\/www.educa2.madrid.org\/web\/educamadrid\/principal\/files\/5f8a92a7-8090-46d1-b7fb-9d4a5bc8b597\/Autorizaci%C3%B3n%20datos%20RMI%20IMV%20mascarllas.pdf?t=1632740583903\" target=\"_blank\" rel=\"noreferrer noopener\">rellenando este documento<\/a>)<\/li><\/ul>\n\n\n\n<p>ES IMPRESCINDIBLE PRESENTAR LOS DOS DOCUMENTOS<\/p>\n\n\n\n<p>Deber\u00e1 indicar en el asunto \u00abMascarillas RMI o IMV\u00bb y presentarlo\u00a0<strong>hasta el\u00a0jueves 14 de octubre 2021<\/strong>.<\/p>\n\n\n\n<p>Un saludo<\/p>\n","protected":false},"excerpt":{"rendered":"<p>Estimadas familias de alumnos de primaria, Desde la Consejer\u00eda de Educaci\u00f3n nos informan que se est\u00e1n gestionando ayudas para la dotaci\u00f3n de&nbsp;mascarillas higi\u00e9nicas no reutilizables a los alumnos de primaria &#8230;<\/p>\n","protected":false},"author":3,"featured_media":0,"parent":326,"menu_order":3,"comment_status":"closed","ping_status":"closed","template":"","meta":{"footnotes":""},"folder":[59],"class_list":["post-1110","page","type-page","status-publish","hentry"],"rttpg_featured_image_url":null,"rttpg_author":{"display_name":"cp.hermanostora.humanes","author_link":"https:\/\/site.educa.madrid.org\/cp.hermanostora.humanes\/index.php\/author\/cuenta_cp-hermanostora-humanes\/"},"rttpg_comment":0,"rttpg_category":" <a href=\"https:\/\/site.educa.madrid.org\/cp.hermanostora.humanes\/?taxonomy=folder&#038;term=secretaria-1718609283-3\" rel=\"tag\">SECRETARIA<\/a>","rttpg_excerpt":"Estimadas familias de alumnos de primaria, Desde la Consejer\u00eda de Educaci\u00f3n nos informan que se est\u00e1n gestionando ayudas para la dotaci\u00f3n de&nbsp;mascarillas higi\u00e9nicas no reutilizables a los alumnos de primaria ...","post_mailing_queue_ids":[],"_links":{"self":[{"href":"https:\/\/site.educa.madrid.org\/cp.hermanostora.humanes\/index.php\/wp-json\/wp\/v2\/pages\/1110","targetHints":{"allow":["GET"]}}],"collection":[{"href":"https:\/\/site.educa.madrid.org\/cp.hermanostora.humanes\/index.php\/wp-json\/wp\/v2\/pages"}],"about":[{"href":"https:\/\/site.educa.madrid.org\/cp.hermanostora.humanes\/index.php\/wp-json\/wp\/v2\/types\/page"}],"author":[{"embeddable":true,"href":"https:\/\/site.educa.madrid.org\/cp.hermanostora.humanes\/index.php\/wp-json\/wp\/v2\/users\/3"}],"replies":[{"embeddable":true,"href":"https:\/\/site.educa.madrid.org\/cp.hermanostora.humanes\/index.php\/wp-json\/wp\/v2\/comments?post=1110"}],"version-history":[{"count":2,"href":"https:\/\/site.educa.madrid.org\/cp.hermanostora.humanes\/index.php\/wp-json\/wp\/v2\/pages\/1110\/revisions"}],"predecessor-version":[{"id":1113,"href":"https:\/\/site.educa.madrid.org\/cp.hermanostora.humanes\/index.php\/wp-json\/wp\/v2\/pages\/1110\/revisions\/1113"}],"up":[{"embeddable":true,"href":"https:\/\/site.educa.madrid.org\/cp.hermanostora.humanes\/index.php\/wp-json\/wp\/v2\/pages\/326"}],"wp:attachment":[{"href":"https:\/\/site.educa.madrid.org\/cp.hermanostora.humanes\/index.php\/wp-json\/wp\/v2\/media?parent=1110"}],"wp:term":[{"taxonomy":"folder","embeddable":true,"href":"https:\/\/site.educa.madrid.org\/cp.hermanostora.humanes\/index.php\/wp-json\/wp\/v2\/folder?post=1110"}],"curies":[{"name":"wp","href":"https:\/\/api.w.org\/{rel}","templated":true}]}}