{"id":1122,"date":"2022-03-16T20:58:41","date_gmt":"2022-03-16T19:58:41","guid":{"rendered":"https:\/\/site.educa.madrid.org\/cp.hermanostora.humanes\/?page_id=1122"},"modified":"2022-12-20T09:49:26","modified_gmt":"2022-12-20T08:49:26","slug":"raices-roble-app","status":"publish","type":"page","link":"https:\/\/site.educa.madrid.org\/cp.hermanostora.humanes\/index.php\/secretaria\/raices-roble-app\/","title":{"rendered":"RA\u00cdCES \/ ROBLE APP"},"content":{"rendered":"<p>Ra\u00edces para el navegador del ordenador y Roble para los dispositivos m\u00f3viles, son los sistemas que la Comunidad de Madrid ofrece para que las familias se puedan comunicar con el Centro, recibiendo informaci\u00f3n de las notas, anotaciones de los profesores,\u2026<\/p>\n<p>Puede acceder a trav\u00e9s de los siguientes enlaces seg\u00fan est\u00e9 en ordenador, Android o IOS.<\/p>\n\n\n<div class=\"wp-block-columns is-layout-flex wp-container-core-columns-is-layout-9d6595d7 wp-block-columns-is-layout-flex\">\n<div class=\"wp-block-column is-layout-flow wp-block-column-is-layout-flow\">\n<figure class=\"wp-block-image size-large is-resized\"><a href=\"https:\/\/raices.madrid.org\/raiz_app\/jsp\/portal\/portalraices.html\" target=\"_blank\" rel=\"noopener\"><img loading=\"lazy\" decoding=\"async\" src=\"https:\/\/site.educa.madrid.org\/cp.hermanostora.humanes\/\/wp-content\/uploads\/cp.hermanostora.humanes\/2022\/03\/raices.png\" alt=\"\" class=\"wp-image-1130\" width=\"213\" height=\"124\"\/><\/a><\/figure>\n<\/div>\n\n\n\n<div class=\"wp-block-column is-layout-flow wp-block-column-is-layout-flow\">\n<figure class=\"wp-block-image size-large is-resized\"><a href=\"https:\/\/play.google.com\/store\/apps\/details?id=org.madrid.raiz.roble\" target=\"_blank\" rel=\"noopener\"><img loading=\"lazy\" decoding=\"async\" src=\"https:\/\/site.educa.madrid.org\/cp.hermanostora.humanes\/\/wp-content\/uploads\/cp.hermanostora.humanes\/2022\/03\/google-play.png\" alt=\"\" class=\"wp-image-1131\" width=\"232\" height=\"129\"\/><\/a><\/figure>\n<\/div>\n\n\n\n<div class=\"wp-block-column is-layout-flow wp-block-column-is-layout-flow\">\n<figure class=\"wp-block-image size-large is-resized\"><a href=\"https:\/\/apps.apple.com\/es\/app\/roble\/id1458472789\" target=\"_blank\" rel=\"noopener\"><img loading=\"lazy\" decoding=\"async\" src=\"https:\/\/site.educa.madrid.org\/cp.hermanostora.humanes\/\/wp-content\/uploads\/cp.hermanostora.humanes\/2022\/03\/app-store.png\" alt=\"\" class=\"wp-image-1132\" width=\"223\" height=\"111\" srcset=\"https:\/\/site.educa.madrid.org\/cp.hermanostora.humanes\/\/wp-content\/uploads\/cp.hermanostora.humanes\/2022\/03\/app-store.png 318w, https:\/\/site.educa.madrid.org\/cp.hermanostora.humanes\/\/wp-content\/uploads\/cp.hermanostora.humanes\/2022\/03\/app-store-300x150.png 300w\" sizes=\"auto, (max-width: 223px) 100vw, 223px\" \/><\/a><\/figure>\n<\/div>\n<\/div>\n\n\n\n<p>Para acceder le solicitar\u00e1 una credencial, estas se repartieron en el Centro en cursos precedentes, pero si no tuviera debe ponerse en contacto con secretar\u00eda para obtenerlas, escribiendo al correo <a href=\"mailto:ceiphermanostora@gmail.com\">ceiphermanostora@gmail.com <\/a>desde el correo que utiliza habitualmente para contactar con los tutores de sus hijos.<\/p>\n\n\n\n<h4 class=\"wp-block-heading\">C\u00d3MO VER LAS NOTAS EN RAICES<\/h4>\n\n\n\n<iframe loading=\"lazy\" src=\"https:\/\/mediateca.educa.madrid.org\/video\/8z41zjzncjny9jtq\/fs\" width=\"420\" height=\"236\" frameborder=\"0\" scrolling=\"no\" style=\"border:0;overflow:hidden\" allowfullscreen><\/iframe>\n\n\n\n<h4 class=\"wp-block-heading\">OTROS DOCUMENTOS INFORMATIVOS<\/h4>\n\n\n\n<div class=\"wp-block-buttons is-horizontal is-content-justification-center is-layout-flex wp-container-core-buttons-is-layout-499968f5 wp-block-buttons-is-layout-flex\">\n<div class=\"wp-block-button\"><a class=\"wp-block-button__link\" href=\"http:\/\/cloud.educa.madrid.org\/index.php\/s\/tBp2Ye0os4sgfHC\" target=\"_blank\" rel=\"noreferrer noopener\">RA\u00cdCES FAMILIAS GU\u00cdA VISUAL<\/a><\/div>\n\n\n\n<div class=\"wp-block-button\"><a class=\"wp-block-button__link\" href=\"http:\/\/cloud.educa.madrid.org\/index.php\/s\/hzWIVM3kmFjm4ox\" target=\"_blank\" rel=\"noreferrer noopener\">RA\u00cdCES VENTANAS EMERGENTES<\/a><\/div>\n\n\n\n<div class=\"wp-block-button\"><a class=\"wp-block-button__link\" href=\"http:\/\/cloud.educa.madrid.org\/index.php\/s\/FOEfOQlYpX4Q0Aq\" target=\"_blank\" rel=\"noreferrer noopener\">ROBLE APP GU\u00cdA VISUAL<\/a><\/div>\n<\/div>\n","protected":false},"excerpt":{"rendered":"<p>Ra\u00edces para el navegador del ordenador y Roble para los dispositivos m\u00f3viles, son los sistemas que la Comunidad de Madrid ofrece para que las familias se puedan comunicar con el &#8230;<\/p>\n","protected":false},"author":3,"featured_media":0,"parent":169,"menu_order":0,"comment_status":"closed","ping_status":"closed","template":"","meta":{"footnotes":""},"folder":[59],"class_list":["post-1122","page","type-page","status-publish","hentry"],"rttpg_featured_image_url":null,"rttpg_author":{"display_name":"cp.hermanostora.humanes","author_link":"https:\/\/site.educa.madrid.org\/cp.hermanostora.humanes\/index.php\/author\/cuenta_cp-hermanostora-humanes\/"},"rttpg_comment":0,"rttpg_category":" <a href=\"https:\/\/site.educa.madrid.org\/cp.hermanostora.humanes\/?taxonomy=folder&#038;term=secretaria-1718609283-3\" rel=\"tag\">SECRETARIA<\/a>","rttpg_excerpt":"Ra\u00edces para el navegador del ordenador y Roble para los dispositivos m\u00f3viles, son los sistemas que la Comunidad de Madrid ofrece para que las familias se puedan comunicar con el ...","post_mailing_queue_ids":[],"_links":{"self":[{"href":"https:\/\/site.educa.madrid.org\/cp.hermanostora.humanes\/index.php\/wp-json\/wp\/v2\/pages\/1122","targetHints":{"allow":["GET"]}}],"collection":[{"href":"https:\/\/site.educa.madrid.org\/cp.hermanostora.humanes\/index.php\/wp-json\/wp\/v2\/pages"}],"about":[{"href":"https:\/\/site.educa.madrid.org\/cp.hermanostora.humanes\/index.php\/wp-json\/wp\/v2\/types\/page"}],"author":[{"embeddable":true,"href":"https:\/\/site.educa.madrid.org\/cp.hermanostora.humanes\/index.php\/wp-json\/wp\/v2\/users\/3"}],"replies":[{"embeddable":true,"href":"https:\/\/site.educa.madrid.org\/cp.hermanostora.humanes\/index.php\/wp-json\/wp\/v2\/comments?post=1122"}],"version-history":[{"count":13,"href":"https:\/\/site.educa.madrid.org\/cp.hermanostora.humanes\/index.php\/wp-json\/wp\/v2\/pages\/1122\/revisions"}],"predecessor-version":[{"id":1546,"href":"https:\/\/site.educa.madrid.org\/cp.hermanostora.humanes\/index.php\/wp-json\/wp\/v2\/pages\/1122\/revisions\/1546"}],"up":[{"embeddable":true,"href":"https:\/\/site.educa.madrid.org\/cp.hermanostora.humanes\/index.php\/wp-json\/wp\/v2\/pages\/169"}],"wp:attachment":[{"href":"https:\/\/site.educa.madrid.org\/cp.hermanostora.humanes\/index.php\/wp-json\/wp\/v2\/media?parent=1122"}],"wp:term":[{"taxonomy":"folder","embeddable":true,"href":"https:\/\/site.educa.madrid.org\/cp.hermanostora.humanes\/index.php\/wp-json\/wp\/v2\/folder?post=1122"}],"curies":[{"name":"wp","href":"https:\/\/api.w.org\/{rel}","templated":true}]}}