{"id":1503,"date":"2022-11-02T14:40:12","date_gmt":"2022-11-02T13:40:12","guid":{"rendered":"https:\/\/site.educa.madrid.org\/cp.hermanostora.humanes\/?page_id=1503"},"modified":"2022-11-28T09:23:59","modified_gmt":"2022-11-28T08:23:59","slug":"elecciones-consejo-escolar-curso-2022-2023","status":"publish","type":"page","link":"https:\/\/site.educa.madrid.org\/cp.hermanostora.humanes\/index.php\/elecciones-consejo-escolar-curso-2022-2023\/","title":{"rendered":"ELECCIONES CONSEJO ESCOLAR CURSO 2022-2023"},"content":{"rendered":"<p>Estimadas familias aqu\u00ed ten\u00e9is toda la informaci\u00f3n relativa a las Elecciones al Consejo Escolar del curso 2022-2023.<\/p>\n<p>Un saludo.<\/p>\n<p><a href=\"https:\/\/www.canva.com\/design\/DAFQy5VuiqQ\/view\">INFORMACI\u00d3N ELECCIONES AL CONSEJO ESCOLAR<\/a><\/p>\n\n\n<div class=\"wp-block-columns is-layout-flex wp-container-core-columns-is-layout-9d6595d7 wp-block-columns-is-layout-flex\">\n<div class=\"wp-block-column is-layout-flow wp-block-column-is-layout-flow\">\n<figure class=\"wp-block-image size-medium\"><img loading=\"lazy\" decoding=\"async\" width=\"300\" height=\"300\" src=\"https:\/\/site.educa.madrid.org\/cp.hermanostora.humanes\/\/wp-content\/uploads\/cp.hermanostora.humanes\/2022\/11\/post-aviso-importante-juvenil-amarillo-1-300x300.png\" alt=\"\" class=\"wp-image-1522\" srcset=\"https:\/\/site.educa.madrid.org\/cp.hermanostora.humanes\/\/wp-content\/uploads\/cp.hermanostora.humanes\/2022\/11\/post-aviso-importante-juvenil-amarillo-1-300x300.png 300w, https:\/\/site.educa.madrid.org\/cp.hermanostora.humanes\/\/wp-content\/uploads\/cp.hermanostora.humanes\/2022\/11\/post-aviso-importante-juvenil-amarillo-1-1024x1024.png 1024w, https:\/\/site.educa.madrid.org\/cp.hermanostora.humanes\/\/wp-content\/uploads\/cp.hermanostora.humanes\/2022\/11\/post-aviso-importante-juvenil-amarillo-1-150x150.png 150w, https:\/\/site.educa.madrid.org\/cp.hermanostora.humanes\/\/wp-content\/uploads\/cp.hermanostora.humanes\/2022\/11\/post-aviso-importante-juvenil-amarillo-1-768x768.png 768w, https:\/\/site.educa.madrid.org\/cp.hermanostora.humanes\/\/wp-content\/uploads\/cp.hermanostora.humanes\/2022\/11\/post-aviso-importante-juvenil-amarillo-1.png 1080w\" sizes=\"auto, (max-width: 300px) 100vw, 300px\" \/><\/figure>\n<\/div>\n\n\n\n<div class=\"wp-block-column is-layout-flow wp-block-column-is-layout-flow\">\n<figure class=\"wp-block-image size-full\"><img loading=\"lazy\" decoding=\"async\" width=\"540\" height=\"540\" src=\"https:\/\/site.educa.madrid.org\/cp.hermanostora.humanes\/\/wp-content\/uploads\/cp.hermanostora.humanes\/2022\/11\/post-aviso-ELECCIONES-16-11-22.png\" alt=\"\" class=\"wp-image-1529\" srcset=\"https:\/\/site.educa.madrid.org\/cp.hermanostora.humanes\/\/wp-content\/uploads\/cp.hermanostora.humanes\/2022\/11\/post-aviso-ELECCIONES-16-11-22.png 540w, https:\/\/site.educa.madrid.org\/cp.hermanostora.humanes\/\/wp-content\/uploads\/cp.hermanostora.humanes\/2022\/11\/post-aviso-ELECCIONES-16-11-22-300x300.png 300w, https:\/\/site.educa.madrid.org\/cp.hermanostora.humanes\/\/wp-content\/uploads\/cp.hermanostora.humanes\/2022\/11\/post-aviso-ELECCIONES-16-11-22-150x150.png 150w\" sizes=\"auto, (max-width: 540px) 100vw, 540px\" \/><\/figure>\n<\/div>\n\n\n\n<div class=\"wp-block-column is-layout-flow wp-block-column-is-layout-flow\">\n<figure class=\"wp-block-image size-large\"><img loading=\"lazy\" decoding=\"async\" width=\"1024\" height=\"1024\" src=\"https:\/\/site.educa.madrid.org\/cp.hermanostora.humanes\/\/wp-content\/uploads\/cp.hermanostora.humanes\/2022\/11\/FECHAS-VOTACIONES-CONSEJO-ESCOLAR-1024x1024.jpg\" alt=\"\" class=\"wp-image-1532\" srcset=\"https:\/\/site.educa.madrid.org\/cp.hermanostora.humanes\/\/wp-content\/uploads\/cp.hermanostora.humanes\/2022\/11\/FECHAS-VOTACIONES-CONSEJO-ESCOLAR-1024x1024.jpg 1024w, https:\/\/site.educa.madrid.org\/cp.hermanostora.humanes\/\/wp-content\/uploads\/cp.hermanostora.humanes\/2022\/11\/FECHAS-VOTACIONES-CONSEJO-ESCOLAR-300x300.jpg 300w, https:\/\/site.educa.madrid.org\/cp.hermanostora.humanes\/\/wp-content\/uploads\/cp.hermanostora.humanes\/2022\/11\/FECHAS-VOTACIONES-CONSEJO-ESCOLAR-150x150.jpg 150w, https:\/\/site.educa.madrid.org\/cp.hermanostora.humanes\/\/wp-content\/uploads\/cp.hermanostora.humanes\/2022\/11\/FECHAS-VOTACIONES-CONSEJO-ESCOLAR-768x768.jpg 768w, https:\/\/site.educa.madrid.org\/cp.hermanostora.humanes\/\/wp-content\/uploads\/cp.hermanostora.humanes\/2022\/11\/FECHAS-VOTACIONES-CONSEJO-ESCOLAR.jpg 1080w\" sizes=\"auto, (max-width: 1024px) 100vw, 1024px\" \/><\/figure>\n<\/div>\n<\/div>\n\n\n\n<div class=\"wp-block-image\"><figure class=\"aligncenter size-large is-resized\"><img loading=\"lazy\" decoding=\"async\" src=\"https:\/\/site.educa.madrid.org\/cp.hermanostora.humanes\/\/wp-content\/uploads\/cp.hermanostora.humanes\/2022\/11\/FECHAS-VOTACIONES-CONSEJO-ESCOLAR-1_page-0001-1024x1024.jpg\" alt=\"\" class=\"wp-image-1536\" width=\"501\" height=\"501\" srcset=\"https:\/\/site.educa.madrid.org\/cp.hermanostora.humanes\/\/wp-content\/uploads\/cp.hermanostora.humanes\/2022\/11\/FECHAS-VOTACIONES-CONSEJO-ESCOLAR-1_page-0001-1024x1024.jpg 1024w, https:\/\/site.educa.madrid.org\/cp.hermanostora.humanes\/\/wp-content\/uploads\/cp.hermanostora.humanes\/2022\/11\/FECHAS-VOTACIONES-CONSEJO-ESCOLAR-1_page-0001-300x300.jpg 300w, https:\/\/site.educa.madrid.org\/cp.hermanostora.humanes\/\/wp-content\/uploads\/cp.hermanostora.humanes\/2022\/11\/FECHAS-VOTACIONES-CONSEJO-ESCOLAR-1_page-0001-150x150.jpg 150w, https:\/\/site.educa.madrid.org\/cp.hermanostora.humanes\/\/wp-content\/uploads\/cp.hermanostora.humanes\/2022\/11\/FECHAS-VOTACIONES-CONSEJO-ESCOLAR-1_page-0001-768x768.jpg 768w, https:\/\/site.educa.madrid.org\/cp.hermanostora.humanes\/\/wp-content\/uploads\/cp.hermanostora.humanes\/2022\/11\/FECHAS-VOTACIONES-CONSEJO-ESCOLAR-1_page-0001-1536x1536.jpg 1536w, https:\/\/site.educa.madrid.org\/cp.hermanostora.humanes\/\/wp-content\/uploads\/cp.hermanostora.humanes\/2022\/11\/FECHAS-VOTACIONES-CONSEJO-ESCOLAR-1_page-0001.jpg 1688w\" sizes=\"auto, (max-width: 501px) 100vw, 501px\" \/><\/figure><\/div>\n","protected":false},"excerpt":{"rendered":"<p>Estimadas familias aqu\u00ed ten\u00e9is toda la informaci\u00f3n relativa a las Elecciones al Consejo Escolar del curso 2022-2023. Un saludo. INFORMACI\u00d3N ELECCIONES AL CONSEJO ESCOLAR<\/p>\n","protected":false},"author":3,"featured_media":0,"parent":0,"menu_order":0,"comment_status":"closed","ping_status":"closed","template":"","meta":{"footnotes":""},"folder":[],"class_list":["post-1503","page","type-page","status-publish","hentry"],"rttpg_featured_image_url":null,"rttpg_author":{"display_name":"cp.hermanostora.humanes","author_link":"https:\/\/site.educa.madrid.org\/cp.hermanostora.humanes\/index.php\/author\/cuenta_cp-hermanostora-humanes\/"},"rttpg_comment":0,"rttpg_category":false,"rttpg_excerpt":"Estimadas familias aqu\u00ed ten\u00e9is toda la informaci\u00f3n relativa a las Elecciones al Consejo Escolar del curso 2022-2023. Un saludo. INFORMACI\u00d3N ELECCIONES AL CONSEJO ESCOLAR","post_mailing_queue_ids":[],"_links":{"self":[{"href":"https:\/\/site.educa.madrid.org\/cp.hermanostora.humanes\/index.php\/wp-json\/wp\/v2\/pages\/1503","targetHints":{"allow":["GET"]}}],"collection":[{"href":"https:\/\/site.educa.madrid.org\/cp.hermanostora.humanes\/index.php\/wp-json\/wp\/v2\/pages"}],"about":[{"href":"https:\/\/site.educa.madrid.org\/cp.hermanostora.humanes\/index.php\/wp-json\/wp\/v2\/types\/page"}],"author":[{"embeddable":true,"href":"https:\/\/site.educa.madrid.org\/cp.hermanostora.humanes\/index.php\/wp-json\/wp\/v2\/users\/3"}],"replies":[{"embeddable":true,"href":"https:\/\/site.educa.madrid.org\/cp.hermanostora.humanes\/index.php\/wp-json\/wp\/v2\/comments?post=1503"}],"version-history":[{"count":11,"href":"https:\/\/site.educa.madrid.org\/cp.hermanostora.humanes\/index.php\/wp-json\/wp\/v2\/pages\/1503\/revisions"}],"predecessor-version":[{"id":1538,"href":"https:\/\/site.educa.madrid.org\/cp.hermanostora.humanes\/index.php\/wp-json\/wp\/v2\/pages\/1503\/revisions\/1538"}],"wp:attachment":[{"href":"https:\/\/site.educa.madrid.org\/cp.hermanostora.humanes\/index.php\/wp-json\/wp\/v2\/media?parent=1503"}],"wp:term":[{"taxonomy":"folder","embeddable":true,"href":"https:\/\/site.educa.madrid.org\/cp.hermanostora.humanes\/index.php\/wp-json\/wp\/v2\/folder?post=1503"}],"curies":[{"name":"wp","href":"https:\/\/api.w.org\/{rel}","templated":true}]}}