{"id":1763,"date":"2023-09-06T19:03:36","date_gmt":"2023-09-06T17:03:36","guid":{"rendered":"https:\/\/site.educa.madrid.org\/cp.hermanostora.humanes\/?page_id=1763"},"modified":"2026-01-27T12:55:48","modified_gmt":"2026-01-27T11:55:48","slug":"desayunos","status":"publish","type":"page","link":"https:\/\/site.educa.madrid.org\/cp.hermanostora.humanes\/index.php\/servicios\/desayunos\/","title":{"rendered":"DESAYUNOS"},"content":{"rendered":"\n<h2 class=\"wp-block-heading\">Informaci\u00f3n en relaci\u00f3n al servicio de \u00abDesayunos Escolares\u00bb.<\/h2>\n\n\n\n<p class=\"has-black-color has-text-color has-link-color has-small-font-size wp-elements-3afcf6ac3921387363759dea098ea016\">Ampliaci\u00f3n horaria de desayunos: de 7:00 a 9:00 h.<\/p>\n\n\n\n<p class=\"has-black-color has-text-color has-link-color has-small-font-size wp-elements-578d8ca75096717a7b17ec8999117914\">Con el objetivo de hacer m\u00e1s accesible el servicio, y gracias al esfuerzo del Ayuntamiento de Humanes de Madrid,\u00a0la Concejal\u00eda de Infancia ofrece este servicio por un coste que est\u00e1 en torno a:  45 \u20ac al mes o 3\u201950 \u20ac por d\u00eda (a elegir por las familias usuarias). Adem\u00e1s, todos los pagos se podr\u00e1n domiciliar para evitar desplazamientos a las familias.<\/p>\n\n\n\n<p class=\"has-black-color has-text-color has-link-color has-small-font-size wp-elements-01febd9474eb9048463e04e449fac6cd\">Al igual que a\u00f1os anteriores, la inscripci\u00f3n se puede realizar de forma online, a trav\u00e9s de un formulario habilitado por la Concejal\u00eda de Infancia, donde se podr\u00e1n adjuntar las fotocopias y la documentaci\u00f3n solicitada.<\/p>\n\n\n\n<p class=\"has-black-color has-text-color has-link-color has-small-font-size wp-elements-6df042a80d3e195fc1f9d24e69ddbef7\">Tambi\u00e9n podr\u00e1 hacerse de manera presencial, de lunes a jueves, de 09:30 a 13:30, y de 17:00 a 19:00, en la Concejal\u00eda de Infancia (C\/ Estanislao Zazo, 35).<\/p>\n\n\n\n<p class=\"has-black-color has-text-color has-link-color has-small-font-size wp-elements-fc7da95909687573b52ce0e68b2c9ac0\">Una vez m\u00e1s, se proporciona a los ni\u00f1os desayunos equilibrados y se realizan talleres, juegos l\u00fadicos y participativos, adem\u00e1s de promover h\u00e1bitos de alimentaci\u00f3n saludables.<\/p>\n\n\n\n<p>Toda la gesti\u00f3n de este servicio se realiza a trav\u00e9s del formulario que tiene habilitado la Concejal\u00eda de Infancia a trav\u00e9s de sus diferentes Redes Sociales.<\/p>\n\n\n\n<p>Formulario de inscripci\u00f3n curso 25-26: <a href=\"https:\/\/bit.ly\/3w6vc4F\">https:\/\/bit.ly\/3w6vc4F<\/a><\/p>\n\n\n\n<p><\/p>\n\n\n\n<p class=\"has-black-color has-text-color has-link-color has-small-font-size wp-elements-fda5219e57c5e39af04793b491c56396\"><\/p>\n\n\n<div class=\"wp-block-image\">\n<figure class=\"aligncenter size-large is-resized\"><img decoding=\"async\" src=\"https:\/\/site.educa.madrid.org\/cp.hermanostora.humanes\/\/wp-content\/uploads\/cp.hermanostora.humanes\/2023\/09\/desayunos-1024x563.jpg\" alt=\"\" class=\"wp-image-1767\" style=\"width:609px;height:334px\"\/><\/figure>\n<\/div>","protected":false},"excerpt":{"rendered":"<p>Informaci\u00f3n en relaci\u00f3n al servicio de \u00abDesayunos Escolares\u00bb. Ampliaci\u00f3n horaria de desayunos: de 7:00 a 9:00 h. Con el objetivo de hacer m\u00e1s accesible el servicio, y gracias al esfuerzo &#8230;<\/p>\n","protected":false},"author":3,"featured_media":0,"parent":254,"menu_order":4,"comment_status":"closed","ping_status":"closed","template":"","meta":{"footnotes":""},"folder":[],"class_list":["post-1763","page","type-page","status-publish","hentry"],"rttpg_featured_image_url":null,"rttpg_author":{"display_name":"cp.hermanostora.humanes","author_link":"https:\/\/site.educa.madrid.org\/cp.hermanostora.humanes\/index.php\/author\/cuenta_cp-hermanostora-humanes\/"},"rttpg_comment":0,"rttpg_category":false,"rttpg_excerpt":"Informaci\u00f3n en relaci\u00f3n al servicio de \u00abDesayunos Escolares\u00bb. Ampliaci\u00f3n horaria de desayunos: de 7:00 a 9:00 h. Con el objetivo de hacer m\u00e1s accesible el servicio, y gracias al esfuerzo ...","post_mailing_queue_ids":[],"_links":{"self":[{"href":"https:\/\/site.educa.madrid.org\/cp.hermanostora.humanes\/index.php\/wp-json\/wp\/v2\/pages\/1763","targetHints":{"allow":["GET"]}}],"collection":[{"href":"https:\/\/site.educa.madrid.org\/cp.hermanostora.humanes\/index.php\/wp-json\/wp\/v2\/pages"}],"about":[{"href":"https:\/\/site.educa.madrid.org\/cp.hermanostora.humanes\/index.php\/wp-json\/wp\/v2\/types\/page"}],"author":[{"embeddable":true,"href":"https:\/\/site.educa.madrid.org\/cp.hermanostora.humanes\/index.php\/wp-json\/wp\/v2\/users\/3"}],"replies":[{"embeddable":true,"href":"https:\/\/site.educa.madrid.org\/cp.hermanostora.humanes\/index.php\/wp-json\/wp\/v2\/comments?post=1763"}],"version-history":[{"count":6,"href":"https:\/\/site.educa.madrid.org\/cp.hermanostora.humanes\/index.php\/wp-json\/wp\/v2\/pages\/1763\/revisions"}],"predecessor-version":[{"id":2676,"href":"https:\/\/site.educa.madrid.org\/cp.hermanostora.humanes\/index.php\/wp-json\/wp\/v2\/pages\/1763\/revisions\/2676"}],"up":[{"embeddable":true,"href":"https:\/\/site.educa.madrid.org\/cp.hermanostora.humanes\/index.php\/wp-json\/wp\/v2\/pages\/254"}],"wp:attachment":[{"href":"https:\/\/site.educa.madrid.org\/cp.hermanostora.humanes\/index.php\/wp-json\/wp\/v2\/media?parent=1763"}],"wp:term":[{"taxonomy":"folder","embeddable":true,"href":"https:\/\/site.educa.madrid.org\/cp.hermanostora.humanes\/index.php\/wp-json\/wp\/v2\/folder?post=1763"}],"curies":[{"name":"wp","href":"https:\/\/api.w.org\/{rel}","templated":true}]}}