{"id":269,"date":"2022-02-16T14:05:27","date_gmt":"2022-02-16T13:05:27","guid":{"rendered":"https:\/\/site.educa.madrid.org\/cp.hermanostora.humanes\/?page_id=269"},"modified":"2026-01-28T14:28:27","modified_gmt":"2026-01-28T13:28:27","slug":"historia-del-centro","status":"publish","type":"page","link":"https:\/\/site.educa.madrid.org\/cp.hermanostora.humanes\/index.php\/inicio\/historia-del-centro\/","title":{"rendered":"HISTORIA DEL CENTRO"},"content":{"rendered":"\n<style>\n.historia-centro {\n  max-width: 1000px;\n  margin: auto;\n}\n\n.intro-historia {\n  font-size: 1.05rem;\n  margin-bottom: 20px;\n}\n\n.documento-historico {\n  background: #f5f8fc;\n  border-left: 6px solid #003a8f;\n  padding: 25px;\n  border-radius: 12px;\n  margin: 35px 0;\n}\n\n.documento-historico h3 {\n  color: #003a8f;\n}\n\n.btn-historia {\n  display: inline-block;\n  margin-top: 15px;\n  background: #003a8f;\n  color: #fff;\n  padding: 14px 22px;\n  border-radius: 8px;\n  text-decoration: none;\n  font-weight: 600;\n  transition: 0.3s;\n}\n\n.btn-historia:hover {\n  background: #c62828;\n}\n\n.galeria-historica h3 {\n  margin-bottom: 15px;\n}\n\n.galeria-grid {\n  display: grid;\n  grid-template-columns: repeat(auto-fit, minmax(220px, 1fr));\n  gap: 18px;\n}\n\n.galeria-grid img {\n  width: 100%;\n  height: 180px;\n  object-fit: cover;\n  border-radius: 10px;\n  filter: grayscale(20%);\n  transition: transform 0.35s ease, filter 0.35s ease;\n}\n.galeria-grid img {\n  box-shadow: 0 6px 18px rgba(0,0,0,0.18);\n}\n\n\n.galeria-grid img:hover {\n  transform: scale(1.35);\n  filter: grayscale(0%);\n}\n<\/style>\n\n\n\n<section class=\"historia-centro\">\n\n\n  <p class=\"intro-historia\">\n    El CEIP Hermanos Tor\u00e1 forma parte de la historia educativa de Humanes de Madrid.\n    Desde sus primeros a\u00f1os, el centro ha sido un referente de convivencia,\n    compromiso educativo y cercan\u00eda con las familias.\n  <\/p>\n\n  <p>\n    En esta p\u00e1gina se recoge el testimonio escrito por el primer director del centro,\n    as\u00ed como algunas im\u00e1genes de los primeros a\u00f1os de la escuela.\n  <\/p>\n\n\n\n<div class=\"documento-historico\">\n    <h3>\ud83d\udcdc Documento hist\u00f3rico<\/h3>\n\n    <p>\n      Accede al documento original redactado por el primer director del centro,\n      en el que se relata la creaci\u00f3n y los primeros a\u00f1os del CEIP Hermanos Tor\u00e1.\n    <\/p>\n\n    <a href=\"https:\/\/site.educa.madrid.org\/cp.hermanostora.humanes\/\/wp-content\/uploads\/cp.hermanostora.humanes\/2026\/01\/1-Historia-CEIP-Hermanos-Tora-1.pdf\" target=\"_blank\" class=\"btn-historia\">\n      \ud83d\udcd8 Leer la historia del centro (PDF)\n    <\/a>\n  <\/div>\n\n\n\n<div class=\"galeria-historica\">\n    <h3>\ud83d\udcf7 Im\u00e1genes de los primeros a\u00f1os<\/h3>\n\n    <div class=\"galeria-grid\">\n          <img decoding=\"async\" src=\"https:\/\/site.educa.madrid.org\/cp.hermanostora.humanes\/\/wp-content\/uploads\/cp.hermanostora.humanes\/2022\/02\/USB-0424-0001-1-1024x724.jpg\" alt=\"Vista a\u00e9rea del centro en los a\u00f1os 50 (Actual edificio del comedor y del Pabell\u00f3n de Srvicios\" \">\n      <img decoding=\"async\" src=\"https:\/\/site.educa.madrid.org\/cp.hermanostora.humanes\/\/wp-content\/uploads\/cp.hermanostora.humanes\/2022\/02\/USB-0426-1-1024x722.jpg\" alt=\"Fotograf\u00eda del centro antiguamente\">\n  <img decoding=\"async\" src=\"https:\/\/site.educa.madrid.org\/cp.hermanostora.humanes\/\/wp-content\/uploads\/cp.hermanostora.humanes\/2022\/02\/USB-0424-0003-1-1024x724.jpg\" alt=\"Fotos de alumnado  a\u00f1os 70\">\n      <img decoding=\"async\" src=\"https:\/\/site.educa.madrid.org\/cp.hermanostora.humanes\/\/wp-content\/uploads\/cp.hermanostora.humanes\/2022\/02\/USB-0424-0002-1-1024x724.jpg\" alt=\"Fotos de alumnado  a\u00f1os 70o\">\n    <\/div>\n  <\/div>\n\n<\/section>\n\n\n\n<p><\/p>\n","protected":false},"excerpt":{"rendered":"<p>El CEIP Hermanos Tor\u00e1 forma parte de la historia educativa de Humanes de Madrid. Desde sus primeros a\u00f1os, el centro ha sido un referente de convivencia, compromiso educativo y cercan\u00eda &#8230;<\/p>\n","protected":false},"author":3,"featured_media":0,"parent":478,"menu_order":0,"comment_status":"closed","ping_status":"closed","template":"","meta":{"footnotes":""},"folder":[],"class_list":["post-269","page","type-page","status-publish","hentry"],"rttpg_featured_image_url":null,"rttpg_author":{"display_name":"cp.hermanostora.humanes","author_link":"https:\/\/site.educa.madrid.org\/cp.hermanostora.humanes\/index.php\/author\/cuenta_cp-hermanostora-humanes\/"},"rttpg_comment":0,"rttpg_category":false,"rttpg_excerpt":"El CEIP Hermanos Tor\u00e1 forma parte de la historia educativa de Humanes de Madrid. Desde sus primeros a\u00f1os, el centro ha sido un referente de convivencia, compromiso educativo y cercan\u00eda ...","post_mailing_queue_ids":[],"_links":{"self":[{"href":"https:\/\/site.educa.madrid.org\/cp.hermanostora.humanes\/index.php\/wp-json\/wp\/v2\/pages\/269","targetHints":{"allow":["GET"]}}],"collection":[{"href":"https:\/\/site.educa.madrid.org\/cp.hermanostora.humanes\/index.php\/wp-json\/wp\/v2\/pages"}],"about":[{"href":"https:\/\/site.educa.madrid.org\/cp.hermanostora.humanes\/index.php\/wp-json\/wp\/v2\/types\/page"}],"author":[{"embeddable":true,"href":"https:\/\/site.educa.madrid.org\/cp.hermanostora.humanes\/index.php\/wp-json\/wp\/v2\/users\/3"}],"replies":[{"embeddable":true,"href":"https:\/\/site.educa.madrid.org\/cp.hermanostora.humanes\/index.php\/wp-json\/wp\/v2\/comments?post=269"}],"version-history":[{"count":14,"href":"https:\/\/site.educa.madrid.org\/cp.hermanostora.humanes\/index.php\/wp-json\/wp\/v2\/pages\/269\/revisions"}],"predecessor-version":[{"id":2701,"href":"https:\/\/site.educa.madrid.org\/cp.hermanostora.humanes\/index.php\/wp-json\/wp\/v2\/pages\/269\/revisions\/2701"}],"up":[{"embeddable":true,"href":"https:\/\/site.educa.madrid.org\/cp.hermanostora.humanes\/index.php\/wp-json\/wp\/v2\/pages\/478"}],"wp:attachment":[{"href":"https:\/\/site.educa.madrid.org\/cp.hermanostora.humanes\/index.php\/wp-json\/wp\/v2\/media?parent=269"}],"wp:term":[{"taxonomy":"folder","embeddable":true,"href":"https:\/\/site.educa.madrid.org\/cp.hermanostora.humanes\/index.php\/wp-json\/wp\/v2\/folder?post=269"}],"curies":[{"name":"wp","href":"https:\/\/api.w.org\/{rel}","templated":true}]}}