{"id":270,"date":"2022-02-16T14:05:27","date_gmt":"2022-02-16T13:05:27","guid":{"rendered":"https:\/\/site.educa.madrid.org\/cp.hermanostora.humanes\/?page_id=270"},"modified":"2022-03-16T14:21:25","modified_gmt":"2022-03-16T13:21:25","slug":"donde-estamos","status":"publish","type":"page","link":"https:\/\/site.educa.madrid.org\/cp.hermanostora.humanes\/index.php\/inicio\/donde-estamos\/","title":{"rendered":"D\u00d3NDE ESTAMOS"},"content":{"rendered":"\n<div class=\"wp-block-group\"><div class=\"wp-block-group__inner-container is-layout-flow wp-block-group-is-layout-flow\">\n<div class=\"wp-block-columns is-layout-flex wp-container-core-columns-is-layout-9d6595d7 wp-block-columns-is-layout-flex\">\n<div class=\"wp-block-column is-layout-flow wp-block-column-is-layout-flow\">\n<iframe src=\"https:\/\/www.google.com\/maps\/embed?pb=!1m18!1m12!1m3!1d3045.192658640375!2d-3.832666084951367!3d40.24924947938482!2m3!1f0!2f0!3f0!3m2!1i1024!2i768!4f13.1!3m3!1m2!1s0xd418cac0823150b%3A0x8341f05a8c516033!2sColegio%20P%C3%BAblico%20Hermanos%20Tora!5e0!3m2!1ses!2ses!4v1647435609782!5m2!1ses!2ses\" width=\"600\" height=\"450\" style=\"border:0;\" allowfullscreen=\"\" loading=\"lazy\"><\/iframe>\n\n\n\n<p><\/p>\n\n\n\n<p><\/p>\n\n\n\n<p><\/p>\n<\/div>\n\n\n\n<div class=\"wp-block-column is-layout-flow wp-block-column-is-layout-flow\">\n<p class=\"has-text-align-center has-text-color\" style=\"color:#036f9d;font-size:32px\"><strong>C\u00d3MO LLEGAR<\/strong><\/p>\n\n\n\n<p class=\"has-text-align-center has-vivid-red-color has-text-color\"><strong>CERCAN\u00cdAS RENFE<\/strong><\/p>\n\n\n\n<p class=\"has-text-align-center\">L\u00ednea C-5 Cercan\u00edas Renfe. <\/p>\n\n\n\n<p><\/p>\n\n\n\n<p><\/p>\n\n\n\n<p class=\"has-text-align-center has-text-color\" style=\"color:#0471a0\"><strong>L\u00cdNEAS AUTOBUSES INTERURBANOS<\/strong><\/p>\n\n\n\n<p class=\"has-text-align-center\">468 GETAFE-GRI\u00d1ON-CASARRUBUELOS<\/p>\n\n\n\n<p class=\"has-text-align-center\">471 HUMANES-FUENLABRADA-PARLA<\/p>\n\n\n\n<p class=\"has-text-align-center\">496 \/ 497LEGAN\u00c9S-MORALEJA-ARROYOMOLINOS<\/p>\n<\/div>\n<\/div>\n<\/div><\/div>\n","protected":false},"excerpt":{"rendered":"<p>C\u00d3MO LLEGAR CERCAN\u00cdAS RENFE L\u00ednea C-5 Cercan\u00edas Renfe. L\u00cdNEAS AUTOBUSES INTERURBANOS 468 GETAFE-GRI\u00d1ON-CASARRUBUELOS 471 HUMANES-FUENLABRADA-PARLA 496 \/ 497LEGAN\u00c9S-MORALEJA-ARROYOMOLINOS<\/p>\n","protected":false},"author":3,"featured_media":0,"parent":478,"menu_order":0,"comment_status":"closed","ping_status":"closed","template":"","meta":{"footnotes":""},"folder":[],"class_list":["post-270","page","type-page","status-publish","hentry"],"rttpg_featured_image_url":null,"rttpg_author":{"display_name":"cp.hermanostora.humanes","author_link":"https:\/\/site.educa.madrid.org\/cp.hermanostora.humanes\/index.php\/author\/cuenta_cp-hermanostora-humanes\/"},"rttpg_comment":0,"rttpg_category":false,"rttpg_excerpt":"C\u00d3MO LLEGAR CERCAN\u00cdAS RENFE L\u00ednea C-5 Cercan\u00edas Renfe. L\u00cdNEAS AUTOBUSES INTERURBANOS 468 GETAFE-GRI\u00d1ON-CASARRUBUELOS 471 HUMANES-FUENLABRADA-PARLA 496 \/ 497LEGAN\u00c9S-MORALEJA-ARROYOMOLINOS","post_mailing_queue_ids":[],"_links":{"self":[{"href":"https:\/\/site.educa.madrid.org\/cp.hermanostora.humanes\/index.php\/wp-json\/wp\/v2\/pages\/270","targetHints":{"allow":["GET"]}}],"collection":[{"href":"https:\/\/site.educa.madrid.org\/cp.hermanostora.humanes\/index.php\/wp-json\/wp\/v2\/pages"}],"about":[{"href":"https:\/\/site.educa.madrid.org\/cp.hermanostora.humanes\/index.php\/wp-json\/wp\/v2\/types\/page"}],"author":[{"embeddable":true,"href":"https:\/\/site.educa.madrid.org\/cp.hermanostora.humanes\/index.php\/wp-json\/wp\/v2\/users\/3"}],"replies":[{"embeddable":true,"href":"https:\/\/site.educa.madrid.org\/cp.hermanostora.humanes\/index.php\/wp-json\/wp\/v2\/comments?post=270"}],"version-history":[{"count":4,"href":"https:\/\/site.educa.madrid.org\/cp.hermanostora.humanes\/index.php\/wp-json\/wp\/v2\/pages\/270\/revisions"}],"predecessor-version":[{"id":1021,"href":"https:\/\/site.educa.madrid.org\/cp.hermanostora.humanes\/index.php\/wp-json\/wp\/v2\/pages\/270\/revisions\/1021"}],"up":[{"embeddable":true,"href":"https:\/\/site.educa.madrid.org\/cp.hermanostora.humanes\/index.php\/wp-json\/wp\/v2\/pages\/478"}],"wp:attachment":[{"href":"https:\/\/site.educa.madrid.org\/cp.hermanostora.humanes\/index.php\/wp-json\/wp\/v2\/media?parent=270"}],"wp:term":[{"taxonomy":"folder","embeddable":true,"href":"https:\/\/site.educa.madrid.org\/cp.hermanostora.humanes\/index.php\/wp-json\/wp\/v2\/folder?post=270"}],"curies":[{"name":"wp","href":"https:\/\/api.w.org\/{rel}","templated":true}]}}