{"id":276,"date":"2022-02-16T14:05:27","date_gmt":"2022-02-16T13:05:27","guid":{"rendered":"https:\/\/site.educa.madrid.org\/cp.hermanostora.humanes\/?page_id=276"},"modified":"2026-02-04T14:51:41","modified_gmt":"2026-02-04T13:51:41","slug":"instalaciones","status":"publish","type":"page","link":"https:\/\/site.educa.madrid.org\/cp.hermanostora.humanes\/index.php\/servicios\/instalaciones\/","title":{"rendered":"INSTALACIONES Y RECURSOS"},"content":{"rendered":"\n<div class=\"instalaciones-wrapper\">\n  <h2 class=\"section-title\">Instalaciones del centro<\/h2>\n  <p class=\"instalaciones-intro\">\n    Nuestro centro cuenta con espacios amplios, funcionales y adaptados\n    para el desarrollo educativo, social y emocional del alumnado.\n  <\/p>\n\n  <div class=\"galeria-grid\">\n\n    <img decoding=\"async\" src=\"https:\/\/site.educa.madrid.org\/cp.hermanostora.humanes\/\/wp-content\/uploads\/cp.hermanostora.humanes\/2025\/02\/WhatsApp-Image-2025-02-03-at-11.00.10-6-1.jpeg\" alt=\"Primaria\" loading=\"lazy\">\n    <img decoding=\"async\" src=\"https:\/\/site.educa.madrid.org\/cp.hermanostora.humanes\/\/wp-content\/uploads\/cp.hermanostora.humanes\/2025\/02\/WhatsApp-Image-2025-02-03-at-11.40.05.jpeg\" alt=\"Infantil\" loading=\"lazy\">\n    <img decoding=\"async\" src=\"https:\/\/site.educa.madrid.org\/cp.hermanostora.humanes\/\/wp-content\/uploads\/cp.hermanostora.humanes\/2025\/02\/WhatsApp-Image-2025-02-03-at-11.40.05-2.jpeg\" alt=\"Aula infantil\" loading=\"lazy\">\n    <img decoding=\"async\" src=\"https:\/\/site.educa.madrid.org\/cp.hermanostora.humanes\/\/wp-content\/uploads\/cp.hermanostora.humanes\/2025\/02\/WhatsApp-Image-2025-02-03-at-11.40.06.jpeg\" alt=\"Aula infantil\" loading=\"lazy\">\n    <img decoding=\"async\" src=\"https:\/\/site.educa.madrid.org\/cp.hermanostora.humanes\/\/wp-content\/uploads\/cp.hermanostora.humanes\/2025\/02\/WhatsApp-Image-2025-02-03-at-11.40.07.jpeg\" alt=\"Aula de psicomotricidad\" loading=\"lazy\">\n    <img decoding=\"async\" src=\"https:\/\/site.educa.madrid.org\/cp.hermanostora.humanes\/\/wp-content\/uploads\/cp.hermanostora.humanes\/2025\/02\/WhatsApp-Image-2025-02-04-at-09.34.39-1-scaled.jpeg\" alt=\"Patios de infantil\" loading=\"lazy\">\n    <img decoding=\"async\" src=\"https:\/\/site.educa.madrid.org\/cp.hermanostora.humanes\/\/wp-content\/uploads\/cp.hermanostora.humanes\/2025\/02\/WhatsApp-Image-2025-02-04-at-09.34.37-scaled.jpeg\" alt=\"Patios de infantil\" loading=\"lazy\">\n    <img decoding=\"async\" src=\"https:\/\/site.educa.madrid.org\/cp.hermanostora.humanes\/\/wp-content\/uploads\/cp.hermanostora.humanes\/2025\/02\/WhatsApp-Image-2025-02-03-at-13.04.19.jpeg\" alt=\"Patios de Primaria\" loading=\"lazy\">\n    <img decoding=\"async\" src=\"https:\/\/site.educa.madrid.org\/cp.hermanostora.humanes\/\/wp-content\/uploads\/cp.hermanostora.humanes\/2025\/02\/WhatsApp-Image-2025-02-03-at-13.04.19-1.jpeg\" alt=\"Patios de Primaria\" loading=\"lazy\">\n    <img decoding=\"async\" src=\"https:\/\/site.educa.madrid.org\/cp.hermanostora.humanes\/\/wp-content\/uploads\/cp.hermanostora.humanes\/2025\/02\/WhatsApp-Image-2025-02-03-at-13.04.21-1.jpeg\" alt=\"Pista Deportiva\" loading=\"lazy\">\n    <img decoding=\"async\" src=\"https:\/\/site.educa.madrid.org\/cp.hermanostora.humanes\/\/wp-content\/uploads\/cp.hermanostora.humanes\/2025\/02\/WhatsApp-Image-2025-02-03-at-11.57.02.jpeg\" alt=\"Aula de Primaria\" loading=\"lazy\">\n    <img decoding=\"async\" src=\"https:\/\/site.educa.madrid.org\/cp.hermanostora.humanes\/\/wp-content\/uploads\/cp.hermanostora.humanes\/2025\/02\/WhatsApp-Image-2025-02-03-at-12.27.17-6.jpeg\" alt=\"Aula de Primaria\" loading=\"lazy\">\n    <img decoding=\"async\" src=\"https:\/\/site.educa.madrid.org\/cp.hermanostora.humanes\/\/wp-content\/uploads\/cp.hermanostora.humanes\/2025\/02\/WhatsApp-Image-2025-02-03-at-12.27.17-2.jpeg\" alt=\"Aula de Primaria\" loading=\"lazy\">\n    <img decoding=\"async\" src=\"https:\/\/site.educa.madrid.org\/cp.hermanostora.humanes\/\/wp-content\/uploads\/cp.hermanostora.humanes\/2025\/02\/WhatsApp-Image-2025-02-03-at-11.00.07.jpeg\" alt=\"Gimnasio\" loading=\"lazy\">\n    <img decoding=\"async\" src=\"https:\/\/site.educa.madrid.org\/cp.hermanostora.humanes\/\/wp-content\/uploads\/cp.hermanostora.humanes\/2025\/02\/WhatsApp-Image-2025-02-03-at-11.00.06.jpeg\" alt=\"Roc\u00f3dromo\" loading=\"lazy\">\n    <img decoding=\"async\" src=\"https:\/\/site.educa.madrid.org\/cp.hermanostora.humanes\/\/wp-content\/uploads\/cp.hermanostora.humanes\/2025\/02\/WhatsApp-Image-2025-02-03-at-11.51.54.jpeg\" alt=\"Comedor de Primaria\" loading=\"lazy\">\n    <img decoding=\"async\" src=\"https:\/\/site.educa.madrid.org\/cp.hermanostora.humanes\/\/wp-content\/uploads\/cp.hermanostora.humanes\/2025\/02\/WhatsApp-Image-2025-02-03-at-13.43.24.jpeg\" alt=\"Aula del Futuro\" loading=\"lazy\">\n    <img decoding=\"async\" src=\"https:\/\/site.educa.madrid.org\/cp.hermanostora.humanes\/\/wp-content\/uploads\/cp.hermanostora.humanes\/2025\/02\/WhatsApp-Image-2025-02-03-at-11.00.09-2.jpeg\" alt=\"Aula del Futuro\" loading=\"lazy\">\n    <img decoding=\"async\" src=\"https:\/\/site.educa.madrid.org\/cp.hermanostora.humanes\/\/wp-content\/uploads\/cp.hermanostora.humanes\/2025\/02\/WhatsApp-Image-2025-02-03-at-11.00.10-2.jpeg\" alt=\"Estudio de radio\" loading=\"lazy\">\n    <img decoding=\"async\" src=\"https:\/\/site.educa.madrid.org\/cp.hermanostora.humanes\/\/wp-content\/uploads\/cp.hermanostora.humanes\/2025\/02\/WhatsApp-Image-2025-02-03-at-12.27.15-1.jpeg\" alt=\"Aula de m\u00fasica\" loading=\"lazy\">\n    <img decoding=\"async\" src=\"https:\/\/site.educa.madrid.org\/cp.hermanostora.humanes\/\/wp-content\/uploads\/cp.hermanostora.humanes\/2025\/02\/WhatsApp-Image-2025-02-03-at-11.00.10-5.jpeg\" alt=\"Se\u00f1as de identidad: Escuela de basket\" loading=\"lazy\">\n    <img decoding=\"async\" src=\"https:\/\/site.educa.madrid.org\/cp.hermanostora.humanes\/\/wp-content\/uploads\/cp.hermanostora.humanes\/2025\/02\/WhatsApp-Image-2025-02-03-at-13.04.20-1.jpeg\" alt=\"Se\u00f1as de identidad: 50 a\u00f1os\" loading=\"lazy\">\n\n  <\/div>\n<\/div>\n\n<style>\n\/* GALER\u00cdA *\/\n.galeria-grid {\n  display: grid;\n  grid-template-columns: repeat(auto-fit, minmax(180px, 1fr));\n  gap: 12px;\n}\n\n.galeria-grid img {\n  width: 100%;\n  height: 180px;\n  object-fit: cover;\n  border-radius: 10px;\n  transition: transform 0.3s ease;\n}\n\n.galeria-grid img:hover {\n  transform: scale(2.12);\n}\n\n\/* TITULO Y TEXTO *\/\n.instalaciones-wrapper {\n  max-width: 1200px;\n  margin: 0 auto;\n  padding: 2rem 1rem;\n}\n\n.instalaciones-intro {\n  text-align: center;\n  margin-bottom: 2rem;\n  color: #555;\n}\n<\/style>\n\n\n\n\n<div class=\"recursos-wrapper\">\n  <h2 class=\"section-title\">Recursos del centro<\/h2>\n\n  <div class=\"recursos-grid\">\n\n    <div class=\"recurso-card\">\n      <h4>\ud83d\udcd8 Recursos educativos<\/h4>\n      <p>\n        Aulas dotadas de material did\u00e1ctico actualizado, biblioteca escolar,\n        recursos manipulativos y espacios espec\u00edficos para el aprendizaje activo.\n      <\/p>\n    <\/div>\n\n    <div class=\"recurso-card\">\n      <h4>\ud83d\udcbb Recursos digitales<\/h4>\n      <p>\n        Uso de dispositivos digitales, aulas TIC, pizarras digitales y\n        plataformas educativas como Ra\u00edces y Roble.\n      <\/p>\n    <\/div>\n\n    <div class=\"recurso-card\">\n      <h4>\ud83c\udfc3 Recursos deportivos<\/h4>\n      <p>\n        Pistas deportivas, gimnasio cubierto y material adaptado para la\n        pr\u00e1ctica de educaci\u00f3n f\u00edsica y actividades saludables.\n      <\/p>\n    <\/div>\n\n    <div class=\"recurso-card\">\n      <h4>\ud83c\udfa8 Recursos art\u00edsticos<\/h4>\n      <p>\n        Aulas espec\u00edficas de m\u00fasica y pl\u00e1stica, con materiales que fomentan\n        la creatividad y la expresi\u00f3n art\u00edstica.\n      <\/p>\n    <\/div>\n\n    <div class=\"recurso-card\">\n      <h4>\ud83c\udf31 Recursos para la convivencia<\/h4>\n      <p>\n        Patios diferenciados, huerto escolar y espacios pensados para el\n        juego, la inclusi\u00f3n y la convivencia positiva.\n      <\/p>\n    <\/div>\n\n  <\/div>\n<\/div>\n\n<style>\n.recursos-wrapper {\n  max-width: 1100px;\n  margin: 4rem auto 0;\n}\n\n.recursos-grid {\n  display: grid;\n  grid-template-columns: repeat(auto-fit, minmax(240px, 1fr));\n  gap: 1.5rem;\n}\n\n.recurso-card {\n  background: #ffffff;\n  border-radius: 14px;\n  padding: 1.5rem;\n  border-top: 5px solid #0c3c78; \/* azul *\/\n  box-shadow: 0 6px 18px rgba(0,0,0,0.08);\n}\n\n.recurso-card h4 {\n  margin-bottom: 0.6rem;\n  color: #b11226; \/* rojo *\/\n}\n<\/style>\n\n\n","protected":false},"excerpt":{"rendered":"<p>Instalaciones del centro Nuestro centro cuenta con espacios amplios, funcionales y adaptados para el desarrollo educativo, social y emocional del alumnado. Recursos del centro \ud83d\udcd8 Recursos educativos Aulas dotadas de &#8230;<\/p>\n","protected":false},"author":3,"featured_media":0,"parent":254,"menu_order":0,"comment_status":"closed","ping_status":"closed","template":"","meta":{"footnotes":""},"folder":[],"class_list":["post-276","page","type-page","status-publish","hentry"],"rttpg_featured_image_url":null,"rttpg_author":{"display_name":"cp.hermanostora.humanes","author_link":"https:\/\/site.educa.madrid.org\/cp.hermanostora.humanes\/index.php\/author\/cuenta_cp-hermanostora-humanes\/"},"rttpg_comment":0,"rttpg_category":false,"rttpg_excerpt":"Instalaciones del centro Nuestro centro cuenta con espacios amplios, funcionales y adaptados para el desarrollo educativo, social y emocional del alumnado. Recursos del centro \ud83d\udcd8 Recursos educativos Aulas dotadas de ...","post_mailing_queue_ids":[],"_links":{"self":[{"href":"https:\/\/site.educa.madrid.org\/cp.hermanostora.humanes\/index.php\/wp-json\/wp\/v2\/pages\/276","targetHints":{"allow":["GET"]}}],"collection":[{"href":"https:\/\/site.educa.madrid.org\/cp.hermanostora.humanes\/index.php\/wp-json\/wp\/v2\/pages"}],"about":[{"href":"https:\/\/site.educa.madrid.org\/cp.hermanostora.humanes\/index.php\/wp-json\/wp\/v2\/types\/page"}],"author":[{"embeddable":true,"href":"https:\/\/site.educa.madrid.org\/cp.hermanostora.humanes\/index.php\/wp-json\/wp\/v2\/users\/3"}],"replies":[{"embeddable":true,"href":"https:\/\/site.educa.madrid.org\/cp.hermanostora.humanes\/index.php\/wp-json\/wp\/v2\/comments?post=276"}],"version-history":[{"count":26,"href":"https:\/\/site.educa.madrid.org\/cp.hermanostora.humanes\/index.php\/wp-json\/wp\/v2\/pages\/276\/revisions"}],"predecessor-version":[{"id":2723,"href":"https:\/\/site.educa.madrid.org\/cp.hermanostora.humanes\/index.php\/wp-json\/wp\/v2\/pages\/276\/revisions\/2723"}],"up":[{"embeddable":true,"href":"https:\/\/site.educa.madrid.org\/cp.hermanostora.humanes\/index.php\/wp-json\/wp\/v2\/pages\/254"}],"wp:attachment":[{"href":"https:\/\/site.educa.madrid.org\/cp.hermanostora.humanes\/index.php\/wp-json\/wp\/v2\/media?parent=276"}],"wp:term":[{"taxonomy":"folder","embeddable":true,"href":"https:\/\/site.educa.madrid.org\/cp.hermanostora.humanes\/index.php\/wp-json\/wp\/v2\/folder?post=276"}],"curies":[{"name":"wp","href":"https:\/\/api.w.org\/{rel}","templated":true}]}}