{"id":282,"date":"2022-02-16T14:05:27","date_gmt":"2022-02-16T13:05:27","guid":{"rendered":"https:\/\/site.educa.madrid.org\/cp.hermanostora.humanes\/?page_id=282"},"modified":"2026-04-24T13:38:01","modified_gmt":"2026-04-24T11:38:01","slug":"comedor","status":"publish","type":"page","link":"https:\/\/site.educa.madrid.org\/cp.hermanostora.humanes\/index.php\/secretaria\/comedor\/","title":{"rendered":"COMEDOR"},"content":{"rendered":"\n<p>El comedor escolar es un servicio complementario de car\u00e1cter educativo y voluntario para las familias integrado en la vida y organizaci\u00f3n de los centros cuya programaci\u00f3n, desarrollo y evaluaci\u00f3n forman parte de su programaci\u00f3n general anual.<\/p>\n\n\n\n<div class=\"wp-block-columns is-layout-flex wp-container-core-columns-is-layout-9d6595d7 wp-block-columns-is-layout-flex\">\n<div class=\"wp-block-column is-vertically-aligned-center is-layout-flow wp-block-column-is-layout-flow\">\n<p><strong>Accede aqu\u00ed al formulario<\/strong><\/p>\n\n\n\n<figure class=\"wp-block-image size-full\"><a href=\"https:\/\/forms.gle\/KaJWKjuqN8FvNEpG7\" target=\"_blank\" rel=\" noreferrer noopener\"><img loading=\"lazy\" decoding=\"async\" width=\"3456\" height=\"1728\" src=\"https:\/\/site.educa.madrid.org\/cp.hermanostora.humanes\/\/wp-content\/uploads\/cp.hermanostora.humanes\/2025\/06\/SOLICITUD-COMEDOR-25-26.png\" alt=\"\" class=\"wp-image-2439\" srcset=\"https:\/\/site.educa.madrid.org\/cp.hermanostora.humanes\/\/wp-content\/uploads\/cp.hermanostora.humanes\/2025\/06\/SOLICITUD-COMEDOR-25-26.png 3456w, https:\/\/site.educa.madrid.org\/cp.hermanostora.humanes\/\/wp-content\/uploads\/cp.hermanostora.humanes\/2025\/06\/SOLICITUD-COMEDOR-25-26-300x150.png 300w, https:\/\/site.educa.madrid.org\/cp.hermanostora.humanes\/\/wp-content\/uploads\/cp.hermanostora.humanes\/2025\/06\/SOLICITUD-COMEDOR-25-26-1024x512.png 1024w, https:\/\/site.educa.madrid.org\/cp.hermanostora.humanes\/\/wp-content\/uploads\/cp.hermanostora.humanes\/2025\/06\/SOLICITUD-COMEDOR-25-26-768x384.png 768w, https:\/\/site.educa.madrid.org\/cp.hermanostora.humanes\/\/wp-content\/uploads\/cp.hermanostora.humanes\/2025\/06\/SOLICITUD-COMEDOR-25-26-1536x768.png 1536w, https:\/\/site.educa.madrid.org\/cp.hermanostora.humanes\/\/wp-content\/uploads\/cp.hermanostora.humanes\/2025\/06\/SOLICITUD-COMEDOR-25-26-2048x1024.png 2048w\" sizes=\"auto, (max-width: 3456px) 100vw, 3456px\" \/><\/a><\/figure>\n<\/div>\n\n\n\n<div class=\"wp-block-column is-vertically-aligned-center is-layout-flow wp-block-column-is-layout-flow\">\n<p><strong>Consulta aqu\u00ed el men\u00fa de este mes<\/strong><\/p>\n\n\n<div class=\"wp-block-image\">\n<figure class=\"aligncenter size-large is-resized\"><a href=\"https:\/\/coespa.es\/menu\/\" target=\"_blank\" rel=\"noopener\"><img loading=\"lazy\" decoding=\"async\" width=\"1024\" height=\"454\" src=\"https:\/\/site.educa.madrid.org\/cp.hermanostora.humanes\/\/wp-content\/uploads\/cp.hermanostora.humanes\/2022\/02\/HTmenu-1024x454.png\" alt=\"\" class=\"wp-image-630\" style=\"width:278px;height:123px\" srcset=\"https:\/\/site.educa.madrid.org\/cp.hermanostora.humanes\/\/wp-content\/uploads\/cp.hermanostora.humanes\/2022\/02\/HTmenu-1024x454.png 1024w, https:\/\/site.educa.madrid.org\/cp.hermanostora.humanes\/\/wp-content\/uploads\/cp.hermanostora.humanes\/2022\/02\/HTmenu-300x133.png 300w, https:\/\/site.educa.madrid.org\/cp.hermanostora.humanes\/\/wp-content\/uploads\/cp.hermanostora.humanes\/2022\/02\/HTmenu-768x340.png 768w, https:\/\/site.educa.madrid.org\/cp.hermanostora.humanes\/\/wp-content\/uploads\/cp.hermanostora.humanes\/2022\/02\/HTmenu-1536x681.png 1536w, https:\/\/site.educa.madrid.org\/cp.hermanostora.humanes\/\/wp-content\/uploads\/cp.hermanostora.humanes\/2022\/02\/HTmenu.png 1676w\" sizes=\"auto, (max-width: 1024px) 100vw, 1024px\" \/><\/a><\/figure>\n<\/div><\/div>\n\n\n\n<div class=\"wp-block-column is-vertically-aligned-center is-layout-flow wp-block-column-is-layout-flow\">\n<p><strong>Documentos\/Impresos<\/strong><\/p>\n\n\n\n<div class=\"wp-block-buttons is-layout-flex wp-block-buttons-is-layout-flex\">\n<div class=\"wp-block-button is-style-fill\"><a class=\"wp-block-button__link has-white-color has-text-color has-background wp-element-button\" href=\"https:\/\/site.educa.madrid.org\/cp.hermanostora.humanes\/\/wp-content\/uploads\/cp.hermanostora.humanes\/2022\/03\/Solicitud-de-devolucion-2.pdf\" style=\"background-color:#0071a1\" target=\"_blank\" rel=\"noreferrer noopener\">SOLICITUD DEVOLUCI\u00d3N<\/a><\/div>\n\n\n\n<div class=\"wp-block-button\"><a class=\"wp-block-button__link has-background wp-element-button\" href=\"https:\/\/site.educa.madrid.org\/cp.hermanostora.humanes\/\/wp-content\/uploads\/cp.hermanostora.humanes\/2022\/02\/Modificacion-baja-comedor-2.pdf\" style=\"background-color:#0071a1\" target=\"_blank\" rel=\"noreferrer noopener\">MODIFICACI\u00d3N \/ BAJA<\/a><\/div>\n\n\n\n<div class=\"wp-block-button\"><a class=\"wp-block-button__link has-background wp-element-button\" href=\"https:\/\/site.educa.madrid.org\/cp.hermanostora.humanes\/\/wp-content\/uploads\/cp.hermanostora.humanes\/2025\/06\/Normas-comedor.pdf\" style=\"background-color:#0071a1\">REGLAMENTO COMEDOR<\/a><\/div>\n<\/div>\n<\/div>\n<\/div>\n\n\n\n<h2 class=\"wp-block-heading\">INFORMACIONES CURSO 25\/26<\/h2>\n\n\n\n<p class=\"has-white-color has-text-color has-background\" style=\"background-color:#4b96c3\"><strong>SOLICITUD COMEDOR USUARIOS EVENTUALES<\/strong><br>Tienen que hacer una transferencia con el importe y enviarnos el justificante de pago a <a href=\"mailto:ceiphermanostora@gmail.com\">ceiphermanostora@gmail.com<\/a><br>Son 6,10 \u20ac por comida y pueden hacer la transferencia en la siguiente cuenta:<br>ES88 2100 5644 4313&nbsp;0011&nbsp;5795<br>Pongan en el concepto el nombre y el d\u00eda de uso.<br>Inf\u00f3rmenos tambi\u00e9n, por favor, si tiene alguna alergia alimenticia.<\/p>\n\n\n\n<p class=\"has-white-color has-text-color has-background\" style=\"background-color:#4b96c3\"><strong>15\/04\/2026 CAMBIOS EN LA NORMATIVA<\/strong><br><br>Nos ponemos en contacto con vosotros para informaros de que, con motivo de la entrada en vigor en abril del nuevo Real Decreto 315\/2025, se ir\u00e1n aplicando una serie de cambios en los men\u00fas escolares de los centros educativos.<br><br>Queremos trasladaros que estas modificaciones no responden a una decisi\u00f3n arbitraria ni a un cambio de criterio del centro, sino al cumplimiento de una normativa de obligado cumplimiento para los comedores escolares.<br><br>Este Real Decreto establece nuevos requisitos sobre la composici\u00f3n y frecuencia de los alimentos en los men\u00fas, priorizando una alimentaci\u00f3n m\u00e1s equilibrada y saludable.<br><br><strong>Entre otras medidas, regula la presencia semanal de legumbres, verduras, pescado, huevos y carne, limita las frituras, los precocinados y determinados productos procesados, y refuerza el consumo de fruta fresca, guarniciones vegetales y cereales integrales. Adem\u00e1s de incluir platos de base prote\u00edna vegetal de segundo plato como lentejas, garbanzos, etc.<\/strong><br><br>Adem\u00e1s, la normativa tambi\u00e9n incorpora otras obligaciones importantes, como:<br><br>-Ofrecer men\u00fas especiales en casos de alergias, intolerancias o por motivos \u00e9ticos o religiosos debidamente justificados.<br>-Facilitar informaci\u00f3n mensual detallada a las familias sobre los men\u00fas<br>-Indicar los al\u00e9rgenos presentes en cada plato.<br>-Aplicar medidas orientadas a la sostenibilidad y a la reducci\u00f3n del desperdicio alimentario.<br><br>Seg\u00fan lo establecido en la normativa, algunas de estas medidas deber\u00e1n aplicarse a partir del 15 de abril de 2026, mientras que otras entrar\u00e1n en vigor el 15 de abril de 2027.<br><br>Por ello, queremos informaros de que los cambios que puedan ir observ\u00e1ndose en los men\u00fas se realizar\u00e1n para dar cumplimiento a la legislaci\u00f3n vigente.<br><br>Agradecemos vuestra comprensi\u00f3n y colaboraci\u00f3n. Quedamos a vuestra disposici\u00f3n para resolver cualquier duda que pueda surgir.<br><br>Un cordial saludo<\/p>\n\n\n\n<p class=\"has-white-color has-text-color has-background\" style=\"background-color:#4b96c3\"><strong>09\/09\/2024 INICIO CURSO 25-26<\/strong><br>Estimadas familias de alumnos usuarios de comedor escolar.<br>Este nuevo curso tendremos un funcionamiento similar al curso anterior y el sistema de facturaci\u00f3n ser\u00e1 igual, manteniendo el precio que marca la Comunidad de Madrid. Para los usuarios ordinarios, cada mes se facturar\u00e1 el n\u00famero de d\u00edas lectivos de ese mismo mes, multiplicado por 5,50 \u20ac, que es la cuota diaria fijada por la Consejer\u00eda.<br>Para los usuarios eventuales ser\u00e1 de 6,10 \u20ac al d\u00eda.<br>Comparto enlace al calendario con el n\u00famero de d\u00edas lectivos&nbsp;<a href=\"https:\/\/site.educa.madrid.org\/cp.hermanostora.humanes\/index.php\/inicio\/horario\/#calendario\">CALENDARIO ESCOLAR<\/a><br>El cargo se realizar\u00e1 sobre el d\u00eda 10 del mes en curso, excepto el de septiembre que se enviar\u00e1 junto con el de octubre. <\/p>\n\n\n\n<p class=\"has-white-color has-text-color has-background\" style=\"background-color:#4b96c3\">Para los beneficiarios de la beca de comedor, en el primer cargo se aplicar\u00e1 ya la reducci\u00f3n de los receptores de la beca de comedor, pasando a ser un cargo diario de 1\u20ac o 3 \u20ac en funci\u00f3n de lo concedido.<\/p>\n\n\n\n<p><\/p>\n\n\n\n<p><\/p>\n","protected":false},"excerpt":{"rendered":"<p>El comedor escolar es un servicio complementario de car\u00e1cter educativo y voluntario para las familias integrado en la vida y organizaci\u00f3n de los centros cuya programaci\u00f3n, desarrollo y evaluaci\u00f3n forman &#8230;<\/p>\n","protected":false},"author":3,"featured_media":0,"parent":169,"menu_order":0,"comment_status":"closed","ping_status":"closed","template":"","meta":{"footnotes":""},"folder":[59],"class_list":["post-282","page","type-page","status-publish","hentry"],"rttpg_featured_image_url":null,"rttpg_author":{"display_name":"cp.hermanostora.humanes","author_link":"https:\/\/site.educa.madrid.org\/cp.hermanostora.humanes\/index.php\/author\/cuenta_cp-hermanostora-humanes\/"},"rttpg_comment":0,"rttpg_category":" <a href=\"https:\/\/site.educa.madrid.org\/cp.hermanostora.humanes\/?taxonomy=folder&#038;term=secretaria-1718609283-3\" rel=\"tag\">SECRETARIA<\/a>","rttpg_excerpt":"El comedor escolar es un servicio complementario de car\u00e1cter educativo y voluntario para las familias integrado en la vida y organizaci\u00f3n de los centros cuya programaci\u00f3n, desarrollo y evaluaci\u00f3n forman ...","post_mailing_queue_ids":[],"_links":{"self":[{"href":"https:\/\/site.educa.madrid.org\/cp.hermanostora.humanes\/index.php\/wp-json\/wp\/v2\/pages\/282","targetHints":{"allow":["GET"]}}],"collection":[{"href":"https:\/\/site.educa.madrid.org\/cp.hermanostora.humanes\/index.php\/wp-json\/wp\/v2\/pages"}],"about":[{"href":"https:\/\/site.educa.madrid.org\/cp.hermanostora.humanes\/index.php\/wp-json\/wp\/v2\/types\/page"}],"author":[{"embeddable":true,"href":"https:\/\/site.educa.madrid.org\/cp.hermanostora.humanes\/index.php\/wp-json\/wp\/v2\/users\/3"}],"replies":[{"embeddable":true,"href":"https:\/\/site.educa.madrid.org\/cp.hermanostora.humanes\/index.php\/wp-json\/wp\/v2\/comments?post=282"}],"version-history":[{"count":49,"href":"https:\/\/site.educa.madrid.org\/cp.hermanostora.humanes\/index.php\/wp-json\/wp\/v2\/pages\/282\/revisions"}],"predecessor-version":[{"id":2755,"href":"https:\/\/site.educa.madrid.org\/cp.hermanostora.humanes\/index.php\/wp-json\/wp\/v2\/pages\/282\/revisions\/2755"}],"up":[{"embeddable":true,"href":"https:\/\/site.educa.madrid.org\/cp.hermanostora.humanes\/index.php\/wp-json\/wp\/v2\/pages\/169"}],"wp:attachment":[{"href":"https:\/\/site.educa.madrid.org\/cp.hermanostora.humanes\/index.php\/wp-json\/wp\/v2\/media?parent=282"}],"wp:term":[{"taxonomy":"folder","embeddable":true,"href":"https:\/\/site.educa.madrid.org\/cp.hermanostora.humanes\/index.php\/wp-json\/wp\/v2\/folder?post=282"}],"curies":[{"name":"wp","href":"https:\/\/api.w.org\/{rel}","templated":true}]}}