{"id":409,"date":"2022-02-18T12:01:01","date_gmt":"2022-02-18T11:01:01","guid":{"rendered":"https:\/\/site.educa.madrid.org\/cp.hermanostora.humanes\/?page_id=409"},"modified":"2026-01-27T12:44:49","modified_gmt":"2026-01-27T11:44:49","slug":"impresos","status":"publish","type":"page","link":"https:\/\/site.educa.madrid.org\/cp.hermanostora.humanes\/index.php\/secretaria\/impresos\/","title":{"rendered":"IMPRESOS Y SOLICITUDES"},"content":{"rendered":"\n<p>Cualquiera de estos impresos debe ser descargado relleno y enviado a ceiphermanostora@gmail.com o cp.hermanostora.humanes@educa.madrid.org<\/p>\n\n\n\n<div class=\"impresos-wrapper\">\n  <h2 class=\"section-title\">Impresos Generales del Centro<\/h2>\n  <p class=\"impresos-intro\">\n    Desde esta secci\u00f3n pueden descargar los impresos necesarios para los tr\u00e1mites\n    administrativos del centro.\n  <\/p>\n\n  <div class=\"impresos-grid\">\n\n    <div class=\"impreso-card\">\n      <div class=\"impreso-icon\">\ud83d\udcc4<\/div>\n      <h4>Opci\u00f3n ense\u00f1anza religiosa<\/h4>\n      <a href=\"https:\/\/site.educa.madrid.org\/cp.hermanostora.humanes\/\/wp-content\/uploads\/cp.hermanostora.humanes\/2025\/05\/Opcion-ensenanza-religiosa-3.0_FORM.pdf\" class=\"impreso-btn\" download>\u2b07 Descargar PDF<\/a>\n    <\/div>\n\n    <div class=\"impreso-card\">\n      <div class=\"impreso-icon\">\ud83d\udcc4<\/div>\n      <h4>Solicitud Informaci\u00f3n Acad\u00e9mica por separaci\u00f3n\/divorcio<\/h4>\n      <a href=\"https:\/\/site.educa.madrid.org\/cp.hermanostora.humanes\/\/wp-content\/uploads\/cp.hermanostora.humanes\/2023\/10\/Solicitud-informacion-academica-separacion-divorcio-FORM-1.pdf\" class=\"impreso-btn\" download>\u2b07 Descargar PDF<\/a>\n    <\/div>\n\n    <div class=\"impreso-card\">\n      <div class=\"impreso-icon\">\ud83d\udcc4<\/div>\n      <h4>Solicitud Extraordinaria 25-26 r\u00e9gimen general<\/h4>\n      <a href=\"https:\/\/site.educa.madrid.org\/cp.hermanostora.humanes\/\/wp-content\/uploads\/cp.hermanostora.humanes\/2025\/08\/25_26_solicitud_extraordinaria_regimen_general.pdf\" class=\"impreso-btn\" download>\u2b07 Descargar PDF<\/a>\n    <\/div>\n\n    <div class=\"impreso-card\">\n      <div class=\"impreso-icon\">\ud83d\udcc4<\/div>\n      <h4>Solicitud copia de examen<\/h4>\n      <a href=\"https:\/\/site.educa.madrid.org\/cp.hermanostora.humanes\/\/wp-content\/uploads\/cp.hermanostora.humanes\/2023\/12\/Solicitud-copia-examenFORM.pdf\" class=\"impreso-btn\" download>\u2b07 Descargar PDF<\/a>\n    <\/div>\n\n    <div class=\"impreso-card\">\n      <div class=\"impreso-icon\">\ud83d\udcc4<\/div>\n      <h4>Solicitud devoluci\u00f3n de comedor<\/h4>\n      <a href=\"https:\/\/site.educa.madrid.org\/cp.hermanostora.humanes\/\/wp-content\/uploads\/cp.hermanostora.humanes\/2022\/03\/Solicitud-de-devolucion-2.pdf\" class=\"impreso-btn\" download>\u2b07 Descargar PDF<\/a>\n    <\/div>\n\n    <div class=\"impreso-card\">\n      <div class=\"impreso-icon\">\ud83d\udcc4<\/div>\n      <h4>Impreso modificaci\u00f3n\/baja servicio comedor<\/h4>\n      <a href=\"https:\/\/site.educa.madrid.org\/cp.hermanostora.humanes\/\/wp-content\/uploads\/cp.hermanostora.humanes\/2022\/02\/Modificacion-baja-comedor-2.pdf\" class=\"impreso-btn\" download>\u2b07 Descargar PDF<\/a>\n    <\/div>\n\n  <\/div>\n<\/div>\n\n<style>\n.impresos-wrapper {\n  max-width: 1100px;\n  margin: 0 auto;\n}\n\n.impresos-intro {\n  text-align: center;\n  margin-bottom: 2rem;\n  color: #555;\n}\n\n.impresos-grid {\n  display: grid;\n  grid-template-columns: repeat(auto-fit, minmax(220px, 1fr));\n  gap: 1.5rem;\n}\n\n.impreso-card {\n  background: #ffffff;\n  border-radius: 14px;\n  padding: 1.5rem 1rem;\n  text-align: center;\n  border-top: 5px solid #0c3c78; \/* azul *\/\n  box-shadow: 0 6px 18px rgba(0,0,0,0.08);\n  transition: transform 0.2s ease, box-shadow 0.2s ease;\n}\n\n.impreso-card:hover {\n  transform: translateY(-4px);\n  box-shadow: 0 10px 26px rgba(0,0,0,0.12);\n}\n\n.impreso-icon {\n  font-size: 2.2rem;\n  margin-bottom: 0.5rem;\n}\n\n.impreso-card h4 {\n  font-size: 1rem;\n  margin-bottom: 1rem;\n}\n\n.impreso-btn {\n  display: inline-block;\n  padding: 9px 16px;\n  background: #b11226; \/* rojo corporativo *\/\n  color: #ffffff !important;\n  border-radius: 6px;\n  font-weight: 600;\n  text-decoration: none;\n}\n\n.impreso-btn:hover {\n  background: #8f0f1f;\n}\n<\/style>\n\n\n\n\n<div class=\"manuales-wrapper\">\n  <h2 class=\"section-title\">Documentos y gu\u00edas de ayuda<\/h2>\n  <p class=\"manuales-intro\">\n    Accesos directos a herramientas y gu\u00edas \u00fatiles para la gesti\u00f3n de documentos\n    y el uso de las plataformas educativas del centro.\n  <\/p>\n\n  <div class=\"manuales-grid\">\n\n    <!-- FIRMAS DE DOCUMENTOS -->\n    <div class=\"manuales-column\">\n      <h3 class=\"manuales-subtitle\">\ud83d\udcc4 FIRMAS DE DOCUMENTOS<\/h3>\n\n      <div class=\"manual-card\">\n        <span>C\u00f3mo firmar documentos PDF<\/span>\n        <a href=\"https:\/\/view.genially.com\/6050b6a85405fe0d7a00ad13\"\n           class=\"manual-btn\"\n           target=\"_blank\" rel=\"noopener\">\n           Acceder\n        <\/a>\n      <\/div>\n\n      <div class=\"manual-card\">\n        <span>Crear firma manuscrita digital<\/span>\n        <a href=\"https:\/\/www.wisestamp.com\/handwritten-signature-generator\/\"\n           class=\"manual-btn\"\n           target=\"_blank\" rel=\"noopener\">\n           Acceder\n        <\/a>\n      <\/div>\n    <\/div>\n\n    <!-- GU\u00cdAS -->\n    <div class=\"manuales-column\">\n      <h3 class=\"manuales-subtitle\">\ud83d\udcd8 Gu\u00edas Ra\u00edces \/ Roble<\/h3>\n\n      <div class=\"manual-card\">\n        <span>Gu\u00eda visual para familias<\/span>\n        <a href=\"http:\/\/cloud.educa.madrid.org\/index.php\/s\/tBp2Ye0os4sgfHC\"\n           class=\"manual-btn\"\n           target=\"_blank\" rel=\"noopener\">\n           Acceder\n        <\/a>\n      <\/div>\n\n      <div class=\"manual-card\">\n        <span>Ventanas emergentes de Ra\u00edces<\/span>\n        <a href=\"http:\/\/cloud.educa.madrid.org\/index.php\/s\/hzWIVM3kmFjm4ox\"\n           class=\"manual-btn\"\n           target=\"_blank\" rel=\"noopener\">\n           Acceder\n        <\/a>\n      <\/div>\n\n      <div class=\"manual-card\">\n        <span>Gu\u00eda visual APP Roble<\/span>\n        <a href=\"http:\/\/cloud.educa.madrid.org\/index.php\/s\/FOEfOQlYpX4Q0Aq\"\n           class=\"manual-btn\"\n           target=\"_blank\" rel=\"noopener\">\n           Acceder\n        <\/a>\n      <\/div>\n    <\/div>\n\n  <\/div>\n<\/div>\n\n<style>\n.manuales-wrapper {\n  max-width: 1100px;\n  margin: 4rem auto 0;\n  padding-top: 2rem;\n  border-top: 2px solid #e6e6e6;\n}\n\n.manuales-intro {\n  text-align: center;\n  margin-bottom: 2rem;\n  color: #555;\n}\n\n.manuales-grid {\n  display: grid;\n  grid-template-columns: repeat(auto-fit, minmax(320px, 1fr));\n  gap: 2rem;\n}\n\n.manuales-column {\n  background: #ffffff;\n  border-radius: 14px;\n  padding: 1.5rem;\n  box-shadow: 0 6px 18px rgba(0,0,0,0.08);\n}\n\n.manuales-subtitle {\n  margin-bottom: 1.2rem;\n  color: #0c3c78; \/* azul corporativo *\/\n}\n\n.manual-card {\n  display: flex;\n  justify-content: space-between;\n  align-items: center;\n  background: #f5f7fa;\n  padding: 0.8rem 1rem;\n  border-radius: 8px;\n  margin-bottom: 0.8rem;\n}\n\n.manual-card span {\n  font-size: 0.95rem;\n}\n\n.manual-btn {\n  background: #b11226; \/* rojo corporativo *\/\n  color: #ffffff !important;\n  padding: 6px 14px;\n  border-radius: 6px;\n  font-size: 0.85rem;\n  font-weight: 600;\n  text-decoration: none;\n}\n\n.manual-btn:hover {\n  background: #8f0f1f;\n}\n<\/style>\n\n","protected":false},"excerpt":{"rendered":"<p>Cualquiera de estos impresos debe ser descargado relleno y enviado a ceiphermanostora@gmail.com o cp.hermanostora.humanes@educa.madrid.org Impresos Generales del Centro Desde esta secci\u00f3n pueden descargar los impresos necesarios para los tr\u00e1mites administrativos &#8230;<\/p>\n","protected":false},"author":5,"featured_media":0,"parent":169,"menu_order":0,"comment_status":"closed","ping_status":"closed","template":"","meta":{"footnotes":""},"folder":[59],"class_list":["post-409","page","type-page","status-publish","hentry"],"rttpg_featured_image_url":null,"rttpg_author":{"display_name":"Jes\u00fas Mart\u00edn Montes","author_link":"https:\/\/site.educa.madrid.org\/cp.hermanostora.humanes\/index.php\/author\/jess_martn-montes\/"},"rttpg_comment":0,"rttpg_category":" <a href=\"https:\/\/site.educa.madrid.org\/cp.hermanostora.humanes\/?taxonomy=folder&#038;term=secretaria-1718609283-3\" rel=\"tag\">SECRETARIA<\/a>","rttpg_excerpt":"Cualquiera de estos impresos debe ser descargado relleno y enviado a ceiphermanostora@gmail.com o cp.hermanostora.humanes@educa.madrid.org Impresos Generales del Centro Desde esta secci\u00f3n pueden descargar los impresos necesarios para los tr\u00e1mites administrativos ...","post_mailing_queue_ids":[],"_links":{"self":[{"href":"https:\/\/site.educa.madrid.org\/cp.hermanostora.humanes\/index.php\/wp-json\/wp\/v2\/pages\/409","targetHints":{"allow":["GET"]}}],"collection":[{"href":"https:\/\/site.educa.madrid.org\/cp.hermanostora.humanes\/index.php\/wp-json\/wp\/v2\/pages"}],"about":[{"href":"https:\/\/site.educa.madrid.org\/cp.hermanostora.humanes\/index.php\/wp-json\/wp\/v2\/types\/page"}],"author":[{"embeddable":true,"href":"https:\/\/site.educa.madrid.org\/cp.hermanostora.humanes\/index.php\/wp-json\/wp\/v2\/users\/5"}],"replies":[{"embeddable":true,"href":"https:\/\/site.educa.madrid.org\/cp.hermanostora.humanes\/index.php\/wp-json\/wp\/v2\/comments?post=409"}],"version-history":[{"count":32,"href":"https:\/\/site.educa.madrid.org\/cp.hermanostora.humanes\/index.php\/wp-json\/wp\/v2\/pages\/409\/revisions"}],"predecessor-version":[{"id":2673,"href":"https:\/\/site.educa.madrid.org\/cp.hermanostora.humanes\/index.php\/wp-json\/wp\/v2\/pages\/409\/revisions\/2673"}],"up":[{"embeddable":true,"href":"https:\/\/site.educa.madrid.org\/cp.hermanostora.humanes\/index.php\/wp-json\/wp\/v2\/pages\/169"}],"wp:attachment":[{"href":"https:\/\/site.educa.madrid.org\/cp.hermanostora.humanes\/index.php\/wp-json\/wp\/v2\/media?parent=409"}],"wp:term":[{"taxonomy":"folder","embeddable":true,"href":"https:\/\/site.educa.madrid.org\/cp.hermanostora.humanes\/index.php\/wp-json\/wp\/v2\/folder?post=409"}],"curies":[{"name":"wp","href":"https:\/\/api.w.org\/{rel}","templated":true}]}}