{"id":1177,"date":"2023-06-26T14:02:19","date_gmt":"2023-06-26T12:02:19","guid":{"rendered":"https:\/\/site.educa.madrid.org\/cp.infantaleonor.madrid\/?page_id=1177"},"modified":"2026-04-10T08:50:33","modified_gmt":"2026-04-10T06:50:33","slug":"admision-de-alumnado-2","status":"publish","type":"page","link":"https:\/\/site.educa.madrid.org\/cp.infantaleonor.madrid\/index.php\/secretaria\/admision-de-alumnado-2\/","title":{"rendered":"Admisi\u00f3n de alumnado"},"content":{"rendered":"<table style=\"width: 100%; border-width: 0px; border-color: transparent;\">\n<tbody>\n<tr style=\"background-color: #3041bf; border-width: 0px;\">\n<td style=\"font-size: 16px; color: white; padding: 10px; border-width: 0px; border-radius: 20px; text-align: center;\"><span style=\"font-size: 18.6667px;\"><b>CURSO 2026\/2027<\/b><\/span><\/td>\n<\/tr>\n<\/tbody>\n<\/table>\n<table style=\"width: 100%;\">\n<tbody>\n<tr>\n<td style=\"border-width: 5px; border-color: white; background-color: #a4b6ff; padding: 10px;\" colspan=\"4\"><span class=\"Archivo_PDF\" style=\"color: #000000;\"> <a style=\"color: #000000;\" href=\"https:\/\/site.educa.madrid.org\/cp.infantaleonor.madrid\/\/wp-content\/uploads\/cp.infantaleonor.madrid\/2026\/03\/JORNADA-PUERTAS-ABIERTAS-26-27.pdf\" target=\"_blank\" rel=\"noopener\">\ud83d\udcc4 JORNADA DE PUERTAS ABIERTAS<\/a><\/span><\/td>\n<\/tr>\n<tr>\n<td style=\"border-width: 5px; border-color: white; background-color: #a4b6ff; padding: 10px;\" colspan=\"4\"><span class=\"Archivo_PDF\" style=\"color: #000000;\"> <a style=\"color: #000000;\" href=\"https:\/\/site.educa.madrid.org\/cp.infantaleonor.madrid\/\/wp-content\/uploads\/cp.infantaleonor.madrid\/2026\/03\/Presentacionadmision2627.pptx.pdf\" target=\"_blank\" rel=\"noopener\">\ud83d\udcc4 PRESENTACI\u00d3N-RESUMEN ADMISI\u00d3N 2026\/2027<\/a><\/span><\/td>\n<\/tr>\n<tr>\n<td style=\"border-width: 5px; border-color: white; background-color: #a4b6ff; padding: 10px;\" colspan=\"4\"><span class=\"Archivo_PDF\" style=\"color: #000000;\"> <a style=\"color: #000000;\" href=\"https:\/\/site.educa.madrid.org\/cp.infantaleonor.madrid\/\/wp-content\/uploads\/cp.infantaleonor.madrid\/2026\/01\/RESOLUCION-PROCESO-DE-ADMISION-DEL-CURSO-26-27.pdf\" target=\"_blank\" rel=\"noopener\">\ud83d\udcc4 RESOLUCI\u00d3N DEL PROCESO DE ADMISI\u00d3N CURSO 26-27<\/a><\/span><\/td>\n<\/tr>\n<tr>\n<td style=\"border-width: 5px; border-color: white; background-color: #a4b6ff; padding: 10px;\" colspan=\"4\"><span class=\"Archivo_PDF\" style=\"color: #000000;\"> <a style=\"color: #000000;\" href=\"https:\/\/site.educa.madrid.org\/cp.infantaleonor.madrid\/\/wp-content\/uploads\/cp.infantaleonor.madrid\/2026\/01\/CALENDARIO-DE-ACTUACIONES-26-27.pdf\" target=\"_blank\" rel=\"noopener\">\ud83d\udcc4 CALENDARIO DE ACTUACIONES<\/a><\/span><\/td>\n<\/tr>\n<tr>\n<td style=\"border-width: 5px; border-color: white; background-color: #a4b6ff; padding: 10px;\" colspan=\"4\"><span class=\"Archivo_PDF\" style=\"color: #000000;\"> <a style=\"color: #000000;\" href=\"https:\/\/site.educa.madrid.org\/cp.infantaleonor.madrid\/\/wp-content\/uploads\/cp.infantaleonor.madrid\/2026\/01\/BAREMO-DE-SOLICITUDES-PARA-EL-PROCESO-DE-ADMISION-DE-ALUMNOS-26_27.pdf\" target=\"_blank\" rel=\"noopener\">\ud83d\udcc4 BAREMO DE PUNTUACI\u00d3N<\/a><\/span><\/td>\n<\/tr>\n<tr>\n<td style=\"border-width: 5px; border-color: white; background-color: #a4b6ff; padding: 10px;\" colspan=\"4\"><span class=\"Archivo_PDF\" style=\"color: #000000;\"> <a style=\"color: #000000;\" href=\"https:\/\/site.educa.madrid.org\/cp.infantaleonor.madrid\/\/wp-content\/uploads\/cp.infantaleonor.madrid\/2026\/01\/CRITERIOS-APROBADOS-POR-EL-CENTRO-PARA-LOS-PUNTOS-COMPLEMENTARIOS.pdf\" target=\"_blank\" rel=\"noopener\">\ud83d\udcc4 CRITERIOS APROBADOS POR EL CENTRO PARA LOS PUNTOS COMPLEMENTARIOS<\/a><\/span><\/td>\n<\/tr>\n<tr>\n<td style=\"border-width: 5px; border-color: white; background-color: #a4b6ff; padding: 10px;\" colspan=\"4\"><span class=\"Archivo_PDF\" style=\"color: #000000;\"> <a style=\"color: #000000;\" href=\"https:\/\/site.educa.madrid.org\/cp.infantaleonor.madrid\/\/wp-content\/uploads\/cp.infantaleonor.madrid\/2025\/03\/SAE-actualizado.pdf\" target=\"_blank\" rel=\"noopener\">\ud83d\udcc4 SERVICIO DE APOYO A LA ESCOLARIZACI\u00d3N<\/a><\/span><\/td>\n<\/tr>\n<tr>\n<td style=\"border-width: 5px; border-color: white; background-color: #a4b6ff; padding: 10px;\" colspan=\"4\"><span class=\"Archivo_PDF\" style=\"color: #000000;\"> <a style=\"color: #000000;\" href=\"https:\/\/site.educa.madrid.org\/cp.infantaleonor.madrid\/\/wp-content\/uploads\/cp.infantaleonor.madrid\/2026\/03\/INFORMACION-BASICA-PROCESO-ADMISION-1.pdf\" target=\"_blank\" rel=\"noopener\">\ud83d\udcc4 INFORMACI\u00d3N B\u00c1SICA SOBRE EL PROCESO DE ADMISI\u00d3N <\/a><\/span><\/td>\n<\/tr>\n<tr>\n<td style=\"border-width: 5px; border-color: white; background-color: #a4b6ff; padding: 10px;\" colspan=\"4\"><span style=\"color: #000000;\">\u2193 INFORMACI\u00d3N SOBRE ADMISI\u00d3N PARA FAMILIAS DE 6.\u00ba DE PRIMARIA<\/span><\/td>\n<\/tr>\n<tr>\n<td style=\"width: 5%; text-align: center;\">\u00a0<\/td>\n<td style=\"border-width: 5px; border-color: white; background-color: #cbd5ff; padding: 10px;\" colspan=\"3\"><span style=\"color: #000000;\"><span class=\"Archivo_PDF\" style=\"color: #000000;\"><span class=\"Archivo_PDF\"><strong>\ud83d\udcc4 <\/strong><\/span><\/span>\u00a0<a style=\"color: #000000;\" href=\"https:\/\/site.educa.madrid.org\/cp.infantaleonor.madrid\/\/wp-content\/uploads\/cp.infantaleonor.madrid\/2026\/01\/INFORMACION-SOBRE-ADMISION-A-LA-ESO.pdf\" target=\"_blank\" rel=\"noopener\">INFORMACI\u00d3N SOBRE ADMISI\u00d3N A LA ESO<\/a><\/span><\/td>\n<\/tr>\n<tr>\n<td style=\"width: 5%; text-align: center;\">\u00a0<\/td>\n<td style=\"border-width: 5px; border-color: white; background-color: #cbd5ff; padding: 10px;\" colspan=\"3\"><span class=\"Archivo_PDF\" style=\"color: #000000;\"><span class=\"Archivo_PDF\"><strong>\ud83d\udcc4 <\/strong><\/span>\u00a0<a style=\"color: #000000;\" href=\"https:\/\/site.educa.madrid.org\/cp.infantaleonor.madrid\/\/wp-content\/uploads\/cp.infantaleonor.madrid\/2026\/01\/CENTROS-ADSCRITOS-A-NIVEL-SUPERIOR-A-EFECTOS-DE-ESCOLARIZACION.pdf\" target=\"_blank\" rel=\"noopener\">CENTROS ADSCRITOS A NIVEL SUPERIOR A EFECTOS DE ESCOLARIZACI\u00d3N<\/a><\/span><\/td>\n<\/tr>\n<tr>\n<td style=\"border-width: 5px; border-color: white; background-color: #a4b6ff; padding: 10px;\" colspan=\"4\"><span class=\"Archivo_PDF\" style=\"color: #000000;\"> <a style=\"color: #000000;\" href=\"https:\/\/site.educa.madrid.org\/cp.infantaleonor.madrid\/\/wp-content\/uploads\/cp.infantaleonor.madrid\/2026\/01\/RECLAMACION-A-LOS-LISTADOS-PROVISIONALES-EN-PRIMERA-OPCION.pdf\" target=\"_blank\" rel=\"noopener\">\ud83d\udcc4 RECLAMACI\u00d3N A LISTADOS PROVISIONALES DE ALUMNOS SOLICITANTES DEL CENTRO EN PRIMERA OPCI\u00d3N<\/a><\/span><\/td>\n<\/tr>\n<tr>\n<td style=\"border-width: 5px; border-color: white; background-color: #a4b6ff; padding: 10px;\" colspan=\"4\"><span class=\"Archivo_PDF\" style=\"color: #000000;\"> <a style=\"color: #000000;\" href=\"https:\/\/site.educa.madrid.org\/cp.infantaleonor.madrid\/\/wp-content\/uploads\/cp.infantaleonor.madrid\/2026\/01\/RECLAMACION-PUNTUACION-PROVISIONAL-OBTENIDA.pdf\" target=\"_blank\" rel=\"noopener\">\ud83d\udcc4 RECLAMACI\u00d3N A LA PUNTUACI\u00d3N PROVISIONAL OBTENIDA<\/a><\/span><\/td>\n<\/tr>\n<tr>\n<td style=\"border-width: 5px; border-color: white; background-color: #a4b6ff; padding: 10px;\" colspan=\"4\"><span class=\"Archivo_PDF\" style=\"color: #000000;\"> <a style=\"color: #000000;\" href=\"https:\/\/site.educa.madrid.org\/cp.infantaleonor.madrid\/\/wp-content\/uploads\/cp.infantaleonor.madrid\/2026\/04\/RESULTADO-DEL-SORTEO-PUBLICO_CURSO-2026_2026_signed.pdf\" target=\"_blank\" rel=\"noopener\">\ud83d\udcc4 RESULTADO SORTEO P\u00daBLICO <\/a><span style=\"color: #ff0000; font-size:10px;\">(NUEVO)<\/span><\/span><\/td>\n<\/tr>\n<tr>\n<td style=\"border-width: 5px; border-color: white; background-color: #a4b6ff; padding: 10px;\" colspan=\"4\"><span class=\"Archivo_PDF\" style=\"color: #000000;\"> <a style=\"color: #000000;\" href=\"https:\/\/site.educa.madrid.org\/cp.infantaleonor.madrid\/\/wp-content\/uploads\/cp.infantaleonor.madrid\/2026\/03\/Anexo_I._Plazas_vacantes_ofertadas_Publicable_signed.pdf\" target=\"_blank\" rel=\"noopener\">\ud83d\udcc4 VACANTES OFERTADAS<\/a><\/span><\/td>\n<\/tr>\n<tr>\n<td style=\"border-width: 5px; border-color: white; background-color: #a4b6ff; padding: 10px;\" colspan=\"4\"><span class=\"Archivo_PDF\" style=\"color: #000000;\"><a style=\"color: #000000;\" href=\"https:\/\/site.educa.madrid.org\/cp.infantaleonor.madrid\/index.php\/secretaria\/admision-de-alumnado-2\/sobre-de-matricula-2026-2027\/\" target=\"_self\" rel=\"noopener\"><strong>\u2192 SOBRE DE MATR\u00cdCULA<\/strong><\/a><\/span><\/td>\n<\/tr>\n<\/tbody>\n<\/table>\n<table style=\"width: 100%; border-width: 0px; border-color: transparent;\">\n<tbody>\n<tr style=\"background-color: #3041bf; border-width: 0px;\">\n<td style=\"font-size: 16px; color: white; padding: 10px; border-width: 0px; border-radius: 20px; text-align: center;\"><span style=\"font-size: 18.6667px;\"><b>CURSO 2025\/2026<\/b><\/span><\/td>\n<\/tr>\n<\/tbody>\n<\/table>\n<table style=\"width: 100%;\">\n<tbody>\n<tr>\n<td style=\"border-width: 5px; border-color: white; background-color: #ffeea4; padding: 10px;\" colspan=\"4\"><span class=\"Archivo_PDF\" style=\"color: #000000;\"> <a style=\"color: #000000;\" href=\"https:\/\/www.canva.com\/design\/DAF9UWeA4jE\/6EzhQfvMwukJWVa4ILSDuw\/view?utm_content=DAF9UWeA4jE&amp;utm_campaign=designshare&amp;utm_medium=link2&amp;utm_source=uniquelinks&amp;utlId=h5a46e2f8d6#1\" target=\"_blank\" rel=\"noopener\">\ud83d\udcbb PRESENTACI\u00d3N-RESUMEN ADMISI\u00d3N 2025\/2026<\/a><\/span><\/td>\n<\/tr>\n<tr>\n<td style=\"border-width: 5px; border-color: white; background-color: #a4b6ff; padding: 10px;\" colspan=\"4\"><span class=\"Archivo_PDF\" style=\"color: #000000;\"> <a style=\"color: #000000;\" href=\"https:\/\/site.educa.madrid.org\/cp.infantaleonor.madrid\/\/wp-content\/uploads\/cp.infantaleonor.madrid\/2025\/02\/BOCM-20241213-26.EPS_.pdf\" target=\"_blank\" rel=\"noopener\">\ud83d\udcc4 RESOLUCI\u00d3N DEL PROCESO DE ADMISI\u00d3N CURSO 25-26<\/a><\/span><\/td>\n<\/tr>\n<tr>\n<td style=\"border-width: 5px; border-color: white; background-color: #a4b6ff; padding: 10px;\" colspan=\"4\"><span class=\"Archivo_PDF\" style=\"color: #000000;\"> <a style=\"color: #000000;\" href=\"https:\/\/site.educa.madrid.org\/cp.infantaleonor.madrid\/\/wp-content\/uploads\/cp.infantaleonor.madrid\/2025\/01\/PLAZO-DE-PRESENTACION-DE-INSTANCIAS-2526.pdf\" target=\"_blank\" rel=\"noopener\">\ud83d\udcc4 CALENDARIO DE ACTUACIONES<\/a><\/span><\/td>\n<\/tr>\n<tr>\n<td style=\"border-width: 5px; border-color: white; background-color: #a4b6ff; padding: 10px;\" colspan=\"4\"><span class=\"Archivo_PDF\" style=\"color: #000000;\"> <a style=\"color: #000000;\" href=\"https:\/\/site.educa.madrid.org\/cp.infantaleonor.madrid\/\/wp-content\/uploads\/cp.infantaleonor.madrid\/2025\/03\/ANEXO-I-VACANTES-OFERTADAS.pdf\" target=\"_blank\" rel=\"noopener\">\ud83d\udcc4 PREVISI\u00d3N DE VACANTES PARA EL CURSO 2025-2026<\/a><\/span><\/td>\n<\/tr>\n<tr>\n<td style=\"border-width: 5px; border-color: white; background-color: #a4b6ff; padding: 10px;\" colspan=\"4\"><span class=\"Archivo_PDF\" style=\"color: #000000;\"> <a style=\"color: #000000;\" href=\"https:\/\/site.educa.madrid.org\/cp.infantaleonor.madrid\/\/wp-content\/uploads\/cp.infantaleonor.madrid\/2025\/02\/BAREMO-DE-SOLICITUDES-PARA-EL-PROCESO-DE-ADMISION-DE-ALUMNOS-2526.pdf\" target=\"_blank\" rel=\"noopener\">\ud83d\udcc4 BAREMO DE PUNTUACI\u00d3N<\/a><\/span><\/td>\n<\/tr>\n<tr>\n<td style=\"border-width: 5px; border-color: white; background-color: #a4b6ff; padding: 10px;\" colspan=\"4\"><span class=\"Archivo_PDF\" style=\"color: #000000;\"> <a style=\"color: #000000;\" href=\"https:\/\/site.educa.madrid.org\/cp.infantaleonor.madrid\/\/wp-content\/uploads\/cp.infantaleonor.madrid\/2025\/02\/CRITERIOS-COMPLEMENTARIOS-2526.pdf\" target=\"_blank\" rel=\"noopener\">\ud83d\udcc4 CRITERIOS APROBADOS POR EL CENTRO PARA LOS PUNTOS COMPLEMENTARIOS<\/a><\/span><\/td>\n<\/tr>\n<tr>\n<td style=\"border-width: 5px; border-color: white; background-color: #a4b6ff; padding: 10px;\" colspan=\"4\"><span class=\"Archivo_PDF\" style=\"color: #000000;\"> <a style=\"color: #000000;\" href=\"https:\/\/site.educa.madrid.org\/cp.infantaleonor.madrid\/\/wp-content\/uploads\/cp.infantaleonor.madrid\/2025\/03\/SAE-actualizado.pdf\" target=\"_blank\" rel=\"noopener\">\ud83d\udcc4 SERVICIO DE APOYO A LA ESCOLARIZACI\u00d3N<\/a><\/span><\/td>\n<\/tr>\n<tr>\n<td style=\"border-width: 5px; border-color: white; background-color: #a4b6ff; padding: 10px;\" colspan=\"4\"><span class=\"Archivo_PDF\" style=\"color: #000000;\"> <a style=\"color: #000000;\" href=\"https:\/\/site.educa.madrid.org\/cp.infantaleonor.madrid\/\/wp-content\/uploads\/cp.infantaleonor.madrid\/2025\/01\/JORNADA-DE-PUERTAS-ABIERTAS.pdf\" target=\"_blank\" rel=\"noopener\">\ud83d\udcc4 JORNADA DE PUERTAS ABIERTAS<\/a><\/span><\/td>\n<\/tr>\n<tr>\n<td style=\"border-width: 5px; border-color: white; background-color: #a4b6ff; padding: 10px;\" colspan=\"4\"><span style=\"color: #000000;\">\u2193 INFORMACI\u00d3N SOBRE ADMISI\u00d3N PARA FAMILIAS DE 6.\u00ba DE PRIMARIA<\/span><\/td>\n<\/tr>\n<tr>\n<td style=\"width: 5%; text-align: center;\">\u00a0<\/td>\n<td style=\"border-width: 5px; border-color: white; background-color: #cbd5ff; padding: 10px;\" colspan=\"3\"><span style=\"color: #000000;\"><span class=\"Archivo_PDF\" style=\"color: #000000;\"><span class=\"Archivo_PDF\"><strong>\ud83d\udcc4 <\/strong><\/span><\/span>\u00a0<a style=\"color: #000000;\" href=\"https:\/\/site.educa.madrid.org\/cp.infantaleonor.madrid\/\/wp-content\/uploads\/cp.infantaleonor.madrid\/2025\/02\/CIRCULAR-INF-FAMILIAS-INSTITUTO.pdf\" target=\"_blank\" rel=\"noopener\">INFORMACI\u00d3N SOBRE ADMISI\u00d3N A LA ESO<\/a><\/span><\/td>\n<\/tr>\n<tr>\n<td style=\"width: 5%; text-align: center;\">\u00a0<\/td>\n<td style=\"border-width: 5px; border-color: white; background-color: #cbd5ff; padding: 10px;\" colspan=\"3\"><span class=\"Archivo_PDF\" style=\"color: #000000;\"><span class=\"Archivo_PDF\"><strong>\ud83d\udcc4 <\/strong><\/span>\u00a0<a style=\"color: #000000;\" href=\"https:\/\/site.educa.madrid.org\/cp.infantaleonor.madrid\/\/wp-content\/uploads\/cp.infantaleonor.madrid\/2025\/02\/CENTROS-ADSCRITOS-SUPERIORES.pdf\" target=\"_blank\" rel=\"noopener\">CENTROS ADSCRITOS A NIVEL SUPERIOR A EFECTOS DE ESCOLARIZACI\u00d3N<\/a><\/span><\/td>\n<\/tr>\n<tr>\n<td style=\"border-width: 5px; border-color: white; background-color: #a4b6ff; padding: 10px;\" colspan=\"4\"><span class=\"Archivo_PDF\" style=\"color: #000000;\"> <a style=\"color: #000000;\" href=\"https:\/\/site.educa.madrid.org\/cp.infantaleonor.madrid\/\/wp-content\/uploads\/cp.infantaleonor.madrid\/2025\/02\/RECLAMACION-LISTADOS-PROVISIONALES.pdf\" target=\"_blank\" rel=\"noopener\">\ud83d\udcc4 RECLAMACI\u00d3N A LISTADOS PROVISIONALES DE ALUMNOS SOLICITANTES DEL CENTRO EN PRIMERA OPCI\u00d3N<\/a><\/span><\/td>\n<\/tr>\n<tr>\n<td style=\"border-width: 5px; border-color: white; background-color: #a4b6ff; padding: 10px;\" colspan=\"4\"><span class=\"Archivo_PDF\" style=\"color: #000000;\"> <a style=\"color: #000000;\" href=\"https:\/\/site.educa.madrid.org\/cp.infantaleonor.madrid\/\/wp-content\/uploads\/cp.infantaleonor.madrid\/2025\/02\/RECLAMACION-PUNTUACION-PROVISIONAL-OBTENIDA.pdf\" target=\"_blank\" rel=\"noopener\">\ud83d\udcc4 RECLAMACI\u00d3N A LA PUNTUACI\u00d3N PROVISIONAL OBTENIDA<\/a><\/span><\/td>\n<\/tr>\n<tr>\n<td style=\"border-width: 5px; border-color: white; background-color: #a4b6ff; padding: 10px;\" colspan=\"4\"><span class=\"Archivo_PDF\" style=\"color: #000000;\"> <a style=\"color: #000000;\" href=\"https:\/\/site.educa.madrid.org\/cp.infantaleonor.madrid\/\/wp-content\/uploads\/cp.infantaleonor.madrid\/2025\/04\/RESULTADO-DEL-SORTEO-PUBLICO.pdf\" target=\"_blank\" rel=\"noopener\">\ud83d\udcc4 RESULTADO SORTEO P\u00daBLICO<\/a><\/span><\/td>\n<\/tr>\n<tr>\n<td style=\"border-width: 5px; border-color: white; background-color: #a4b6ff; padding: 10px;\" colspan=\"4\"><span class=\"Archivo_PDF\" style=\"color: #000000;\"> <a style=\"color: #000000;\" href=\"https:\/\/site.educa.madrid.org\/cp.infantaleonor.madrid\/\/wp-content\/uploads\/cp.infantaleonor.madrid\/2025\/05\/Anexo-I-VACANTES.pdf\" target=\"_blank\" rel=\"noopener\">\ud83d\udcc4 VACANTES OFERTADAS<\/a><\/span><\/td>\n<\/tr>\n<tr>\n<td style=\"border-width: 5px; border-color: white; background-color: #a4b6ff; padding: 10px;\" colspan=\"4\"><span class=\"Archivo_PDF\" style=\"color: #000000;\"> <a style=\"color: #000000;\" href=\"https:\/\/site.educa.madrid.org\/cp.infantaleonor.madrid\/\/wp-content\/uploads\/cp.infantaleonor.madrid\/2026\/04\/25_26_solicitud_extraordinaria_regimen_general.pdf\" target=\"_blank\" rel=\"noopener\">\ud83d\udcc4 SOLICITUD EXTRAORDINARIA EN R\u00c9GIMEN GENERAL<\/a><\/span><\/td>\n<\/tr>\n<tr>\n<td style=\"border-width: 5px; border-color: white; background-color: #a4b6ff; padding: 10px;\" colspan=\"4\"><span class=\"Archivo_PDF\" style=\"color: #000000;\"><a style=\"color: #000000;\" href=\"https:\/\/site.educa.madrid.org\/cp.infantaleonor.madrid\/index.php\/secretaria\/admision-de-alumnado-2\/sobre-de-matricula\/\" target=\"_self\" rel=\"noopener\"><strong>\u2192 SOBRE DE MATR\u00cdCULA<\/strong><\/a><\/span><\/td>\n<\/tr>\n<\/tbody>\n<\/table>\n\n\n<p><\/p>\n","protected":false},"excerpt":{"rendered":"<p>CURSO 2026\/2027 \ud83d\udcc4 JORNADA DE PUERTAS ABIERTAS \ud83d\udcc4 PRESENTACI\u00d3N-RESUMEN ADMISI\u00d3N 2026\/2027 \ud83d\udcc4 RESOLUCI\u00d3N DEL PROCESO DE ADMISI\u00d3N CURSO 26-27 \ud83d\udcc4 CALENDARIO DE ACTUACIONES \ud83d\udcc4 BAREMO DE PUNTUACI\u00d3N \ud83d\udcc4 CRITERIOS APROBADOS POR EL CENTRO PARA LOS PUNTOS COMPLEMENTARIOS \ud83d\udcc4 SERVICIO DE APOYO A LA ESCOLARIZACI\u00d3N \ud83d\udcc4 INFORMACI\u00d3N B\u00c1SICA SOBRE EL PROCESO DE ADMISI\u00d3N \u2193 INFORMACI\u00d3N SOBRE [&hellip;]<\/p>\n","protected":false},"author":2,"featured_media":0,"parent":181,"menu_order":0,"comment_status":"closed","ping_status":"closed","template":"","meta":{"footnotes":""},"folder":[],"class_list":["post-1177","page","type-page","status-publish","hentry"],"rttpg_featured_image_url":null,"rttpg_author":{"display_name":"tic.cp.infantaleonor.madrid","author_link":"https:\/\/site.educa.madrid.org\/cp.infantaleonor.madrid\/index.php\/author\/cuenta_tic-cp-infantaleonor-madrid\/"},"rttpg_comment":0,"rttpg_category":false,"rttpg_excerpt":"CURSO 2026\/2027 \ud83d\udcc4 JORNADA DE PUERTAS ABIERTAS \ud83d\udcc4 PRESENTACI\u00d3N-RESUMEN ADMISI\u00d3N 2026\/2027 \ud83d\udcc4 RESOLUCI\u00d3N DEL PROCESO DE ADMISI\u00d3N CURSO 26-27 \ud83d\udcc4 CALENDARIO DE ACTUACIONES \ud83d\udcc4 BAREMO DE PUNTUACI\u00d3N \ud83d\udcc4 CRITERIOS APROBADOS POR EL CENTRO PARA LOS PUNTOS COMPLEMENTARIOS \ud83d\udcc4 SERVICIO DE APOYO A LA ESCOLARIZACI\u00d3N \ud83d\udcc4 INFORMACI\u00d3N B\u00c1SICA SOBRE EL PROCESO DE ADMISI\u00d3N \u2193 INFORMACI\u00d3N SOBRE&hellip;","post_mailing_queue_ids":[],"_links":{"self":[{"href":"https:\/\/site.educa.madrid.org\/cp.infantaleonor.madrid\/index.php\/wp-json\/wp\/v2\/pages\/1177","targetHints":{"allow":["GET"]}}],"collection":[{"href":"https:\/\/site.educa.madrid.org\/cp.infantaleonor.madrid\/index.php\/wp-json\/wp\/v2\/pages"}],"about":[{"href":"https:\/\/site.educa.madrid.org\/cp.infantaleonor.madrid\/index.php\/wp-json\/wp\/v2\/types\/page"}],"author":[{"embeddable":true,"href":"https:\/\/site.educa.madrid.org\/cp.infantaleonor.madrid\/index.php\/wp-json\/wp\/v2\/users\/2"}],"replies":[{"embeddable":true,"href":"https:\/\/site.educa.madrid.org\/cp.infantaleonor.madrid\/index.php\/wp-json\/wp\/v2\/comments?post=1177"}],"version-history":[{"count":50,"href":"https:\/\/site.educa.madrid.org\/cp.infantaleonor.madrid\/index.php\/wp-json\/wp\/v2\/pages\/1177\/revisions"}],"predecessor-version":[{"id":3783,"href":"https:\/\/site.educa.madrid.org\/cp.infantaleonor.madrid\/index.php\/wp-json\/wp\/v2\/pages\/1177\/revisions\/3783"}],"up":[{"embeddable":true,"href":"https:\/\/site.educa.madrid.org\/cp.infantaleonor.madrid\/index.php\/wp-json\/wp\/v2\/pages\/181"}],"wp:attachment":[{"href":"https:\/\/site.educa.madrid.org\/cp.infantaleonor.madrid\/index.php\/wp-json\/wp\/v2\/media?parent=1177"}],"wp:term":[{"taxonomy":"folder","embeddable":true,"href":"https:\/\/site.educa.madrid.org\/cp.infantaleonor.madrid\/index.php\/wp-json\/wp\/v2\/folder?post=1177"}],"curies":[{"name":"wp","href":"https:\/\/api.w.org\/{rel}","templated":true}]}}