{"id":1259,"date":"2023-07-12T14:10:26","date_gmt":"2023-07-12T12:10:26","guid":{"rendered":"https:\/\/site.educa.madrid.org\/cp.infantaleonor.madrid\/?page_id=1259"},"modified":"2025-09-09T11:34:56","modified_gmt":"2025-09-09T09:34:56","slug":"claustro","status":"publish","type":"page","link":"https:\/\/site.educa.madrid.org\/cp.infantaleonor.madrid\/index.php\/nuestro-centro\/comunidad-educativa\/claustro\/","title":{"rendered":"Claustro"},"content":{"rendered":"\n<figure class=\"wp-block-image aligncenter size-full is-resized\"><img loading=\"lazy\" decoding=\"async\" width=\"640\" height=\"441\" src=\"https:\/\/site.educa.madrid.org\/cp.infantaleonor.madrid\/\/wp-content\/uploads\/cp.infantaleonor.madrid\/2023\/07\/people-gcb64c34ef_640.png\" alt=\"\" class=\"wp-image-1286\" style=\"width:325px;height:224px\" srcset=\"https:\/\/site.educa.madrid.org\/cp.infantaleonor.madrid\/\/wp-content\/uploads\/cp.infantaleonor.madrid\/2023\/07\/people-gcb64c34ef_640.png 640w, https:\/\/site.educa.madrid.org\/cp.infantaleonor.madrid\/\/wp-content\/uploads\/cp.infantaleonor.madrid\/2023\/07\/people-gcb64c34ef_640-300x207.png 300w\" sizes=\"auto, (max-width: 640px) 100vw, 640px\" \/><\/figure>\n\n\n<p><strong>INFANTIL (2.\u00ba CICLO)<\/strong><\/p>\n<ul>\n<li>2 tutoras para tres a\u00f1os.<\/li>\n<li>2 tutoras para cuatro a\u00f1os.<\/li>\n<li>2 tutoras para cinco a\u00f1os.<\/li>\n<li>1 especialista en ingl\u00e9s y una profesora biling\u00fce.<\/li>\n<li>2 maestras de Pedagog\u00eda Terap\u00e9utica y Audici\u00f3n y Lenguaje para el alumnado del programa de necesidades educativas especiales.<\/li>\n<li>2 maestras de Religi\u00f3n.<\/li>\n<li>Auxiliares de conversaci\u00f3n.<\/li>\n<\/ul>\n<p><strong>PRIMARIA<\/strong><\/p>\n<ul>\n<li>Maestros habilitados para biling\u00fcismo.<\/li>\n<li>Maestros de Primaria.<\/li>\n<li>3 maestros biling\u00fces especialistas en Educaci\u00f3n F\u00edsica.<\/li>\n<li>1 maestro especialista en M\u00fasica.<\/li>\n<li>2 maestras de Pedagog\u00eda Terap\u00e9utica y Audici\u00f3n y Lenguaje para los alumnos del programa de necesidades educativas especiales.<\/li>\n<li>2 maestras de Religi\u00f3n.<\/li>\n<li>Auxiliares de conversaci\u00f3n.<\/li>\n<\/ul>\n<p><strong>CENTRO<\/strong><\/p>\n<ul>\n<li><span style=\"color: initial;\">Orientadora.<\/span><\/li>\n<\/ul>","protected":false},"excerpt":{"rendered":"<p>INFANTIL (2.\u00ba CICLO) 2 tutoras para tres a\u00f1os. 2 tutoras para cuatro a\u00f1os. 2 tutoras para cinco a\u00f1os. 1 especialista en ingl\u00e9s y una profesora biling\u00fce. 2 maestras de Pedagog\u00eda Terap\u00e9utica y Audici\u00f3n y Lenguaje para el alumnado del programa de necesidades educativas especiales. 2 maestras de Religi\u00f3n. Auxiliares de conversaci\u00f3n. PRIMARIA Maestros habilitados para [&hellip;]<\/p>\n","protected":false},"author":2,"featured_media":0,"parent":1246,"menu_order":0,"comment_status":"closed","ping_status":"closed","template":"","meta":{"footnotes":""},"folder":[],"class_list":["post-1259","page","type-page","status-publish","hentry"],"rttpg_featured_image_url":null,"rttpg_author":{"display_name":"tic.cp.infantaleonor.madrid","author_link":"https:\/\/site.educa.madrid.org\/cp.infantaleonor.madrid\/index.php\/author\/cuenta_tic-cp-infantaleonor-madrid\/"},"rttpg_comment":0,"rttpg_category":false,"rttpg_excerpt":"INFANTIL (2.\u00ba CICLO) 2 tutoras para tres a\u00f1os. 2 tutoras para cuatro a\u00f1os. 2 tutoras para cinco a\u00f1os. 1 especialista en ingl\u00e9s y una profesora biling\u00fce. 2 maestras de Pedagog\u00eda Terap\u00e9utica y Audici\u00f3n y Lenguaje para el alumnado del programa de necesidades educativas especiales. 2 maestras de Religi\u00f3n. Auxiliares de conversaci\u00f3n. PRIMARIA Maestros habilitados para&hellip;","post_mailing_queue_ids":[],"_links":{"self":[{"href":"https:\/\/site.educa.madrid.org\/cp.infantaleonor.madrid\/index.php\/wp-json\/wp\/v2\/pages\/1259","targetHints":{"allow":["GET"]}}],"collection":[{"href":"https:\/\/site.educa.madrid.org\/cp.infantaleonor.madrid\/index.php\/wp-json\/wp\/v2\/pages"}],"about":[{"href":"https:\/\/site.educa.madrid.org\/cp.infantaleonor.madrid\/index.php\/wp-json\/wp\/v2\/types\/page"}],"author":[{"embeddable":true,"href":"https:\/\/site.educa.madrid.org\/cp.infantaleonor.madrid\/index.php\/wp-json\/wp\/v2\/users\/2"}],"replies":[{"embeddable":true,"href":"https:\/\/site.educa.madrid.org\/cp.infantaleonor.madrid\/index.php\/wp-json\/wp\/v2\/comments?post=1259"}],"version-history":[{"count":12,"href":"https:\/\/site.educa.madrid.org\/cp.infantaleonor.madrid\/index.php\/wp-json\/wp\/v2\/pages\/1259\/revisions"}],"predecessor-version":[{"id":3467,"href":"https:\/\/site.educa.madrid.org\/cp.infantaleonor.madrid\/index.php\/wp-json\/wp\/v2\/pages\/1259\/revisions\/3467"}],"up":[{"embeddable":true,"href":"https:\/\/site.educa.madrid.org\/cp.infantaleonor.madrid\/index.php\/wp-json\/wp\/v2\/pages\/1246"}],"wp:attachment":[{"href":"https:\/\/site.educa.madrid.org\/cp.infantaleonor.madrid\/index.php\/wp-json\/wp\/v2\/media?parent=1259"}],"wp:term":[{"taxonomy":"folder","embeddable":true,"href":"https:\/\/site.educa.madrid.org\/cp.infantaleonor.madrid\/index.php\/wp-json\/wp\/v2\/folder?post=1259"}],"curies":[{"name":"wp","href":"https:\/\/api.w.org\/{rel}","templated":true}]}}