{"id":1270,"date":"2023-07-13T19:16:04","date_gmt":"2023-07-13T17:16:04","guid":{"rendered":"https:\/\/site.educa.madrid.org\/cp.infantaleonor.madrid\/?page_id=1270"},"modified":"2023-07-17T10:09:24","modified_gmt":"2023-07-17T08:09:24","slug":"equipo-directivo","status":"publish","type":"page","link":"https:\/\/site.educa.madrid.org\/cp.infantaleonor.madrid\/index.php\/nuestro-centro\/comunidad-educativa\/equipo-directivo\/","title":{"rendered":"Equipo Directivo"},"content":{"rendered":"\n<div class=\"wp-block-media-text is-stacked-on-mobile is-vertically-aligned-center\" style=\"grid-template-columns:27% auto\"><figure class=\"wp-block-media-text__media\"><img loading=\"lazy\" decoding=\"async\" width=\"640\" height=\"572\" src=\"https:\/\/site.educa.madrid.org\/cp.infantaleonor.madrid\/\/wp-content\/uploads\/cp.infantaleonor.madrid\/2023\/07\/celtic-g220bfaedf_640.png\" alt=\"\" class=\"wp-image-1272 size-full\" srcset=\"https:\/\/site.educa.madrid.org\/cp.infantaleonor.madrid\/\/wp-content\/uploads\/cp.infantaleonor.madrid\/2023\/07\/celtic-g220bfaedf_640.png 640w, https:\/\/site.educa.madrid.org\/cp.infantaleonor.madrid\/\/wp-content\/uploads\/cp.infantaleonor.madrid\/2023\/07\/celtic-g220bfaedf_640-300x268.png 300w\" sizes=\"auto, (max-width: 640px) 100vw, 640px\" \/><\/figure><div class=\"wp-block-media-text__content\">\n<p><strong>DIRECTORA<\/strong>: Ana Gald\u00f3n Fern\u00e1ndez<\/p>\n\n\n\n<p><strong>JEFA DE ESTUDIOS<\/strong>: Marga Couto Ramos<\/p>\n\n\n\n<p><strong>SECRETARIA<\/strong>: M\u00edriam Ant\u00f3n San Rom\u00e1n<\/p>\n<\/div><\/div>\n","protected":false},"excerpt":{"rendered":"<p>DIRECTORA: Ana Gald\u00f3n Fern\u00e1ndez JEFA DE ESTUDIOS: Marga Couto Ramos SECRETARIA: M\u00edriam Ant\u00f3n San Rom\u00e1n<\/p>\n","protected":false},"author":2,"featured_media":0,"parent":1246,"menu_order":0,"comment_status":"closed","ping_status":"closed","template":"","meta":{"footnotes":""},"folder":[],"class_list":["post-1270","page","type-page","status-publish","hentry"],"rttpg_featured_image_url":null,"rttpg_author":{"display_name":"tic.cp.infantaleonor.madrid","author_link":"https:\/\/site.educa.madrid.org\/cp.infantaleonor.madrid\/index.php\/author\/cuenta_tic-cp-infantaleonor-madrid\/"},"rttpg_comment":0,"rttpg_category":false,"rttpg_excerpt":"DIRECTORA: Ana Gald\u00f3n Fern\u00e1ndez JEFA DE ESTUDIOS: Marga Couto Ramos SECRETARIA: M\u00edriam Ant\u00f3n San Rom\u00e1n","post_mailing_queue_ids":[],"_links":{"self":[{"href":"https:\/\/site.educa.madrid.org\/cp.infantaleonor.madrid\/index.php\/wp-json\/wp\/v2\/pages\/1270","targetHints":{"allow":["GET"]}}],"collection":[{"href":"https:\/\/site.educa.madrid.org\/cp.infantaleonor.madrid\/index.php\/wp-json\/wp\/v2\/pages"}],"about":[{"href":"https:\/\/site.educa.madrid.org\/cp.infantaleonor.madrid\/index.php\/wp-json\/wp\/v2\/types\/page"}],"author":[{"embeddable":true,"href":"https:\/\/site.educa.madrid.org\/cp.infantaleonor.madrid\/index.php\/wp-json\/wp\/v2\/users\/2"}],"replies":[{"embeddable":true,"href":"https:\/\/site.educa.madrid.org\/cp.infantaleonor.madrid\/index.php\/wp-json\/wp\/v2\/comments?post=1270"}],"version-history":[{"count":3,"href":"https:\/\/site.educa.madrid.org\/cp.infantaleonor.madrid\/index.php\/wp-json\/wp\/v2\/pages\/1270\/revisions"}],"predecessor-version":[{"id":1470,"href":"https:\/\/site.educa.madrid.org\/cp.infantaleonor.madrid\/index.php\/wp-json\/wp\/v2\/pages\/1270\/revisions\/1470"}],"up":[{"embeddable":true,"href":"https:\/\/site.educa.madrid.org\/cp.infantaleonor.madrid\/index.php\/wp-json\/wp\/v2\/pages\/1246"}],"wp:attachment":[{"href":"https:\/\/site.educa.madrid.org\/cp.infantaleonor.madrid\/index.php\/wp-json\/wp\/v2\/media?parent=1270"}],"wp:term":[{"taxonomy":"folder","embeddable":true,"href":"https:\/\/site.educa.madrid.org\/cp.infantaleonor.madrid\/index.php\/wp-json\/wp\/v2\/folder?post=1270"}],"curies":[{"name":"wp","href":"https:\/\/api.w.org\/{rel}","templated":true}]}}