{"id":1321,"date":"2023-07-14T01:13:08","date_gmt":"2023-07-13T23:13:08","guid":{"rendered":"https:\/\/site.educa.madrid.org\/cp.infantaleonor.madrid\/?page_id=1321"},"modified":"2026-01-29T14:43:52","modified_gmt":"2026-01-29T13:43:52","slug":"descarga-de-impresos","status":"publish","type":"page","link":"https:\/\/site.educa.madrid.org\/cp.infantaleonor.madrid\/index.php\/secretaria\/descarga-de-impresos\/","title":{"rendered":"Descarga de impresos"},"content":{"rendered":"<div id=\"pl-gb1321-6a036016cfd1d\"  class=\"panel-layout panel-layout\" ><div id=\"pg-gb1321-6a036016cfd1d-0\"  class=\"panel-grid panel-no-style\"  data-style=\"{&quot;background_image_attachment&quot;:false,&quot;background_display&quot;:&quot;tile&quot;,&quot;background_image_size&quot;:&quot;full&quot;,&quot;border_thickness&quot;:&quot;1px&quot;,&quot;full_height&quot;:&quot;&quot;,&quot;bottom_margin&quot;:&quot;15px&quot;,&quot;gutter&quot;:&quot;15px&quot;,&quot;cell_alignment&quot;:&quot;flex-start&quot;,&quot;link_overlay_new_window&quot;:&quot;&quot;}\"  data-label=\"Links\" ><div id=\"pgc-gb1321-6a036016cfd1d-0-0\"  class=\"panel-grid-cell\"  data-weight=\"1\" ><div id=\"panel-gb1321-6a036016cfd1d-0-0-0\" class=\"so-panel widget widget_sow-button panel-first-child\" data-index=\"0\" data-style=\"{&quot;background_image_attachment&quot;:false,&quot;background_display&quot;:&quot;tile&quot;,&quot;background_image_size&quot;:&quot;full&quot;,&quot;background_image_opacity&quot;:&quot;100&quot;,&quot;border_thickness&quot;:&quot;1px&quot;,&quot;link_overlay_new_window&quot;:&quot;&quot;}\" ><div\n\t\t\t\n\t\t\tclass=\"so-widget-sow-button so-widget-sow-button-flat-d3e6fed91040\"\n\t\t\t\n\t\t><div class=\"ow-button-base ow-button-align-center\">\n\t<a\n\thref=\"https:\/\/site.educa.madrid.org\/cp.infantaleonor.madrid\/\/wp-content\/uploads\/cp.infantaleonor.madrid\/2026\/01\/AUTORIZACION-RECOGIDA-ALUMNOS_AS.pdf\"\n\t\tclass=\"ow-icon-placement-left ow-button-hover\" target=\"_blank\" rel=\"noopener noreferrer\" \t>\n\t\t<span>\n\t\t\t<span class=\"sow-icon-ionicons\" data-sow-icon=\"&#xf2d9;\"\n\t\tstyle=\"\" \n\t\taria-hidden=\"true\"><\/span>\n\t\t\tAUTORIZACI\u00d3N PARA RECOGIDA DE ALUMNO\/A\t\t<\/span>\n\t<\/a>\n<\/div>\n<\/div><\/div><div id=\"panel-gb1321-6a036016cfd1d-0-0-1\" class=\"so-panel widget widget_sow-button\" data-index=\"1\" data-style=\"{&quot;background_image_attachment&quot;:false,&quot;background_display&quot;:&quot;tile&quot;,&quot;background_image_size&quot;:&quot;full&quot;,&quot;background_image_opacity&quot;:&quot;100&quot;,&quot;border_thickness&quot;:&quot;1px&quot;,&quot;link_overlay_new_window&quot;:&quot;&quot;}\" ><div\n\t\t\t\n\t\t\tclass=\"so-widget-sow-button so-widget-sow-button-flat-d3e6fed91040\"\n\t\t\t\n\t\t><div class=\"ow-button-base ow-button-align-center\">\n\t<a\n\thref=\"https:\/\/site.educa.madrid.org\/cp.infantaleonor.madrid\/\/wp-content\/uploads\/cp.infantaleonor.madrid\/2026\/01\/AUTORIZACION-RECOGIDA-ALUMNO_A-SEPARACION-O-DIVORCIO.pdf\"\n\t\tclass=\"ow-icon-placement-left ow-button-hover\" target=\"_blank\" rel=\"noopener noreferrer\" \t>\n\t\t<span>\n\t\t\t<span class=\"sow-icon-ionicons\" data-sow-icon=\"&#xf2d9;\"\n\t\tstyle=\"\" \n\t\taria-hidden=\"true\"><\/span>\n\t\t\tAUTORIZACI\u00d3N PARA RECOGIDA DE ALUMNO\/A (SEPARACI\u00d3N O DIVORCIO)\t\t<\/span>\n\t<\/a>\n<\/div>\n<\/div><\/div><div id=\"panel-gb1321-6a036016cfd1d-0-0-2\" class=\"so-panel widget widget_sow-button\" data-index=\"2\" data-style=\"{&quot;background_image_attachment&quot;:false,&quot;background_display&quot;:&quot;tile&quot;,&quot;background_image_size&quot;:&quot;full&quot;,&quot;background_image_opacity&quot;:&quot;100&quot;,&quot;border_thickness&quot;:&quot;1px&quot;,&quot;link_overlay_new_window&quot;:&quot;&quot;}\" ><div\n\t\t\t\n\t\t\tclass=\"so-widget-sow-button so-widget-sow-button-flat-d3e6fed91040\"\n\t\t\t\n\t\t><div class=\"ow-button-base ow-button-align-center\">\n\t<a\n\thref=\"https:\/\/site.educa.madrid.org\/cp.infantaleonor.madrid\/\/wp-content\/uploads\/cp.infantaleonor.madrid\/2026\/01\/AUTORIZACION-SALIDA-SIN-ACOMPANAMIENTO-DE-ADULTO_6o-PRIMARIA.pdf\"\n\t\tclass=\"ow-icon-placement-left ow-button-hover\" target=\"_blank\" rel=\"noopener noreferrer\" \t>\n\t\t<span>\n\t\t\t<span class=\"sow-icon-icomoon\" data-sow-icon=\"&#xe975;\"\n\t\tstyle=\"\" \n\t\taria-hidden=\"true\"><\/span>\n\t\t\tAUTORIZACI\u00d3N SALIDA SIN ACOMPA\u00d1AMIENTO DE ADULTO (6.\u00ba Primaria)\t\t<\/span>\n\t<\/a>\n<\/div>\n<\/div><\/div><div id=\"panel-gb1321-6a036016cfd1d-0-0-3\" class=\"so-panel widget widget_sow-button\" data-index=\"3\" data-style=\"{&quot;background_image_attachment&quot;:false,&quot;background_display&quot;:&quot;tile&quot;,&quot;background_image_size&quot;:&quot;full&quot;,&quot;background_image_opacity&quot;:&quot;100&quot;,&quot;border_thickness&quot;:&quot;1px&quot;,&quot;link_overlay_new_window&quot;:&quot;&quot;}\" ><div\n\t\t\t\n\t\t\tclass=\"so-widget-sow-button so-widget-sow-button-flat-d3e6fed91040\"\n\t\t\t\n\t\t><div class=\"ow-button-base ow-button-align-center\">\n\t<a\n\thref=\"https:\/\/site.educa.madrid.org\/cp.infantaleonor.madrid\/\/wp-content\/uploads\/cp.infantaleonor.madrid\/2026\/01\/SOLICITUD-DE-BAJA-ALUMNO_A.pdf\"\n\t\tclass=\"ow-icon-placement-left ow-button-hover\" target=\"_blank\" rel=\"noopener noreferrer\" \t>\n\t\t<span>\n\t\t\t<span class=\"sow-icon-ionicons\" data-sow-icon=\"&#xf29f;\"\n\t\tstyle=\"\" \n\t\taria-hidden=\"true\"><\/span>\n\t\t\tHOJA DE SOLICITUD DE BAJA DE ALUMNO\/A\t\t<\/span>\n\t<\/a>\n<\/div>\n<\/div><\/div><div id=\"panel-gb1321-6a036016cfd1d-0-0-4\" class=\"so-panel widget widget_sow-button\" data-index=\"4\" data-style=\"{&quot;background_image_attachment&quot;:false,&quot;background_display&quot;:&quot;tile&quot;,&quot;background_image_size&quot;:&quot;full&quot;,&quot;background_image_opacity&quot;:&quot;100&quot;,&quot;border_thickness&quot;:&quot;1px&quot;,&quot;link_overlay_new_window&quot;:&quot;&quot;}\" ><div\n\t\t\t\n\t\t\tclass=\"so-widget-sow-button so-widget-sow-button-flat-d3e6fed91040\"\n\t\t\t\n\t\t><div class=\"ow-button-base ow-button-align-center\">\n\t<a\n\thref=\"https:\/\/site.educa.madrid.org\/cp.infantaleonor.madrid\/\/wp-content\/uploads\/cp.infantaleonor.madrid\/2026\/01\/CONSENTIMIENTO-PARA-UTILIZACION-DE-IMAGENES.pdf\"\n\t\tclass=\"ow-icon-placement-left ow-button-hover\" target=\"_blank\" rel=\"noopener noreferrer\" \t>\n\t\t<span>\n\t\t\t<span class=\"sow-icon-icomoon\" data-sow-icon=\"&#xe975;\"\n\t\tstyle=\"\" \n\t\taria-hidden=\"true\"><\/span>\n\t\t\tCONSENTIMIENTO PARA LA UTILIZACI\u00d3N DE IM\u00c1GENES Y\/O DATOS PERSONALES\t\t<\/span>\n\t<\/a>\n<\/div>\n<\/div><\/div><div id=\"panel-gb1321-6a036016cfd1d-0-0-5\" class=\"so-panel widget widget_sow-button\" data-index=\"5\" data-style=\"{&quot;background_image_attachment&quot;:false,&quot;background_display&quot;:&quot;tile&quot;,&quot;background_image_size&quot;:&quot;full&quot;,&quot;background_image_opacity&quot;:&quot;100&quot;,&quot;border_thickness&quot;:&quot;1px&quot;,&quot;link_overlay_new_window&quot;:&quot;&quot;}\" ><div\n\t\t\t\n\t\t\tclass=\"so-widget-sow-button so-widget-sow-button-flat-d3e6fed91040\"\n\t\t\t\n\t\t><div class=\"ow-button-base ow-button-align-center\">\n\t<a\n\thref=\"https:\/\/site.educa.madrid.org\/cp.infantaleonor.madrid\/\/wp-content\/uploads\/cp.infantaleonor.madrid\/2026\/01\/FICHA-DE-ALERGIAS-Y_O-INTOLERANCIAS_SI-PROCEDE_Modificada.pdf\"\n\t\tclass=\"ow-icon-placement-left ow-button-hover\" target=\"_blank\" rel=\"noopener noreferrer\" \t>\n\t\t<span>\n\t\t\t<span class=\"sow-icon-icomoon\" data-sow-icon=\"&#xe9a3;\"\n\t\tstyle=\"\" \n\t\taria-hidden=\"true\"><\/span>\n\t\t\tFICHA DE ALERGIAS Y\/O INTOLERANCIAS\t\t<\/span>\n\t<\/a>\n<\/div>\n<\/div><\/div><div id=\"panel-gb1321-6a036016cfd1d-0-0-6\" class=\"so-panel widget widget_sow-button\" data-index=\"6\" data-style=\"{&quot;background_image_attachment&quot;:false,&quot;background_display&quot;:&quot;tile&quot;,&quot;background_image_size&quot;:&quot;full&quot;,&quot;background_image_opacity&quot;:&quot;100&quot;,&quot;border_thickness&quot;:&quot;1px&quot;,&quot;link_overlay_new_window&quot;:&quot;&quot;}\" ><div\n\t\t\t\n\t\t\tclass=\"so-widget-sow-button so-widget-sow-button-flat-d3e6fed91040\"\n\t\t\t\n\t\t><div class=\"ow-button-base ow-button-align-center\">\n\t<a\n\thref=\"https:\/\/site.educa.madrid.org\/cp.infantaleonor.madrid\/\/wp-content\/uploads\/cp.infantaleonor.madrid\/2026\/01\/AUTORIZACION-PARA-LA-ADMINISTRACION-DE-MEDICACION_SI-PROCEDE.pdf\"\n\t\tclass=\"ow-icon-placement-left ow-button-hover\" target=\"_blank\" rel=\"noopener noreferrer\" \t>\n\t\t<span>\n\t\t\t<span class=\"sow-icon-icomoon\" data-sow-icon=\"&#xe998;\"\n\t\tstyle=\"\" \n\t\taria-hidden=\"true\"><\/span>\n\t\t\tAUTORIZACI\u00d3N PARA LA ADMINISTRACI\u00d3N DE MEDICACI\u00d3N\t\t<\/span>\n\t<\/a>\n<\/div>\n<\/div><\/div><div id=\"panel-gb1321-6a036016cfd1d-0-0-7\" class=\"so-panel widget widget_sow-button panel-last-child\" data-index=\"7\" data-style=\"{&quot;background_image_attachment&quot;:false,&quot;background_display&quot;:&quot;tile&quot;,&quot;background_image_size&quot;:&quot;full&quot;,&quot;background_image_opacity&quot;:&quot;100&quot;,&quot;border_thickness&quot;:&quot;1px&quot;,&quot;link_overlay_new_window&quot;:&quot;&quot;}\" ><div\n\t\t\t\n\t\t\tclass=\"so-widget-sow-button so-widget-sow-button-flat-d3e6fed91040\"\n\t\t\t\n\t\t><div class=\"ow-button-base ow-button-align-center\">\n\t<a\n\thref=\"https:\/\/site.educa.madrid.org\/cp.infantaleonor.madrid\/\/wp-content\/uploads\/cp.infantaleonor.madrid\/2026\/01\/CAMBIO-RELIGION_ATENCION-EDUCATIVA.pdf\"\n\t\tclass=\"ow-icon-placement-left ow-button-hover\" target=\"_blank\" rel=\"noopener noreferrer\" \t>\n\t\t<span>\n\t\t\t<span class=\"sow-icon-icomoon\" data-sow-icon=\"&#xe982;\"\n\t\tstyle=\"\" \n\t\taria-hidden=\"true\"><\/span>\n\t\t\tCAMBIO RELIGI\u00d3N\/ATENCI\u00d3N EDUCATIVA\t\t<\/span>\n\t<\/a>\n<\/div>\n<\/div><\/div><\/div><\/div><\/div>","protected":false},"excerpt":{"rendered":"","protected":false},"author":2,"featured_media":0,"parent":181,"menu_order":0,"comment_status":"closed","ping_status":"closed","template":"","meta":{"footnotes":""},"folder":[],"class_list":["post-1321","page","type-page","status-publish","hentry"],"rttpg_featured_image_url":null,"rttpg_author":{"display_name":"tic.cp.infantaleonor.madrid","author_link":"https:\/\/site.educa.madrid.org\/cp.infantaleonor.madrid\/index.php\/author\/cuenta_tic-cp-infantaleonor-madrid\/"},"rttpg_comment":0,"rttpg_category":false,"rttpg_excerpt":null,"post_mailing_queue_ids":[],"_links":{"self":[{"href":"https:\/\/site.educa.madrid.org\/cp.infantaleonor.madrid\/index.php\/wp-json\/wp\/v2\/pages\/1321","targetHints":{"allow":["GET"]}}],"collection":[{"href":"https:\/\/site.educa.madrid.org\/cp.infantaleonor.madrid\/index.php\/wp-json\/wp\/v2\/pages"}],"about":[{"href":"https:\/\/site.educa.madrid.org\/cp.infantaleonor.madrid\/index.php\/wp-json\/wp\/v2\/types\/page"}],"author":[{"embeddable":true,"href":"https:\/\/site.educa.madrid.org\/cp.infantaleonor.madrid\/index.php\/wp-json\/wp\/v2\/users\/2"}],"replies":[{"embeddable":true,"href":"https:\/\/site.educa.madrid.org\/cp.infantaleonor.madrid\/index.php\/wp-json\/wp\/v2\/comments?post=1321"}],"version-history":[{"count":23,"href":"https:\/\/site.educa.madrid.org\/cp.infantaleonor.madrid\/index.php\/wp-json\/wp\/v2\/pages\/1321\/revisions"}],"predecessor-version":[{"id":3699,"href":"https:\/\/site.educa.madrid.org\/cp.infantaleonor.madrid\/index.php\/wp-json\/wp\/v2\/pages\/1321\/revisions\/3699"}],"up":[{"embeddable":true,"href":"https:\/\/site.educa.madrid.org\/cp.infantaleonor.madrid\/index.php\/wp-json\/wp\/v2\/pages\/181"}],"wp:attachment":[{"href":"https:\/\/site.educa.madrid.org\/cp.infantaleonor.madrid\/index.php\/wp-json\/wp\/v2\/media?parent=1321"}],"wp:term":[{"taxonomy":"folder","embeddable":true,"href":"https:\/\/site.educa.madrid.org\/cp.infantaleonor.madrid\/index.php\/wp-json\/wp\/v2\/folder?post=1321"}],"curies":[{"name":"wp","href":"https:\/\/api.w.org\/{rel}","templated":true}]}}