{"id":3615,"date":"2026-01-15T12:58:19","date_gmt":"2026-01-15T11:58:19","guid":{"rendered":"https:\/\/site.educa.madrid.org\/cp.infantaleonor.madrid\/?page_id=3615"},"modified":"2026-01-29T14:43:45","modified_gmt":"2026-01-29T13:43:45","slug":"sobre-de-matricula-2026-2027","status":"publish","type":"page","link":"https:\/\/site.educa.madrid.org\/cp.infantaleonor.madrid\/index.php\/secretaria\/admision-de-alumnado-2\/sobre-de-matricula-2026-2027\/","title":{"rendered":"Sobre de matr\u00edcula 2026\/2027"},"content":{"rendered":"<table>\n<tbody>\n<tr>\n<td style=\"width: 5%; text-align: center;\"><\/td>\n<td style=\"border-width: 5px; border-color: white; background-color: #cbd5ff; padding: 10px;\" colspan=\"3\">\u2193 SOBRE MATR\u00cdCULA 2026\/2027<\/td>\n<\/tr>\n<tr>\n<td style=\"width: 5%; text-align: center;\"><\/td>\n<td style=\"width: 5%; text-align: center;\"><\/td>\n<td style=\"border-width: 5px; border-color: white; background-color: #e7ecff; padding: 10px;\" colspan=\"2\"><span class=\"Archivo_PDF\" style=\"color: #000000;\"><span class=\"Archivo_PDF\"><strong>\ud83d\udcc4 <\/strong><\/span>\u00a0<a style=\"color: #000000;\" href=\"https:\/\/site.educa.madrid.org\/cp.infantaleonor.madrid\/\/wp-content\/uploads\/cp.infantaleonor.madrid\/2026\/01\/INSTRUCCIONES-MATRICULA-SECRETARIA-VIRTUAL-2026_2027.pdf\" target=\"_blank\" rel=\"noopener\">Instrucciones matr\u00edcula virtual<\/a><\/span><\/td>\n<\/tr>\n<tr>\n<td style=\"width: 5%; text-align: center;\"><\/td>\n<td style=\"width: 5%; text-align: center;\"><\/td>\n<td style=\"border-width: 5px; border-color: white; background-color: #e7ecff; padding: 10px;\" colspan=\"2\"><span class=\"Archivo_PDF\" style=\"color: #000000;\"><span class=\"Archivo_PDF\"><strong>\ud83d\udcc4 <\/strong><\/span>\u00a0<a style=\"color: #000000;\" href=\"https:\/\/site.educa.madrid.org\/cp.infantaleonor.madrid\/\/wp-content\/uploads\/cp.infantaleonor.madrid\/2026\/01\/INSTRUCCIONES-MATRICULA-PRESENCIAL_CURSO-2026_2027.pdf\" target=\"_blank\" rel=\"noopener\">Instrucciones matr\u00edcula presencial<\/a><\/span><\/td>\n<\/tr>\n<tr>\n<td style=\"width: 5%; text-align: center;\"><\/td>\n<td style=\"width: 5%; text-align: center;\"><\/td>\n<td style=\"border-width: 5px; border-color: white; background-color: #e7ecff; padding: 10px;\" colspan=\"2\"><span class=\"Archivo_PDF\" style=\"color: #000000;\"><span class=\"Archivo_PDF\"><strong>\ud83d\udcc4 <\/strong><\/span>\u00a0<a style=\"color: #000000;\" href=\"https:\/\/site.educa.madrid.org\/cp.infantaleonor.madrid\/\/wp-content\/uploads\/cp.infantaleonor.madrid\/2026\/01\/FICHA-PERSONAL-DEL-ALUMNO_A.pdf\" target=\"_blank\" rel=\"noopener\">Ficha personal del alumno\/a<\/a><\/span><\/td>\n<\/tr>\n<tr>\n<td style=\"width: 5%; text-align: center;\"><\/td>\n<td style=\"width: 5%; text-align: center;\"><\/td>\n<td style=\"border-width: 5px; border-color: white; background-color: #e7ecff; padding: 10px;\" colspan=\"2\"><span class=\"Archivo_PDF\" style=\"color: #000000;\"><span class=\"Archivo_PDF\"><strong>\ud83d\udcc4 <\/strong><\/span>\u00a0<a style=\"color: #000000;\" href=\"https:\/\/site.educa.madrid.org\/cp.infantaleonor.madrid\/\/wp-content\/uploads\/cp.infantaleonor.madrid\/2026\/01\/CONSENTIMIENTO-PARA-UTILIZACION-DE-IMAGENES.pdf\" target=\"_blank\" rel=\"noopener\">Consentimiento para la utilizaci\u00f3n de im\u00e1genes y\/o datos personales<\/a><\/span><\/td>\n<\/tr>\n<tr>\n<td style=\"width: 5%; text-align: center;\"><\/td>\n<td style=\"width: 5%; text-align: center;\"><\/td>\n<td style=\"border-width: 5px; border-color: white; background-color: #e7ecff; padding: 10px;\" colspan=\"2\"><span class=\"Archivo_PDF\" style=\"color: #000000;\"><span class=\"Archivo_PDF\"><strong>\ud83d\udcc4 <\/strong><\/span>\u00a0<a style=\"color: #000000;\" href=\"https:\/\/site.educa.madrid.org\/cp.infantaleonor.madrid\/\/wp-content\/uploads\/cp.infantaleonor.madrid\/2026\/01\/AUTORIZACION-RECOGIDA-ALUMNOS_AS.pdf\" target=\"_blank\" rel=\"noopener\">Autorizaci\u00f3n para recogida de alumno\/a<\/a><\/span><\/td>\n<\/tr>\n<tr>\n<td style=\"width: 5%; text-align: center;\"><\/td>\n<td style=\"width: 5%; text-align: center;\"><\/td>\n<td style=\"border-width: 5px; border-color: white; background-color: #e7ecff; padding: 10px;\" colspan=\"2\"><span class=\"Archivo_PDF\" style=\"color: #000000;\"><span class=\"Archivo_PDF\"><strong>\ud83d\udcc4 <\/strong><\/span>\u00a0<a style=\"color: #000000;\" href=\"https:\/\/site.educa.madrid.org\/cp.infantaleonor.madrid\/\/wp-content\/uploads\/cp.infantaleonor.madrid\/2026\/01\/AMPA_CURSO-2026_2027.pdf\" target=\"_blank\" rel=\"noopener\">Informaci\u00f3n AMPA<\/a><\/span><\/td>\n<\/tr>\n<tr>\n<td style=\"width: 5%; text-align: center;\"><\/td>\n<td style=\"width: 5%; text-align: center;\"><\/td>\n<td style=\"border-width: 5px; border-color: white; background-color: #e7ecff; padding: 10px;\" colspan=\"2\"><span class=\"Archivo_PDF\" style=\"color: #000000;\"><span class=\"Archivo_PDF\"><strong>\ud83d\udcc4 <\/strong><\/span>\u00a0<a style=\"color: #000000;\" href=\"https:\/\/site.educa.madrid.org\/cp.infantaleonor.madrid\/\/wp-content\/uploads\/cp.infantaleonor.madrid\/2026\/01\/AUTORIZACION-TEST-SOCIESCUELA_SOLO-ALUMNOS_AS-DE-LOS-CURSOS-DE-PRIMARIA-3o-4o-5o-6o_SOLO-SI-PROCEDE.pdf\" target=\"_blank\" rel=\"noopener\">Autorizaci\u00f3n Test Sociescuela (de 3.\u00ba a 6.\u00ba de Primaria)<\/a><\/span><\/td>\n<\/tr>\n<tr>\n<td style=\"width: 5%; text-align: center;\"><\/td>\n<td style=\"width: 5%; text-align: center;\"><\/td>\n<td style=\"border-width: 5px; border-color: white; background-color: #e7ecff; padding: 10px;\" colspan=\"2\"><span class=\"Archivo_PDF\" style=\"color: #000000;\"><span class=\"Archivo_PDF\"><strong>\ud83d\udcc4 <\/strong><\/span>\u00a0<a style=\"color: #000000;\" href=\"https:\/\/site.educa.madrid.org\/cp.infantaleonor.madrid\/\/wp-content\/uploads\/cp.infantaleonor.madrid\/2026\/01\/AUTORIZACION-RECOGIDA-ALUMNO_A-SEPARACION-O-DIVORCIO.pdf\" target=\"_blank\" rel=\"noopener\">Autorizaci\u00f3n para recogida de alumno\/a (separaci\u00f3n o divorcio)<\/a><\/span><\/td>\n<\/tr>\n<tr>\n<td style=\"width: 5%; text-align: center;\"><\/td>\n<td style=\"width: 5%; text-align: center;\"><\/td>\n<td style=\"border-width: 5px; border-color: white; background-color: #e7ecff; padding: 10px;\" colspan=\"2\"><span style=\"color: #000000;\">\u2193 SI PROCEDE<\/span><\/td>\n<\/tr>\n<tr>\n<td style=\"width: 5%; text-align: center;\"><\/td>\n<td style=\"width: 5%; text-align: center;\"><\/td>\n<td style=\"width: 5%; text-align: center;\"><\/td>\n<td style=\"border-width: 5px; border-color: white; background-color: #f7f8ff; padding: 10px;\"><span class=\"Archivo_PDF\" style=\"color: #000000;\"><span class=\"Archivo_PDF\"><strong>\ud83d\udcc4 <\/strong><\/span>\u00a0<a style=\"color: #000000;\" href=\"https:\/\/site.educa.madrid.org\/cp.infantaleonor.madrid\/\/wp-content\/uploads\/cp.infantaleonor.madrid\/2026\/01\/ANEXO-I-ADHESION-ACCEDE_SI-PROCEDE.pdf\" target=\"_blank\" rel=\"noopener\">Anexo I Adhesi\u00f3n ACCEDE<\/a><\/span><\/td>\n<\/tr>\n<tr>\n<td style=\"width: 5%; text-align: center;\"><\/td>\n<td style=\"width: 5%; text-align: center;\"><\/td>\n<td style=\"width: 5%; text-align: center;\"><\/td>\n<td style=\"border-width: 5px; border-color: white; background-color: #f7f8ff; padding: 10px;\"><span class=\"Archivo_PDF\" style=\"color: #000000;\"><span class=\"Archivo_PDF\"><strong>\ud83d\udcc4 <\/strong><\/span>\u00a0<a style=\"color: #000000;\" href=\"https:\/\/site.educa.madrid.org\/cp.infantaleonor.madrid\/\/wp-content\/uploads\/cp.infantaleonor.madrid\/2026\/01\/FICHA-DE-COMEDOR_SI-PROCEDE.pdf\" target=\"_blank\" rel=\"noopener\">Ficha de comedor<\/a><\/span><\/td>\n<\/tr>\n<tr>\n<td style=\"width: 5%; text-align: center;\"><\/td>\n<td style=\"width: 5%; text-align: center;\"><\/td>\n<td style=\"width: 5%; text-align: center;\"><\/td>\n<td style=\"border-width: 5px; border-color: white; background-color: #f7f8ff; padding: 10px;\"><span class=\"Archivo_PDF\" style=\"color: #000000;\"><span class=\"Archivo_PDF\"><strong>\ud83d\udcc4 <\/strong><\/span>\u00a0<a style=\"color: #000000;\" href=\"https:\/\/site.educa.madrid.org\/cp.infantaleonor.madrid\/\/wp-content\/uploads\/cp.infantaleonor.madrid\/2026\/01\/FICHA-DE-ALERGIAS-Y_O-INTOLERANCIAS_SI-PROCEDE_Modificada.pdf\" target=\"_blank\" rel=\"noopener\">Ficha de alergias y\/o intolerancias<\/a><\/span><\/td>\n<\/tr>\n<tr>\n<td style=\"width: 5%; text-align: center;\"><\/td>\n<td style=\"width: 5%; text-align: center;\"><\/td>\n<td style=\"width: 5%; text-align: center;\"><\/td>\n<td style=\"border-width: 5px; border-color: white; background-color: #f7f8ff; padding: 10px;\"><span class=\"Archivo_PDF\" style=\"color: #000000;\"><span class=\"Archivo_PDF\"><strong>\ud83d\udcc4 <\/strong><\/span>\u00a0<a style=\"color: #000000;\" href=\"https:\/\/site.educa.madrid.org\/cp.infantaleonor.madrid\/\/wp-content\/uploads\/cp.infantaleonor.madrid\/2026\/01\/AUTORIZACION-PARA-LA-ADMINISTRACION-DE-MEDICACION_SI-PROCEDE.pdf\" target=\"_blank\" rel=\"noopener\">Autorizaci\u00f3n para la administraci\u00f3n de medicaci\u00f3n<\/a><\/span><\/td>\n<\/tr>\n<tr>\n<td style=\"width: 5%; text-align: center;\"><\/td>\n<td style=\"width: 5%; text-align: center;\"><\/td>\n<td style=\"width: 5%; text-align: center;\"><\/td>\n<td style=\"border-width: 5px; border-color: white; background-color: #f7f8ff; padding: 10px;\"><span class=\"Archivo_PDF\" style=\"color: #000000;\"><span class=\"Archivo_PDF\"><strong>\ud83d\udcc4 <\/strong><\/span>\u00a0<a style=\"color: #000000;\" href=\"https:\/\/site.educa.madrid.org\/cp.infantaleonor.madrid\/\/wp-content\/uploads\/cp.infantaleonor.madrid\/2026\/01\/DECLARACION-RESPONSABLE_SI-PROCEDE.pdf\" target=\"_blank\" rel=\"noopener\">Declaraci\u00f3n responsable<\/a><\/span><\/td>\n<\/tr>\n<tr>\n<td style=\"width: 5%; text-align: center;\"><\/td>\n<td style=\"width: 5%; text-align: center;\"><\/td>\n<td style=\"border-width: 5px; border-color: white; background-color: #e7ecff; padding: 10px;\" colspan=\"2\"><span style=\"color: #000000;\">\u2193 EXTRA PARA INFANTIL<\/span><\/td>\n<\/tr>\n<tr>\n<td style=\"width: 5%; text-align: center;\"><\/td>\n<td style=\"width: 5%; text-align: center;\"><\/td>\n<td style=\"width: 5%; text-align: center;\"><\/td>\n<td style=\"border-width: 5px; border-color: white; background-color: #f7f8ff; padding: 10px;\"><span class=\"Archivo_PDF\" style=\"color: #000000;\"><span class=\"Archivo_PDF\"><strong>\ud83d\udcc4 <\/strong><\/span>\u00a0<a style=\"color: #000000;\" href=\"https:\/\/site.educa.madrid.org\/cp.infantaleonor.madrid\/\/wp-content\/uploads\/cp.infantaleonor.madrid\/2026\/01\/FICHA-DE-TELEFONOS.pdf\" target=\"_blank\" rel=\"noopener\">Ficha de tel\u00e9fonos<\/a><\/span><\/td>\n<\/tr>\n<tr>\n<td style=\"width: 5%; text-align: center;\"><\/td>\n<td style=\"width: 5%; text-align: center;\"><\/td>\n<td style=\"width: 5%; text-align: center;\"><\/td>\n<td style=\"border-width: 5px; border-color: white; background-color: #f7f8ff; padding: 10px;\"><span class=\"Archivo_PDF\" style=\"color: #000000;\"><span class=\"Archivo_PDF\"><strong>\ud83d\udcc4 <\/strong><\/span>\u00a0<a style=\"color: #000000;\" href=\"https:\/\/site.educa.madrid.org\/cp.infantaleonor.madrid\/\/wp-content\/uploads\/cp.infantaleonor.madrid\/2026\/01\/CUESTIONARIO-INFANTIL_SOLO-PARA-3-4-Y-5-ANOS.pdf\" target=\"_blank\" rel=\"noopener\">Cuestionario de Infantil<\/a><\/span><\/td>\n<\/tr>\n<tr>\n<td style=\"width: 5%; text-align: center;\"><\/td>\n<td style=\"width: 5%; text-align: center;\"><\/td>\n<td style=\"width: 5%; text-align: center;\"><\/td>\n<td style=\"border-width: 5px; border-color: white; background-color: #f7f8ff; padding: 10px;\"><span class=\"Archivo_PDF\" style=\"color: #000000;\"><span class=\"Archivo_PDF\"><strong>\ud83d\udcc4 <\/strong><\/span>\u00a0<a style=\"color: #000000;\" href=\"https:\/\/site.educa.madrid.org\/cp.infantaleonor.madrid\/\/wp-content\/uploads\/cp.infantaleonor.madrid\/2026\/01\/CIRCULAR-REUNION-DE-PADRES-DE-3-ANOS_CURSO-2026_2027.pdf\" target=\"_blank\" rel=\"noopener\">Reuni\u00f3n informativa &#8211; 26 de junio (solo para Infantil 3 a\u00f1os)<\/a><\/span><\/td>\n<\/tr>\n<\/tbody>\n<\/table>\n","protected":false},"excerpt":{"rendered":"<p>\u2193 SOBRE MATR\u00cdCULA 2026\/2027 \ud83d\udcc4 \u00a0Instrucciones matr\u00edcula virtual \ud83d\udcc4 \u00a0Instrucciones matr\u00edcula presencial \ud83d\udcc4 \u00a0Ficha personal del alumno\/a \ud83d\udcc4 \u00a0Consentimiento para la utilizaci\u00f3n de im\u00e1genes y\/o datos personales \ud83d\udcc4 \u00a0Autorizaci\u00f3n para recogida de alumno\/a \ud83d\udcc4 \u00a0Informaci\u00f3n AMPA \ud83d\udcc4 \u00a0Autorizaci\u00f3n Test Sociescuela (de 3.\u00ba a 6.\u00ba de Primaria) \ud83d\udcc4 \u00a0Autorizaci\u00f3n para recogida de alumno\/a (separaci\u00f3n o divorcio) [&hellip;]<\/p>\n","protected":false},"author":2,"featured_media":0,"parent":1177,"menu_order":0,"comment_status":"closed","ping_status":"closed","template":"","meta":{"footnotes":""},"folder":[],"class_list":["post-3615","page","type-page","status-publish","hentry"],"rttpg_featured_image_url":null,"rttpg_author":{"display_name":"tic.cp.infantaleonor.madrid","author_link":"https:\/\/site.educa.madrid.org\/cp.infantaleonor.madrid\/index.php\/author\/cuenta_tic-cp-infantaleonor-madrid\/"},"rttpg_comment":0,"rttpg_category":false,"rttpg_excerpt":"\u2193 SOBRE MATR\u00cdCULA 2026\/2027 \ud83d\udcc4 \u00a0Instrucciones matr\u00edcula virtual \ud83d\udcc4 \u00a0Instrucciones matr\u00edcula presencial \ud83d\udcc4 \u00a0Ficha personal del alumno\/a \ud83d\udcc4 \u00a0Consentimiento para la utilizaci\u00f3n de im\u00e1genes y\/o datos personales \ud83d\udcc4 \u00a0Autorizaci\u00f3n para recogida de alumno\/a \ud83d\udcc4 \u00a0Informaci\u00f3n AMPA \ud83d\udcc4 \u00a0Autorizaci\u00f3n Test Sociescuela (de 3.\u00ba a 6.\u00ba de Primaria) \ud83d\udcc4 \u00a0Autorizaci\u00f3n para recogida de alumno\/a (separaci\u00f3n o divorcio)&hellip;","post_mailing_queue_ids":[],"_links":{"self":[{"href":"https:\/\/site.educa.madrid.org\/cp.infantaleonor.madrid\/index.php\/wp-json\/wp\/v2\/pages\/3615","targetHints":{"allow":["GET"]}}],"collection":[{"href":"https:\/\/site.educa.madrid.org\/cp.infantaleonor.madrid\/index.php\/wp-json\/wp\/v2\/pages"}],"about":[{"href":"https:\/\/site.educa.madrid.org\/cp.infantaleonor.madrid\/index.php\/wp-json\/wp\/v2\/types\/page"}],"author":[{"embeddable":true,"href":"https:\/\/site.educa.madrid.org\/cp.infantaleonor.madrid\/index.php\/wp-json\/wp\/v2\/users\/2"}],"replies":[{"embeddable":true,"href":"https:\/\/site.educa.madrid.org\/cp.infantaleonor.madrid\/index.php\/wp-json\/wp\/v2\/comments?post=3615"}],"version-history":[{"count":11,"href":"https:\/\/site.educa.madrid.org\/cp.infantaleonor.madrid\/index.php\/wp-json\/wp\/v2\/pages\/3615\/revisions"}],"predecessor-version":[{"id":3698,"href":"https:\/\/site.educa.madrid.org\/cp.infantaleonor.madrid\/index.php\/wp-json\/wp\/v2\/pages\/3615\/revisions\/3698"}],"up":[{"embeddable":true,"href":"https:\/\/site.educa.madrid.org\/cp.infantaleonor.madrid\/index.php\/wp-json\/wp\/v2\/pages\/1177"}],"wp:attachment":[{"href":"https:\/\/site.educa.madrid.org\/cp.infantaleonor.madrid\/index.php\/wp-json\/wp\/v2\/media?parent=3615"}],"wp:term":[{"taxonomy":"folder","embeddable":true,"href":"https:\/\/site.educa.madrid.org\/cp.infantaleonor.madrid\/index.php\/wp-json\/wp\/v2\/folder?post=3615"}],"curies":[{"name":"wp","href":"https:\/\/api.w.org\/{rel}","templated":true}]}}