{"id":902,"date":"2023-06-15T10:59:23","date_gmt":"2023-06-15T08:59:23","guid":{"rendered":"https:\/\/site.educa.madrid.org\/cp.infantaleonor.madrid\/?page_id=902"},"modified":"2024-09-01T12:19:41","modified_gmt":"2024-09-01T10:19:41","slug":"horario","status":"publish","type":"page","link":"https:\/\/site.educa.madrid.org\/cp.infantaleonor.madrid\/index.php\/nuestro-centro\/horario\/","title":{"rendered":"Horario del Centro"},"content":{"rendered":"<table border=\"0\" align=\"center\">\n<tbody>\n<tr>\n<td style=\"border: 3px solid #3142C0; background-color: #3142c0; text-align: center;\"><span style=\"color: #ffffff;\"><strong>ORDINARIO: De octubre a mayo<\/strong><\/span><\/td>\n<\/tr>\n<tr>\n<td style=\"border-right: 3px solid #3142C0; border-left: 3px solid #3142C0; border-bottom: 3px solid #3142C0; background-color: #d6ebff; text-align: center;\"><strong>Clases<br \/>\n<\/strong>9:00 a 12:30 y 14:30 a 16:00<\/p>\n<p><strong><br \/>\nComedor<\/strong><br \/>\n12:30 a 14:30<\/td>\n<\/tr>\n<\/tbody>\n<\/table>\n<table border=\"0\" align=\"center\">\n<tbody>\n<tr>\n<td style=\"border: 3px solid #3142C0; background-color: #3142c0; text-align: center;\"><span style=\"color: #ffffff;\"><strong>ORDINARIO: Septiembre y junio<\/strong><\/span><\/td>\n<\/tr>\n<tr>\n<td style=\"border-right: 3px solid #3142C0; border-left: 3px solid #3142C0; border-bottom: 3px solid #3142C0; background-color: #d6ebff; text-align: center;\"><strong>Clases<\/strong><br \/>\n9:00 a 13:00<\/p>\n<p><strong><br \/>\nComedor<\/strong><br \/>\n13:00 a 14:30 \/ 15:00<\/td>\n<\/tr>\n<\/tbody>\n<\/table>\n<table border=\"0\" align=\"center\">\n<tbody>\n<tr>\n<td style=\"border: 3px solid #3142C0; background-color: #3142c0; text-align: center;\"><span style=\"color: #ffffff;\"><strong>HORARIO AMPLIADO<\/strong><\/span><\/td>\n<\/tr>\n<tr>\n<td style=\"border-right: 3px solid #3142C0; border-left: 3px solid #3142C0; border-bottom: 3px solid #3142C0; background-color: #d6ebff; text-align: center;\"><strong>Primeros del cole<\/strong><br \/>\n7:30 a 9:00<br \/>\nSe podr\u00e1 dejar a los ni\u00f1os desde las 7:30 h hasta las 8:40 h. A partir de esta hora, los alumnos tendr\u00e1n que esperar a la hora normal de entrada al centro (9:00 h).<\/p>\n<p><strong><br \/>\nRatito m\u00e1s<\/strong><br \/>\n16:00 a 17:30<br \/>\nLos alumnos que vayan a actividades extraescolares de 16.00 a 17.00 pueden ampliar su horario hasta las 17.30 con RATITO M\u00c1S.<\/td>\n<\/tr>\n<\/tbody>\n<\/table>\n","protected":false},"excerpt":{"rendered":"<p>ORDINARIO: De octubre a mayo Clases 9:00 a 12:30 y 14:30 a 16:00 Comedor 12:30 a 14:30 ORDINARIO: Septiembre y junio Clases 9:00 a 13:00 Comedor 13:00 a 14:30 \/ 15:00 HORARIO AMPLIADO Primeros del cole 7:30 a 9:00 Se podr\u00e1 dejar a los ni\u00f1os desde las 7:30 h hasta las 8:40 h. A partir [&hellip;]<\/p>\n","protected":false},"author":2,"featured_media":0,"parent":112,"menu_order":0,"comment_status":"closed","ping_status":"closed","template":"","meta":{"footnotes":""},"folder":[],"class_list":["post-902","page","type-page","status-publish","hentry"],"rttpg_featured_image_url":null,"rttpg_author":{"display_name":"tic.cp.infantaleonor.madrid","author_link":"https:\/\/site.educa.madrid.org\/cp.infantaleonor.madrid\/index.php\/author\/cuenta_tic-cp-infantaleonor-madrid\/"},"rttpg_comment":0,"rttpg_category":false,"rttpg_excerpt":"ORDINARIO: De octubre a mayo Clases 9:00 a 12:30 y 14:30 a 16:00 Comedor 12:30 a 14:30 ORDINARIO: Septiembre y junio Clases 9:00 a 13:00 Comedor 13:00 a 14:30 \/ 15:00 HORARIO AMPLIADO Primeros del cole 7:30 a 9:00 Se podr\u00e1 dejar a los ni\u00f1os desde las 7:30 h hasta las 8:40 h. A partir&hellip;","post_mailing_queue_ids":[],"_links":{"self":[{"href":"https:\/\/site.educa.madrid.org\/cp.infantaleonor.madrid\/index.php\/wp-json\/wp\/v2\/pages\/902","targetHints":{"allow":["GET"]}}],"collection":[{"href":"https:\/\/site.educa.madrid.org\/cp.infantaleonor.madrid\/index.php\/wp-json\/wp\/v2\/pages"}],"about":[{"href":"https:\/\/site.educa.madrid.org\/cp.infantaleonor.madrid\/index.php\/wp-json\/wp\/v2\/types\/page"}],"author":[{"embeddable":true,"href":"https:\/\/site.educa.madrid.org\/cp.infantaleonor.madrid\/index.php\/wp-json\/wp\/v2\/users\/2"}],"replies":[{"embeddable":true,"href":"https:\/\/site.educa.madrid.org\/cp.infantaleonor.madrid\/index.php\/wp-json\/wp\/v2\/comments?post=902"}],"version-history":[{"count":10,"href":"https:\/\/site.educa.madrid.org\/cp.infantaleonor.madrid\/index.php\/wp-json\/wp\/v2\/pages\/902\/revisions"}],"predecessor-version":[{"id":3060,"href":"https:\/\/site.educa.madrid.org\/cp.infantaleonor.madrid\/index.php\/wp-json\/wp\/v2\/pages\/902\/revisions\/3060"}],"up":[{"embeddable":true,"href":"https:\/\/site.educa.madrid.org\/cp.infantaleonor.madrid\/index.php\/wp-json\/wp\/v2\/pages\/112"}],"wp:attachment":[{"href":"https:\/\/site.educa.madrid.org\/cp.infantaleonor.madrid\/index.php\/wp-json\/wp\/v2\/media?parent=902"}],"wp:term":[{"taxonomy":"folder","embeddable":true,"href":"https:\/\/site.educa.madrid.org\/cp.infantaleonor.madrid\/index.php\/wp-json\/wp\/v2\/folder?post=902"}],"curies":[{"name":"wp","href":"https:\/\/api.w.org\/{rel}","templated":true}]}}