{"id":1025,"date":"2026-02-18T10:59:21","date_gmt":"2026-02-18T09:59:21","guid":{"rendered":"https:\/\/site.educa.madrid.org\/cp.julianbesteiro.getafe\/?page_id=1025"},"modified":"2026-03-18T13:46:34","modified_gmt":"2026-03-18T12:46:34","slug":"consejo-escolar","status":"publish","type":"page","link":"https:\/\/site.educa.madrid.org\/cp.julianbesteiro.getafe\/index.php\/consejo-escolar\/","title":{"rendered":"Consejo Escolar"},"content":{"rendered":"\n<p>Es el \u00f3rgano representativo de los diferentes sectores de la comunidad educativa. Su estructura y funcionamiento se inspira en una concepci\u00f3n participativa en la vida escolar tanto en su organizaci\u00f3n como en su funcionamiento atendiendo a los principios democr\u00e1ticos de convivencia.<\/p>\n\n\n<div class=\"wp-block-image\">\n<figure class=\"aligncenter size-full is-resized\"><img loading=\"lazy\" decoding=\"async\" width=\"645\" height=\"120\" src=\"https:\/\/site.educa.madrid.org\/cp.julianbesteiro.getafe\/\/wp-content\/uploads\/cp.julianbesteiro.getafe\/2026\/02\/consejo-escolar.jpg\" alt=\"\" class=\"wp-image-1027\" style=\"width:840px;height:auto\" srcset=\"https:\/\/site.educa.madrid.org\/cp.julianbesteiro.getafe\/\/wp-content\/uploads\/cp.julianbesteiro.getafe\/2026\/02\/consejo-escolar.jpg 645w, https:\/\/site.educa.madrid.org\/cp.julianbesteiro.getafe\/\/wp-content\/uploads\/cp.julianbesteiro.getafe\/2026\/02\/consejo-escolar-300x56.jpg 300w, https:\/\/site.educa.madrid.org\/cp.julianbesteiro.getafe\/\/wp-content\/uploads\/cp.julianbesteiro.getafe\/2026\/02\/consejo-escolar-640x120.jpg 640w\" sizes=\"auto, (max-width: 645px) 100vw, 645px\" \/><\/figure>\n<\/div>\n\n\n<p>Su composici\u00f3n, elecci\u00f3n de componentes, nombramiento y competencias, est\u00e1n regulados por el Real Decreto 82\/1.996, de 26 de Enero, por el que se aprueba el Reglamento Org\u00e1nico de las Escuelas de E. Infantil y de los Colegios de E. Primaria (B.O.E. de 20 de febrero).<\/p>\n\n\n\n<h2 class=\"wp-block-heading\">Miembros que componen el Consejo Escolar<\/h2>\n\n\n\n<p>La composici\u00f3n de nuestro Consejo Escolar es la siguiente, a su vez, se divide en comisiones para agilizar su funcionamiento:<\/p>\n\n\n\n<ul class=\"wp-block-list\">\n<li><strong>Presidenta (directora del colegio)<\/strong>:&nbsp;M\u00f3nica Rocamora.<\/li>\n\n\n\n<li><strong>Jefe de Estudios<\/strong>:&nbsp;Ignacio Su\u00e1rez.&nbsp;<\/li>\n\n\n\n<li><strong>Secretario<\/strong>:&nbsp;Mario Duque.&nbsp;<\/li>\n<\/ul>\n\n\n\n<p><strong>5 Maestros\/as<\/strong>:<\/p>\n\n\n\n<ul class=\"wp-block-list\">\n<li>Gabald\u00f3n L\u00f3pez, Raquel<\/li>\n\n\n\n<li>Vergaz G\u00f3mez, Silvia<\/li>\n\n\n\n<li>Alcaraz Torija, Ethan<\/li>\n\n\n\n<li>Garc\u00eda Mart\u00ednez, Arantzazu<\/li>\n\n\n\n<li>Guill\u00e9n Ca\u00f1ada, Ver\u00f3nica<\/li>\n<\/ul>\n\n\n\n<p><strong>5 Padres\/madres\/tutores<\/strong>:<\/p>\n\n\n\n<ul class=\"wp-block-list\">\n<li>Rodr\u00edguez Prieto, Emma Elisa (nombrada por la AMPA)&nbsp;<\/li>\n\n\n\n<li>Armesto Dominguez, Nuria<\/li>\n\n\n\n<li>Servranckx, Karolien<\/li>\n\n\n\n<li>Becerra Mart\u00edn, Eva<\/li>\n\n\n\n<li>Vara Villanueva, Carlos<\/li>\n<\/ul>\n\n\n\n<p><strong>1 consejero de Administraci\u00f3n y Servicios<\/strong>:<\/p>\n\n\n\n<ul class=\"wp-block-list\">\n<li>&#8212;<\/li>\n<\/ul>\n\n\n\n<p><strong>1 Representante del Ayuntamiento de Getafe<\/strong>:<\/p>\n\n\n\n<ul class=\"wp-block-list\">\n<li>&nbsp;&#8212;<\/li>\n<\/ul>\n\n\n\n<div style=\"height:100px\" aria-hidden=\"true\" class=\"wp-block-spacer\"><\/div>\n","protected":false},"excerpt":{"rendered":"<p>Es el \u00f3rgano representativo de los diferentes sectores de la comunidad educativa. Su estructura y funcionamiento se inspira en una concepci\u00f3n participativa en la vida escolar tanto en su organizaci\u00f3n &#8230;<\/p>\n","protected":false},"author":2,"featured_media":0,"parent":0,"menu_order":0,"comment_status":"closed","ping_status":"closed","template":"","meta":{"footnotes":""},"folder":[],"class_list":["post-1025","page","type-page","status-publish","hentry"],"rttpg_featured_image_url":null,"rttpg_author":{"display_name":"tic.cp.julianbesteiro.getafe","author_link":"https:\/\/site.educa.madrid.org\/cp.julianbesteiro.getafe\/index.php\/author\/cuenta_tic-cp-julianbesteiro-getafe\/"},"rttpg_comment":0,"rttpg_category":false,"rttpg_excerpt":"Es el \u00f3rgano representativo de los diferentes sectores de la comunidad educativa. Su estructura y funcionamiento se inspira en una concepci\u00f3n participativa en la vida escolar tanto en su organizaci\u00f3n ...","post_mailing_queue_ids":[],"_links":{"self":[{"href":"https:\/\/site.educa.madrid.org\/cp.julianbesteiro.getafe\/index.php\/wp-json\/wp\/v2\/pages\/1025","targetHints":{"allow":["GET"]}}],"collection":[{"href":"https:\/\/site.educa.madrid.org\/cp.julianbesteiro.getafe\/index.php\/wp-json\/wp\/v2\/pages"}],"about":[{"href":"https:\/\/site.educa.madrid.org\/cp.julianbesteiro.getafe\/index.php\/wp-json\/wp\/v2\/types\/page"}],"author":[{"embeddable":true,"href":"https:\/\/site.educa.madrid.org\/cp.julianbesteiro.getafe\/index.php\/wp-json\/wp\/v2\/users\/2"}],"replies":[{"embeddable":true,"href":"https:\/\/site.educa.madrid.org\/cp.julianbesteiro.getafe\/index.php\/wp-json\/wp\/v2\/comments?post=1025"}],"version-history":[{"count":6,"href":"https:\/\/site.educa.madrid.org\/cp.julianbesteiro.getafe\/index.php\/wp-json\/wp\/v2\/pages\/1025\/revisions"}],"predecessor-version":[{"id":1554,"href":"https:\/\/site.educa.madrid.org\/cp.julianbesteiro.getafe\/index.php\/wp-json\/wp\/v2\/pages\/1025\/revisions\/1554"}],"wp:attachment":[{"href":"https:\/\/site.educa.madrid.org\/cp.julianbesteiro.getafe\/index.php\/wp-json\/wp\/v2\/media?parent=1025"}],"wp:term":[{"taxonomy":"folder","embeddable":true,"href":"https:\/\/site.educa.madrid.org\/cp.julianbesteiro.getafe\/index.php\/wp-json\/wp\/v2\/folder?post=1025"}],"curies":[{"name":"wp","href":"https:\/\/api.w.org\/{rel}","templated":true}]}}