{"id":1032,"date":"2026-02-18T11:02:11","date_gmt":"2026-02-18T10:02:11","guid":{"rendered":"https:\/\/site.educa.madrid.org\/cp.julianbesteiro.getafe\/?page_id=1032"},"modified":"2026-03-19T10:37:47","modified_gmt":"2026-03-19T09:37:47","slug":"evaluacion-2025-26","status":"publish","type":"page","link":"https:\/\/site.educa.madrid.org\/cp.julianbesteiro.getafe\/index.php\/evaluacion-2025-26\/","title":{"rendered":"Evaluaci\u00f3n 2025-26"},"content":{"rendered":"\n<div style=\"height:12px\" aria-hidden=\"true\" class=\"wp-block-spacer\"><\/div>\n\n\n\n<figure class=\"wp-block-table\"><table class=\"has-fixed-layout\"><tbody><tr><td class=\"has-text-align-center\" data-align=\"center\">Criterios calificaci\u00f3n Primaria Explicaci\u00f3n<\/td><td class=\"has-text-align-center\" data-align=\"center\"><a href=\"https:\/\/www.educa2.madrid.org\/web\/educamadrid\/principal\/files\/bef43ace-5bfc-4af3-ac5e-4d43da6d339b\/CRITERIOS%20DE%20CALIFICACI%C3%93N%20PRIMARIA.pdf?t=1758800164434\" target=\"_blank\" rel=\"noreferrer noopener\">Descargar<\/a> <br><a href=\"https:\/\/www.educa2.madrid.org\/web\/educamadrid\/principal\/files\/bef43ace-5bfc-4af3-ac5e-4d43da6d339b\/CRITERIOS%20DE%20CALIFICACI%C3%93N.pdf?t=1770727524527\" target=\"_blank\" rel=\"noreferrer noopener\">Descargar<\/a><\/td><\/tr><tr><td class=\"has-text-align-center\" data-align=\"center\">Promoci\u00f3n Primaria LOMLOE<\/td><td class=\"has-text-align-center\" data-align=\"center\"><a href=\"https:\/\/www.educa2.madrid.org\/web\/educamadrid\/principal\/files\/bef43ace-5bfc-4af3-ac5e-4d43da6d339b\/PROMOCI%C3%93N%20PRIMARIA%20LOMLOE.pdf?t=1758800203234\" target=\"_blank\" rel=\"noreferrer noopener\">Descargar<\/a><\/td><\/tr><\/tbody><\/table><\/figure>\n\n\n\n<figure class=\"wp-block-table\"><table class=\"has-fixed-layout\"><tbody><tr><td class=\"has-text-align-center\" data-align=\"center\">1\u00ba Primaria<\/td><td class=\"has-text-align-center\" data-align=\"center\"><a href=\"https:\/\/www.canva.com\/design\/DAGyATBJNKI\/7gsr0Z3C23SxWSo1C_DEOA\/view?utm_content=DAGyATBJNKI&amp;utm_campaign=designshare&amp;utm_medium=link2&amp;utm_source=uniquelinks&amp;utlId=h92133874db\" target=\"_blank\" rel=\"noreferrer noopener\">&nbsp;Acceder<\/a><\/td><\/tr><tr><td class=\"has-text-align-center\" data-align=\"center\">2\u00ba Primaria<\/td><td class=\"has-text-align-center\" data-align=\"center\"><a href=\"https:\/\/www.canva.com\/design\/DAGx7zcoHow\/C101AMB4jxa_Ep2W0QajhA\/view?utm_content=DAGx7zcoHow&amp;utm_campaign=designshare&amp;utm_medium=link2&amp;utm_source=uniquelinks&amp;utlId=h7bf9eb0e14\" target=\"_blank\" rel=\"noreferrer noopener\">Acceder<\/a><\/td><\/tr><\/tbody><\/table><\/figure>\n\n\n\n<div style=\"height:100px\" aria-hidden=\"true\" class=\"wp-block-spacer\"><\/div>\n","protected":false},"excerpt":{"rendered":"<p>Criterios calificaci\u00f3n Primaria Explicaci\u00f3n Descargar Descargar Promoci\u00f3n Primaria LOMLOE Descargar 1\u00ba Primaria &nbsp;Acceder 2\u00ba Primaria Acceder<\/p>\n","protected":false},"author":2,"featured_media":0,"parent":0,"menu_order":0,"comment_status":"closed","ping_status":"closed","template":"","meta":{"footnotes":""},"folder":[],"class_list":["post-1032","page","type-page","status-publish","hentry"],"rttpg_featured_image_url":null,"rttpg_author":{"display_name":"tic.cp.julianbesteiro.getafe","author_link":"https:\/\/site.educa.madrid.org\/cp.julianbesteiro.getafe\/index.php\/author\/cuenta_tic-cp-julianbesteiro-getafe\/"},"rttpg_comment":0,"rttpg_category":false,"rttpg_excerpt":"Criterios calificaci\u00f3n Primaria Explicaci\u00f3n Descargar Descargar Promoci\u00f3n Primaria LOMLOE Descargar 1\u00ba Primaria &nbsp;Acceder 2\u00ba Primaria Acceder","post_mailing_queue_ids":[],"_links":{"self":[{"href":"https:\/\/site.educa.madrid.org\/cp.julianbesteiro.getafe\/index.php\/wp-json\/wp\/v2\/pages\/1032","targetHints":{"allow":["GET"]}}],"collection":[{"href":"https:\/\/site.educa.madrid.org\/cp.julianbesteiro.getafe\/index.php\/wp-json\/wp\/v2\/pages"}],"about":[{"href":"https:\/\/site.educa.madrid.org\/cp.julianbesteiro.getafe\/index.php\/wp-json\/wp\/v2\/types\/page"}],"author":[{"embeddable":true,"href":"https:\/\/site.educa.madrid.org\/cp.julianbesteiro.getafe\/index.php\/wp-json\/wp\/v2\/users\/2"}],"replies":[{"embeddable":true,"href":"https:\/\/site.educa.madrid.org\/cp.julianbesteiro.getafe\/index.php\/wp-json\/wp\/v2\/comments?post=1032"}],"version-history":[{"count":5,"href":"https:\/\/site.educa.madrid.org\/cp.julianbesteiro.getafe\/index.php\/wp-json\/wp\/v2\/pages\/1032\/revisions"}],"predecessor-version":[{"id":1587,"href":"https:\/\/site.educa.madrid.org\/cp.julianbesteiro.getafe\/index.php\/wp-json\/wp\/v2\/pages\/1032\/revisions\/1587"}],"wp:attachment":[{"href":"https:\/\/site.educa.madrid.org\/cp.julianbesteiro.getafe\/index.php\/wp-json\/wp\/v2\/media?parent=1032"}],"wp:term":[{"taxonomy":"folder","embeddable":true,"href":"https:\/\/site.educa.madrid.org\/cp.julianbesteiro.getafe\/index.php\/wp-json\/wp\/v2\/folder?post=1032"}],"curies":[{"name":"wp","href":"https:\/\/api.w.org\/{rel}","templated":true}]}}