{"id":1040,"date":"2026-02-18T11:54:42","date_gmt":"2026-02-18T10:54:42","guid":{"rendered":"https:\/\/site.educa.madrid.org\/cp.julianbesteiro.getafe\/?page_id=1040"},"modified":"2026-03-18T14:11:06","modified_gmt":"2026-03-18T13:11:06","slug":"informacion-admision-2026-2027-parte-1","status":"publish","type":"page","link":"https:\/\/site.educa.madrid.org\/cp.julianbesteiro.getafe\/index.php\/informacion-admision-2026-2027-parte-1\/","title":{"rendered":"Informaci\u00f3n Admisi\u00f3n 2026-2027"},"content":{"rendered":"\n<p><\/p>\n\n\n\n<p>En esta p\u00e1gina puedes encontrar toda la informaci\u00f3n necesaria sobre el proceso de admisi\u00f3n en los colegios p\u00fablicos de la Comunidad de Madrid, no obstante, puedes contactar con nosotros telef\u00f3nicamente en el 91 684 70 34 o en cp.julianbesteiro.getafe@educa.madrid.org en caso de presentar cualquier duda.<\/p>\n\n\n\n<p>La siguiente informaci\u00f3n es importante que la conozc\u00e1is (consultad tambi\u00e9n la siguiente entrada a esta):<\/p>\n\n\n\n<figure class=\"wp-block-table\"><table class=\"has-fixed-layout\"><tbody><tr><td>Resoluci\u00f3n admisi\u00f3n<\/td><td class=\"has-text-align-center\" data-align=\"center\"><a href=\"https:\/\/www.educa2.madrid.org\/web\/educamadrid\/principal\/files\/cd001439-900b-4cde-b94a-119fdc606b3a\/RESOLUCI%C3%93N_ADMISI%C3%93N_R%C3%89GIMEN_GENERAL_2026-2027.pdf?t=1770809503828\" target=\"_blank\" rel=\"noreferrer noopener\">Descargar<\/a><\/td><\/tr><tr><td><strong>Resumen<\/strong> Calendario admisi\u00f3n<\/td><td class=\"has-text-align-center\" data-align=\"center\"><a href=\"https:\/\/www.educa2.madrid.org\/web\/educamadrid\/principal\/files\/cd001439-900b-4cde-b94a-119fdc606b3a\/Resumen%20del%20proceso%20de%20admisi%C3%B3n%20para%20las%20familias%202026.pdf?t=1770886686168\" target=\"_blank\" rel=\"noreferrer noopener\">Descargar<\/a><\/td><\/tr><tr><td><strong>Criterios de desempate<\/strong><\/td><td class=\"has-text-align-center\" data-align=\"center\"><a href=\"https:\/\/www.educa2.madrid.org\/web\/educamadrid\/principal\/files\/cd001439-900b-4cde-b94a-119fdc606b3a\/Criterios_Desempate%202026-27.pdf?t=1770809600172\" target=\"_blank\" rel=\"noreferrer noopener\">Descargar<\/a><\/td><\/tr><tr><td><strong>Programas Educativos<\/strong> (activ. extraescolares, complementarias, programas, etc.)<\/td><td class=\"has-text-align-center\" data-align=\"center\"><a href=\"https:\/\/www.educa2.madrid.org\/web\/educamadrid\/principal\/files\/cd001439-900b-4cde-b94a-119fdc606b3a\/Informaci%C3%B3n%20familias%20complementarias%2026-27.pdf?t=1770809422338\" target=\"_blank\" rel=\"noreferrer noopener\">Descargar<\/a><\/td><\/tr><tr><td><strong>Recursos<\/strong><\/td><td class=\"has-text-align-center\" data-align=\"center\"><a href=\"https:\/\/www.educa2.madrid.org\/web\/educamadrid\/principal\/files\/cd001439-900b-4cde-b94a-119fdc606b3a\/Recursos%202026-27.pdf?t=1770809132827\" target=\"_blank\" rel=\"noreferrer noopener\">Descargar<\/a><\/td><\/tr><tr><td><strong>FOLLETO INFORMATIVO <\/strong>para nuevas familias<\/td><td class=\"has-text-align-center\" data-align=\"center\"><a href=\"https:\/\/www.educa2.madrid.org\/web\/educamadrid\/principal\/files\/cd001439-900b-4cde-b94a-119fdc606b3a\/folleto%202026.pdf?t=1770886578253\" target=\"_blank\" rel=\"noreferrer noopener\">Descargar<\/a><\/td><\/tr><tr><td><strong>Web informativa<\/strong> Admisi\u00f3n de la CAM<\/td><td class=\"has-text-align-center\" data-align=\"center\"><a href=\"https:\/\/www.comunidad.madrid\/servicios\/educacion\/solicita-tu-admision-educacion-infantil-obligatoria-bachillerato\" target=\"_blank\" rel=\"noreferrer noopener\">Visitar<\/a><\/td><\/tr><tr><td><strong>Horario lectivo&nbsp;<\/strong>del colegio pr\u00f3ximo curso<\/td><td class=\"has-text-align-center\" data-align=\"center\">9:00 a 14:00 h<\/td><\/tr><\/tbody><\/table><\/figure>\n\n\n<div class=\"wp-block-image\">\n<figure class=\"aligncenter size-large\"><img loading=\"lazy\" decoding=\"async\" width=\"1024\" height=\"240\" src=\"https:\/\/site.educa.madrid.org\/cp.julianbesteiro.getafe\/\/wp-content\/uploads\/cp.julianbesteiro.getafe\/2026\/03\/imagen-admision-2-1024x240.png\" alt=\"\" class=\"wp-image-1562\" srcset=\"https:\/\/site.educa.madrid.org\/cp.julianbesteiro.getafe\/\/wp-content\/uploads\/cp.julianbesteiro.getafe\/2026\/03\/imagen-admision-2-1024x240.png 1024w, https:\/\/site.educa.madrid.org\/cp.julianbesteiro.getafe\/\/wp-content\/uploads\/cp.julianbesteiro.getafe\/2026\/03\/imagen-admision-2-300x70.png 300w, https:\/\/site.educa.madrid.org\/cp.julianbesteiro.getafe\/\/wp-content\/uploads\/cp.julianbesteiro.getafe\/2026\/03\/imagen-admision-2-768x180.png 768w, https:\/\/site.educa.madrid.org\/cp.julianbesteiro.getafe\/\/wp-content\/uploads\/cp.julianbesteiro.getafe\/2026\/03\/imagen-admision-2-1536x361.png 1536w, https:\/\/site.educa.madrid.org\/cp.julianbesteiro.getafe\/\/wp-content\/uploads\/cp.julianbesteiro.getafe\/2026\/03\/imagen-admision-2-2048x481.png 2048w\" sizes=\"auto, (max-width: 1024px) 100vw, 1024px\" \/><\/figure>\n<\/div>\n\n\n<div style=\"height:11px\" aria-hidden=\"true\" class=\"wp-block-spacer\"><\/div>\n\n\n\n<p>Puedes encontrar nuestro PEC en el apartado Informaci\u00f3n a familias \/ Proyecto Educativo.<\/p>\n\n\n\n<p>A su vez, el ayuntamiento de Getafe ofrece este dossier con informaci\u00f3n para las familias: <a href=\"https:\/\/www.educa2.madrid.org\/web\/educamadrid\/principal\/files\/cd001439-900b-4cde-b94a-119fdc606b3a\/dossier_escolarizacion%202024-25.pdf?t=1738155262197\" target=\"_blank\" rel=\"noreferrer noopener\">descargar dossier<\/a><\/p>\n\n\n\n<div style=\"height:8px\" aria-hidden=\"true\" class=\"wp-block-spacer\"><\/div>\n\n\n\n<p class=\"has-text-align-center has-vivid-red-color has-text-color has-link-color wp-elements-bc875e3318f508706bcad051b8ee0fdc\"><strong>SI A\u00daN TIENES DUDAS \u00a1\u00a1\u00a1LL\u00c1MANOS!!! &nbsp;91 684 70 34<\/strong><\/p>\n\n\n\n<p class=\"has-text-align-center has-vivid-red-color has-text-color has-link-color wp-elements-2db5a6fb40a9a2baed1f4498f69ffebf\"><strong>NO TE CUESTA NADA Y TE AYUDAREMOS A DECIDIR<\/strong><\/p>\n\n\n\n<p><\/p>\n\n\n\n<p>La <strong>solicitud<\/strong> se presentar\u00e1 prioritariamente de forma <strong>TELEM\u00c1TICA<\/strong>&nbsp;a trav\u00e9s de la Secretaria Virtual de la Comunidad de Madrid, dirigida al primer centro incluido en la solicitud.<\/p>\n\n\n\n<p>En el caso de querer&nbsp;presentar la solicitud en el colegio de forma presencial, se debe solicitar cita en el tel\u00e9fono &nbsp;91 684 70 34 o en cp.julianbesteiro.getafe@educa.madrid.org. Se acudir\u00e1 a la cita con la solicitud rellena por triplicado&nbsp;(la solicitud debe ser recogida previamente en el colegio) y firmadas las 3 copias por los dos progenitores.<\/p>\n\n\n\n<div style=\"height:18px\" aria-hidden=\"true\" class=\"wp-block-spacer\"><\/div>\n\n\n\n<p>DATOS A TENER EN CUENTA AL RELLENAR LA SOLICITUD:<\/p>\n\n\n\n<ul class=\"wp-block-list\">\n<li>NIA (N\u00ba Identificaci\u00f3n del Alumno) DEL ALUMNO\/A &#8211; si no lo conoces, no es necesario.&nbsp;<\/li>\n\n\n\n<li>CENTRO EDUCATIVO DE PROCEDENCIA: si el alumno\/a proviene de la EI La Luna indicar 28047575.<\/li>\n\n\n\n<li>CENTROS SOLICITADOS POR ORDEN DE PRIORIDAD: el c\u00f3digo de centro de nuestro colegio es 28039086, denominaci\u00f3n CEIP JULI\u00c1N BESTEIRO, Municipio Getafe.<\/li>\n\n\n\n<li>FIRMA DE LOS DOS PROGENITORES: padre y madre (en caso de separaci\u00f3n tambi\u00e9n deben firmar los dos).<\/li>\n\n\n\n<li>ANTIGUO ALUMNO\/A: si eres antiguo alumno, m\u00e1rcalo en la solicitud y nosotros lo comprobaremos en nuestros archivos.<\/li>\n<\/ul>\n\n\n\n<div style=\"height:19px\" aria-hidden=\"true\" class=\"wp-block-spacer\"><\/div>\n\n\n\n<p>Las fechas a tener en cuenta son las siguientes:<\/p>\n\n\n\n<figure class=\"wp-block-table\"><table class=\"has-fixed-layout\"><tbody><tr><td><strong>Recogida y entrega de solicitudes<\/strong><\/td><td class=\"has-text-align-center\" data-align=\"center\">11 al 25 marzo<\/td><\/tr><tr><td>Listados provisionales de alumnos que han solicitado plaza&nbsp;<\/td><td class=\"has-text-align-center\" data-align=\"center\">14 abril<\/td><\/tr><tr><td>Reclamaci\u00f3n a los listados provisionales<\/td><td class=\"has-text-align-center\" data-align=\"center\">15, 16 y 17 abril<\/td><\/tr><tr><td>Listado provisional de puntuaci\u00f3n obtenida por solicitantes<\/td><td class=\"has-text-align-center\" data-align=\"center\">23 abril<\/td><\/tr><tr><td>Reclamaciones a la puntuaci\u00f3n obtenida<\/td><td class=\"has-text-align-center\" data-align=\"center\">24, 27 y 28 abril<\/td><\/tr><tr><td>Listado definitivo de puntuaci\u00f3n<\/td><td class=\"has-text-align-center\" data-align=\"center\">7 mayo<\/td><\/tr><tr><td>Listado alumnos admitidos<\/td><td class=\"has-text-align-center\" data-align=\"center\">27 mayo<\/td><\/tr><tr><td>Solicitud complementaria (solamente los alumnos que no hayan obtenido plaza en ning\u00fan centro)<\/td><td class=\"has-text-align-center\" data-align=\"center\">28 y 29 mayo<\/td><\/tr><tr><td><strong>PLAZO DE MATRICULACI\u00d3N <\/strong>(para alumnos admitidos)<\/td><td class=\"has-text-align-center\" data-align=\"center\">11 al 25 junio<\/td><\/tr><\/tbody><\/table><\/figure>\n\n\n\n<div style=\"height:23px\" aria-hidden=\"true\" class=\"wp-block-spacer\"><\/div>\n\n\n\n<h3 class=\"wp-block-heading has-text-align-center\">Proceso Ordinario de Admisi\u00f3n (enlaces de inter\u00e9s)<\/h3>\n\n\n\n<figure class=\"wp-block-table\"><table class=\"has-fixed-layout\"><tbody><tr><td><strong>Acceso a SECRETAR\u00cdA VIRTUAL de centros docentes<\/strong><\/td><td class=\"has-text-align-center\" data-align=\"center\"><a href=\"https:\/\/raices.madrid.org\/secretariavirtual\/\" target=\"_blank\" rel=\"noreferrer noopener\">Acceso<\/a><\/td><\/tr><tr><td><strong>Manual \u00abc\u00f3mo rellenar la solicitud telem\u00e1ticamente\u00bb<\/strong><\/td><td class=\"has-text-align-center\" data-align=\"center\"><a href=\"https:\/\/www.educa2.madrid.org\/web\/educamadrid\/principal\/files\/86ba702a-c119-47dd-8b4a-b2f20f6eeab9\/como%20rellenar%20solicitud%20admisi%C3%B3n%20telematicamente.pdf?t=1589555612783\" target=\"_blank\" rel=\"noreferrer noopener\">Descargar<\/a><\/td><\/tr><tr><td><strong>Acceso a la&nbsp;SOLICITUD<\/strong>&nbsp;<strong>TELEM\u00c1TICA<\/strong> <strong>(incluye v\u00eddeos tutoriales)<\/strong><\/td><td class=\"has-text-align-center\" data-align=\"center\"><a href=\"https:\/\/www.comunidad.madrid\/servicios\/educacion\/gestion-telematica-solicitud-admision-alumnos-secretaria-virtual\" target=\"_blank\" rel=\"noreferrer noopener\">Acceso<\/a><a href=\"https:\/\/www.educa2.madrid.org\/web\/educamadrid\/principal\/files\/86ba702a-c119-47dd-8b4a-b2f20f6eeab9\/Resolucion%20conjunta%20admision%202020_2021.pdf?t=1589307202988\" target=\"_blank\" rel=\"noreferrer noopener\"><\/a><\/td><\/tr><tr><td>Solicitud rellenable e imprimible para entregar f\u00edsicamente en secretar\u00eda (si se hace telem\u00e1ticamente no hay que descargar esta solicitud). Entregar por triplicado con firmas en las tres copias.<\/td><td class=\"has-text-align-center\" data-align=\"center\"><a href=\"https:\/\/site.educa.madrid.org\/cp.julianbesteiro.getafe\/\/wp-content\/uploads\/cp.julianbesteiro.getafe\/2026\/03\/solicitud_autocumplimentable_admision_regimen_general_26_27.pdf\" data-type=\"attachment\" data-id=\"1403\" target=\"_blank\" rel=\"noreferrer noopener\">Descargar<\/a><a href=\"https:\/\/www.educa2.madrid.org\/web\/educamadrid\/principal\/files\/86ba702a-c119-47dd-8b4a-b2f20f6eeab9\/solicitud_de_admision_de_alumnos_-interactivo-22-23.pdf?t=1650547133030\" target=\"_blank\" rel=\"noreferrer noopener\"><\/a><\/td><\/tr><tr><td>Modelo de reclamaci\u00f3n al listado de solicitantes<\/td><td class=\"has-text-align-center\" data-align=\"center\">Descargar<\/td><\/tr><tr><td>Modelo de reclamaci\u00f3n de puntuaci\u00f3n<\/td><td class=\"has-text-align-center\" data-align=\"center\">Descargar&nbsp;<a href=\"https:\/\/www.educa2.madrid.org\/web\/educamadrid\/principal\/files\/86ba702a-c119-47dd-8b4a-b2f20f6eeab9\/Modelo%20reclamaci%C3%B3n.pdf?t=1457802421297\" target=\"_blank\" rel=\"noreferrer noopener\"><\/a><\/td><\/tr><\/tbody><\/table><\/figure>\n\n\n\n<div style=\"height:26px\" aria-hidden=\"true\" class=\"wp-block-spacer\"><\/div>\n\n\n\n<h3 class=\"wp-block-heading has-text-align-center\">Listados<\/h3>\n\n\n\n<p>Los listados se pueden consultar en el tabl\u00f3n de anuncios interior del colegio o en la secretar\u00eda virtual. Por protecci\u00f3n de datos no podemos publicar los listados en nuestra Web.<\/p>\n","protected":false},"excerpt":{"rendered":"<p>En esta p\u00e1gina puedes encontrar toda la informaci\u00f3n necesaria sobre el proceso de admisi\u00f3n en los colegios p\u00fablicos de la Comunidad de Madrid, no obstante, puedes contactar con nosotros telef\u00f3nicamente &#8230;<\/p>\n","protected":false},"author":2,"featured_media":0,"parent":0,"menu_order":0,"comment_status":"closed","ping_status":"closed","template":"","meta":{"footnotes":""},"folder":[],"class_list":["post-1040","page","type-page","status-publish","hentry"],"rttpg_featured_image_url":null,"rttpg_author":{"display_name":"tic.cp.julianbesteiro.getafe","author_link":"https:\/\/site.educa.madrid.org\/cp.julianbesteiro.getafe\/index.php\/author\/cuenta_tic-cp-julianbesteiro-getafe\/"},"rttpg_comment":0,"rttpg_category":false,"rttpg_excerpt":"En esta p\u00e1gina puedes encontrar toda la informaci\u00f3n necesaria sobre el proceso de admisi\u00f3n en los colegios p\u00fablicos de la Comunidad de Madrid, no obstante, puedes contactar con nosotros telef\u00f3nicamente ...","post_mailing_queue_ids":[],"_links":{"self":[{"href":"https:\/\/site.educa.madrid.org\/cp.julianbesteiro.getafe\/index.php\/wp-json\/wp\/v2\/pages\/1040","targetHints":{"allow":["GET"]}}],"collection":[{"href":"https:\/\/site.educa.madrid.org\/cp.julianbesteiro.getafe\/index.php\/wp-json\/wp\/v2\/pages"}],"about":[{"href":"https:\/\/site.educa.madrid.org\/cp.julianbesteiro.getafe\/index.php\/wp-json\/wp\/v2\/types\/page"}],"author":[{"embeddable":true,"href":"https:\/\/site.educa.madrid.org\/cp.julianbesteiro.getafe\/index.php\/wp-json\/wp\/v2\/users\/2"}],"replies":[{"embeddable":true,"href":"https:\/\/site.educa.madrid.org\/cp.julianbesteiro.getafe\/index.php\/wp-json\/wp\/v2\/comments?post=1040"}],"version-history":[{"count":8,"href":"https:\/\/site.educa.madrid.org\/cp.julianbesteiro.getafe\/index.php\/wp-json\/wp\/v2\/pages\/1040\/revisions"}],"predecessor-version":[{"id":1564,"href":"https:\/\/site.educa.madrid.org\/cp.julianbesteiro.getafe\/index.php\/wp-json\/wp\/v2\/pages\/1040\/revisions\/1564"}],"wp:attachment":[{"href":"https:\/\/site.educa.madrid.org\/cp.julianbesteiro.getafe\/index.php\/wp-json\/wp\/v2\/media?parent=1040"}],"wp:term":[{"taxonomy":"folder","embeddable":true,"href":"https:\/\/site.educa.madrid.org\/cp.julianbesteiro.getafe\/index.php\/wp-json\/wp\/v2\/folder?post=1040"}],"curies":[{"name":"wp","href":"https:\/\/api.w.org\/{rel}","templated":true}]}}