{"id":1051,"date":"2026-02-18T12:01:16","date_gmt":"2026-02-18T11:01:16","guid":{"rendered":"https:\/\/site.educa.madrid.org\/cp.julianbesteiro.getafe\/?page_id=1051"},"modified":"2026-03-20T10:33:21","modified_gmt":"2026-03-20T09:33:21","slug":"adscripciones-a-nivel-superior","status":"publish","type":"page","link":"https:\/\/site.educa.madrid.org\/cp.julianbesteiro.getafe\/index.php\/adscripciones-a-nivel-superior\/","title":{"rendered":"Adscripciones a nivel superior"},"content":{"rendered":"<div class=\"wp-block-image\">\n<figure class=\"aligncenter size-large\"><img loading=\"lazy\" decoding=\"async\" width=\"1024\" height=\"359\" src=\"https:\/\/site.educa.madrid.org\/cp.julianbesteiro.getafe\/\/wp-content\/uploads\/cp.julianbesteiro.getafe\/2026\/03\/imagen-colegio-a-Ies-1-1024x359.png\" alt=\"\" class=\"wp-image-1571\" srcset=\"https:\/\/site.educa.madrid.org\/cp.julianbesteiro.getafe\/\/wp-content\/uploads\/cp.julianbesteiro.getafe\/2026\/03\/imagen-colegio-a-Ies-1-1024x359.png 1024w, https:\/\/site.educa.madrid.org\/cp.julianbesteiro.getafe\/\/wp-content\/uploads\/cp.julianbesteiro.getafe\/2026\/03\/imagen-colegio-a-Ies-1-300x105.png 300w, https:\/\/site.educa.madrid.org\/cp.julianbesteiro.getafe\/\/wp-content\/uploads\/cp.julianbesteiro.getafe\/2026\/03\/imagen-colegio-a-Ies-1-768x269.png 768w, https:\/\/site.educa.madrid.org\/cp.julianbesteiro.getafe\/\/wp-content\/uploads\/cp.julianbesteiro.getafe\/2026\/03\/imagen-colegio-a-Ies-1.png 1293w\" sizes=\"auto, (max-width: 1024px) 100vw, 1024px\" \/><\/figure>\n<\/div>\n\n\n<div style=\"height:14px\" aria-hidden=\"true\" class=\"wp-block-spacer\"><\/div>\n\n\n\n<p>Nuestro alumnado de 6\u00ba de Primaria tiene las siguientes adscripciones en IES de Getafe:<\/p>\n\n\n\n<figure class=\"wp-block-table\"><table class=\"has-fixed-layout\"><tbody><tr><td class=\"has-text-align-center\" data-align=\"center\"><strong>C\u00f3digo de centro<\/strong><\/td><td class=\"has-text-align-center\" data-align=\"center\"><strong>Nombre del centro<\/strong><\/td><td class=\"has-text-align-center\" data-align=\"center\"><strong>Tipo adscripci\u00f3n<\/strong><\/td><\/tr><tr><td class=\"has-text-align-center\" data-align=\"center\">28046261<\/td><td class=\"has-text-align-center\" data-align=\"center\"><a href=\"https:\/\/www.educa2.madrid.org\/web\/centro.ies.ignacioaldecoa.getafe\" target=\"_blank\" rel=\"noreferrer noopener\">IES IGNACIO ALDECOA<\/a><\/td><td class=\"has-text-align-center\" data-align=\"center\">\u00danica biling\u00fce<\/td><\/tr><tr><td class=\"has-text-align-center\" data-align=\"center\">28078547<\/td><td class=\"has-text-align-center\" data-align=\"center\"><a href=\"https:\/\/site.educa.madrid.org\/ies.elisasorianofischer.getafe\/\" target=\"_blank\" rel=\"noreferrer noopener\">IES ELISA SORIANO FISCHER<\/a><\/td><td class=\"has-text-align-center\" data-align=\"center\">M\u00faltiple biling\u00fce<\/td><\/tr><tr><td class=\"has-text-align-center\" data-align=\"center\">28072107<\/td><td class=\"has-text-align-center\" data-align=\"center\"><a href=\"https:\/\/site.educa.madrid.org\/ies.lasenda.getafe\/\" target=\"_blank\" rel=\"noreferrer noopener\">IES LA SENDA<\/a><\/td><td class=\"has-text-align-center\" data-align=\"center\">M\u00faltiple biling\u00fce<\/td><\/tr><tr><td class=\"has-text-align-center\" data-align=\"center\">28039827<\/td><td class=\"has-text-align-center\" data-align=\"center\"><a href=\"https:\/\/site.educa.madrid.org\/ies.lagunadejoatzel.getafe\/\" target=\"_blank\" rel=\"noreferrer noopener\">IES LAGUNA DE JOATZEL<\/a><\/td><td class=\"has-text-align-center\" data-align=\"center\">M\u00faltiple biling\u00fce<\/td><\/tr><tr><td class=\"has-text-align-center\" data-align=\"center\">28040702<\/td><td class=\"has-text-align-center\" data-align=\"center\"><a href=\"https:\/\/site.educa.madrid.org\/ies.leonfelipe.getafe\/\" target=\"_blank\" rel=\"noreferrer noopener\">IES LE\u00d3N FELIPE<\/a><\/td><td class=\"has-text-align-center\" data-align=\"center\">M\u00faltiple biling\u00fce<\/td><\/tr><tr><td class=\"has-text-align-center\" data-align=\"center\">28074669<\/td><td class=\"has-text-align-center\" data-align=\"center\"><a href=\"https:\/\/www.educa2.madrid.org\/web\/centro.ies.menendezpelayo.getafe\" target=\"_blank\" rel=\"noreferrer noopener\">IES MENENDEZ PELAYO<\/a><\/td><td class=\"has-text-align-center\" data-align=\"center\">M\u00faltiple biling\u00fce<\/td><\/tr><\/tbody><\/table><\/figure>\n\n\n\n<div style=\"height:100px\" aria-hidden=\"true\" class=\"wp-block-spacer\"><\/div>\n","protected":false},"excerpt":{"rendered":"<p>Nuestro alumnado de 6\u00ba de Primaria tiene las siguientes adscripciones en IES de Getafe: C\u00f3digo de centro Nombre del centro Tipo adscripci\u00f3n 28046261 IES IGNACIO ALDECOA \u00danica biling\u00fce 28078547 IES &#8230;<\/p>\n","protected":false},"author":2,"featured_media":0,"parent":0,"menu_order":0,"comment_status":"closed","ping_status":"closed","template":"","meta":{"footnotes":""},"folder":[],"class_list":["post-1051","page","type-page","status-publish","hentry"],"rttpg_featured_image_url":null,"rttpg_author":{"display_name":"tic.cp.julianbesteiro.getafe","author_link":"https:\/\/site.educa.madrid.org\/cp.julianbesteiro.getafe\/index.php\/author\/cuenta_tic-cp-julianbesteiro-getafe\/"},"rttpg_comment":0,"rttpg_category":false,"rttpg_excerpt":"Nuestro alumnado de 6\u00ba de Primaria tiene las siguientes adscripciones en IES de Getafe: C\u00f3digo de centro Nombre del centro Tipo adscripci\u00f3n 28046261 IES IGNACIO ALDECOA \u00danica biling\u00fce 28078547 IES ...","post_mailing_queue_ids":[],"_links":{"self":[{"href":"https:\/\/site.educa.madrid.org\/cp.julianbesteiro.getafe\/index.php\/wp-json\/wp\/v2\/pages\/1051","targetHints":{"allow":["GET"]}}],"collection":[{"href":"https:\/\/site.educa.madrid.org\/cp.julianbesteiro.getafe\/index.php\/wp-json\/wp\/v2\/pages"}],"about":[{"href":"https:\/\/site.educa.madrid.org\/cp.julianbesteiro.getafe\/index.php\/wp-json\/wp\/v2\/types\/page"}],"author":[{"embeddable":true,"href":"https:\/\/site.educa.madrid.org\/cp.julianbesteiro.getafe\/index.php\/wp-json\/wp\/v2\/users\/2"}],"replies":[{"embeddable":true,"href":"https:\/\/site.educa.madrid.org\/cp.julianbesteiro.getafe\/index.php\/wp-json\/wp\/v2\/comments?post=1051"}],"version-history":[{"count":8,"href":"https:\/\/site.educa.madrid.org\/cp.julianbesteiro.getafe\/index.php\/wp-json\/wp\/v2\/pages\/1051\/revisions"}],"predecessor-version":[{"id":1637,"href":"https:\/\/site.educa.madrid.org\/cp.julianbesteiro.getafe\/index.php\/wp-json\/wp\/v2\/pages\/1051\/revisions\/1637"}],"wp:attachment":[{"href":"https:\/\/site.educa.madrid.org\/cp.julianbesteiro.getafe\/index.php\/wp-json\/wp\/v2\/media?parent=1051"}],"wp:term":[{"taxonomy":"folder","embeddable":true,"href":"https:\/\/site.educa.madrid.org\/cp.julianbesteiro.getafe\/index.php\/wp-json\/wp\/v2\/folder?post=1051"}],"curies":[{"name":"wp","href":"https:\/\/api.w.org\/{rel}","templated":true}]}}