{"id":1056,"date":"2026-02-18T12:04:33","date_gmt":"2026-02-18T11:04:33","guid":{"rendered":"https:\/\/site.educa.madrid.org\/cp.julianbesteiro.getafe\/?page_id=1056"},"modified":"2026-03-25T12:43:51","modified_gmt":"2026-03-25T11:43:51","slug":"oferta-de-vacantes","status":"publish","type":"page","link":"https:\/\/site.educa.madrid.org\/cp.julianbesteiro.getafe\/index.php\/oferta-de-vacantes\/","title":{"rendered":"Oferta de vacantes"},"content":{"rendered":"\n<p>Las vacantes ofertadas para el curso 2026-2027 en el periodo ordinario de admisi\u00f3n son las siguientes:<\/p>\n\n\n\n<figure class=\"wp-block-table\"><table class=\"has-fixed-layout\"><tbody><tr><td class=\"has-text-align-center\" data-align=\"center\"><\/td><td class=\"has-text-align-center\" data-align=\"center\"><strong><em>Vacantes ordinarias<\/em><\/strong><\/td><td class=\"has-text-align-center\" data-align=\"center\"><em><strong>Vacantes NCE<\/strong><\/em><\/td><td class=\"has-text-align-center\" data-align=\"center\"><em><strong>Vacantes NEE<\/strong><\/em><\/td><\/tr><tr><td class=\"has-text-align-center\" data-align=\"center\">3 a\u00f1os<\/td><td class=\"has-text-align-center\" data-align=\"center\">34<\/td><td class=\"has-text-align-center\" data-align=\"center\">2<\/td><td class=\"has-text-align-center\" data-align=\"center\">4<\/td><\/tr><tr><td class=\"has-text-align-center\" data-align=\"center\">4 a\u00f1os<\/td><td class=\"has-text-align-center\" data-align=\"center\">0<\/td><td class=\"has-text-align-center\" data-align=\"center\">0<\/td><td class=\"has-text-align-center\" data-align=\"center\">0<\/td><\/tr><tr><td class=\"has-text-align-center\" data-align=\"center\">5 a\u00f1os<\/td><td class=\"has-text-align-center\" data-align=\"center\">0<\/td><td class=\"has-text-align-center\" data-align=\"center\">0<\/td><td class=\"has-text-align-center\" data-align=\"center\">0<\/td><\/tr><tr><td class=\"has-text-align-center\" data-align=\"center\">1\u00ba Primaria<\/td><td class=\"has-text-align-center\" data-align=\"center\">6<\/td><td class=\"has-text-align-center\" data-align=\"center\">0<\/td><td class=\"has-text-align-center\" data-align=\"center\">0<\/td><\/tr><tr><td class=\"has-text-align-center\" data-align=\"center\">2\u00ba Primaria<\/td><td class=\"has-text-align-center\" data-align=\"center\">0<\/td><td class=\"has-text-align-center\" data-align=\"center\">0<\/td><td class=\"has-text-align-center\" data-align=\"center\">0<\/td><\/tr><tr><td class=\"has-text-align-center\" data-align=\"center\">3\u00ba Primaria<\/td><td class=\"has-text-align-center\" data-align=\"center\">6<\/td><td class=\"has-text-align-center\" data-align=\"center\">0<\/td><td class=\"has-text-align-center\" data-align=\"center\">0<\/td><\/tr><tr><td class=\"has-text-align-center\" data-align=\"center\">4\u00ba Primaria<\/td><td class=\"has-text-align-center\" data-align=\"center\">0<\/td><td class=\"has-text-align-center\" data-align=\"center\">0<\/td><td class=\"has-text-align-center\" data-align=\"center\">0<\/td><\/tr><tr><td class=\"has-text-align-center\" data-align=\"center\">5\u00ba Primaria<\/td><td class=\"has-text-align-center\" data-align=\"center\">4<\/td><td class=\"has-text-align-center\" data-align=\"center\">0<\/td><td class=\"has-text-align-center\" data-align=\"center\">0<\/td><\/tr><tr><td class=\"has-text-align-center\" data-align=\"center\">6\u00ba Primaria<\/td><td class=\"has-text-align-center\" data-align=\"center\">7<\/td><td class=\"has-text-align-center\" data-align=\"center\">0<\/td><td class=\"has-text-align-center\" data-align=\"center\">0<\/td><\/tr><\/tbody><\/table><\/figure>\n\n\n<div class=\"wp-block-image\">\n<figure class=\"aligncenter size-large\"><img loading=\"lazy\" decoding=\"async\" width=\"1024\" height=\"272\" src=\"https:\/\/site.educa.madrid.org\/cp.julianbesteiro.getafe\/\/wp-content\/uploads\/cp.julianbesteiro.getafe\/2026\/03\/vacantes-2-1024x272.png\" alt=\"\" class=\"wp-image-1579\" srcset=\"https:\/\/site.educa.madrid.org\/cp.julianbesteiro.getafe\/\/wp-content\/uploads\/cp.julianbesteiro.getafe\/2026\/03\/vacantes-2-1024x272.png 1024w, https:\/\/site.educa.madrid.org\/cp.julianbesteiro.getafe\/\/wp-content\/uploads\/cp.julianbesteiro.getafe\/2026\/03\/vacantes-2-300x80.png 300w, https:\/\/site.educa.madrid.org\/cp.julianbesteiro.getafe\/\/wp-content\/uploads\/cp.julianbesteiro.getafe\/2026\/03\/vacantes-2-768x204.png 768w, https:\/\/site.educa.madrid.org\/cp.julianbesteiro.getafe\/\/wp-content\/uploads\/cp.julianbesteiro.getafe\/2026\/03\/vacantes-2.png 1403w\" sizes=\"auto, (max-width: 1024px) 100vw, 1024px\" \/><\/figure>\n<\/div>","protected":false},"excerpt":{"rendered":"<p>Las vacantes ofertadas para el curso 2026-2027 en el periodo ordinario de admisi\u00f3n son las siguientes: Vacantes ordinarias Vacantes NCE Vacantes NEE 3 a\u00f1os 34 2 4 4 a\u00f1os 0 &#8230;<\/p>\n","protected":false},"author":2,"featured_media":0,"parent":0,"menu_order":0,"comment_status":"closed","ping_status":"closed","template":"","meta":{"footnotes":""},"folder":[],"class_list":["post-1056","page","type-page","status-publish","hentry"],"rttpg_featured_image_url":null,"rttpg_author":{"display_name":"tic.cp.julianbesteiro.getafe","author_link":"https:\/\/site.educa.madrid.org\/cp.julianbesteiro.getafe\/index.php\/author\/cuenta_tic-cp-julianbesteiro-getafe\/"},"rttpg_comment":0,"rttpg_category":false,"rttpg_excerpt":"Las vacantes ofertadas para el curso 2026-2027 en el periodo ordinario de admisi\u00f3n son las siguientes: Vacantes ordinarias Vacantes NCE Vacantes NEE 3 a\u00f1os 34 2 4 4 a\u00f1os 0 ...","post_mailing_queue_ids":[],"_links":{"self":[{"href":"https:\/\/site.educa.madrid.org\/cp.julianbesteiro.getafe\/index.php\/wp-json\/wp\/v2\/pages\/1056","targetHints":{"allow":["GET"]}}],"collection":[{"href":"https:\/\/site.educa.madrid.org\/cp.julianbesteiro.getafe\/index.php\/wp-json\/wp\/v2\/pages"}],"about":[{"href":"https:\/\/site.educa.madrid.org\/cp.julianbesteiro.getafe\/index.php\/wp-json\/wp\/v2\/types\/page"}],"author":[{"embeddable":true,"href":"https:\/\/site.educa.madrid.org\/cp.julianbesteiro.getafe\/index.php\/wp-json\/wp\/v2\/users\/2"}],"replies":[{"embeddable":true,"href":"https:\/\/site.educa.madrid.org\/cp.julianbesteiro.getafe\/index.php\/wp-json\/wp\/v2\/comments?post=1056"}],"version-history":[{"count":6,"href":"https:\/\/site.educa.madrid.org\/cp.julianbesteiro.getafe\/index.php\/wp-json\/wp\/v2\/pages\/1056\/revisions"}],"predecessor-version":[{"id":1580,"href":"https:\/\/site.educa.madrid.org\/cp.julianbesteiro.getafe\/index.php\/wp-json\/wp\/v2\/pages\/1056\/revisions\/1580"}],"wp:attachment":[{"href":"https:\/\/site.educa.madrid.org\/cp.julianbesteiro.getafe\/index.php\/wp-json\/wp\/v2\/media?parent=1056"}],"wp:term":[{"taxonomy":"folder","embeddable":true,"href":"https:\/\/site.educa.madrid.org\/cp.julianbesteiro.getafe\/index.php\/wp-json\/wp\/v2\/folder?post=1056"}],"curies":[{"name":"wp","href":"https:\/\/api.w.org\/{rel}","templated":true}]}}