{"id":1078,"date":"2026-02-18T12:45:27","date_gmt":"2026-02-18T11:45:27","guid":{"rendered":"https:\/\/site.educa.madrid.org\/cp.julianbesteiro.getafe\/?page_id=1078"},"modified":"2026-03-20T11:39:31","modified_gmt":"2026-03-20T10:39:31","slug":"impresos-para-secretaria","status":"publish","type":"page","link":"https:\/\/site.educa.madrid.org\/cp.julianbesteiro.getafe\/index.php\/impresos-para-secretaria\/","title":{"rendered":"Impresos para Secretar\u00eda"},"content":{"rendered":"\n<figure class=\"wp-block-image size-large\"><img loading=\"lazy\" decoding=\"async\" width=\"1024\" height=\"559\" src=\"https:\/\/site.educa.madrid.org\/cp.julianbesteiro.getafe\/\/wp-content\/uploads\/cp.julianbesteiro.getafe\/2026\/03\/imagen-impresos-secretaria-1024x559.png\" alt=\"\" class=\"wp-image-1645\" srcset=\"https:\/\/site.educa.madrid.org\/cp.julianbesteiro.getafe\/\/wp-content\/uploads\/cp.julianbesteiro.getafe\/2026\/03\/imagen-impresos-secretaria-1024x559.png 1024w, https:\/\/site.educa.madrid.org\/cp.julianbesteiro.getafe\/\/wp-content\/uploads\/cp.julianbesteiro.getafe\/2026\/03\/imagen-impresos-secretaria-300x164.png 300w, https:\/\/site.educa.madrid.org\/cp.julianbesteiro.getafe\/\/wp-content\/uploads\/cp.julianbesteiro.getafe\/2026\/03\/imagen-impresos-secretaria-768x419.png 768w, https:\/\/site.educa.madrid.org\/cp.julianbesteiro.getafe\/\/wp-content\/uploads\/cp.julianbesteiro.getafe\/2026\/03\/imagen-impresos-secretaria.png 1408w\" sizes=\"auto, (max-width: 1024px) 100vw, 1024px\" \/><\/figure>\n\n\n\n<div style=\"height:6px\" aria-hidden=\"true\" class=\"wp-block-spacer\"><\/div>\n\n\n\n<p>A continuaci\u00f3n, puedes encontrar los impresos m\u00e1s solicitados para entregar en secretar\u00eda:<\/p>\n\n\n\n<p class=\"has-text-align-center\"><strong>RELLENAR LOS IMPRESOS EN ORDENADOR, IMPRIMIR Y FIRMAR<\/strong><\/p>\n\n\n\n<figure class=\"wp-block-table\"><table class=\"has-fixed-layout\"><tbody><tr><td class=\"has-text-align-center\" data-align=\"center\">Impreso de <strong>MATR\u00cdCULA<\/strong> (imprimir en doble cara)<\/td><td class=\"has-text-align-center\" data-align=\"center\"><a href=\"https:\/\/www.educa2.madrid.org\/web\/educamadrid\/principal\/files\/0b47edf7-ba46-4b27-82e5-bbe04bfe1c8a\/Ficha%20personal%20de%20matr%C3%ADcula%20EDITABLE%202023.pdf?t=1688374618599\" target=\"_blank\" rel=\"noreferrer noopener\">Descargar<\/a><\/td><\/tr><tr><td class=\"has-text-align-center\" data-align=\"center\">Tratamiento <strong>DATOS PERSONALES<\/strong> (entregar junto con impreso matr\u00edcula)<\/td><td class=\"has-text-align-center\" data-align=\"center\"><a href=\"https:\/\/www.educa2.madrid.org\/web\/educamadrid\/principal\/files\/0b47edf7-ba46-4b27-82e5-bbe04bfe1c8a\/Tratamiento%20de%20datos%20personales%202023%20EDITABLE.pdf?t=1688374657276\" target=\"_blank\" rel=\"noreferrer noopener\">Descargar<\/a><\/td><\/tr><tr><td class=\"has-text-align-center\" data-align=\"center\">Impreso de <strong>COMEDOR<\/strong> (imprimir y entregar las 2 hojas)<\/td><td class=\"has-text-align-center\" data-align=\"center\"><a href=\"https:\/\/www.educa2.madrid.org\/web\/educamadrid\/principal\/files\/0b47edf7-ba46-4b27-82e5-bbe04bfe1c8a\/Solicitud%20comedor%202023-24%20EDITABLE.pdf?t=1688374203445\" target=\"_blank\" rel=\"noreferrer noopener\">Descargar<\/a><\/td><\/tr><tr><td class=\"has-text-align-center\" data-align=\"center\">Impreso de <strong>DESAYUNO<\/strong><br> <strong>Impreso DESAYUNO (domiciliado)<\/strong><\/td><td class=\"has-text-align-center\" data-align=\"center\"><a href=\"https:\/\/www.educa2.madrid.org\/web\/educamadrid\/principal\/files\/0b47edf7-ba46-4b27-82e5-bbe04bfe1c8a\/Solicitud%20desayuno%202023-24%20EDITABLE.pdf?t=1688374240680\" target=\"_blank\" rel=\"noreferrer noopener\">Descargar<\/a> <br><a href=\"https:\/\/www.educa2.madrid.org\/web\/educamadrid\/principal\/files\/0b47edf7-ba46-4b27-82e5-bbe04bfe1c8a\/INSCRIPCI%C3%93N%20DESAYUNOS%202025-2026.pdf?t=1757502030109\" target=\"_blank\" rel=\"noreferrer noopener\">Descargar<\/a><\/td><\/tr><tr><td class=\"has-text-align-center\" data-align=\"center\">Impreso de <strong>RUTA<\/strong> escolar<\/td><td class=\"has-text-align-center\" data-align=\"center\"><a href=\"https:\/\/www.educa2.madrid.org\/web\/educamadrid\/principal\/files\/0b47edf7-ba46-4b27-82e5-bbe04bfe1c8a\/Solicitud%20ruta%20escolar%20anexo%20III%20EDITABLE.pdf?t=1688474084271\" target=\"_blank\" rel=\"noreferrer noopener\">Descargar<\/a><\/td><\/tr><tr><td class=\"has-text-align-center\" data-align=\"center\">Impreso de cambio de <strong>OPCI\u00d3N RELIGIOSA<\/strong><\/td><td class=\"has-text-align-center\" data-align=\"center\"><a href=\"https:\/\/www.educa2.madrid.org\/web\/educamadrid\/principal\/files\/0b47edf7-ba46-4b27-82e5-bbe04bfe1c8a\/Cambio%20opci%C3%B3n%20religiosa.pdf?t=1727859264536\" target=\"_blank\" rel=\"noreferrer noopener\">Descargar<\/a><\/td><\/tr><tr><td class=\"has-text-align-center\" data-align=\"center\">Autorizaci\u00f3n <strong>RECOGIDA<\/strong> alumnado con DNI y tel\u00e9fono<\/td><td class=\"has-text-align-center\" data-align=\"center\"><a href=\"https:\/\/www.educa2.madrid.org\/web\/educamadrid\/principal\/files\/0b47edf7-ba46-4b27-82e5-bbe04bfe1c8a\/Autorizaci%C3%B3n%20recogida%20de%20alumnos%2C%20DNI%20y%20tel%C3%A9fonos.pdf?t=1671534642958\" target=\"_blank\" rel=\"noreferrer noopener\">Descargar<\/a><\/td><\/tr><tr><td class=\"has-text-align-center\" data-align=\"center\">&nbsp;Autorizaci\u00f3n salida excepcional mayores de 10 a\u00f1os<\/td><td class=\"has-text-align-center\" data-align=\"center\"><a href=\"https:\/\/www.educa2.madrid.org\/web\/educamadrid\/principal\/files\/0b47edf7-ba46-4b27-82e5-bbe04bfe1c8a\/Autorizacion%20salida%20excepcional%20mayores%2010%20a%C3%B1os.pdf?t=1666082434022\" target=\"_blank\" rel=\"noreferrer noopener\">Descargar<\/a><\/td><\/tr><tr><td class=\"has-text-align-center\" data-align=\"center\">Instrucciones expone y solicita <br><strong>EXPONE Y SOLICITA<\/strong><\/td><td class=\"has-text-align-center\" data-align=\"center\"><a href=\"https:\/\/www.educa2.madrid.org\/web\/educamadrid\/principal\/files\/0b47edf7-ba46-4b27-82e5-bbe04bfe1c8a\/texto%20Expone.pdf?t=1701347982679\" target=\"_blank\" rel=\"noreferrer noopener\">Descargar<\/a> <br><a href=\"https:\/\/www.educa2.madrid.org\/web\/educamadrid\/principal\/files\/0b47edf7-ba46-4b27-82e5-bbe04bfe1c8a\/Expone_Solicita_con_Registro.pdf?t=1761831487941\" target=\"_blank\" rel=\"noreferrer noopener\">Descargar<\/a><\/td><\/tr><\/tbody><\/table><\/figure>\n","protected":false},"excerpt":{"rendered":"<p>A continuaci\u00f3n, puedes encontrar los impresos m\u00e1s solicitados para entregar en secretar\u00eda: RELLENAR LOS IMPRESOS EN ORDENADOR, IMPRIMIR Y FIRMAR Impreso de MATR\u00cdCULA (imprimir en doble cara) Descargar Tratamiento DATOS &#8230;<\/p>\n","protected":false},"author":2,"featured_media":0,"parent":0,"menu_order":0,"comment_status":"closed","ping_status":"closed","template":"","meta":{"footnotes":""},"folder":[],"class_list":["post-1078","page","type-page","status-publish","hentry"],"rttpg_featured_image_url":null,"rttpg_author":{"display_name":"tic.cp.julianbesteiro.getafe","author_link":"https:\/\/site.educa.madrid.org\/cp.julianbesteiro.getafe\/index.php\/author\/cuenta_tic-cp-julianbesteiro-getafe\/"},"rttpg_comment":0,"rttpg_category":false,"rttpg_excerpt":"A continuaci\u00f3n, puedes encontrar los impresos m\u00e1s solicitados para entregar en secretar\u00eda: RELLENAR LOS IMPRESOS EN ORDENADOR, IMPRIMIR Y FIRMAR Impreso de MATR\u00cdCULA (imprimir en doble cara) Descargar Tratamiento DATOS ...","post_mailing_queue_ids":[],"_links":{"self":[{"href":"https:\/\/site.educa.madrid.org\/cp.julianbesteiro.getafe\/index.php\/wp-json\/wp\/v2\/pages\/1078","targetHints":{"allow":["GET"]}}],"collection":[{"href":"https:\/\/site.educa.madrid.org\/cp.julianbesteiro.getafe\/index.php\/wp-json\/wp\/v2\/pages"}],"about":[{"href":"https:\/\/site.educa.madrid.org\/cp.julianbesteiro.getafe\/index.php\/wp-json\/wp\/v2\/types\/page"}],"author":[{"embeddable":true,"href":"https:\/\/site.educa.madrid.org\/cp.julianbesteiro.getafe\/index.php\/wp-json\/wp\/v2\/users\/2"}],"replies":[{"embeddable":true,"href":"https:\/\/site.educa.madrid.org\/cp.julianbesteiro.getafe\/index.php\/wp-json\/wp\/v2\/comments?post=1078"}],"version-history":[{"count":10,"href":"https:\/\/site.educa.madrid.org\/cp.julianbesteiro.getafe\/index.php\/wp-json\/wp\/v2\/pages\/1078\/revisions"}],"predecessor-version":[{"id":1647,"href":"https:\/\/site.educa.madrid.org\/cp.julianbesteiro.getafe\/index.php\/wp-json\/wp\/v2\/pages\/1078\/revisions\/1647"}],"wp:attachment":[{"href":"https:\/\/site.educa.madrid.org\/cp.julianbesteiro.getafe\/index.php\/wp-json\/wp\/v2\/media?parent=1078"}],"wp:term":[{"taxonomy":"folder","embeddable":true,"href":"https:\/\/site.educa.madrid.org\/cp.julianbesteiro.getafe\/index.php\/wp-json\/wp\/v2\/folder?post=1078"}],"curies":[{"name":"wp","href":"https:\/\/api.w.org\/{rel}","templated":true}]}}