{"id":1088,"date":"2026-02-18T12:50:54","date_gmt":"2026-02-18T11:50:54","guid":{"rendered":"https:\/\/site.educa.madrid.org\/cp.julianbesteiro.getafe\/?page_id=1088"},"modified":"2026-03-20T10:53:42","modified_gmt":"2026-03-20T09:53:42","slug":"libros-de-texto","status":"publish","type":"page","link":"https:\/\/site.educa.madrid.org\/cp.julianbesteiro.getafe\/index.php\/libros-de-texto\/","title":{"rendered":"Libros de texto"},"content":{"rendered":"\n<p>Nuestro colegio est\u00e1 adherido al Programa ACCEDE de pr\u00e9stamo de libros. Este programa comienza en 1\u00ba de Educaci\u00f3n Primaria debido aque en Educaci\u00f3n Infantil se trabaja por proyectos y no son necesarios. Se entregan los libros de texto a todo el alumnado de manera gratuita y ellos se comprometen por escrito a devolver los libros en perfecto estado al finalizar el curso escolar. El \u00fanico libro que no entra en el programa es el activity book por ser fungible. <\/p>\n\n\n\n<p>El colegio se pondr\u00e1 en contacto v\u00eda correo electr\u00f3nico con las familias para ver los d\u00edas de recogida de libros en septiembre y de su entrega en junio.<\/p>\n\n\n\n<p class=\"has-text-align-left\"><strong>Los libros de texto DEBEN SER CUBIERTOS con un FORRO DE PL\u00c1STICO DURO de los que no hay que usar celo o celof\u00e1n (no aeronfix) (es meter el libro en el forro) y poner el nombre en el forro para una mejor conservaci\u00f3n del libro. MUY IMPORTANTE: AL LIBRO NO SE PEGA: NING\u00daN TIPO DE CELO NI FORRO ADHESIVO NI TIRA ADHESIVA.<\/strong><\/p>\n\n\n<div class=\"wp-block-image\">\n<figure class=\"aligncenter size-full is-resized\"><a href=\"https:\/\/www.comunidad.madrid\/servicios\/educacion\/programa-accede\" target=\"_blank\" rel=\" noreferrer noopener\"><img loading=\"lazy\" decoding=\"async\" width=\"1024\" height=\"554\" src=\"https:\/\/site.educa.madrid.org\/cp.julianbesteiro.getafe\/\/wp-content\/uploads\/cp.julianbesteiro.getafe\/2026\/03\/imagen-accede.jpg\" alt=\"\" class=\"wp-image-1639\" style=\"width:464px;height:auto\" srcset=\"https:\/\/site.educa.madrid.org\/cp.julianbesteiro.getafe\/\/wp-content\/uploads\/cp.julianbesteiro.getafe\/2026\/03\/imagen-accede.jpg 1024w, https:\/\/site.educa.madrid.org\/cp.julianbesteiro.getafe\/\/wp-content\/uploads\/cp.julianbesteiro.getafe\/2026\/03\/imagen-accede-300x162.jpg 300w, https:\/\/site.educa.madrid.org\/cp.julianbesteiro.getafe\/\/wp-content\/uploads\/cp.julianbesteiro.getafe\/2026\/03\/imagen-accede-768x416.jpg 768w\" sizes=\"auto, (max-width: 1024px) 100vw, 1024px\" \/><\/a><\/figure>\n<\/div>\n\n\n<p class=\"has-text-align-center\"><strong><mark style=\"background-color:rgba(0, 0, 0, 0)\" class=\"has-inline-color has-vivid-red-color\">&nbsp;LIBROS CURSO 2025-26<\/mark><\/strong><\/p>\n\n\n\n<div style=\"height:10px\" aria-hidden=\"true\" class=\"wp-block-spacer\"><\/div>\n\n\n\n<p>A continuaci\u00f3n, puedes consultar y descargar los libros de texto:<\/p>\n\n\n\n<figure class=\"wp-block-table\"><table class=\"has-fixed-layout\"><tbody><tr><td class=\"has-text-align-center\" data-align=\"center\">INFANTIL 3, 4 y 5 a\u00f1os&nbsp;<\/td><td class=\"has-text-align-center\" data-align=\"center\"><a href=\"https:\/\/www.educa2.madrid.org\/web\/educamadrid\/principal\/files\/b3bce87c-9d22-4d1e-9521-876110a6e77f\/LIBROS%20DE%20TEXTO%20PARA%20%20EDUCACI%C3%93N%20INFANTIL%2025-26.pdf?t=1751368410295\" target=\"_blank\" rel=\"noreferrer noopener\">Descargar<\/a><\/td><\/tr><tr><td class=\"has-text-align-center\" data-align=\"center\">1\u00ba PRIMARIA<\/td><td class=\"has-text-align-center\" data-align=\"center\"><a href=\"https:\/\/www.educa2.madrid.org\/web\/educamadrid\/principal\/files\/b3bce87c-9d22-4d1e-9521-876110a6e77f\/LIBROS%20DE%20TEXTO%20PARA%201%C2%BA%20EDUCACI%C3%93N%20PRIMARIA%2025-26.pdf?t=1751368453525\" target=\"_blank\" rel=\"noreferrer noopener\">Descargar<\/a><br><a href=\"https:\/\/www.educa2.madrid.org\/web\/educamadrid\/principal\/files\/b3bce87c-9d22-4d1e-9521-876110a6e77f\/LIBROS%20DE%20TEXTO%20PARA%201%C2%BA%20EDUCACI%C3%93N%20PRIMARIA%2021-22.pdf?t=1625130009953\" target=\"_blank\" rel=\"noreferrer noopener\"><\/a><\/td><\/tr><tr><td class=\"has-text-align-center\" data-align=\"center\">2\u00ba PRIMARIA<\/td><td class=\"has-text-align-center\" data-align=\"center\"><a href=\"https:\/\/www.educa2.madrid.org\/web\/educamadrid\/principal\/files\/b3bce87c-9d22-4d1e-9521-876110a6e77f\/LIBROS%20DE%20TEXTO%20PARA%202%C2%BA%20EDUCACI%C3%93N%20PRIMARIA%2025-26.pdf?t=1751368497226\" target=\"_blank\" rel=\"noreferrer noopener\">Descargar<\/a><\/td><\/tr><tr><td class=\"has-text-align-center\" data-align=\"center\">3\u00ba PRIMARIA<\/td><td class=\"has-text-align-center\" data-align=\"center\"><a href=\"https:\/\/www.educa2.madrid.org\/web\/educamadrid\/principal\/files\/b3bce87c-9d22-4d1e-9521-876110a6e77f\/LIBROS%20DE%20TEXTO%20PARA%203%C2%BA%20EDUCACI%C3%93N%20PRIMARIA%2025-26.pdf?t=1751368549491\" target=\"_blank\" rel=\"noreferrer noopener\">Descargar<\/a><br><a href=\"https:\/\/www.educa2.madrid.org\/web\/educamadrid\/principal\/files\/b3bce87c-9d22-4d1e-9521-876110a6e77f\/LIBROS%20DE%20TEXTO%20PARA%203%C2%BA%20EDUCACI%C3%93N%20PRIMARIA%2023-24.pdf?t=1688024234798\" target=\"_blank\" rel=\"noreferrer noopener\"><\/a><\/td><\/tr><tr><td class=\"has-text-align-center\" data-align=\"center\">4\u00ba PRIMARIA&nbsp;<\/td><td class=\"has-text-align-center\" data-align=\"center\"><a href=\"https:\/\/www.educa2.madrid.org\/web\/educamadrid\/principal\/files\/b3bce87c-9d22-4d1e-9521-876110a6e77f\/LIBROS%20DE%20TEXTO%20PARA%204%C2%BA%20EDUCACI%C3%93N%20PRIMARIA%2025-26.pdf?t=1751368595178\" target=\"_blank\" rel=\"noreferrer noopener\">Descargar<\/a><\/td><\/tr><tr><td class=\"has-text-align-center\" data-align=\"center\">5\u00ba PRIMARIA&nbsp;<\/td><td class=\"has-text-align-center\" data-align=\"center\"><a href=\"https:\/\/www.educa2.madrid.org\/web\/educamadrid\/principal\/files\/b3bce87c-9d22-4d1e-9521-876110a6e77f\/LIBROS%20DE%20TEXTO%20PARA%205%C2%BA%20EDUCACI%C3%93N%20PRIMARIA%20%282%29.pdf?t=1751455928329\" target=\"_blank\" rel=\"noreferrer noopener\">Descargar<\/a><\/td><\/tr><tr><td class=\"has-text-align-center\" data-align=\"center\">6\u00ba PRIMARIA&nbsp;<\/td><td class=\"has-text-align-center\" data-align=\"center\"><a href=\"https:\/\/www.educa2.madrid.org\/web\/educamadrid\/principal\/files\/b3bce87c-9d22-4d1e-9521-876110a6e77f\/LIBROS%20DE%20TEXTO%20PARA%206%C2%BA%20EDUCACI%C3%93N%20PRIMARIA%202.pdf?t=1631112460295\" target=\"_blank\" rel=\"noreferrer noopener\"><\/a><a href=\"https:\/\/www.educa2.madrid.org\/web\/educamadrid\/principal\/files\/b3bce87c-9d22-4d1e-9521-876110a6e77f\/LIBROS%20DE%20TEXTO%20PARA%206%C2%BA%20EDUCACI%C3%93N%20PRIMARIA%202025-2026%20%282%29.pdf?t=1751455976425\" target=\"_blank\" rel=\"noreferrer noopener\">Descargar<\/a><br><a href=\"https:\/\/www.educa2.madrid.org\/web\/educamadrid\/principal\/files\/b3bce87c-9d22-4d1e-9521-876110a6e77f\/LIBROS%206%C2%BA%20EDUCACI%C3%93N%20PRIMARIA.pdf?t=1628094799032\" target=\"_blank\" rel=\"noreferrer noopener\"><\/a><\/td><\/tr><\/tbody><\/table><\/figure>\n\n\n<div class=\"wp-block-image\">\n<figure class=\"aligncenter size-large\"><img loading=\"lazy\" decoding=\"async\" width=\"1024\" height=\"393\" src=\"https:\/\/site.educa.madrid.org\/cp.julianbesteiro.getafe\/\/wp-content\/uploads\/cp.julianbesteiro.getafe\/2026\/03\/imagen-libros-1024x393.png\" alt=\"\" class=\"wp-image-1454\" srcset=\"https:\/\/site.educa.madrid.org\/cp.julianbesteiro.getafe\/\/wp-content\/uploads\/cp.julianbesteiro.getafe\/2026\/03\/imagen-libros-1024x393.png 1024w, https:\/\/site.educa.madrid.org\/cp.julianbesteiro.getafe\/\/wp-content\/uploads\/cp.julianbesteiro.getafe\/2026\/03\/imagen-libros-300x115.png 300w, https:\/\/site.educa.madrid.org\/cp.julianbesteiro.getafe\/\/wp-content\/uploads\/cp.julianbesteiro.getafe\/2026\/03\/imagen-libros-768x294.png 768w, https:\/\/site.educa.madrid.org\/cp.julianbesteiro.getafe\/\/wp-content\/uploads\/cp.julianbesteiro.getafe\/2026\/03\/imagen-libros.png 1526w\" sizes=\"auto, (max-width: 1024px) 100vw, 1024px\" \/><\/figure>\n<\/div>","protected":false},"excerpt":{"rendered":"<p>Nuestro colegio est\u00e1 adherido al Programa ACCEDE de pr\u00e9stamo de libros. Este programa comienza en 1\u00ba de Educaci\u00f3n Primaria debido aque en Educaci\u00f3n Infantil se trabaja por proyectos y no &#8230;<\/p>\n","protected":false},"author":2,"featured_media":0,"parent":0,"menu_order":0,"comment_status":"closed","ping_status":"closed","template":"","meta":{"footnotes":""},"folder":[],"class_list":["post-1088","page","type-page","status-publish","hentry"],"rttpg_featured_image_url":null,"rttpg_author":{"display_name":"tic.cp.julianbesteiro.getafe","author_link":"https:\/\/site.educa.madrid.org\/cp.julianbesteiro.getafe\/index.php\/author\/cuenta_tic-cp-julianbesteiro-getafe\/"},"rttpg_comment":0,"rttpg_category":false,"rttpg_excerpt":"Nuestro colegio est\u00e1 adherido al Programa ACCEDE de pr\u00e9stamo de libros. Este programa comienza en 1\u00ba de Educaci\u00f3n Primaria debido aque en Educaci\u00f3n Infantil se trabaja por proyectos y no ...","post_mailing_queue_ids":[],"_links":{"self":[{"href":"https:\/\/site.educa.madrid.org\/cp.julianbesteiro.getafe\/index.php\/wp-json\/wp\/v2\/pages\/1088","targetHints":{"allow":["GET"]}}],"collection":[{"href":"https:\/\/site.educa.madrid.org\/cp.julianbesteiro.getafe\/index.php\/wp-json\/wp\/v2\/pages"}],"about":[{"href":"https:\/\/site.educa.madrid.org\/cp.julianbesteiro.getafe\/index.php\/wp-json\/wp\/v2\/types\/page"}],"author":[{"embeddable":true,"href":"https:\/\/site.educa.madrid.org\/cp.julianbesteiro.getafe\/index.php\/wp-json\/wp\/v2\/users\/2"}],"replies":[{"embeddable":true,"href":"https:\/\/site.educa.madrid.org\/cp.julianbesteiro.getafe\/index.php\/wp-json\/wp\/v2\/comments?post=1088"}],"version-history":[{"count":15,"href":"https:\/\/site.educa.madrid.org\/cp.julianbesteiro.getafe\/index.php\/wp-json\/wp\/v2\/pages\/1088\/revisions"}],"predecessor-version":[{"id":1643,"href":"https:\/\/site.educa.madrid.org\/cp.julianbesteiro.getafe\/index.php\/wp-json\/wp\/v2\/pages\/1088\/revisions\/1643"}],"wp:attachment":[{"href":"https:\/\/site.educa.madrid.org\/cp.julianbesteiro.getafe\/index.php\/wp-json\/wp\/v2\/media?parent=1088"}],"wp:term":[{"taxonomy":"folder","embeddable":true,"href":"https:\/\/site.educa.madrid.org\/cp.julianbesteiro.getafe\/index.php\/wp-json\/wp\/v2\/folder?post=1088"}],"curies":[{"name":"wp","href":"https:\/\/api.w.org\/{rel}","templated":true}]}}