{"id":1095,"date":"2026-02-18T13:15:14","date_gmt":"2026-02-18T12:15:14","guid":{"rendered":"https:\/\/site.educa.madrid.org\/cp.julianbesteiro.getafe\/?page_id=1095"},"modified":"2026-03-17T14:01:58","modified_gmt":"2026-03-17T13:01:58","slug":"informacion-app-roble","status":"publish","type":"page","link":"https:\/\/site.educa.madrid.org\/cp.julianbesteiro.getafe\/index.php\/informacion-app-roble\/","title":{"rendered":"Informaci\u00f3n App Roble"},"content":{"rendered":"\n<div style=\"height:9px\" aria-hidden=\"true\" class=\"wp-block-spacer\"><\/div>\n\n\n\n<p>ROBLE es un portal destinado a las familias con una doble finalidad:<\/p>\n\n\n\n<ol class=\"wp-block-list\">\n<li>Facilitar el acceso a la informaci\u00f3n de sus hijos en RA\u00cdCES.<\/li>\n\n\n\n<li>Servir como plataforma de comunicaci\u00f3n e interacci\u00f3n entre el centro y las familias.<\/li>\n<\/ol>\n\n\n\n<p>Constituye una herramienta adecuada para realizar el seguimiento educativo del alumno, obtener informaci\u00f3n del centro y establecer un canal de comunicaci\u00f3n con \u00e9ste.<\/p>\n\n\n\n<p><strong>\u00bfC\u00f3mo accedo a ROBLE?&nbsp;<\/strong><\/p>\n\n\n\n<ol class=\"wp-block-list\">\n<li>Desde cualquier navegador (ROBLE WEB), ya sea en un ordenador, m\u00f3vil o tablet, escribiendo <a href=\"https:\/\/raices.madrid.org\" target=\"_blank\" rel=\"noreferrer noopener\">https:\/\/raices.madrid.org<\/a>.<\/li>\n<\/ol>\n\n\n\n<figure class=\"wp-block-image\"><img decoding=\"async\" src=\"https:\/\/www.educa2.madrid.org\/web\/educamadrid\/principal\/files\/76c1ea8a-8f1c-4e5b-9cb6-632f95b260d1\/roble-raices.png?t=1606467391140&amp;thumbnail=true\" alt=\"\" title=\"roble-raices\"\/><\/figure>\n\n\n\n<ol class=\"wp-block-list\">\n<li>Desde un tel\u00e9fono m\u00f3vil o tablet descargando la APP ROBLE:<\/li>\n<\/ol>\n\n\n\n<figure class=\"wp-block-table\"><table class=\"has-fixed-layout\"><tbody><tr><td><a href=\"https:\/\/play.google.com\/store\/apps\/details?id=org.madrid.raiz.roble\" target=\"_blank\" rel=\"noreferrer noopener\">Roble en Google Play<\/a> <br>(para dispositivos Android)<\/td><td class=\"has-text-align-center\" data-align=\"center\"><img loading=\"lazy\" decoding=\"async\" src=\"https:\/\/www.educa2.madrid.org\/web\/educamadrid\/principal\/files\/76c1ea8a-8f1c-4e5b-9cb6-632f95b260d1\/roble-google-play.png?t=1606467572419&amp;thumbnail=true\" alt=\"\" width=\"200\" height=\"112\"><\/td><td class=\"has-text-align-center\" data-align=\"center\"><img loading=\"lazy\" decoding=\"async\" src=\"https:\/\/www.educa2.madrid.org\/web\/educamadrid\/principal\/files\/76c1ea8a-8f1c-4e5b-9cb6-632f95b260d1\/robleappacceso.png?t=1606468217731&amp;thumbnail=true\" alt=\"\" width=\"141\" height=\"199\"><\/td><\/tr><tr><td><a href=\"https:\/\/apps.apple.com\/es\/app\/roble\/id1458472789\" target=\"_blank\" rel=\"noreferrer noopener\">Roble en App Store<\/a> <br>(para dispositivos iOS)<\/td><td class=\"has-text-align-center\" data-align=\"center\"><img loading=\"lazy\" decoding=\"async\" src=\"https:\/\/www.educa2.madrid.org\/web\/educamadrid\/principal\/files\/76c1ea8a-8f1c-4e5b-9cb6-632f95b260d1\/roble-app-store.png?t=1606467607380&amp;thumbnail=true\" alt=\"\" width=\"200\" height=\"112\"><\/td><td class=\"has-text-align-center\" data-align=\"center\"><img loading=\"lazy\" decoding=\"async\" src=\"https:\/\/www.educa2.madrid.org\/web\/educamadrid\/principal\/files\/76c1ea8a-8f1c-4e5b-9cb6-632f95b260d1\/robleappacceso.png?t=1606468217731&amp;thumbnail=true\" alt=\"\" width=\"141\" height=\"199\"><\/td><\/tr><\/tbody><\/table><\/figure>\n\n\n\n<p><strong>IMPORTANTE<\/strong><\/p>\n\n\n\n<ol class=\"wp-block-list\">\n<li>Las&nbsp;<strong>credenciales de ROBLE<\/strong>&nbsp;se entregan individualmente a cada familia y NO son las mismas de Educamadrid.<\/li>\n\n\n\n<li>Hay un <strong>usuario <\/strong><strong>para el padre y otro para la madre<\/strong>&nbsp;(uno por cada tutor),&nbsp;siendo personal e intransferible.<\/li>\n\n\n\n<li>Tu usuario es \u00fanico, independientemente de los hijos que tengas matriculados o si tienes hijos en diferentes centros. Es decir, con el<strong> mismo usuario y contrase\u00f1a podr\u00e1s ver a todos tus hijos\/as<\/strong>.<\/li>\n<\/ol>\n\n\n\n<p><strong>AYUDA CON ROBLE (enlaces)<\/strong><\/p>\n\n\n\n<ol class=\"wp-block-list\">\n<li><a href=\"https:\/\/www.educa2.madrid.org\/web\/educamadrid\/principal\/files\/76c1ea8a-8f1c-4e5b-9cb6-632f95b260d1\/ROBLE-WEB-Familias-Gu%C3%ADa-Visual-1.4.pdf?t=1606468887920\" target=\"_blank\" rel=\"noreferrer noopener\">Guia para familias de ROBLE WEB<\/a> (si accedes desde el navegador en el ordenador, tablet o m\u00f3vil)\n<ul class=\"wp-block-list\">\n<li><a href=\"https:\/\/www.educa2.madrid.org\/web\/educamadrid\/principal\/files\/76c1ea8a-8f1c-4e5b-9cb6-632f95b260d1\/ROBLE-WEB-Visual-Ventanas-emergentes-1.0.pdf?t=1606469046928\" target=\"_blank\" rel=\"noreferrer noopener\">Instrucciones de desbloqueo de ventanas emergentes<\/a> (de lo contrario no funciona).<\/li>\n<\/ul>\n<\/li>\n\n\n\n<li><a href=\"https:\/\/www.educa2.madrid.org\/web\/educamadrid\/principal\/files\/76c1ea8a-8f1c-4e5b-9cb6-632f95b260d1\/ROBLE-APP-Gu%C3%ADa-Visual-1.1.pdf?t=1606468591214\" target=\"_blank\" rel=\"noreferrer noopener\">Guia para familias de la APP ROBLE<\/a>. (si te has descargado la App en el m\u00f3vil o tablet).<\/li>\n<\/ol>\n\n\n\n<p><a href=\"https:\/\/www.educa2.madrid.org\/web\/educamadrid\/principal\/files\/76c1ea8a-8f1c-4e5b-9cb6-632f95b260d1\/desbloqueo_de_usuarios_en_raices_o_roble.pdf?t=1606469220920\" target=\"_blank\" rel=\"noreferrer noopener\">Restablecimiento de contrase\u00f1a en ROBLE WEB y\/o ROBLE APP<\/a><\/p>\n","protected":false},"excerpt":{"rendered":"<p>ROBLE es un portal destinado a las familias con una doble finalidad: Constituye una herramienta adecuada para realizar el seguimiento educativo del alumno, obtener informaci\u00f3n del centro y establecer un &#8230;<\/p>\n","protected":false},"author":2,"featured_media":0,"parent":0,"menu_order":0,"comment_status":"closed","ping_status":"closed","template":"","meta":{"footnotes":""},"folder":[],"class_list":["post-1095","page","type-page","status-publish","hentry"],"rttpg_featured_image_url":null,"rttpg_author":{"display_name":"tic.cp.julianbesteiro.getafe","author_link":"https:\/\/site.educa.madrid.org\/cp.julianbesteiro.getafe\/index.php\/author\/cuenta_tic-cp-julianbesteiro-getafe\/"},"rttpg_comment":0,"rttpg_category":false,"rttpg_excerpt":"ROBLE es un portal destinado a las familias con una doble finalidad: Constituye una herramienta adecuada para realizar el seguimiento educativo del alumno, obtener informaci\u00f3n del centro y establecer un ...","post_mailing_queue_ids":[],"_links":{"self":[{"href":"https:\/\/site.educa.madrid.org\/cp.julianbesteiro.getafe\/index.php\/wp-json\/wp\/v2\/pages\/1095","targetHints":{"allow":["GET"]}}],"collection":[{"href":"https:\/\/site.educa.madrid.org\/cp.julianbesteiro.getafe\/index.php\/wp-json\/wp\/v2\/pages"}],"about":[{"href":"https:\/\/site.educa.madrid.org\/cp.julianbesteiro.getafe\/index.php\/wp-json\/wp\/v2\/types\/page"}],"author":[{"embeddable":true,"href":"https:\/\/site.educa.madrid.org\/cp.julianbesteiro.getafe\/index.php\/wp-json\/wp\/v2\/users\/2"}],"replies":[{"embeddable":true,"href":"https:\/\/site.educa.madrid.org\/cp.julianbesteiro.getafe\/index.php\/wp-json\/wp\/v2\/comments?post=1095"}],"version-history":[{"count":4,"href":"https:\/\/site.educa.madrid.org\/cp.julianbesteiro.getafe\/index.php\/wp-json\/wp\/v2\/pages\/1095\/revisions"}],"predecessor-version":[{"id":1493,"href":"https:\/\/site.educa.madrid.org\/cp.julianbesteiro.getafe\/index.php\/wp-json\/wp\/v2\/pages\/1095\/revisions\/1493"}],"wp:attachment":[{"href":"https:\/\/site.educa.madrid.org\/cp.julianbesteiro.getafe\/index.php\/wp-json\/wp\/v2\/media?parent=1095"}],"wp:term":[{"taxonomy":"folder","embeddable":true,"href":"https:\/\/site.educa.madrid.org\/cp.julianbesteiro.getafe\/index.php\/wp-json\/wp\/v2\/folder?post=1095"}],"curies":[{"name":"wp","href":"https:\/\/api.w.org\/{rel}","templated":true}]}}