{"id":1098,"date":"2026-02-18T13:16:44","date_gmt":"2026-02-18T12:16:44","guid":{"rendered":"https:\/\/site.educa.madrid.org\/cp.julianbesteiro.getafe\/?page_id=1098"},"modified":"2026-03-17T14:00:37","modified_gmt":"2026-03-17T13:00:37","slug":"smile-and-learn","status":"publish","type":"page","link":"https:\/\/site.educa.madrid.org\/cp.julianbesteiro.getafe\/index.php\/smile-and-learn\/","title":{"rendered":"Smile and learn"},"content":{"rendered":"\n<div style=\"height:12px\" aria-hidden=\"true\" class=\"wp-block-spacer\"><\/div>\n\n\n\n<h3 class=\"wp-block-heading\">\u00bfC\u00f3mo utilizar Smile and Learn en casa?<\/h3>\n\n\n\n<p>De ahora en adelante nuestros alumnos pueden acceder a Smile and Learn (proyecto piloto en el que participa nuestro centro).<\/p>\n\n\n\n<p>Para poder acceder debes:<\/p>\n\n\n\n<ol class=\"wp-block-list\">\n<li>Descargar la App \u00abSmile and Learn\u00bb (icono de una foca) en los dispositivos que vaya a usar el alumno (PC, tablet y\/o m\u00f3vil).<\/li>\n\n\n\n<li>Acceder a la App con las claves de Educamadrid del alumno <strong>a\u00f1adiendo en el usuario @educa.madrid.org<\/strong>).<\/li>\n<\/ol>\n\n\n<div class=\"wp-block-image\">\n<figure class=\"aligncenter size-large is-resized\"><img loading=\"lazy\" decoding=\"async\" width=\"724\" height=\"1024\" src=\"https:\/\/site.educa.madrid.org\/cp.julianbesteiro.getafe\/\/wp-content\/uploads\/cp.julianbesteiro.getafe\/2026\/03\/Smile-and-Learn-descargar-pc-logo-1-724x1024.png\" alt=\"\" class=\"wp-image-1487\" style=\"width:132px;height:auto\" srcset=\"https:\/\/site.educa.madrid.org\/cp.julianbesteiro.getafe\/\/wp-content\/uploads\/cp.julianbesteiro.getafe\/2026\/03\/Smile-and-Learn-descargar-pc-logo-1-724x1024.png 724w, https:\/\/site.educa.madrid.org\/cp.julianbesteiro.getafe\/\/wp-content\/uploads\/cp.julianbesteiro.getafe\/2026\/03\/Smile-and-Learn-descargar-pc-logo-1-212x300.png 212w, https:\/\/site.educa.madrid.org\/cp.julianbesteiro.getafe\/\/wp-content\/uploads\/cp.julianbesteiro.getafe\/2026\/03\/Smile-and-Learn-descargar-pc-logo-1-768x1086.png 768w, https:\/\/site.educa.madrid.org\/cp.julianbesteiro.getafe\/\/wp-content\/uploads\/cp.julianbesteiro.getafe\/2026\/03\/Smile-and-Learn-descargar-pc-logo-1-1086x1536.png 1086w, https:\/\/site.educa.madrid.org\/cp.julianbesteiro.getafe\/\/wp-content\/uploads\/cp.julianbesteiro.getafe\/2026\/03\/Smile-and-Learn-descargar-pc-logo-1-1448x2048.png 1448w, https:\/\/site.educa.madrid.org\/cp.julianbesteiro.getafe\/\/wp-content\/uploads\/cp.julianbesteiro.getafe\/2026\/03\/Smile-and-Learn-descargar-pc-logo-1.png 1677w\" sizes=\"auto, (max-width: 724px) 100vw, 724px\" \/><\/figure>\n<\/div>\n\n\n<p>\u00bfC\u00f3mo puedo navegar por la App?<\/p>\n\n\n\n<p>Hay 2 maneras de navegar:<\/p>\n\n\n\n<ol class=\"wp-block-list\">\n<li>Libremente: el alumno elige los contenidos que quiere ver.<\/li>\n\n\n\n<li>Rutas de aprendizaje: los maestros las pueden crear para que el alumno acceda a los contenidos que el profesor le ha marcado. Aparecer\u00e1n directamente al entrar en la App, si no aparecen es que la navegaci\u00f3n es libre. Hay dos tipos de rutas:\n<ul class=\"wp-block-list\">\n<li>Rutas de aprendizaje <strong>obligatorias<\/strong>: el alumno solamente podr\u00e1 acceder a los contenidos que el maestro le ha marcado.<\/li>\n\n\n\n<li>Rutas de aprendizaje <strong>no obligatorias<\/strong>: el alumno podr\u00e1 acceder a estas rutas y a la navegaci\u00f3n libre.<\/li>\n<\/ul>\n<\/li>\n<\/ol>\n\n\n\n<p>El maestro puede individualizar los contenidos, es decir, adaptarlo a las necesidades de cada alumno. Por ello, alumnos de una misma clase podr\u00edan tener contenidos diferentes.<\/p>\n\n\n\n<p>LOS ALUMNOS PODR\u00c1N ACCEDER CUANDO QUIERAN DESDE SUS DISPOSITIVOS CON SU USUARIO Y CONTRASE\u00d1A (a\u00f1adiendo @educa.madrid.org), SEGURO QUE LES VA ENCANTAR (desde 3 a\u00f1os a 6\u00ba Primaria).<\/p>\n\n\n\n<p>Recomendamos ver los siguientes v\u00eddeos tutoriales para conocer los aspectos b\u00e1sicos (7 minutos entre los dos v\u00eddeos):<\/p>\n\n\n\n<ul class=\"wp-block-list\">\n<li><a href=\"https:\/\/drive.google.com\/file\/d\/1DOgdLxoCtq8dvmeH5_c8pemCj15OWfFu\/view\" target=\"_blank\" rel=\"noreferrer noopener\">TUTORIAL 1 (primeros pasos, c\u00f3mo dar de alta dos o m\u00e1s hermanos).<\/a><\/li>\n\n\n\n<li><a href=\"https:\/\/drive.google.com\/file\/d\/1RzOva7LVA4GjCxl6XTs597f6omo6qUsK\/view\" target=\"_blank\" rel=\"noreferrer noopener\">TUTORIAL 2 (funcionamiento general y entorno).<\/a><\/li>\n<\/ul>\n\n\n\n<h3 class=\"wp-block-heading\">\u00bfNo puedes acceder a Smile and Learn?<\/h3>\n\n\n\n<p>Si no puedes acceder a Smile and Learn comprueba los siguiente:<\/p>\n\n\n\n<p>A continuaci\u00f3n, te mostramos los 3 casos m\u00e1s frecuentes que hemos encontrado y la mayor\u00eda de los resultados son inmediatos de subsanar:<\/p>\n\n\n\n<p><br><strong>\u00bfHas actualizado la aplicaci\u00f3n?<\/strong> Debes tener la \u00faltima versi\u00f3n que se actualiz\u00f3 el 22 de diciembre. Es importante que tras desinstalar la plataforma, te asegures que no queda abierta en segundo plano (este paso es imprescindible), antes de volver a instalarla.<\/p>\n\n\n\n<p><br><strong>\u00bfHas intentado entrar con tu usuario y contrase\u00f1a de EducaMadrid?<\/strong> Tienes que iniciar sesi\u00f3n (no registrarte). Si es as\u00ed, es importante que en el usuario incluyas tu email con @ educa.madrid.org<\/p>\n\n\n\n<p><br><strong>\u00bfHas cambiado tu contrase\u00f1a de EducaMadrid en las \u00faltimas 24 horas?<\/strong> Si es as\u00ed, debes esperar a que EducaMadrid actualice los datos en el sistema de Smile and Learn. Los sistemas se actualizan por la noche, por lo tanto, deber\u00e1s esperar hasta el d\u00eda siguiente del cambio de contrase\u00f1a para acceder a Smile and Learn.<\/p>\n\n\n\n<div style=\"height:100px\" aria-hidden=\"true\" class=\"wp-block-spacer\"><\/div>\n","protected":false},"excerpt":{"rendered":"<p>\u00bfC\u00f3mo utilizar Smile and Learn en casa? De ahora en adelante nuestros alumnos pueden acceder a Smile and Learn (proyecto piloto en el que participa nuestro centro). Para poder acceder &#8230;<\/p>\n","protected":false},"author":2,"featured_media":0,"parent":0,"menu_order":0,"comment_status":"closed","ping_status":"closed","template":"","meta":{"footnotes":""},"folder":[],"class_list":["post-1098","page","type-page","status-publish","hentry"],"rttpg_featured_image_url":null,"rttpg_author":{"display_name":"tic.cp.julianbesteiro.getafe","author_link":"https:\/\/site.educa.madrid.org\/cp.julianbesteiro.getafe\/index.php\/author\/cuenta_tic-cp-julianbesteiro-getafe\/"},"rttpg_comment":0,"rttpg_category":false,"rttpg_excerpt":"\u00bfC\u00f3mo utilizar Smile and Learn en casa? De ahora en adelante nuestros alumnos pueden acceder a Smile and Learn (proyecto piloto en el que participa nuestro centro). Para poder acceder ...","post_mailing_queue_ids":[],"_links":{"self":[{"href":"https:\/\/site.educa.madrid.org\/cp.julianbesteiro.getafe\/index.php\/wp-json\/wp\/v2\/pages\/1098","targetHints":{"allow":["GET"]}}],"collection":[{"href":"https:\/\/site.educa.madrid.org\/cp.julianbesteiro.getafe\/index.php\/wp-json\/wp\/v2\/pages"}],"about":[{"href":"https:\/\/site.educa.madrid.org\/cp.julianbesteiro.getafe\/index.php\/wp-json\/wp\/v2\/types\/page"}],"author":[{"embeddable":true,"href":"https:\/\/site.educa.madrid.org\/cp.julianbesteiro.getafe\/index.php\/wp-json\/wp\/v2\/users\/2"}],"replies":[{"embeddable":true,"href":"https:\/\/site.educa.madrid.org\/cp.julianbesteiro.getafe\/index.php\/wp-json\/wp\/v2\/comments?post=1098"}],"version-history":[{"count":6,"href":"https:\/\/site.educa.madrid.org\/cp.julianbesteiro.getafe\/index.php\/wp-json\/wp\/v2\/pages\/1098\/revisions"}],"predecessor-version":[{"id":1492,"href":"https:\/\/site.educa.madrid.org\/cp.julianbesteiro.getafe\/index.php\/wp-json\/wp\/v2\/pages\/1098\/revisions\/1492"}],"wp:attachment":[{"href":"https:\/\/site.educa.madrid.org\/cp.julianbesteiro.getafe\/index.php\/wp-json\/wp\/v2\/media?parent=1098"}],"wp:term":[{"taxonomy":"folder","embeddable":true,"href":"https:\/\/site.educa.madrid.org\/cp.julianbesteiro.getafe\/index.php\/wp-json\/wp\/v2\/folder?post=1098"}],"curies":[{"name":"wp","href":"https:\/\/api.w.org\/{rel}","templated":true}]}}