{"id":1109,"date":"2026-02-18T13:20:39","date_gmt":"2026-02-18T12:20:39","guid":{"rendered":"https:\/\/site.educa.madrid.org\/cp.julianbesteiro.getafe\/?page_id=1109"},"modified":"2026-03-17T14:27:50","modified_gmt":"2026-03-17T13:27:50","slug":"don-julian-besteiro","status":"publish","type":"page","link":"https:\/\/site.educa.madrid.org\/cp.julianbesteiro.getafe\/index.php\/don-julian-besteiro\/","title":{"rendered":"Don Juli\u00e1n Besteiro"},"content":{"rendered":"\n<div style=\"height:9px\" aria-hidden=\"true\" class=\"wp-block-spacer\"><\/div>\n\n\n\n<h3 class=\"wp-block-heading\">\u00bfQui\u00e9n fue D. Juli\u00e1n Besteiro Fern\u00e1ndez?<\/h3>\n\n\n\n<div class=\"wp-block-columns is-layout-flex wp-container-core-columns-is-layout-9d6595d7 wp-block-columns-is-layout-flex\">\n<div class=\"wp-block-column is-layout-flow wp-block-column-is-layout-flow\" style=\"flex-basis:33.33%\"><div class=\"wp-block-image\">\n<figure class=\"aligncenter size-large is-resized\"><img loading=\"lazy\" decoding=\"async\" width=\"785\" height=\"1024\" src=\"https:\/\/site.educa.madrid.org\/cp.julianbesteiro.getafe\/\/wp-content\/uploads\/cp.julianbesteiro.getafe\/2026\/03\/Don_Julian_Besteiro-785x1024.jpg\" alt=\"\" class=\"wp-image-1502\" style=\"width:235px;height:auto\" srcset=\"https:\/\/site.educa.madrid.org\/cp.julianbesteiro.getafe\/\/wp-content\/uploads\/cp.julianbesteiro.getafe\/2026\/03\/Don_Julian_Besteiro-785x1024.jpg 785w, https:\/\/site.educa.madrid.org\/cp.julianbesteiro.getafe\/\/wp-content\/uploads\/cp.julianbesteiro.getafe\/2026\/03\/Don_Julian_Besteiro-230x300.jpg 230w, https:\/\/site.educa.madrid.org\/cp.julianbesteiro.getafe\/\/wp-content\/uploads\/cp.julianbesteiro.getafe\/2026\/03\/Don_Julian_Besteiro-768x1002.jpg 768w, https:\/\/site.educa.madrid.org\/cp.julianbesteiro.getafe\/\/wp-content\/uploads\/cp.julianbesteiro.getafe\/2026\/03\/Don_Julian_Besteiro-1178x1536.jpg 1178w, https:\/\/site.educa.madrid.org\/cp.julianbesteiro.getafe\/\/wp-content\/uploads\/cp.julianbesteiro.getafe\/2026\/03\/Don_Julian_Besteiro-1570x2048.jpg 1570w, https:\/\/site.educa.madrid.org\/cp.julianbesteiro.getafe\/\/wp-content\/uploads\/cp.julianbesteiro.getafe\/2026\/03\/Don_Julian_Besteiro-scaled.jpg 1963w\" sizes=\"auto, (max-width: 785px) 100vw, 785px\" \/><\/figure>\n<\/div>\n\n\n<p class=\"has-text-align-center\"><em>Fotografiado hacia 1931<\/em><\/p>\n<\/div>\n\n\n\n<div class=\"wp-block-column is-layout-flow wp-block-column-is-layout-flow\" style=\"flex-basis:66.66%\">\n<p class=\"has-text-align-center\"><strong>Naci\u00f3 en Madrid 1870 \u2013 Falleci\u00f3n en Sevilla en 1940<\/strong><\/p>\n\n\n\n<p class=\"has-text-align-center\"><strong>Pol\u00edtico y Doctor en Filosof\u00eda y Letras (Univ. de Madrid<\/strong>)<\/p>\n\n\n\n<p>Hijo de un comerciante de ultramarinos de origen gallego, ingresa a los nueve a\u00f1os en la Instituci\u00f3n Libre de Ense\u00f1anza (ILE), creada tres a\u00f1os antes por Francisco Giner de los R\u00edos. Su paso por la Instituci\u00f3n dej\u00f3 una huella imborrable en su personalidad.<\/p>\n\n\n\n<p>En 1888 comienza sus estudios de Filosof\u00eda y Letras en la Universidad de Madrid, con excelentes notas, consiguiendo el doctorado en 1895. En esta etapa universitaria conoce a Nicol\u00e1s Salmer\u00f3n y contacta con las juventudes republicanas.<\/p>\n\n\n\n<p>En 1892 se funda la Corporaci\u00f3n de Antiguos Alumnos de la ILE, siendo elegido Presidente Juli\u00e1n Besteiro.<\/p>\n\n\n\n<p>En 1898 Juli\u00e1n Besteiro marcha a Toledo (donde permanecer\u00eda hasta 1912) como Profesor del Instituto de Ense\u00f1anza Secundaria. En Toledo toma contacto con dos Instituciones que marcar\u00edan su futuro:<\/p>\n<\/div>\n<\/div>\n\n\n\n<ul class=\"wp-block-list\">\n<li>La Casa del Pueblo de Toledo (en la que tuvo sus primeros contactos con el Movimiento Obrero). Dos de las principales figuras de la Casa del Pueblo de Toledo, fueron: Juli\u00e1n Besteiro (que representaba el ala republicana) y Domingo Alonso (que era tip\u00f3grafo y director del \u00abHeraldo Obrero\u201d. Representaba el ala obrerista). Con el tiempo, ambos ingresar\u00edan en el PSOE y llegar\u00edan a diputados: Juli\u00e1n Besteiro en 1918 y Domingo Alonso en 1931.Escuela Normal de Maestros de Toledo (donde conocer\u00eda a Dolores Cebri\u00e1n, Catedr\u00e1tica de Ciencias F\u00edsicas y Naturales, con la que se casar\u00eda en 1913).<\/li>\n\n\n\n<li>En 1903 ingresa en la Uni\u00f3n Republicana, fundada ese mismo a\u00f1o por Nicol\u00e1s Salmer\u00f3n y Alejandro Lerroux, siendo elegido concejal del Ayuntamiento de Toledo el 8 de noviembre de 1903.<\/li>\n<\/ul>\n\n\n\n<p>Al producirse, en 1908, la crisis en el seno de Uni\u00f3n Republicana entre Salmer\u00f3n y Lerroux, y al fracasar en su intento de conciliar ambas facciones, toma partido por el sector lerrouxista el cual resulta derrotado en los comicios de ese a\u00f1o. Tras esta derrota Lerroux funda el Partido Republicano Radical, en el que ingresa Besteiro y en el que permanece hasta su vuelta de un viaje de ampliaci\u00f3n de conocimientos por Alemania, logrando un dominio perfecto del alem\u00e1n y tomando contacto con las tesis marxistas alemanas.<\/p>\n\n\n\n<p>En 1912 gan\u00f3 la c\u00e1tedra de L\u00f3gica de la Universidad de Madrid, en cuya Facultad de Filosof\u00eda y Letras fue profesor de varias generaciones.<\/p>\n\n\n\n<p>Su actividad contra la guerra de Marruecos le llev\u00f3 a la c\u00e1rcel donde conoci\u00f3 a Andr\u00e9s Saborit, a trav\u00e9s del cual solicit\u00f3 y obtuvo el ingreso en el Partido Socialista Obrero Espa\u00f1ol (PSOE) y en su sindicato UGT.<\/p>\n\n\n\n<p>En 1913 contrajo matrimonio con Dolores Cebri\u00e1n, profesora de Ciencias F\u00edsicas, que ser\u00eda la compa\u00f1era constante de su vida. Este mismo a\u00f1o es elegido concejal del Ayuntamiento de Madrid, cargo para el que ser\u00e1 re-elegido repetidamente hasta el final de su vida.<\/p>\n\n\n\n<p>El 9 de agosto de 1917, la UGT convoca una huelga general revolucionaria que no obtiene los resultados esperados y Besteiro es juzgado por un tribunal militar y condenado a cadena perpetua, siendo trasladado al penal de Cartagena. No permanecieron all\u00ed mucho tiempo, porque en las elecciones de febrero de 1918 todos los miembros del comit\u00e9 de huelga fueron elegidos diputados y liberados tras una impresionante campa\u00f1a, en la que Manuel Garc\u00eda Morente promueve una suscripci\u00f3n para ofrecerle el sueldo de catedr\u00e1tico mientras estuviera encarcelado.<\/p>\n\n\n\n<p>Juli\u00e1n Besteiro es elegido miembro de las Comisiones Ejecutivas de UGT y del PSOE. En los Congresos de UGT de 1918, 1920 y 1922 fue elegido vicepresidente del sindicato. En el XVI Congreso, de 1928, fue elegido como Presidente.<\/p>\n\n\n\n<p>El 22 de febrero de 1931 estalla una importante crisis dentro del PSOE. Al quedarse Juli\u00e1n Besteiro en minor\u00eda dentro del Comit\u00e9 Nacional del PSOE, presenta su dimisi\u00f3n como Presidente. Tambi\u00e9n abandona la direcci\u00f3n de UGT.<\/p>\n\n\n\n<p>La dimisi\u00f3n de Besteiro es seguida inmediatamente por sus colaboradores. El 12 de abril tienen lugar las Elecciones Municipales con la victoria de la Coalici\u00f3n Republicano-Socialista. Dos d\u00edas despu\u00e9s (el 14 de abril) se proclam\u00f3 la II Rep\u00fablica y tres meses m\u00e1s tarde, el 14 de julio, Juli\u00e1n Besteiro es elegido Presidente de las Cortes Republicanas (cargo que ostentar\u00eda hasta 1933). Llevando sus deliberaciones con una neutralidad exquisita que todo el mundo reconoce as\u00ed como su trato afable que le vale un homenaje por parte de la prensa acreditada en la c\u00e1mara: El periodista Losada, del diario mon\u00e1rquico ABC, es el presentador: \u00abEste homenaje a don Juli\u00e1n Besteiro debe ser intimo (&#8230;) sin discursos (&#8230;). La unanimidad del homenaje debe enorgullecernos. Hay aqu\u00ed hombres de las m\u00e1s opuestas ideas, de las opiniones pol\u00edticas mas encontradas (&#8230;) hab\u00e9is acertado, pues los periodistas parlamentarios se sienten, bajo vuestra autoridad paternal, contentos y satisfechos.\u201d<\/p>\n\n\n\n<p>Tras su nombramiento, Juli\u00e1n Besteiro solicita su excedencia como Catedr\u00e1tico al Ministerio de Instrucci\u00f3n Publica demostrando de nuevo su ejemplaridad puesto que, entonces, no exist\u00eda ninguna Ley de Incompatibilidades: \u00abLe conceda la situaci\u00f3n de excedente en su c\u00e1tedra de L\u00f3gica y que los dos tercios de su paga, que legalmente le corresponde cobrar, fuesen destinados a atender los gastos que ocasionasen la ausencia temporal del catedr\u00e1tico numerario de l\u00f3gica\u00bb.<\/p>\n\n\n\n<p>El 27 de enero de 1934, Juli\u00e1n Besteiro queda en minor\u00eda dentro de UGT y presenta su dimisi\u00f3n como Presidente del Sindicato. A partir de ese momento, se retir\u00f3 de la pol\u00edtica activa.<\/p>\n\n\n\n<p>En 1936 es nombrado Decano de la Facultad de Filosof\u00eda y Letras.<\/p>\n\n\n\n<p>Vuelve a tomar protagonismo al ser elegido miembro del Consejo Nacional de Defensa (\u00f3rgano creado para negociar la rendici\u00f3n de la Rep\u00fablica). Al entrar las tropas franquistas en Madrid, Juli\u00e1n Besteiro permaneci\u00f3 en su puesto en los s\u00f3tanos del Ministerio de Hacienda, donde pr\u00e1cticamente viv\u00eda y desde donde se dirig\u00eda frecuentemente por radio a los madrile\u00f1os pidiendo el fin de la guerra, siendo all\u00ed detenido y obligado por los falangistas a hacer el saludo \u00abbrazo en alto\u00bb. Besteiro se lo neg\u00f3 respondi\u00e9ndoles que \u00aba su edad le costar\u00eda mucho aprenderlo\u00bb.<\/p>\n\n\n\n<p>El 8 de julio, un Tribunal Militar le conden\u00f3 a 30 a\u00f1os de reclusi\u00f3n mayor, tras un breve paso por varias c\u00e1rceles madrile\u00f1as es trasladado finalmente a la de Carmona (Sevilla) donde muri\u00f3 debido, al parecer, a una septicemia mal diagnosticada y a las deficientes condiciones carcelarias. Fueron testigos de su fallecimiento: su mujer Dolores Cebri\u00e1n, su cu\u00f1ada Mercedes y su sobrino Jaime.<\/p>\n\n\n\n<p>Tras 20 a\u00f1os en el cementerio de Carmona, donde se prohibi\u00f3 el acceso a su tumba, su f\u00e9retro fue trasladado al cementerio civil de Madrid, donde hoy descansa cerca de sus maestros Giner, Coss\u00edo y Salmer\u00f3n.<\/p>\n\n\n\n<p>En 1999 UGT, a trav\u00e9s de la Escuela que lleva su nombre, crea los Premios \u00abJuli\u00e1n Besteiro\u00bb de las Artes y las Letras.<\/p>\n\n\n\n<p>Si defectos tuvo, si errores cometi\u00f3, si no logr\u00f3 su objetivo pol\u00edtico, no cabe reproch\u00e1rselo sino lamentarlo. Pocos hombres han dejado una impronta de honradez, un marchamo de seriedad, un fin de vida tan digno como Juli\u00e1n Besteiro en la pol\u00edtica nacional. No fue un gran intelectual, no fue un pol\u00edtico afortunado, pero gracias a gente como \u00e9l todav\u00eda la \u00e9tica, entonces simplemente decencia, tiene sentido y significado en el espa\u00f1ol del siglo XX. Y ello por esa triste imagen inolvidable, por esa est\u00e9tica ag\u00f3nica de su final pol\u00edtico.<\/p>\n","protected":false},"excerpt":{"rendered":"<p>\u00bfQui\u00e9n fue D. Juli\u00e1n Besteiro Fern\u00e1ndez? Fotografiado hacia 1931 Naci\u00f3 en Madrid 1870 \u2013 Falleci\u00f3n en Sevilla en 1940 Pol\u00edtico y Doctor en Filosof\u00eda y Letras (Univ. de Madrid) Hijo &#8230;<\/p>\n","protected":false},"author":2,"featured_media":0,"parent":0,"menu_order":0,"comment_status":"closed","ping_status":"closed","template":"","meta":{"footnotes":""},"folder":[],"class_list":["post-1109","page","type-page","status-publish","hentry"],"rttpg_featured_image_url":null,"rttpg_author":{"display_name":"tic.cp.julianbesteiro.getafe","author_link":"https:\/\/site.educa.madrid.org\/cp.julianbesteiro.getafe\/index.php\/author\/cuenta_tic-cp-julianbesteiro-getafe\/"},"rttpg_comment":0,"rttpg_category":false,"rttpg_excerpt":"\u00bfQui\u00e9n fue D. Juli\u00e1n Besteiro Fern\u00e1ndez? Fotografiado hacia 1931 Naci\u00f3 en Madrid 1870 \u2013 Falleci\u00f3n en Sevilla en 1940 Pol\u00edtico y Doctor en Filosof\u00eda y Letras (Univ. de Madrid) Hijo ...","post_mailing_queue_ids":[],"_links":{"self":[{"href":"https:\/\/site.educa.madrid.org\/cp.julianbesteiro.getafe\/index.php\/wp-json\/wp\/v2\/pages\/1109","targetHints":{"allow":["GET"]}}],"collection":[{"href":"https:\/\/site.educa.madrid.org\/cp.julianbesteiro.getafe\/index.php\/wp-json\/wp\/v2\/pages"}],"about":[{"href":"https:\/\/site.educa.madrid.org\/cp.julianbesteiro.getafe\/index.php\/wp-json\/wp\/v2\/types\/page"}],"author":[{"embeddable":true,"href":"https:\/\/site.educa.madrid.org\/cp.julianbesteiro.getafe\/index.php\/wp-json\/wp\/v2\/users\/2"}],"replies":[{"embeddable":true,"href":"https:\/\/site.educa.madrid.org\/cp.julianbesteiro.getafe\/index.php\/wp-json\/wp\/v2\/comments?post=1109"}],"version-history":[{"count":6,"href":"https:\/\/site.educa.madrid.org\/cp.julianbesteiro.getafe\/index.php\/wp-json\/wp\/v2\/pages\/1109\/revisions"}],"predecessor-version":[{"id":1509,"href":"https:\/\/site.educa.madrid.org\/cp.julianbesteiro.getafe\/index.php\/wp-json\/wp\/v2\/pages\/1109\/revisions\/1509"}],"wp:attachment":[{"href":"https:\/\/site.educa.madrid.org\/cp.julianbesteiro.getafe\/index.php\/wp-json\/wp\/v2\/media?parent=1109"}],"wp:term":[{"taxonomy":"folder","embeddable":true,"href":"https:\/\/site.educa.madrid.org\/cp.julianbesteiro.getafe\/index.php\/wp-json\/wp\/v2\/folder?post=1109"}],"curies":[{"name":"wp","href":"https:\/\/api.w.org\/{rel}","templated":true}]}}