{"id":1113,"date":"2026-02-18T13:22:40","date_gmt":"2026-02-18T12:22:40","guid":{"rendered":"https:\/\/site.educa.madrid.org\/cp.julianbesteiro.getafe\/?page_id=1113"},"modified":"2026-03-19T10:38:33","modified_gmt":"2026-03-19T09:38:33","slug":"historia-del-colegio","status":"publish","type":"page","link":"https:\/\/site.educa.madrid.org\/cp.julianbesteiro.getafe\/index.php\/historia-del-colegio\/","title":{"rendered":"Historia del colegio"},"content":{"rendered":"\n<p>El colegio est\u00e1 ubicado en el barrio de Perales del R\u00edo de Getafe, su particularidad es que se encuentra a 12 Km. del centro de Getafe y est\u00e1 m\u00e1s cerca de Villaverde (Madrid).<\/p>\n\n\n\n<p>Nuestro centro comenz\u00f3 con dos pabellones uno para Primaria y otro para Infantil y por necesidades ha ido aumentando hasta estar&nbsp;<strong>formado por los seis edificios&nbsp;<\/strong>que tiene en la actualidad. El centro dispone de amplias zonas de juego para nuestros alumnos y diferenciadas por edades. &nbsp;&nbsp;<\/p>\n\n\n<div class=\"wp-block-image\">\n<figure class=\"aligncenter size-large is-resized\"><img loading=\"lazy\" decoding=\"async\" width=\"1024\" height=\"602\" src=\"https:\/\/site.educa.madrid.org\/cp.julianbesteiro.getafe\/\/wp-content\/uploads\/cp.julianbesteiro.getafe\/2026\/03\/fachada-dibujo-animado-1024x602.png\" alt=\"\" class=\"wp-image-1513\" style=\"width:784px;height:auto\" srcset=\"https:\/\/site.educa.madrid.org\/cp.julianbesteiro.getafe\/\/wp-content\/uploads\/cp.julianbesteiro.getafe\/2026\/03\/fachada-dibujo-animado-1024x602.png 1024w, https:\/\/site.educa.madrid.org\/cp.julianbesteiro.getafe\/\/wp-content\/uploads\/cp.julianbesteiro.getafe\/2026\/03\/fachada-dibujo-animado-300x176.png 300w, https:\/\/site.educa.madrid.org\/cp.julianbesteiro.getafe\/\/wp-content\/uploads\/cp.julianbesteiro.getafe\/2026\/03\/fachada-dibujo-animado-768x452.png 768w, https:\/\/site.educa.madrid.org\/cp.julianbesteiro.getafe\/\/wp-content\/uploads\/cp.julianbesteiro.getafe\/2026\/03\/fachada-dibujo-animado.png 1333w\" sizes=\"auto, (max-width: 1024px) 100vw, 1024px\" \/><\/figure>\n<\/div>\n\n\n<div style=\"height:6px\" aria-hidden=\"true\" class=\"wp-block-spacer\"><\/div>\n\n\n\n<p>Nuestro&nbsp;<strong>Colegio P\u00fablico Juli\u00e1n Besteiro&nbsp;<\/strong>fue<strong>&nbsp;inaugurado&nbsp;<\/strong>en<strong>&nbsp;1985<\/strong>, desde entonces ha ido creciendo en n\u00famero de edificios, profesores y alumnos.<\/p>\n\n\n\n<p>En&nbsp;<strong>1985<\/strong>&nbsp;el colegio fue inaugurado con&nbsp;<strong>dos pabellones<\/strong>, uno para Educaci\u00f3n Infantil y otro para Educaci\u00f3n Primaria (actualmente son el edificio de Infantil 3 a\u00f1os y el pabell\u00f3n de 2\u00ba y 3\u00ba ciclo de Primaria).<\/p>\n\n\n\n<p>En&nbsp;<strong>1991<\/strong>&nbsp;a estos dos pabellones se les uni\u00f3 el&nbsp;<strong>edificio de Direcci\u00f3n y Aulario<\/strong>&nbsp;(en la actualidad contin\u00faa&nbsp;siendo el edificio de direcci\u00f3n, en el que se encuentra el comedor, la sala de inform\u00e1tica, la sala de audiovisuales, sala de profesores, aula de m\u00fasica y la biblioteca).<\/p>\n\n\n\n<p>En&nbsp;<strong>1993<\/strong>&nbsp;se ampli\u00f3 el centro con el&nbsp;<strong>Aulario<\/strong>, (actualmente son los edificios de Infantil 4 y 5 a\u00f1os y 1\u00ba ciclo de Primaria).<\/p>\n\n\n\n<p>Por \u00faltimo, en&nbsp;<strong>1996<\/strong>&nbsp;se inaugur\u00f3 el&nbsp;<strong>Gimnasio<\/strong>&nbsp;del centro.<\/p>\n","protected":false},"excerpt":{"rendered":"<p>El colegio est\u00e1 ubicado en el barrio de Perales del R\u00edo de Getafe, su particularidad es que se encuentra a 12 Km. del centro de Getafe y est\u00e1 m\u00e1s cerca &#8230;<\/p>\n","protected":false},"author":2,"featured_media":0,"parent":0,"menu_order":0,"comment_status":"closed","ping_status":"closed","template":"","meta":{"footnotes":""},"folder":[],"class_list":["post-1113","page","type-page","status-publish","hentry"],"rttpg_featured_image_url":null,"rttpg_author":{"display_name":"tic.cp.julianbesteiro.getafe","author_link":"https:\/\/site.educa.madrid.org\/cp.julianbesteiro.getafe\/index.php\/author\/cuenta_tic-cp-julianbesteiro-getafe\/"},"rttpg_comment":0,"rttpg_category":false,"rttpg_excerpt":"El colegio est\u00e1 ubicado en el barrio de Perales del R\u00edo de Getafe, su particularidad es que se encuentra a 12 Km. del centro de Getafe y est\u00e1 m\u00e1s cerca ...","post_mailing_queue_ids":[],"_links":{"self":[{"href":"https:\/\/site.educa.madrid.org\/cp.julianbesteiro.getafe\/index.php\/wp-json\/wp\/v2\/pages\/1113","targetHints":{"allow":["GET"]}}],"collection":[{"href":"https:\/\/site.educa.madrid.org\/cp.julianbesteiro.getafe\/index.php\/wp-json\/wp\/v2\/pages"}],"about":[{"href":"https:\/\/site.educa.madrid.org\/cp.julianbesteiro.getafe\/index.php\/wp-json\/wp\/v2\/types\/page"}],"author":[{"embeddable":true,"href":"https:\/\/site.educa.madrid.org\/cp.julianbesteiro.getafe\/index.php\/wp-json\/wp\/v2\/users\/2"}],"replies":[{"embeddable":true,"href":"https:\/\/site.educa.madrid.org\/cp.julianbesteiro.getafe\/index.php\/wp-json\/wp\/v2\/comments?post=1113"}],"version-history":[{"count":7,"href":"https:\/\/site.educa.madrid.org\/cp.julianbesteiro.getafe\/index.php\/wp-json\/wp\/v2\/pages\/1113\/revisions"}],"predecessor-version":[{"id":1588,"href":"https:\/\/site.educa.madrid.org\/cp.julianbesteiro.getafe\/index.php\/wp-json\/wp\/v2\/pages\/1113\/revisions\/1588"}],"wp:attachment":[{"href":"https:\/\/site.educa.madrid.org\/cp.julianbesteiro.getafe\/index.php\/wp-json\/wp\/v2\/media?parent=1113"}],"wp:term":[{"taxonomy":"folder","embeddable":true,"href":"https:\/\/site.educa.madrid.org\/cp.julianbesteiro.getafe\/index.php\/wp-json\/wp\/v2\/folder?post=1113"}],"curies":[{"name":"wp","href":"https:\/\/api.w.org\/{rel}","templated":true}]}}