{"id":941,"date":"2026-02-17T10:18:04","date_gmt":"2026-02-17T09:18:04","guid":{"rendered":"https:\/\/site.educa.madrid.org\/cp.julianbesteiro.getafe\/?page_id=941"},"modified":"2026-03-24T09:43:57","modified_gmt":"2026-03-24T08:43:57","slug":"oferta-educativa-ensenanzas","status":"publish","type":"page","link":"https:\/\/site.educa.madrid.org\/cp.julianbesteiro.getafe\/index.php\/oferta-educativa-ensenanzas\/","title":{"rendered":"Oferta Educativa: Ense\u00f1anzas"},"content":{"rendered":"\n<div style=\"height:3px\" aria-hidden=\"true\" class=\"wp-block-spacer\"><\/div>\n\n\n\n<p>En nuestro colegio imparte ense\u00f1anza biling\u00fce en las siguientes etapas:<\/p>\n\n\n\n<ul class=\"wp-block-list\">\n<li><strong><mark style=\"background-color:rgba(0, 0, 0, 0)\" class=\"has-inline-color has-vivid-cyan-blue-color\">Educaci\u00f3n Infantil<\/mark><\/strong> (segundo ciclo de 3 -6 a\u00f1os):\n<ul class=\"wp-block-list\">\n<li>1\u00ba Ed. Infantil (3 a\u00f1os).<\/li>\n\n\n\n<li>2\u00ba Ed. infantil (4 a\u00f1os).<\/li>\n\n\n\n<li>3\u00ba Ed. infantil (5 a\u00f1os)<\/li>\n<\/ul>\n<\/li>\n\n\n\n<li><strong><mark style=\"background-color:rgba(0, 0, 0, 0)\" class=\"has-inline-color has-vivid-cyan-blue-color\">Educaci\u00f3n Primaria<\/mark><\/strong> (de 6 a 12 a\u00f1os) que se distribuye en tres ciclos de dos cursos cada uno:\n<ul class=\"wp-block-list\">\n<li>1\u00ba CICLO: 1\u00ba y 2\u00ba Ed. Primaria.<\/li>\n\n\n\n<li>2\u00ba CICLO: 3\u00ba y 4\u00ba Ed. Primaria.<\/li>\n\n\n\n<li>3\u00ba CICLO: 5\u00ba y 6\u00ba Ed. Primaria.<\/li>\n<\/ul>\n<\/li>\n<\/ul>\n\n\n\n<div style=\"height:6px\" aria-hidden=\"true\" class=\"wp-block-spacer\"><\/div>\n\n\n<div class=\"wp-block-image\">\n<figure class=\"aligncenter size-large\"><img loading=\"lazy\" decoding=\"async\" width=\"1024\" height=\"355\" src=\"https:\/\/site.educa.madrid.org\/cp.julianbesteiro.getafe\/\/wp-content\/uploads\/cp.julianbesteiro.getafe\/2026\/03\/imagen-oferta-educativa-1024x355.png\" alt=\"\" class=\"wp-image-1590\" srcset=\"https:\/\/site.educa.madrid.org\/cp.julianbesteiro.getafe\/\/wp-content\/uploads\/cp.julianbesteiro.getafe\/2026\/03\/imagen-oferta-educativa-1024x355.png 1024w, https:\/\/site.educa.madrid.org\/cp.julianbesteiro.getafe\/\/wp-content\/uploads\/cp.julianbesteiro.getafe\/2026\/03\/imagen-oferta-educativa-300x104.png 300w, https:\/\/site.educa.madrid.org\/cp.julianbesteiro.getafe\/\/wp-content\/uploads\/cp.julianbesteiro.getafe\/2026\/03\/imagen-oferta-educativa-768x266.png 768w, https:\/\/site.educa.madrid.org\/cp.julianbesteiro.getafe\/\/wp-content\/uploads\/cp.julianbesteiro.getafe\/2026\/03\/imagen-oferta-educativa.png 1303w\" sizes=\"auto, (max-width: 1024px) 100vw, 1024px\" \/><\/figure>\n<\/div>\n\n\n<div style=\"height:6px\" aria-hidden=\"true\" class=\"wp-block-spacer\"><\/div>\n\n\n\n<p>Se imparte &nbsp;<strong>Ingl\u00e9s, &nbsp;Psicomotricidad y M\u00fasica <\/strong>desde Educaci\u00f3n Infantil 3 a\u00f1os. Adem\u00e1s, utilizamos las <strong>Tecnolog\u00edas de la Informaci\u00f3n y la Comunicaci\u00f3n<\/strong> desde los tres a\u00f1os hasta los doce en nuestras aulas, disponemos de pantallas digitales en todas las aulas.<\/p>\n\n\n\n<p>Tambi\u00e9n contamos con un maestro de <strong>Pedagog\u00eda Terape\u00fatica<\/strong> que atiende a alumnos con necesidades educativas especiales&nbsp;y maestra de <strong>Audici\u00f3n y Lenguaje<\/strong>.<\/p>\n\n\n\n<p>El Equipo de Orientaci\u00f3n de la zona acude a nuestro centro semanalmente para atender al alumnado que requiere evaluaci\u00f3n psicopedag\u00f3gica y realizar el seguimiento de aquellos con necesidades educativas especiales. A su vez, presta sus servicios una T\u00e9cnico de Servicios a la Comunidad.&nbsp;<\/p>\n\n\n\n<div style=\"height:7px\" aria-hidden=\"true\" class=\"wp-block-spacer\"><\/div>\n\n\n\n<h3 class=\"wp-block-heading\">Educaci\u00f3n Infantil<\/h3>\n\n\n\n<p>Las \u00e1reas en Educaci\u00f3n Infantil son las siguientes:<\/p>\n\n\n\n<ol class=\"wp-block-list\">\n<li>Crecimiento en armon\u00eda (incluye psicomotricidad): atiende al desarrollo f\u00edsico-motor, la construcci\u00f3n de la identidad, los h\u00e1bitos que contribuyen a promover un estilo de vida saludable y la interacci\u00f3n con el entorno.<\/li>\n\n\n\n<li>Descubrimiento y exploraci\u00f3n del entorno: contribuye al proceso de observaci\u00f3n e investigaci\u00f3n de los elementos f\u00edsicos y naturales, as\u00ed como al desarrollo de actitudes de respeto y valoraci\u00f3n del entorno.<\/li>\n\n\n\n<li>Comunicaci\u00f3n y representaci\u00f3n de la realidad (incluye Ingl\u00e9s): pretende desarrollar las capacidades que permitan al alumnado comunicarse a trav\u00e9s de diferentes lenguajes y formas de expresi\u00f3n como medio para representar la realidad y relacionarse con los dem\u00e1s.<\/li>\n\n\n\n<li>Se imparte Religi\u00f3n \/ Atenci\u00f3n educativa.<\/li>\n<\/ol>\n\n\n\n<p>A trav\u00e9s de los contenidos y criterios de evaluaci\u00f3n trabajados en cada \u00e1rea (que est\u00e1n interrelacionads entre si) se logran las competencias clave, que son las siguientes:<\/p>\n\n\n\n<p>     a) Competencia en comunicaci\u00f3n ling\u00fc\u00edstica.<br>     b) Competencia pluriling\u00fce.<br>     c) Competencia matem\u00e1tica y competencia en ciencia y tecnolog\u00eda.<br>     d) Competencia digital.<br>     e) Competencia personal, social y de aprender a aprender.<br>     f)\u00a0 Competencia ciudadana.<br>     g) Competencia creativa.<br>     h) Competencia cultural.<\/p>\n\n\n\n<div style=\"height:11px\" aria-hidden=\"true\" class=\"wp-block-spacer\"><\/div>\n\n\n\n<h3 class=\"wp-block-heading\">Educaci\u00f3n Primaria<\/h3>\n\n\n\n<p>La finalidad de la Educaci\u00f3n Primaria, es facilitar a los alumnos los aprendizajes de la expresi\u00f3n y comprensi\u00f3n oral, la lectura, la escritura, el c\u00e1lculo, la adquisici\u00f3n de las nociones b\u00e1sicas de la cultura, y el h\u00e1bito de convivencia as\u00ed como los de estudio y trabajo, con el fin de garantizar una formaci\u00f3n integral que contribuya al pleno desarrollo de la personalidad de los alumnos y de prepararlos para cursar con aprovechamiento la Educaci\u00f3n Secundaria.<\/p>\n\n\n\n<p>La Educaci\u00f3n Primaria comprende seis cursos escolares, desde los 6 a los 12 a\u00f1os y tiene car\u00e1cter obligatorio. Se estructura en tres ciclos de dos cursos cada uno: Primer Ciclo (de 6 a 8 a\u00f1os), segundo Ciclo (de 8 a 10 a\u00f1os) y tercer ciclo (de 10 a 12 a\u00f1os).<\/p>\n\n\n\n<p>\u00c1reas que son objeto de estudio en la Educaci\u00f3n Primaria:<\/p>\n\n\n\n<ul class=\"wp-block-list\">\n<li>Ciencias Sociales (en castellano desde curso 2025-26).<\/li>\n\n\n\n<li>Natural Science (\u00e1rea en ingl\u00e9s).<\/li>\n\n\n\n<li>English.<\/li>\n\n\n\n<li>Arts and Crafts (\u00e1rea en ingl\u00e9s).<\/li>\n\n\n\n<li>M\u00fasica.<\/li>\n\n\n\n<li>Educaci\u00f3n F\u00edsica (\u00e1rea en ingl\u00e9s).<\/li>\n\n\n\n<li>Lengua castellana y literatura.<\/li>\n\n\n\n<li>Matem\u00e1ticas.<\/li>\n\n\n\n<li>\u00c1rea optativa: Religi\u00f3n \/ Atenci\u00f3n educativa.<\/li>\n<\/ul>\n\n\n\n<p>El alumnado acceder\u00e1 de un ciclo educativo a otro siempre que haya alcanzado los objetivos correspondientes. En el supuesto de que un alumno no haya conseguido dichos objetivos, podr\u00e1 permanecer un curso m\u00e1s en el mismo ciclo. La no promoci\u00f3n s\u00f3lo podr\u00e1 darse una vez en la etapa de primaria.<\/p>\n\n\n\n<p>La educaci\u00f3n primaria ser\u00e1 impartida por maestros, que tendr\u00e1n competencia en todas las \u00e1reas de este nivel. La ense\u00f1anza de M\u00fasica, Educaci\u00f3n F\u00edsica, Lengua Inglesa o de aquellas ense\u00f1anzas que se determinen, son impartidas por maestros con la especializaci\u00f3n correspondiente. Los maestros habilitados para la ense\u00f1anza biling\u00fce tienen una certificaci\u00f3n m\u00ednima de C1.<\/p>\n\n\n\n<p><\/p>\n","protected":false},"excerpt":{"rendered":"<p>En nuestro colegio imparte ense\u00f1anza biling\u00fce en las siguientes etapas: Se imparte &nbsp;Ingl\u00e9s, &nbsp;Psicomotricidad y M\u00fasica desde Educaci\u00f3n Infantil 3 a\u00f1os. Adem\u00e1s, utilizamos las Tecnolog\u00edas de la Informaci\u00f3n y la &#8230;<\/p>\n","protected":false},"author":2,"featured_media":0,"parent":0,"menu_order":0,"comment_status":"closed","ping_status":"closed","template":"","meta":{"footnotes":""},"folder":[],"class_list":["post-941","page","type-page","status-publish","hentry"],"rttpg_featured_image_url":null,"rttpg_author":{"display_name":"tic.cp.julianbesteiro.getafe","author_link":"https:\/\/site.educa.madrid.org\/cp.julianbesteiro.getafe\/index.php\/author\/cuenta_tic-cp-julianbesteiro-getafe\/"},"rttpg_comment":0,"rttpg_category":false,"rttpg_excerpt":"En nuestro colegio imparte ense\u00f1anza biling\u00fce en las siguientes etapas: Se imparte &nbsp;Ingl\u00e9s, &nbsp;Psicomotricidad y M\u00fasica desde Educaci\u00f3n Infantil 3 a\u00f1os. Adem\u00e1s, utilizamos las Tecnolog\u00edas de la Informaci\u00f3n y la ...","post_mailing_queue_ids":[],"_links":{"self":[{"href":"https:\/\/site.educa.madrid.org\/cp.julianbesteiro.getafe\/index.php\/wp-json\/wp\/v2\/pages\/941","targetHints":{"allow":["GET"]}}],"collection":[{"href":"https:\/\/site.educa.madrid.org\/cp.julianbesteiro.getafe\/index.php\/wp-json\/wp\/v2\/pages"}],"about":[{"href":"https:\/\/site.educa.madrid.org\/cp.julianbesteiro.getafe\/index.php\/wp-json\/wp\/v2\/types\/page"}],"author":[{"embeddable":true,"href":"https:\/\/site.educa.madrid.org\/cp.julianbesteiro.getafe\/index.php\/wp-json\/wp\/v2\/users\/2"}],"replies":[{"embeddable":true,"href":"https:\/\/site.educa.madrid.org\/cp.julianbesteiro.getafe\/index.php\/wp-json\/wp\/v2\/comments?post=941"}],"version-history":[{"count":11,"href":"https:\/\/site.educa.madrid.org\/cp.julianbesteiro.getafe\/index.php\/wp-json\/wp\/v2\/pages\/941\/revisions"}],"predecessor-version":[{"id":1679,"href":"https:\/\/site.educa.madrid.org\/cp.julianbesteiro.getafe\/index.php\/wp-json\/wp\/v2\/pages\/941\/revisions\/1679"}],"wp:attachment":[{"href":"https:\/\/site.educa.madrid.org\/cp.julianbesteiro.getafe\/index.php\/wp-json\/wp\/v2\/media?parent=941"}],"wp:term":[{"taxonomy":"folder","embeddable":true,"href":"https:\/\/site.educa.madrid.org\/cp.julianbesteiro.getafe\/index.php\/wp-json\/wp\/v2\/folder?post=941"}],"curies":[{"name":"wp","href":"https:\/\/api.w.org\/{rel}","templated":true}]}}