{"id":957,"date":"2026-02-17T10:33:32","date_gmt":"2026-02-17T09:33:32","guid":{"rendered":"https:\/\/site.educa.madrid.org\/cp.julianbesteiro.getafe\/?page_id=957"},"modified":"2026-03-17T13:25:12","modified_gmt":"2026-03-17T12:25:12","slug":"normas-de-organizacion-funcionamiento-y-convivencia","status":"publish","type":"page","link":"https:\/\/site.educa.madrid.org\/cp.julianbesteiro.getafe\/index.php\/normas-de-organizacion-funcionamiento-y-convivencia\/","title":{"rendered":"Normas de organizaci\u00f3n, funcionamiento y convivencia"},"content":{"rendered":"<div class=\"wp-block-image\">\n<figure class=\"aligncenter size-large\"><img loading=\"lazy\" decoding=\"async\" width=\"1024\" height=\"241\" src=\"https:\/\/site.educa.madrid.org\/cp.julianbesteiro.getafe\/\/wp-content\/uploads\/cp.julianbesteiro.getafe\/2026\/03\/imagen-Normas-organizacion-2-1024x241.png\" alt=\"\" class=\"wp-image-1476\" srcset=\"https:\/\/site.educa.madrid.org\/cp.julianbesteiro.getafe\/\/wp-content\/uploads\/cp.julianbesteiro.getafe\/2026\/03\/imagen-Normas-organizacion-2-1024x241.png 1024w, https:\/\/site.educa.madrid.org\/cp.julianbesteiro.getafe\/\/wp-content\/uploads\/cp.julianbesteiro.getafe\/2026\/03\/imagen-Normas-organizacion-2-300x71.png 300w, https:\/\/site.educa.madrid.org\/cp.julianbesteiro.getafe\/\/wp-content\/uploads\/cp.julianbesteiro.getafe\/2026\/03\/imagen-Normas-organizacion-2-768x181.png 768w, https:\/\/site.educa.madrid.org\/cp.julianbesteiro.getafe\/\/wp-content\/uploads\/cp.julianbesteiro.getafe\/2026\/03\/imagen-Normas-organizacion-2.png 1279w\" sizes=\"auto, (max-width: 1024px) 100vw, 1024px\" \/><\/figure>\n<\/div>\n\n\n<p>Las <strong>NORMAS DE ORGANIZACI\u00d3N Y FUNCIONAMIENTO<\/strong>&nbsp;son las siguientes:<\/p>\n\n\n\n<p class=\"has-medium-font-size\"><strong><em>Entradas al colegio<\/em>:<\/strong><\/p>\n\n\n\n<p>Para garantizar la seguridad de nuestros alumnos la puerta exterior del centro permanecer\u00e1 siempre cerrada excepto en los horarios de entradas y salidas del colegio.<\/p>\n\n\n\n<p>La puerta exterior del centro se abrir\u00e1 a las 8:55 h. A su vez, se abrir\u00e1 cinco minutos antes la hora de&nbsp; salida de los alumnos, a las 13:55 h. Esta puerta permanecer\u00e1 cerrada el resto del horario.<\/p>\n\n\n\n<p>Los alumnos al llegar al colegio se colocar\u00e1n en la fila de referencia de su aula hasta 2\u00ba de E.P, el tutor se encargar\u00e1 de llevar a sus alumnos a clase, de 3\u00ba a 6\u00ba acudir\u00e1n directamente a su aula donde le esperar\u00e1 el profesor correspondiente seg\u00fan su horario.<\/p>\n\n\n\n<p>Para un normal desarrollo de las entradas y salidas las familias no deben acceder a la zona de filas de los alumnos, a excepci\u00f3n de:<\/p>\n\n\n\n<ul class=\"wp-block-list\">\n<li>Los tres primeros d\u00edas de curso escolar para que los alumnos se adapten al cambio, a partir del 4\u00ba d\u00eda las familias no podr\u00e1n acceder a las filas.<\/li>\n\n\n\n<li>Las familias de alumnos de 1\u00ba de Ed. Infantil (3 a\u00f1os) que acceder\u00e1n hasta la puerta del pabell\u00f3n.<\/li>\n<\/ul>\n\n\n\n<p>Si un alumno accede al colegio a partir de las 9:10 h deber\u00e1 pasar por jefatura de estudios para recoger el \u201cjustificante de retraso\u201d para entreg\u00e1rselo al maestro\/tutor. Si acude al aula pasada esta hora el profesor le indicar\u00e1 que debe acudir a recogerlo.<\/p>\n\n\n\n<p>Cuando la puerta exterior del centro escolar est\u00e9 cerrada las familias deber\u00e1n llamar al telefonillo, de esta manera conoceremos las personas que acceden al colegio en horarios distintos a las de entradas y salidas de alumnos, garantizando as\u00ed una mayor seguridad para sus hijos.<\/p>\n\n\n\n<p class=\"has-medium-font-size\"><strong><em>Salidas del colegio<\/em>:<\/strong><\/p>\n\n\n\n<p>Ed. Infantil y 1\u00ba y 2\u00ba de Ed. Primaria: en la salida del centro,14:00 h, los tutores sacar\u00e1n a los alumnos a las escaleras de su pabell\u00f3n y se asegurar\u00e1n de que sus padres o personas autorizadas hayan acudido a recogerlos, las familias deber\u00e1n esperar al otro lado de la valla atentas a la salida de su hijo excepto en Infantil que podr\u00e1n acudir a la salida del pabell\u00f3n.<\/p>\n\n\n\n<p>Para los cursos de Infantil y primer ciclo de Primaria, el centro recabar\u00e1 a principios de curso la relaci\u00f3n de todas las personas autorizadas por los padres o representantes legales para recoger al alumno, con sus DNI, tel\u00e9fonos y parentesco.<\/p>\n\n\n\n<p>3\u00ba a 6\u00ba de Ed. Primaria: aunque ya tienen m\u00e1s autonom\u00eda, es nuestro deber indicar que siguen siendo menores y por lo tanto es responsabilidad de la familia acudir al centro a buscar a sus hijos y que un menor no debe recoger a otro menor (hermano mayor, primo, vecino\u2026). El centro establece que es la familia la que debe responsabilizarse del alumno esper\u00e1ndole a la salida.<\/p>\n\n\n\n<p>En caso de lluvia las familias se podr\u00e1n acercar hasta la zona cubierta enfrente de los pabellones para proteger a los alumnos del agua.<\/p>\n\n\n\n<p>Siempre que una familia quiera recoger a un alumno en horario escolar (incluido el horario de comedor) deber\u00e1 pasar antes por la conserjer\u00eda del centro para rellenar el \u201cjustificante de recogida del alumno\u201d, una vez cumplimentado el conserje o alg\u00fan miembro del equipo directivo recoger\u00e1 al alumno en su aula.<\/p>\n\n\n\n<p>En ning\u00fan caso, las familias acceder\u00e1n directamente a las aulas, excepto casos excepcionales que cuenten con la autorizaci\u00f3n pertinente (como el cambio de ropa de los alumnos de Ed. Infantil).<\/p>\n\n\n\n<p>Las actividades que requieran salir del recinto escolar para su realizaci\u00f3n (programadas en la P.G.A.), necesitan una autorizaci\u00f3n de los padres\/madres\/tutores legales. El profesorado responsable de la actividad facilitar\u00e1 un escrito en el que se describir\u00e1 el tipo de salida, lugar, duraci\u00f3n, precio e informaci\u00f3n necesaria. La autorizaci\u00f3n firmada es requisito indispensable para la salida, deber\u00e1 ser entregada en el plazo indicado. De no ser as\u00ed el alumno no podr\u00e1 acudir a esa actividad, estando la jornada escolar con otro grupo lo m\u00e1s cercano posible a su edad.<\/p>\n\n\n\n<p class=\"has-medium-font-size\"><strong><em>Informaci\u00f3n de inter\u00e9s<\/em>:<\/strong><\/p>\n\n\n\n<ul class=\"wp-block-list\">\n<li>En caso de producirse la ausencia de un alumno la familia deber\u00e1 justificar la falta mediante una nota escrita al tutor, no es necesario el justificante m\u00e9dico.<\/li>\n\n\n\n<li>El profesorado y personal de comedor, no est\u00e1n autorizados para administrar ning\u00fan tipo de medicamento al alumnado. El centro facilitar\u00e1 a las familias el acceso para administrarlo previa comunicaci\u00f3n escrita y autorizaci\u00f3n &nbsp;al equipo directivo.<\/li>\n\n\n\n<li>Los alumnos no pueden acudir al centro con juguetes o aparatos electr\u00f3nicos de casa (balones, cromos, tazos, MP3, MP4, m\u00f3vil, relojes inteligentes, etc.), el centro facilitar\u00e1 material de juego en los recreos.<\/li>\n<\/ul>\n\n\n\n<p class=\"has-medium-font-size\"><strong><em>Normas de servicio de comedor<\/em>:<\/strong><\/p>\n\n\n\n<p>El horario de comedor es de 14:00 h a 16:00 h. Las monitoras a las 14:00 h recogen a los alumnos en las aulas y les acompa\u00f1an al comedor durante los meses de octubre a mayo, en septiembre y junio el comedor ser\u00e1 de 13:00 a 15:00 horas. Durante la comida y en el patio los alumnos permanecer\u00e1n bajo la vigilancia de su monitora.<\/p>\n\n\n\n<p>Para la utilizaci\u00f3n del servicio de comedor es imprescindible rellenar el impreso correspondiente la primera semana de septiembre, en el que vienen reflejadas las normas y la forma de pago. El impreso se puede encontrar en nuestra Web. Tambi\u00e9n se ofrece utilizar el servicio de forma eventual. Consultar precios en secretar\u00eda.<\/p>\n\n\n\n<p>El pago del servicio de comedor se realiza mediante domiciliaci\u00f3n bancaria. La cuota se cobra durante la primera semana del mes. El colegio no cobrar\u00e1 los meses en efectivo.<\/p>\n\n\n\n<p>Las familias si lo desean puedan hablar con la coordinadora o monitoras de comedor, previa cita, el d\u00eda de la semana que acuerden.&nbsp; &nbsp;<\/p>\n\n\n\n<p>Cualquier incidencia, imputable a los alumnos, que pueda perturbar el normal desarrollo del servicio, determinar\u00e1 que el centro adopte las medidas que considere oportunas para asegurar su correcto funcionamiento, incluida la baja temporal o definitiva del alumno del servicio de comedor.<\/p>\n\n\n\n<p class=\"has-medium-font-size\"><strong><em>Normas de la ruta escolar<\/em>:<\/strong><\/p>\n\n\n\n<p>Todas las familias con derecho a la utilizaci\u00f3n de la ruta escolar de nuestro centro deber\u00e1n entregar en secretar\u00eda la autorizaci\u00f3n pertinente, Anexo III, seg\u00fan la ORDEN 3793\/2005, de 21 de julio, por la que se regula el servicio de transporte escolar en los centros p\u00fablicos de la Consejer\u00eda de Educaci\u00f3n. Dicha autorizaci\u00f3n ser\u00e1 entregada la primera semana de septiembre de cada curso escolar en secretar\u00eda.<\/p>\n\n\n\n<p>La ruta escolar es de utilizaci\u00f3n diaria en viaje de ida y vuelta, en ning\u00fan caso, y sin excepciones se realizar\u00e1 de forma eventual.<\/p>\n\n\n\n<p>Los responsables de la ruta escolar en los horarios de entrada acompa\u00f1ar\u00e1n a los alumnos de Infantil y 1\u00ba y 2\u00ba de Ed. Primaria a sus filas y en las salidas les recoger\u00e1n cinco minutos antes del t\u00e9rmino de las clases para llevarles al autocar.<\/p>\n\n\n\n<p>Los alumnos de 2\u00ba a 3\u00ba ciclo de Educaci\u00f3n Primaria ser\u00e1n responsables de acudir a sus aulas cuando el responsable les recoge de la ruta por la ma\u00f1ana y de estar puntuales en la puerta de la ruta para no perder el autocar.<\/p>\n\n\n\n<p>La puerta de acceso a la ruta es de uso exclusivo para los alumnos de ruta y para el profesorado del centro, no pudiendo acceder o salir por esa puerta nadie que no est\u00e9 autorizado.<\/p>\n\n\n\n<p>Cualquier incidencia, imputable a los alumnos, que pueda perturbar el normal desarrollo del servicio, determinar\u00e1 que el centro adopte las medidas que considere oportunas para asegurar su correcto funcionamiento, incluida la baja temporal o definitiva del alumno del servicio de ruta.<\/p>\n\n\n\n<p>Las <strong>NORMAS DE CONVIVENCIA<\/strong>&nbsp;vienen reflejadas en nuestro Plan de Convivencia:<\/p>\n\n\n\n<figure class=\"wp-block-table\"><table class=\"has-fixed-layout\"><tbody><tr><td>Plan de Convivencia<\/td><td>Consultar apartado \u00ab<a href=\"https:\/\/www.educa2.madrid.org\/web\/centro.cp.julianbesteiro.getafe\/documentos-de-centro\" target=\"_blank\" rel=\"noreferrer noopener\">Informaci\u00f3n a familias \/ Proyecto Educativo y Documentos \/ Plan de Convivencia<\/a>\u00ab<\/td><\/tr><\/tbody><\/table><\/figure>\n\n\n\n<p>Estas normas son de <strong>obligado cumplimiento<\/strong> para todo el alumnado del centro:<\/p>\n\n\n\n<ul class=\"wp-block-list\">\n<li>Asistir a clase con puntualidad.<\/li>\n\n\n\n<li>Mantener una actitud correcta en clase, no permiti\u00e9ndose el uso de m\u00f3viles, otros dispositivos electr\u00f3nicos o cualquier objeto que pueda distraer al propio alumno o a sus compa\u00f1eros.<\/li>\n\n\n\n<li>Seguir las orientaciones del profesorado o personal del centro mostrando respeto y consideraci\u00f3n hacia ellos, tanto en el aula como en el recinto escolar.<\/li>\n\n\n\n<li>Cumplir y respetar los horarios del centro por todos los miembros de la comunidad educativa.<\/li>\n\n\n\n<li>Mantener una actitud positiva respecto al trabajo.<\/li>\n\n\n\n<li>Respetar el derecho al estudio del resto de compa\u00f1eros\/as.<\/li>\n\n\n\n<li>Realizar los trabajos que el profesorado estime oportuno tanto dentro como fuera de las horas de clase.<\/li>\n\n\n\n<li>Respetar a todos los miembros de la comunidad educativa, independientemente de los diferentes puntos de vista, sexo, raza, religi\u00f3n, nivel social, cultural o econ\u00f3mico. No se permitir\u00e1, en ning\u00fan caso la violencia f\u00edsica o verbal.<\/li>\n\n\n\n<li>Cuidar las instalaciones y materiales que el centro pone a disposici\u00f3n de los alumnos, por medio de su correcta utilizaci\u00f3n. As\u00ed como preservar el material de los compa\u00f1eros y el suyo propio.<\/li>\n\n\n\n<li>Realizar los desplazamientos por las zonas comunes y en las aulas en silencio y ordenadamente, respetando el trabajo y la seguridad de los dem\u00e1s compa\u00f1eros.<\/li>\n\n\n\n<li>Participar en las actividades de centro.<\/li>\n<\/ul>\n\n\n\n<p>Si estas normas de conducta son incumplidas se aplicar\u00e1n las <strong>sanciones <\/strong>correspondientes establecidas en nuestro Plan de convivencia y en el Decreto 32\/2019, de 9 de abril, por el que se establece el marco regulador de la convivencia en los centros docentes de la Comunidad de Madrid<\/p>\n\n\n\n<p><strong>\u00bfC\u00f3mo actuar ante un problema?<\/strong> Si surge alg\u00fan problema debe hablar primero con el tutor o monitor de su hijo, si no se resuelve debe acudir a jefatura de estudios y, en \u00faltima instancia, a la directora del centro.<\/p>\n\n\n\n<div style=\"height:100px\" aria-hidden=\"true\" class=\"wp-block-spacer\"><\/div>\n","protected":false},"excerpt":{"rendered":"<p>Las NORMAS DE ORGANIZACI\u00d3N Y FUNCIONAMIENTO&nbsp;son las siguientes: Entradas al colegio: Para garantizar la seguridad de nuestros alumnos la puerta exterior del centro permanecer\u00e1 siempre cerrada excepto en los horarios &#8230;<\/p>\n","protected":false},"author":2,"featured_media":0,"parent":0,"menu_order":0,"comment_status":"closed","ping_status":"closed","template":"","meta":{"footnotes":""},"folder":[],"class_list":["post-957","page","type-page","status-publish","hentry"],"rttpg_featured_image_url":null,"rttpg_author":{"display_name":"tic.cp.julianbesteiro.getafe","author_link":"https:\/\/site.educa.madrid.org\/cp.julianbesteiro.getafe\/index.php\/author\/cuenta_tic-cp-julianbesteiro-getafe\/"},"rttpg_comment":0,"rttpg_category":false,"rttpg_excerpt":"Las NORMAS DE ORGANIZACI\u00d3N Y FUNCIONAMIENTO&nbsp;son las siguientes: Entradas al colegio: Para garantizar la seguridad de nuestros alumnos la puerta exterior del centro permanecer\u00e1 siempre cerrada excepto en los horarios ...","post_mailing_queue_ids":[],"_links":{"self":[{"href":"https:\/\/site.educa.madrid.org\/cp.julianbesteiro.getafe\/index.php\/wp-json\/wp\/v2\/pages\/957","targetHints":{"allow":["GET"]}}],"collection":[{"href":"https:\/\/site.educa.madrid.org\/cp.julianbesteiro.getafe\/index.php\/wp-json\/wp\/v2\/pages"}],"about":[{"href":"https:\/\/site.educa.madrid.org\/cp.julianbesteiro.getafe\/index.php\/wp-json\/wp\/v2\/types\/page"}],"author":[{"embeddable":true,"href":"https:\/\/site.educa.madrid.org\/cp.julianbesteiro.getafe\/index.php\/wp-json\/wp\/v2\/users\/2"}],"replies":[{"embeddable":true,"href":"https:\/\/site.educa.madrid.org\/cp.julianbesteiro.getafe\/index.php\/wp-json\/wp\/v2\/comments?post=957"}],"version-history":[{"count":5,"href":"https:\/\/site.educa.madrid.org\/cp.julianbesteiro.getafe\/index.php\/wp-json\/wp\/v2\/pages\/957\/revisions"}],"predecessor-version":[{"id":1483,"href":"https:\/\/site.educa.madrid.org\/cp.julianbesteiro.getafe\/index.php\/wp-json\/wp\/v2\/pages\/957\/revisions\/1483"}],"wp:attachment":[{"href":"https:\/\/site.educa.madrid.org\/cp.julianbesteiro.getafe\/index.php\/wp-json\/wp\/v2\/media?parent=957"}],"wp:term":[{"taxonomy":"folder","embeddable":true,"href":"https:\/\/site.educa.madrid.org\/cp.julianbesteiro.getafe\/index.php\/wp-json\/wp\/v2\/folder?post=957"}],"curies":[{"name":"wp","href":"https:\/\/api.w.org\/{rel}","templated":true}]}}