{"id":961,"date":"2026-02-17T12:15:21","date_gmt":"2026-02-17T11:15:21","guid":{"rendered":"https:\/\/site.educa.madrid.org\/cp.julianbesteiro.getafe\/?page_id=961"},"modified":"2026-03-17T13:08:06","modified_gmt":"2026-03-17T12:08:06","slug":"informacion-general-para-familias-de-nuevo-alumnado","status":"publish","type":"page","link":"https:\/\/site.educa.madrid.org\/cp.julianbesteiro.getafe\/index.php\/informacion-general-para-familias-de-nuevo-alumnado\/","title":{"rendered":"Informaci\u00f3n familias de nuevo alumnado"},"content":{"rendered":"<div class=\"wp-block-image\">\n<figure class=\"aligncenter size-large\"><img loading=\"lazy\" decoding=\"async\" width=\"1024\" height=\"237\" src=\"https:\/\/site.educa.madrid.org\/cp.julianbesteiro.getafe\/\/wp-content\/uploads\/cp.julianbesteiro.getafe\/2026\/03\/Imagen-nuevas-familias-2-1024x237.png\" alt=\"\" class=\"wp-image-1480\" srcset=\"https:\/\/site.educa.madrid.org\/cp.julianbesteiro.getafe\/\/wp-content\/uploads\/cp.julianbesteiro.getafe\/2026\/03\/Imagen-nuevas-familias-2-1024x237.png 1024w, https:\/\/site.educa.madrid.org\/cp.julianbesteiro.getafe\/\/wp-content\/uploads\/cp.julianbesteiro.getafe\/2026\/03\/Imagen-nuevas-familias-2-300x69.png 300w, https:\/\/site.educa.madrid.org\/cp.julianbesteiro.getafe\/\/wp-content\/uploads\/cp.julianbesteiro.getafe\/2026\/03\/Imagen-nuevas-familias-2-768x177.png 768w, https:\/\/site.educa.madrid.org\/cp.julianbesteiro.getafe\/\/wp-content\/uploads\/cp.julianbesteiro.getafe\/2026\/03\/Imagen-nuevas-familias-2.png 1277w\" sizes=\"auto, (max-width: 1024px) 100vw, 1024px\" \/><\/figure>\n<\/div>\n\n\n<p>En la siguiente tabla puedes encontrar informaci\u00f3n gen\u00e9rica sobre el colegio para conocer las actividades complementarias y extraescolares que se est\u00e1n desarrollando actualmente e incluso del curso pasado.<\/p>\n\n\n\n<p>Consulta tambi\u00e9n el <strong>apartado Secretar\u00eda \/ Admisi\u00f3n y matriculaci\u00f3n<\/strong> donde podr\u00e1s encontrar informaci\u00f3n <strong>MUY IMPORTANTE<\/strong> del proceso de admisi\u00f3n.<\/p>\n\n\n\n<p>A continuaci\u00f3n detallamos aspectos del colegio que las familias deben conocer:<\/p>\n\n\n\n<figure class=\"wp-block-table\"><table class=\"has-fixed-layout\"><tbody><tr><td class=\"has-text-align-center\" data-align=\"center\">Servicios complementarios <br>(desayuno, comedor, ruta escolar&#8230;)<\/td><td class=\"has-text-align-center\" data-align=\"center\">&nbsp;Consultar apartado \u00abServicios Escolares\u00bb<\/td><\/tr><tr><td class=\"has-text-align-center\" data-align=\"center\">Normas de organizaci\u00f3n y funcionamiento<\/td><td class=\"has-text-align-center\" data-align=\"center\">Consultar nuestro Proyecto Educativo (PEC)<\/td><\/tr><tr><td class=\"has-text-align-center\" data-align=\"center\">Tel\u00e9fono<\/td><td class=\"has-text-align-center\" data-align=\"center\">91 684 70 34<\/td><\/tr><tr><td class=\"has-text-align-center\" data-align=\"center\">Correo electr\u00f3nico <br>(direcci\u00f3n, jefatura, secretar\u00eda y administraci\u00f3n)<\/td><td class=\"has-text-align-center\" data-align=\"center\">cp.julianbesteiro.getafe@educa.madrid.org<\/td><\/tr><tr><td class=\"has-text-align-center\" data-align=\"center\">Actividades complementarias curso anterior (curso 2024-25)<\/td><td class=\"has-text-align-center\" data-align=\"center\"><a href=\"https:\/\/www.educa2.madrid.org\/web\/educamadrid\/principal\/files\/66c2cd5c-86e8-4451-994d-9a70b9960f0f\/SALIDAS%20COMPLEMENTARIAS%20REALIZADAS%20EN%20EL%20CURSO%2024-25.pdf?t=1770811506559\" target=\"_blank\" rel=\"noreferrer noopener\">Descargar<\/a><\/td><\/tr><tr><td class=\"has-text-align-center\" data-align=\"center\">Actividades complementarias (curso 2025-26)<\/td><td class=\"has-text-align-center\" data-align=\"center\"><a href=\"https:\/\/www.educa2.madrid.org\/web\/educamadrid\/principal\/files\/66c2cd5c-86e8-4451-994d-9a70b9960f0f\/SALIDAS%20COMPLEMENTARIAS%20EN%20EL%20CURSO%2025-26.pdf?t=1770811464424\" target=\"_blank\" rel=\"noreferrer noopener\">Descargar<\/a><\/td><\/tr><tr><td class=\"has-text-align-center\" data-align=\"center\">Actividades extraescolares AMPA (curso 2025-26)<\/td><td class=\"has-text-align-center\" data-align=\"center\"><a href=\"https:\/\/www.educa2.madrid.org\/web\/educamadrid\/principal\/files\/66c2cd5c-86e8-4451-994d-9a70b9960f0f\/AMPA%20DIVERSEPTIEMBRE%2025-26.jpg?t=1770811961502\" target=\"_blank\" rel=\"noreferrer noopener\">Diverseptiembre y diverjunio<\/a> <br><a href=\"https:\/\/www.educa2.madrid.org\/web\/educamadrid\/principal\/files\/66c2cd5c-86e8-4451-994d-9a70b9960f0f\/AMPA%20CULTURAL%20ACTEX%20OCTUBRE-MAYO%2025-26.pdf?t=1770811927952\" target=\"_blank\" rel=\"noreferrer noopener\">octubre a mayo<\/a> <br><a href=\"https:\/\/www.educa2.madrid.org\/web\/educamadrid\/principal\/files\/66c2cd5c-86e8-4451-994d-9a70b9960f0f\/AMPA%20PATINAJE%2025-26.pdf?t=1770811756953\" target=\"_blank\" rel=\"noreferrer noopener\">Patinaje<\/a><\/td><\/tr><tr><td class=\"has-text-align-center\" data-align=\"center\">Actividades extraescolares Ayto. Getafe (curso 2025-26)<\/td><td class=\"has-text-align-center\" data-align=\"center\"><a href=\"https:\/\/www.educa2.madrid.org\/web\/educamadrid\/principal\/files\/66c2cd5c-86e8-4451-994d-9a70b9960f0f\/CARRUSEL%20Y%20AULAS%20ACTIVAS%2025-26%20AYTO.pdf?t=1770812370566\" target=\"_blank\" rel=\"noreferrer noopener\">Descargar<\/a> <br><a href=\"https:\/\/www.educa2.madrid.org\/web\/educamadrid\/principal\/files\/66c2cd5c-86e8-4451-994d-9a70b9960f0f\/bibliotecas%20escolares.pdf?t=1707917742560\" target=\"_blank\" rel=\"noreferrer noopener\"><\/a><a href=\"https:\/\/www.educa2.madrid.org\/web\/educamadrid\/principal\/files\/66c2cd5c-86e8-4451-994d-9a70b9960f0f\/BIBLIOTECA%20AYTO%2025-26.pdf?t=1770812232889\" target=\"_blank\" rel=\"noreferrer noopener\">Biblioteca escolar<\/a><a href=\"https:\/\/www.educa2.madrid.org\/web\/educamadrid\/principal\/files\/66c2cd5c-86e8-4451-994d-9a70b9960f0f\/bibliotecas%20escolares.pdf?t=1707917742560\" target=\"_blank\" rel=\"noreferrer noopener\"><\/a>&nbsp;(gratuita)<\/td><\/tr><tr><td class=\"has-text-align-center\" data-align=\"center\">Cuadrante de todas las actividades extraescolares<\/td><td class=\"has-text-align-center\" data-align=\"center\"><a href=\"https:\/\/www.educa2.madrid.org\/web\/educamadrid\/principal\/files\/66c2cd5c-86e8-4451-994d-9a70b9960f0f\/ACTIVIDADES%20Y%20ESPACIOS%2025-26.pdf?t=1770812633071\" target=\"_blank\" rel=\"noreferrer noopener\">Descargar<\/a><\/td><\/tr><tr><td class=\"has-text-align-center\" data-align=\"center\">Pruebas externas<\/td><td class=\"has-text-align-center\" data-align=\"center\"><a href=\"https:\/\/www.educa2.madrid.org\/web\/educamadrid\/principal\/files\/66c2cd5c-86e8-4451-994d-9a70b9960f0f\/pruebas%20externas.pdf?t=1707918864067\" target=\"_blank\" rel=\"noreferrer noopener\">Descargar<\/a><\/td><\/tr><\/tbody><\/table><\/figure>\n\n\n\n<div style=\"height:100px\" aria-hidden=\"true\" class=\"wp-block-spacer\"><\/div>\n","protected":false},"excerpt":{"rendered":"<p>En la siguiente tabla puedes encontrar informaci\u00f3n gen\u00e9rica sobre el colegio para conocer las actividades complementarias y extraescolares que se est\u00e1n desarrollando actualmente e incluso del curso pasado. Consulta tambi\u00e9n &#8230;<\/p>\n","protected":false},"author":2,"featured_media":0,"parent":0,"menu_order":0,"comment_status":"closed","ping_status":"closed","template":"","meta":{"footnotes":""},"folder":[],"class_list":["post-961","page","type-page","status-publish","hentry"],"rttpg_featured_image_url":null,"rttpg_author":{"display_name":"tic.cp.julianbesteiro.getafe","author_link":"https:\/\/site.educa.madrid.org\/cp.julianbesteiro.getafe\/index.php\/author\/cuenta_tic-cp-julianbesteiro-getafe\/"},"rttpg_comment":0,"rttpg_category":false,"rttpg_excerpt":"En la siguiente tabla puedes encontrar informaci\u00f3n gen\u00e9rica sobre el colegio para conocer las actividades complementarias y extraescolares que se est\u00e1n desarrollando actualmente e incluso del curso pasado. Consulta tambi\u00e9n ...","post_mailing_queue_ids":[],"_links":{"self":[{"href":"https:\/\/site.educa.madrid.org\/cp.julianbesteiro.getafe\/index.php\/wp-json\/wp\/v2\/pages\/961","targetHints":{"allow":["GET"]}}],"collection":[{"href":"https:\/\/site.educa.madrid.org\/cp.julianbesteiro.getafe\/index.php\/wp-json\/wp\/v2\/pages"}],"about":[{"href":"https:\/\/site.educa.madrid.org\/cp.julianbesteiro.getafe\/index.php\/wp-json\/wp\/v2\/types\/page"}],"author":[{"embeddable":true,"href":"https:\/\/site.educa.madrid.org\/cp.julianbesteiro.getafe\/index.php\/wp-json\/wp\/v2\/users\/2"}],"replies":[{"embeddable":true,"href":"https:\/\/site.educa.madrid.org\/cp.julianbesteiro.getafe\/index.php\/wp-json\/wp\/v2\/comments?post=961"}],"version-history":[{"count":5,"href":"https:\/\/site.educa.madrid.org\/cp.julianbesteiro.getafe\/index.php\/wp-json\/wp\/v2\/pages\/961\/revisions"}],"predecessor-version":[{"id":1482,"href":"https:\/\/site.educa.madrid.org\/cp.julianbesteiro.getafe\/index.php\/wp-json\/wp\/v2\/pages\/961\/revisions\/1482"}],"wp:attachment":[{"href":"https:\/\/site.educa.madrid.org\/cp.julianbesteiro.getafe\/index.php\/wp-json\/wp\/v2\/media?parent=961"}],"wp:term":[{"taxonomy":"folder","embeddable":true,"href":"https:\/\/site.educa.madrid.org\/cp.julianbesteiro.getafe\/index.php\/wp-json\/wp\/v2\/folder?post=961"}],"curies":[{"name":"wp","href":"https:\/\/api.w.org\/{rel}","templated":true}]}}