{"id":966,"date":"2026-02-17T12:19:29","date_gmt":"2026-02-17T11:19:29","guid":{"rendered":"https:\/\/site.educa.madrid.org\/cp.julianbesteiro.getafe\/?page_id=966"},"modified":"2026-03-05T12:19:36","modified_gmt":"2026-03-05T11:19:36","slug":"programa-bilingue-espanol-ingles","status":"publish","type":"page","link":"https:\/\/site.educa.madrid.org\/cp.julianbesteiro.getafe\/index.php\/programa-bilingue-espanol-ingles\/","title":{"rendered":"Programa Biling\u00fce espa\u00f1ol-ingl\u00e9s"},"content":{"rendered":"\n<div class=\"wp-block-columns are-vertically-aligned-top is-layout-flex wp-container-core-columns-is-layout-9d6595d7 wp-block-columns-is-layout-flex\">\n<div class=\"wp-block-column is-vertically-aligned-top is-layout-flow wp-block-column-is-layout-flow\" style=\"flex-basis:33.33%\"><div class=\"wp-block-image\">\n<figure class=\"aligncenter size-full\"><img loading=\"lazy\" decoding=\"async\" width=\"250\" height=\"206\" src=\"https:\/\/site.educa.madrid.org\/cp.julianbesteiro.getafe\/\/wp-content\/uploads\/cp.julianbesteiro.getafe\/2026\/02\/logotipo_bilingue.png\" alt=\"\" class=\"wp-image-1015\"\/><\/figure>\n<\/div><\/div>\n\n\n\n<div class=\"wp-block-column is-vertically-aligned-top is-layout-flow wp-block-column-is-layout-flow\" style=\"flex-basis:66.66%\">\n<p>Nuestro colegio es centro biling\u00fce espa\u00f1ol- ingl\u00e9s desde el curso escolar 2010-2011.&nbsp;<\/p>\n\n\n\n<p>El programa cuenta con tres auxiliares de conversaci\u00f3n nativos y todos nuestros docentes del programa tienen al menos certificaci\u00f3n C1 (Advanced) del&nbsp;Marco Com\u00fan Europeo de Referencia para las Lenguas (MCERL).<\/p>\n\n\n\n<p>Nuestro alumnado se presenta en 6\u00ba a las pruebas de Cambridge para certificar un B1.<\/p>\n\n\n\n<p>Desde el curso 2025-26 las \u00e1reas que se imparten en lengua inglesa son las siguientes:<\/p>\n\n\n\n<ul class=\"wp-block-list\">\n<li>English.<\/li>\n\n\n\n<li>Natural Science.<\/li>\n\n\n\n<li>Physical Education.<\/li>\n\n\n\n<li>Arts.<\/li>\n<\/ul>\n\n\n\n<figure class=\"wp-block-table\"><table class=\"has-fixed-layout\"><tbody><tr><td class=\"has-text-align-center\" data-align=\"center\">Programa Biling\u00fce<\/td><td class=\"has-text-align-center\" data-align=\"center\">Consultar apartado<br> \u00ab<a href=\"https:\/\/www.educa2.madrid.org\/web\/centro.cp.julianbesteiro.getafe\/documentos-institucionales\" target=\"_blank\" rel=\"noreferrer noopener\">Informaci\u00f3n a familias \/ Documentos institucionales<\/a>\u00ab.<\/td><\/tr><\/tbody><\/table><\/figure>\n<\/div>\n<\/div>\n","protected":false},"excerpt":{"rendered":"<p>Nuestro colegio es centro biling\u00fce espa\u00f1ol- ingl\u00e9s desde el curso escolar 2010-2011.&nbsp; El programa cuenta con tres auxiliares de conversaci\u00f3n nativos y todos nuestros docentes del programa tienen al menos &#8230;<\/p>\n","protected":false},"author":2,"featured_media":0,"parent":0,"menu_order":0,"comment_status":"closed","ping_status":"closed","template":"","meta":{"footnotes":""},"folder":[],"class_list":["post-966","page","type-page","status-publish","hentry"],"rttpg_featured_image_url":null,"rttpg_author":{"display_name":"tic.cp.julianbesteiro.getafe","author_link":"https:\/\/site.educa.madrid.org\/cp.julianbesteiro.getafe\/index.php\/author\/cuenta_tic-cp-julianbesteiro-getafe\/"},"rttpg_comment":0,"rttpg_category":false,"rttpg_excerpt":"Nuestro colegio es centro biling\u00fce espa\u00f1ol- ingl\u00e9s desde el curso escolar 2010-2011.&nbsp; El programa cuenta con tres auxiliares de conversaci\u00f3n nativos y todos nuestros docentes del programa tienen al menos ...","post_mailing_queue_ids":[],"_links":{"self":[{"href":"https:\/\/site.educa.madrid.org\/cp.julianbesteiro.getafe\/index.php\/wp-json\/wp\/v2\/pages\/966","targetHints":{"allow":["GET"]}}],"collection":[{"href":"https:\/\/site.educa.madrid.org\/cp.julianbesteiro.getafe\/index.php\/wp-json\/wp\/v2\/pages"}],"about":[{"href":"https:\/\/site.educa.madrid.org\/cp.julianbesteiro.getafe\/index.php\/wp-json\/wp\/v2\/types\/page"}],"author":[{"embeddable":true,"href":"https:\/\/site.educa.madrid.org\/cp.julianbesteiro.getafe\/index.php\/wp-json\/wp\/v2\/users\/2"}],"replies":[{"embeddable":true,"href":"https:\/\/site.educa.madrid.org\/cp.julianbesteiro.getafe\/index.php\/wp-json\/wp\/v2\/comments?post=966"}],"version-history":[{"count":8,"href":"https:\/\/site.educa.madrid.org\/cp.julianbesteiro.getafe\/index.php\/wp-json\/wp\/v2\/pages\/966\/revisions"}],"predecessor-version":[{"id":1283,"href":"https:\/\/site.educa.madrid.org\/cp.julianbesteiro.getafe\/index.php\/wp-json\/wp\/v2\/pages\/966\/revisions\/1283"}],"wp:attachment":[{"href":"https:\/\/site.educa.madrid.org\/cp.julianbesteiro.getafe\/index.php\/wp-json\/wp\/v2\/media?parent=966"}],"wp:term":[{"taxonomy":"folder","embeddable":true,"href":"https:\/\/site.educa.madrid.org\/cp.julianbesteiro.getafe\/index.php\/wp-json\/wp\/v2\/folder?post=966"}],"curies":[{"name":"wp","href":"https:\/\/api.w.org\/{rel}","templated":true}]}}